{"id":1360,"date":"2019-02-05T13:15:15","date_gmt":"2019-02-05T12:15:15","guid":{"rendered":"https:\/\/www.saviolife.com\/saviotan-agro\/"},"modified":"2021-03-17T11:58:45","modified_gmt":"2021-03-17T10:58:45","slug":"saviotan-agro","status":"publish","type":"page","link":"https:\/\/saviolife.com\/de\/saviotan\/saviotan-agro\/","title":{"rendered":"Saviotan Agro"},"content":{"rendered":"<div class=\"wpb-content-wrapper\"><p>[vc_row css_animation=&#8220;&#8220; row_type=&#8220;row&#8220; use_row_as_full_screen_section=&#8220;no&#8220; type=&#8220;full_width&#8220; angled_section=&#8220;no&#8220; text_align=&#8220;left&#8220; background_image_as_pattern=&#8220;without_pattern&#8220; anchor=&#8220;row1&#8243; background_image=&#8220;1191&#8243; z_index=&#8220;1&#8243; el_class=&#8220;riga_1&#8243;][vc_column][qode_elements_holder number_of_columns=&#8220;two_columns&#8220;][qode_elements_holder_item advanced_animations=&#8220;no&#8220;][\/qode_elements_holder_item][qode_elements_holder_item vertical_alignment=&#8220;middle&#8220; horizontal_alignment=&#8220;center&#8220; advanced_animations=&#8220;no&#8220; item_padding=&#8220;20% 0% 20% 0%&#8220; item_padding_1280_1440=&#8220;20% 0% 20% 0%&#8220; item_padding_1024_1280=&#8220;20% 0% 20% 0%&#8220; item_padding_768_1024=&#8220;5% 0% 5% 0%&#8220;][vc_single_image image=&#8220;2253&#8243; img_size=&#8220;full&#8220; alignment=&#8220;center&#8220; qode_css_animation=&#8220;&#8220;][vc_empty_space height=&#8220;22px&#8220;][vc_column_text]<\/p>\n<h3><span style=\"color: #95b516;\"><em>+ Pflanzengesundheit + Schutz<\/em><\/span><\/h3>\n<p>[\/vc_column_text][\/qode_elements_holder_item][\/qode_elements_holder][\/vc_column][\/vc_row][vc_row css_animation=&#8220;&#8220; row_type=&#8220;row&#8220; use_row_as_full_screen_section=&#8220;no&#8220; type=&#8220;full_width&#8220; angled_section=&#8220;no&#8220; text_align=&#8220;center&#8220; background_image_as_pattern=&#8220;without_pattern&#8220; background_image=&#8220;218&#8243; background_color=&#8220;#d1dac5&#8243; z_index=&#8220;&#8220; el_class=&#8220;riga_2_feed&#8220;][vc_column][vc_row_inner row_type=&#8220;row&#8220; type=&#8220;grid&#8220; text_align=&#8220;left&#8220; css_animation=&#8220;&#8220;][vc_column_inner][vc_empty_space height=&#8220;62px&#8220;][vc_column_text]<\/p>\n<h2 style=\"text-align: center;\">Nat\u00fcrliche Tannine f\u00fcr eine nachhaltige Landwirtschaft<\/h2>\n<p>[\/vc_column_text][vc_empty_space height=&#8220;60px&#8220;][\/vc_column_inner][\/vc_row_inner][vc_row_inner row_type=&#8220;row&#8220; type=&#8220;grid&#8220; text_align=&#8220;left&#8220; css_animation=&#8220;&#8220;][vc_column_inner][vc_column_text]<\/p>\n<p style=\"text-align: center;\">Saviotan-Tannin ist das Ergebnis der Verarbeitung von Kastanienholz, das ein Qualit\u00e4tsprodukt f\u00fcr verschiedene Anwendungen liefert. Es handelt sich hierbei um hydrolysierbares Tannin, das sich auf nat\u00fcrliche Weise im Wasser l\u00f6st und somit eine effektive, jedoch nicht invasive Wirkung gew\u00e4hrleistet. Dieses Produkt ist in der \u00f6kologischen Landwirtschaft zugelassen und weist biostimulierende und sch\u00e4dlingsabweisende Eigenschaften auf. Hiermit leisten wir einen grundlegenden Beitrag zur nachhaltigen Landwirtschaft.<\/p>\n<p>[\/vc_column_text][\/vc_column_inner][\/vc_row_inner][vc_empty_space height=&#8220;60px&#8220;][vc_row_inner row_type=&#8220;row&#8220; type=&#8220;grid&#8220; text_align=&#8220;center&#8220; css_animation=&#8220;&#8220;][vc_column_inner width=&#8220;1\/3&#8243;][vc_single_image image=&#8220;1127&#8243; img_size=&#8220;full&#8220; alignment=&#8220;center&#8220; qode_css_animation=&#8220;element_from_fade&#8220; transition_delay=&#8220;0.3&#8243;][vc_empty_space height=&#8220;20px&#8220;][vc_column_text]<\/p>\n<p style=\"text-align: center;\"><strong>Modulationsmittel<br \/>\nf\u00fcr die Entomofauna<\/strong><\/p>\n<p>[\/vc_column_text][vc_empty_space height=&#8220;20px&#8220;][\/vc_column_inner][vc_column_inner width=&#8220;1\/3&#8243;][vc_single_image image=&#8220;1122&#8243; img_size=&#8220;full&#8220; alignment=&#8220;center&#8220; qode_css_animation=&#8220;element_from_fade&#8220; transition_delay=&#8220;0.6&#8243;][vc_empty_space height=&#8220;20px&#8220;][vc_column_text]<\/p>\n<p style=\"text-align: center;\"><strong>Biostimulationsmittel<br \/>\nf\u00fcr die Wurzeln<\/strong><\/p>\n<p>[\/vc_column_text][vc_empty_space height=&#8220;20px&#8220;][\/vc_column_inner][vc_column_inner width=&#8220;1\/3&#8243;][vc_single_image image=&#8220;1117&#8243; img_size=&#8220;full&#8220; alignment=&#8220;center&#8220; qode_css_animation=&#8220;element_from_fade&#8220; transition_delay=&#8220;0.9&#8243;][vc_empty_space height=&#8220;20px&#8220;][vc_column_text]<\/p>\n<p style=\"text-align: center;\"><strong>F\u00fcr den \u00f6kologischen<br \/>\nLandbau zugelassen<\/strong><\/p>\n<p>[\/vc_column_text][vc_empty_space height=&#8220;20px&#8220;][\/vc_column_inner][\/vc_row_inner][vc_empty_space height=&#8220;52px&#8220;][vc_empty_space height=&#8220;52px&#8220;][\/vc_column][\/vc_row][vc_row css_animation=&#8220;&#8220; row_type=&#8220;row&#8220; use_row_as_full_screen_section=&#8220;no&#8220; type=&#8220;full_width&#8220; angled_section=&#8220;no&#8220; text_align=&#8220;left&#8220; background_image_as_pattern=&#8220;without_pattern&#8220; anchor=&#8220;fertilizzanti-e-antiparassitari&#8220; background_color=&#8220;#ffffff&#8220; z_index=&#8220;&#8220; el_class=&#8220;riga-applicazioni-img-destra&#8220;][vc_column][vc_row_inner row_type=&#8220;row&#8220; type=&#8220;full_width&#8220; text_align=&#8220;left&#8220; css_animation=&#8220;&#8220;][vc_column_inner][qode_elements_holder number_of_columns=&#8220;two_columns&#8220; custom_class=&#8220;colonne-applicazioni-invertite-mobile&#8220;][qode_elements_holder_item advanced_animations=&#8220;no&#8220; custom_class=&#8220;colonna-sx-img-destra&#8220;][vc_column_text]<\/p>\n<h2>Nat\u00fcrliche Biostimulatoren und sch\u00e4dlingsabweisende Mittel<\/h2>\n<p>[\/vc_column_text][vc_empty_space height=&#8220;42px&#8220;][vc_column_text]<span style=\"color: #808080;\">Saviotan-Tannin ist eine Substanz, die aus der Verarbeitung von Kastanienholz gewonnen wird, nat\u00fcrliche biostimulierende Eigenschaften aufweist und nat\u00fcrlich sch\u00e4dlingsabweisend wirkt.<\/span><\/p>\n<p>&nbsp;<\/p>\n<p><span style=\"color: #808080;\">Die Produkte der Linie:<\/span><\/p>\n<ul>\n<li><span style=\"color: #808080;\">Fl\u00fcssiges T<\/span><\/li>\n<li><span style=\"color: #808080;\">Pulverf\u00f6rmiges T<\/span><\/li>\n<li><span style=\"color: #808080;\">TLHC<\/span><\/li>\n<\/ul>\n<p>[\/vc_column_text][vc_empty_space height=&#8220;42px&#8220;][\/qode_elements_holder_item][qode_elements_holder_item advanced_animations=&#8220;no&#8220; background_image=&#8220;387&#8243; custom_class=&#8220;colonna-dx-img-destra&#8220;][vc_single_image image=&#8220;1171&#8243; img_size=&#8220;full&#8220; alignment=&#8220;center&#8220; qode_css_animation=&#8220;&#8220;][\/qode_elements_holder_item][\/qode_elements_holder][\/vc_column_inner][\/vc_row_inner][\/vc_column][\/vc_row][vc_row css_animation=&#8220;&#8220; row_type=&#8220;row&#8220; use_row_as_full_screen_section=&#8220;no&#8220; type=&#8220;full_width&#8220; angled_section=&#8220;no&#8220; text_align=&#8220;left&#8220; background_image_as_pattern=&#8220;without_pattern&#8220; anchor=&#8220;fibra-e-cippato&#8220; background_color=&#8220;#ffffff&#8220; z_index=&#8220;&#8220; el_class=&#8220;riga-applicazioni-img-sinistra&#8220;][vc_column][vc_row_inner row_type=&#8220;row&#8220; type=&#8220;full_width&#8220; text_align=&#8220;left&#8220; css_animation=&#8220;&#8220;][vc_column_inner][qode_elements_holder number_of_columns=&#8220;two_columns&#8220;][qode_elements_holder_item advanced_animations=&#8220;no&#8220; background_image=&#8220;397&#8243; custom_class=&#8220;colonna-sx-img-sinistra&#8220;][vc_single_image image=&#8220;1178&#8243; img_size=&#8220;full&#8220; alignment=&#8220;center&#8220; qode_css_animation=&#8220;&#8220;][\/qode_elements_holder_item][qode_elements_holder_item advanced_animations=&#8220;no&#8220; custom_class=&#8220;colonna-dx-img-sinistra&#8220;][vc_column_text]<\/p>\n<h2>Fasern und Hackschnitzel<\/h2>\n<p>[\/vc_column_text][vc_empty_space height=&#8220;42px&#8220;][vc_column_text]<span style=\"color: #808080;\">Bei der Herstellung von nat\u00fcrlichen D\u00fcngemitteln und Biostimulatoren verwendet Saviotan s\u00e4mtliche bei der Verarbeitung anfallenden Produkte, um seine Fasern und Holzsp\u00e4ne herzustellen, die jeweils als nachhaltiger Ersatz f\u00fcr Torf und als Mulchmaterial Anwendung finden.<\/span><\/p>\n<p>&nbsp;<\/p>\n<p><span style=\"color: #808080;\">Die Produkte der Linie:<\/span><\/p>\n<ul>\n<li class=\"p1\"><span style=\"color: #808080;\">SavioAgro Fiber<\/span><\/li>\n<li class=\"p1\"><span style=\"color: #808080;\">Garden Chip Wood 10-40<\/span><\/li>\n<\/ul>\n<p>[\/vc_column_text][vc_empty_space height=&#8220;35px&#8220;][\/qode_elements_holder_item][\/qode_elements_holder][\/vc_column_inner][\/vc_row_inner][\/vc_column][\/vc_row][vc_row css_animation=&#8220;&#8220; row_type=&#8220;row&#8220; use_row_as_full_screen_section=&#8220;no&#8220; type=&#8220;full_width&#8220; angled_section=&#8220;no&#8220; text_align=&#8220;left&#8220; background_image_as_pattern=&#8220;without_pattern&#8220; anchor=&#8220;riga_applicazioni&#8220; background_image=&#8220;226&#8243; z_index=&#8220;&#8220;][vc_column][vc_empty_space height=&#8220;150px&#8220;][vc_row_inner row_type=&#8220;row&#8220; type=&#8220;grid&#8220; text_align=&#8220;left&#8220; css_animation=&#8220;&#8220;][vc_column_inner width=&#8220;2\/6&#8243;][vc_column_text]<\/p>\n<h2>Anwendungen<\/h2>\n<p>[\/vc_column_text][vc_empty_space][vc_column_text]<span style=\"color: #6b6b6b;\">Die Vielseitigkeit von Saviotan-Tannin erm\u00f6glicht breit gestreute Anwendungsm\u00f6glichkeiten als f\u00fcr den \u00f6kologischen Landbau zugelassene Biostimulatoren, als nat\u00fcrliches Produkt zur Sch\u00e4dlingsabweisung, zum Mulchen und als nat\u00fcrlicher Ersatz f\u00fcr Torf bei der Produktion von Blumenerde.<\/span>[\/vc_column_text][vc_empty_space][\/vc_column_inner][vc_column_inner el_class=&#8220;colonna_applicazioni_icone&#8220; width=&#8220;1\/6&#8243;][vc_empty_space height=&#8220;20px&#8220;][vc_single_image image=&#8220;1137&#8243; img_size=&#8220;full&#8220; alignment=&#8220;center&#8220; qode_css_animation=&#8220;element_from_fade&#8220; transition_delay=&#8220;0.3&#8243;][vc_empty_space height=&#8220;20px&#8220;][vc_column_text]<\/p>\n<p style=\"text-align: center;\"><strong>Nat\u00fcrliches <\/strong><\/p>\n<p style=\"text-align: center;\"><strong>Biostimulationsmittel<\/strong><\/p>\n<p>[\/vc_column_text][vc_empty_space height=&#8220;20px&#8220;][\/vc_column_inner][vc_column_inner el_class=&#8220;colonna_applicazioni_icone&#8220; width=&#8220;1\/6&#8243;][vc_empty_space height=&#8220;20px&#8220;][vc_single_image image=&#8220;1127&#8243; img_size=&#8220;full&#8220; alignment=&#8220;center&#8220; qode_css_animation=&#8220;element_from_fade&#8220; transition_delay=&#8220;0.6&#8243;][vc_empty_space height=&#8220;20px&#8220;][vc_column_text]<\/p>\n<p style=\"text-align: center;\"><strong>Modulationsmittel f\u00fcr<\/strong><\/p>\n<p style=\"text-align: center;\"><strong>die Entomofauna<\/strong><\/p>\n<p>[\/vc_column_text][vc_empty_space height=&#8220;20px&#8220;][\/vc_column_inner][vc_column_inner el_class=&#8220;colonna_applicazioni_icone&#8220; width=&#8220;1\/6&#8243;][vc_empty_space height=&#8220;20px&#8220;][vc_single_image image=&#8220;1132&#8243; img_size=&#8220;full&#8220; alignment=&#8220;center&#8220; qode_css_animation=&#8220;element_from_fade&#8220; transition_delay=&#8220;0.9&#8243;][vc_empty_space height=&#8220;20px&#8220;][vc_column_text]<\/p>\n<p style=\"text-align: center;\"><strong>Zum<\/strong><\/p>\n<p style=\"text-align: center;\"><strong>Mulchen<\/strong><\/p>\n<p>[\/vc_column_text][vc_empty_space height=&#8220;20px&#8220;][\/vc_column_inner][vc_column_inner el_class=&#8220;colonna_applicazioni_icone&#8220; width=&#8220;1\/6&#8243;][vc_empty_space height=&#8220;20px&#8220;][vc_single_image image=&#8220;1142&#8243; img_size=&#8220;full&#8220; alignment=&#8220;center&#8220; qode_css_animation=&#8220;element_from_fade&#8220; transition_delay=&#8220;1.2&#8243;][vc_empty_space height=&#8220;20px&#8220;][vc_column_text]<\/p>\n<p style=\"text-align: center;\"><strong>Zur<\/strong><\/p>\n<p style=\"text-align: center;\"><strong>Bodenanreicherung<\/strong><\/p>\n<p>[\/vc_column_text][vc_empty_space height=&#8220;20px&#8220;][\/vc_column_inner][\/vc_row_inner][vc_empty_space height=&#8220;150px&#8220;][\/vc_column][\/vc_row]<\/p>\n<\/div>","protected":false},"excerpt":{"rendered":"<p>[vc_row css_animation=&#8220;&#8220; row_type=&#8220;row&#8220; use_row_as_full_screen_section=&#8220;no&#8220; type=&#8220;full_width&#8220; angled_section=&#8220;no&#8220; text_align=&#8220;left&#8220; background_image_as_pattern=&#8220;without_pattern&#8220; anchor=&#8220;row1&#8243; background_image=&#8220;1191&#8243; z_index=&#8220;1&#8243; el_class=&#8220;riga_1&#8243;][vc_column][qode_elements_holder number_of_columns=&#8220;two_columns&#8220;][qode_elements_holder_item advanced_animations=&#8220;no&#8220;][\/qode_elements_holder_item][qode_elements_holder_item vertical_alignment=&#8220;middle&#8220; horizontal_alignment=&#8220;center&#8220; advanced_animations=&#8220;no&#8220; item_padding=&#8220;20% 0% 20% 0%&#8220; item_padding_1280_1440=&#8220;20% 0% 20% 0%&#8220; item_padding_1024_1280=&#8220;20% 0% 20% 0%&#8220; item_padding_768_1024=&#8220;5% 0% 5% 0%&#8220;][vc_single_image image=&#8220;2253&#8243; img_size=&#8220;full&#8220; alignment=&#8220;center&#8220; qode_css_animation=&#8220;&#8220;][vc_empty_space height=&#8220;22px&#8220;][vc_column_text] + Pflanzengesundheit + Schutz [\/vc_column_text][\/qode_elements_holder_item][\/qode_elements_holder][\/vc_column][\/vc_row][vc_row css_animation=&#8220;&#8220; row_type=&#8220;row&#8220;&#8230;<\/p>\n","protected":false},"author":1,"featured_media":0,"parent":1421,"menu_order":0,"comment_status":"closed","ping_status":"closed","template":"full_width.php","meta":{"footnotes":""},"class_list":["post-1360","page","type-page","status-publish","hentry"],"_links":{"self":[{"href":"https:\/\/saviolife.com\/de\/wp-json\/wp\/v2\/pages\/1360","targetHints":{"allow":["GET"]}}],"collection":[{"href":"https:\/\/saviolife.com\/de\/wp-json\/wp\/v2\/pages"}],"about":[{"href":"https:\/\/saviolife.com\/de\/wp-json\/wp\/v2\/types\/page"}],"author":[{"embeddable":true,"href":"https:\/\/saviolife.com\/de\/wp-json\/wp\/v2\/users\/1"}],"replies":[{"embeddable":true,"href":"https:\/\/saviolife.com\/de\/wp-json\/wp\/v2\/comments?post=1360"}],"version-history":[{"count":2,"href":"https:\/\/saviolife.com\/de\/wp-json\/wp\/v2\/pages\/1360\/revisions"}],"predecessor-version":[{"id":2262,"href":"https:\/\/saviolife.com\/de\/wp-json\/wp\/v2\/pages\/1360\/revisions\/2262"}],"up":[{"embeddable":true,"href":"https:\/\/saviolife.com\/de\/wp-json\/wp\/v2\/pages\/1421"}],"wp:attachment":[{"href":"https:\/\/saviolife.com\/de\/wp-json\/wp\/v2\/media?parent=1360"}],"curies":[{"name":"wp","href":"https:\/\/api.w.org\/{rel}","templated":true}]}}