{"id":1371,"date":"2019-02-05T13:13:49","date_gmt":"2019-02-05T12:13:49","guid":{"rendered":"https:\/\/www.saviolife.com\/saviotan-leather\/"},"modified":"2021-03-17T09:24:05","modified_gmt":"2021-03-17T08:24:05","slug":"saviotan-leather","status":"publish","type":"page","link":"https:\/\/saviolife.com\/de\/saviotan\/saviotan-leather\/","title":{"rendered":"Saviotan Leather"},"content":{"rendered":"<div class=\"wpb-content-wrapper\"><p>[vc_row css_animation=&#8220;&#8220; row_type=&#8220;row&#8220; use_row_as_full_screen_section=&#8220;no&#8220; type=&#8220;full_width&#8220; angled_section=&#8220;no&#8220; text_align=&#8220;left&#8220; background_image_as_pattern=&#8220;without_pattern&#8220; el_class=&#8220;introduzione-slide-leather&#8220; z_index=&#8220;&#8220;][vc_column][vc_row_inner row_type=&#8220;row&#8220; type=&#8220;full_width&#8220; text_align=&#8220;left&#8220; css_animation=&#8220;&#8220;][vc_column_inner][qode_elements_holder number_of_columns=&#8220;two_columns&#8220; alignment_one_column=&#8220;center&#8220;][qode_elements_holder_item advanced_animations=&#8220;no&#8220;][\/qode_elements_holder_item][qode_elements_holder_item advanced_animations=&#8220;no&#8220; custom_class=&#8220;colonna-dx-slider-leather&#8220;][vc_single_image image=&#8220;2189&#8243; img_size=&#8220;full&#8220; alignment=&#8220;center&#8220; qode_css_animation=&#8220;&#8220;][vc_empty_space height=&#8220;22px&#8220;][vc_column_text]<\/p>\n<h3 style=\"text-align: center;\"><span style=\"color: #85252b;\">+Naturleder +Strapazierf\u00e4higkeit<\/span><\/h3>\n<p>[\/vc_column_text][vc_empty_space height=&#8220;22px&#8220;][vc_single_image image=&#8220;574&#8243; img_size=&#8220;117&#215;120&#8243; alignment=&#8220;center&#8220; qode_css_animation=&#8220;&#8220;][vc_empty_space height=&#8220;22px&#8220;][vc_column_text css=&#8220;.vc_custom_1615969230226{padding-right: 5% !important;padding-left: 5% !important;}&#8220;]<\/p>\n<p style=\"text-align: center;\"><span style=\"color: #5e2815;\">Die Marke \u201eCuoio di Toscana\u201c geh\u00f6rt zu den Spitzenleistungen des Konsortiums \u201eVero Cuoio Italiano\u201c, zu dessen Hauptzielen die F\u00f6rderung einer bewussteren Kultur im Zusammenhang mit Sohlenleder z\u00e4hlt.<\/span><\/p>\n<p>[\/vc_column_text][\/qode_elements_holder_item][\/qode_elements_holder][\/vc_column_inner][\/vc_row_inner][\/vc_column][\/vc_row][vc_row css_animation=&#8220;&#8220; row_type=&#8220;row&#8220; use_row_as_full_screen_section=&#8220;no&#8220; type=&#8220;full_width&#8220; angled_section=&#8220;no&#8220; text_align=&#8220;left&#8220; background_image_as_pattern=&#8220;without_pattern&#8220; el_class=&#8220;riga-applicazioni-img-sinistra&#8220; z_index=&#8220;&#8220;][vc_column el_class=&#8220;leather&#8220;][vc_row_inner row_type=&#8220;row&#8220; type=&#8220;full_width&#8220; text_align=&#8220;left&#8220; css_animation=&#8220;&#8220;][vc_column_inner][qode_elements_holder number_of_columns=&#8220;two_columns&#8220; alignment_one_column=&#8220;center&#8220;][qode_elements_holder_item advanced_animations=&#8220;no&#8220; custom_class=&#8220;colonna-sx-img-sinistra&#8220;][vc_single_image image=&#8220;491&#8243; img_size=&#8220;full&#8220; alignment=&#8220;center&#8220; qode_css_animation=&#8220;&#8220;][\/qode_elements_holder_item][qode_elements_holder_item advanced_animations=&#8220;no&#8220; custom_class=&#8220;colonna-dx-img-sinistra&#8220;][vc_column_text]<\/p>\n<h2>Adstringierende Ausz\u00fcge<\/h2>\n<p>[\/vc_column_text][vc_empty_space height=&#8220;22px&#8220;][vc_column_text]Die adstringierenden Ausz\u00fcge von Saviotan Leather finden haupts\u00e4chlich bei der langsamen Gerbung und bei der Gerbung im Becken, aber auch bei der schnellen Gerbung Anwendung. Dank seiner chemischen Eigenschaften verleiht es dem Leder eine h\u00f6here Festigkeit gegen Abnutzung, erh\u00f6ht dessen Wasserdichtigkeit und verbessert gleichzeitig die Atmungsaktivit\u00e4t, die es der Sohle erm\u00f6glicht, Sauerstoff nach au\u00dfen abzugeben und somit zu &#8222;atmen&#8220;.[\/vc_column_text][vc_empty_space height=&#8220;22px&#8220;][vc_column_text]<strong>A <\/strong>\u2013 fl\u00fcssig und pulverf\u00f6rmig<br \/>\nDas Tannin der Tradition<\/p>\n<p><strong>AC<\/strong> \u2013 fl\u00fcssig<br \/>\nH\u00f6here Wirkstoffkonzentration<\/p>\n<p><strong>AS<\/strong> \u2013 fl\u00fcssig und pulverf\u00f6rmig<br \/>\nLeicht im pH-Wert modifzierter Wirkstoff<\/p>\n<p><strong>ASV<\/strong> \u2013 fl\u00fcssig<br \/>\nEin sehr klares Tannin[\/vc_column_text][\/qode_elements_holder_item][\/qode_elements_holder][\/vc_column_inner][\/vc_row_inner][\/vc_column][\/vc_row][vc_row css_animation=&#8220;&#8220; row_type=&#8220;row&#8220; use_row_as_full_screen_section=&#8220;no&#8220; type=&#8220;full_width&#8220; angled_section=&#8220;no&#8220; text_align=&#8220;left&#8220; background_image_as_pattern=&#8220;without_pattern&#8220; el_class=&#8220;riga-applicazioni-img-destra&#8220; z_index=&#8220;&#8220;][vc_column el_class=&#8220;leather&#8220;][vc_row_inner row_type=&#8220;row&#8220; type=&#8220;full_width&#8220; text_align=&#8220;left&#8220; css_animation=&#8220;&#8220;][vc_column_inner][qode_elements_holder number_of_columns=&#8220;two_columns&#8220; alignment_one_column=&#8220;center&#8220; custom_class=&#8220;colonne-applicazioni-invertite-mobile&#8220;][qode_elements_holder_item advanced_animations=&#8220;no&#8220; custom_class=&#8220;colonna-sx-img-destra&#8220;][vc_column_text]<\/p>\n<h2>Abgeschw\u00e4chte Ausz\u00fcge<\/h2>\n<p>[\/vc_column_text][vc_empty_space height=&#8220;22px&#8220;][vc_column_text]Die abgeschw\u00e4chten Ausz\u00fcge von Saviotan Leather weisen einen modifizierten pH-Wert auf, der h\u00f6her als derjenige der adstringierenden Ausz\u00fcge ist, um es den Tanninen zu erm\u00f6glichen, das bereits vorher gegerbte und behandelte Leder zu durchdringen und dem Endprodukt seine Eigenschaften zu verleihen. Hierbei handelt es ebenso wie bei den adstringierenden Extrakten um hydrolysierbare Ausz\u00fcge, die eine sauberere Lederbehandlung und einen sanfteren Gerbungsprozess erm\u00f6glichen.[\/vc_column_text][vc_empty_space height=&#8220;22px&#8220;][vc_column_text]<strong>R<\/strong> \u2013 fl\u00fcssig<br \/>\nF\u00fcr Verbundleder<\/p>\n<p><strong>RT<\/strong> \u2013 fl\u00fcssig<br \/>\nF\u00fcr besonders dunkles, aber flexibles Leder<\/p>\n<p><strong>RS<\/strong> \u2013 fl\u00fcssig und pulverf\u00f6rmig<br \/>\nDas traditionell abgeschw\u00e4chte Tannin[\/vc_column_text][\/qode_elements_holder_item][qode_elements_holder_item advanced_animations=&#8220;no&#8220; custom_class=&#8220;colonna-dx-img-destra&#8220;][vc_single_image image=&#8220;498&#8243; img_size=&#8220;full&#8220; alignment=&#8220;center&#8220; qode_css_animation=&#8220;&#8220;][\/qode_elements_holder_item][\/qode_elements_holder][\/vc_column_inner][\/vc_row_inner][\/vc_column][\/vc_row][vc_row css_animation=&#8220;&#8220; row_type=&#8220;row&#8220; use_row_as_full_screen_section=&#8220;no&#8220; type=&#8220;full_width&#8220; angled_section=&#8220;no&#8220; text_align=&#8220;left&#8220; background_image_as_pattern=&#8220;without_pattern&#8220; anchor=&#8220;riga_applicazioni&#8220; z_index=&#8220;&#8220;][vc_column][vc_empty_space height=&#8220;150px&#8220; el_class=&#8220;spazio-50-mobile&#8220;][vc_row_inner row_type=&#8220;row&#8220; type=&#8220;grid&#8220; text_align=&#8220;left&#8220; css_animation=&#8220;&#8220;][vc_column_inner el_class=&#8220;testo-centrato-mobile&#8220; width=&#8220;2\/6&#8243;][vc_column_text]<\/p>\n<h2>Anwendungen<\/h2>\n<p>[\/vc_column_text][vc_empty_space][vc_column_text]<\/p>\n<p style=\"text-align: left;\">Schuhsohlen sowie Abs\u00e4tze ben\u00f6tigen eine langsame Gerbung nach herk\u00f6mmlicher Methode, unter Verwendung von adstringierenden Kastanientannin-Ausz\u00fcgen. Saviotan Leather bietet eine Gerbung, die dazu in der Lage ist, Leder von h\u00f6chster Qualit\u00e4t und mit hoher Strapazierf\u00e4higkeit zu erzielen.<br \/>\nLeder, das f\u00fcr die Herstellung von G\u00fcrteln bestimmt ist, muss besondere Eigenschaften aufweisen, die durch die Anwendung der von Saviotan Leather angebotenen abgeschw\u00e4chten Ausz\u00fcge erzielt werden k\u00f6nnen.<\/p>\n<p>[\/vc_column_text][vc_empty_space][\/vc_column_inner][vc_column_inner el_class=&#8220;colonna_applicazioni_icone&#8220; width=&#8220;1\/6&#8243;][vc_empty_space height=&#8220;20px&#8220;][vc_single_image image=&#8220;504&#8243; img_size=&#8220;&#8220; alignment=&#8220;center&#8220; qode_css_animation=&#8220;element_from_fade&#8220; transition_delay=&#8220;0.3&#8243;][vc_empty_space height=&#8220;20px&#8220;][vc_column_text]<\/p>\n<p style=\"text-align: center;\"><b>Sohlen<\/b><\/p>\n<p>[\/vc_column_text][vc_empty_space height=&#8220;20px&#8220;][\/vc_column_inner][vc_column_inner el_class=&#8220;colonna_applicazioni_icone&#8220; width=&#8220;1\/6&#8243;][vc_empty_space height=&#8220;20px&#8220;][vc_single_image image=&#8220;509&#8243; img_size=&#8220;full&#8220; alignment=&#8220;center&#8220; qode_css_animation=&#8220;element_from_fade&#8220; transition_delay=&#8220;0.6&#8243;][vc_empty_space height=&#8220;20px&#8220;][vc_column_text]<\/p>\n<p style=\"text-align: center;\"><b>Leder<\/b><\/p>\n<p>[\/vc_column_text][vc_empty_space height=&#8220;20px&#8220;][\/vc_column_inner][vc_column_inner el_class=&#8220;colonna_applicazioni_icone&#8220; width=&#8220;1\/6&#8243;][vc_empty_space height=&#8220;20px&#8220;][vc_single_image image=&#8220;514&#8243; img_size=&#8220;full&#8220; alignment=&#8220;center&#8220; qode_css_animation=&#8220;element_from_fade&#8220; transition_delay=&#8220;0.9&#8243;][vc_empty_space height=&#8220;20px&#8220;][vc_column_text]<\/p>\n<p style=\"text-align: center;\"><b>Abs\u00e4tze<\/b><\/p>\n<p>[\/vc_column_text][vc_empty_space height=&#8220;20px&#8220;][\/vc_column_inner][vc_column_inner el_class=&#8220;colonna_applicazioni_icone&#8220; width=&#8220;1\/6&#8243;][vc_empty_space height=&#8220;20px&#8220;][vc_single_image image=&#8220;519&#8243; img_size=&#8220;full&#8220; alignment=&#8220;center&#8220; qode_css_animation=&#8220;element_from_fade&#8220; transition_delay=&#8220;1.2&#8243;][vc_empty_space height=&#8220;20px&#8220;][vc_column_text]<\/p>\n<p style=\"text-align: center;\"><b>G\u00fcrtel<\/b><\/p>\n<p>[\/vc_column_text][vc_empty_space height=&#8220;20px&#8220;][\/vc_column_inner][\/vc_row_inner][vc_empty_space height=&#8220;150px&#8220;][\/vc_column][\/vc_row]<\/p>\n<\/div>","protected":false},"excerpt":{"rendered":"<p>[vc_row css_animation=&#8220;&#8220; row_type=&#8220;row&#8220; use_row_as_full_screen_section=&#8220;no&#8220; type=&#8220;full_width&#8220; angled_section=&#8220;no&#8220; text_align=&#8220;left&#8220; background_image_as_pattern=&#8220;without_pattern&#8220; el_class=&#8220;introduzione-slide-leather&#8220; z_index=&#8220;&#8220;][vc_column][vc_row_inner row_type=&#8220;row&#8220; type=&#8220;full_width&#8220; text_align=&#8220;left&#8220; css_animation=&#8220;&#8220;][vc_column_inner][qode_elements_holder number_of_columns=&#8220;two_columns&#8220; alignment_one_column=&#8220;center&#8220;][qode_elements_holder_item advanced_animations=&#8220;no&#8220;][\/qode_elements_holder_item][qode_elements_holder_item advanced_animations=&#8220;no&#8220; custom_class=&#8220;colonna-dx-slider-leather&#8220;][vc_single_image image=&#8220;2189&#8243; img_size=&#8220;full&#8220; alignment=&#8220;center&#8220; qode_css_animation=&#8220;&#8220;][vc_empty_space height=&#8220;22px&#8220;][vc_column_text] +Naturleder +Strapazierf\u00e4higkeit [\/vc_column_text][vc_empty_space height=&#8220;22px&#8220;][vc_single_image image=&#8220;574&#8243; img_size=&#8220;117&#215;120&#8243; alignment=&#8220;center&#8220; qode_css_animation=&#8220;&#8220;][vc_empty_space height=&#8220;22px&#8220;][vc_column_text css=&#8220;.vc_custom_1615969230226{padding-right: 5% !important;padding-left: 5% !important;}&#8220;] Die Marke \u201eCuoio di Toscana\u201c geh\u00f6rt zu&#8230;<\/p>\n","protected":false},"author":1,"featured_media":0,"parent":1421,"menu_order":0,"comment_status":"closed","ping_status":"closed","template":"full_width.php","meta":{"footnotes":""},"class_list":["post-1371","page","type-page","status-publish","hentry"],"_links":{"self":[{"href":"https:\/\/saviolife.com\/de\/wp-json\/wp\/v2\/pages\/1371","targetHints":{"allow":["GET"]}}],"collection":[{"href":"https:\/\/saviolife.com\/de\/wp-json\/wp\/v2\/pages"}],"about":[{"href":"https:\/\/saviolife.com\/de\/wp-json\/wp\/v2\/types\/page"}],"author":[{"embeddable":true,"href":"https:\/\/saviolife.com\/de\/wp-json\/wp\/v2\/users\/1"}],"replies":[{"embeddable":true,"href":"https:\/\/saviolife.com\/de\/wp-json\/wp\/v2\/comments?post=1371"}],"version-history":[{"count":5,"href":"https:\/\/saviolife.com\/de\/wp-json\/wp\/v2\/pages\/1371\/revisions"}],"predecessor-version":[{"id":2195,"href":"https:\/\/saviolife.com\/de\/wp-json\/wp\/v2\/pages\/1371\/revisions\/2195"}],"up":[{"embeddable":true,"href":"https:\/\/saviolife.com\/de\/wp-json\/wp\/v2\/pages\/1421"}],"wp:attachment":[{"href":"https:\/\/saviolife.com\/de\/wp-json\/wp\/v2\/media?parent=1371"}],"curies":[{"name":"wp","href":"https:\/\/api.w.org\/{rel}","templated":true}]}}