{"id":1378,"date":"2019-02-05T09:11:41","date_gmt":"2019-02-05T08:11:41","guid":{"rendered":"https:\/\/www.saviolife.com\/saviotan-feed\/saviotan-feed-suino\/"},"modified":"2021-03-17T11:47:40","modified_gmt":"2021-03-17T10:47:40","slug":"saviotan-feed-suino","status":"publish","type":"page","link":"https:\/\/saviolife.com\/de\/saviotan\/saviotan-feed\/saviotan-feed-suino\/","title":{"rendered":"Saviotan Feed Suino"},"content":{"rendered":"<div class=\"wpb-content-wrapper\"><p>[vc_row css_animation=&#8220;&#8220; row_type=&#8220;row&#8220; use_row_as_full_screen_section=&#8220;no&#8220; type=&#8220;full_width&#8220; angled_section=&#8220;no&#8220; text_align=&#8220;left&#8220; background_image_as_pattern=&#8220;without_pattern&#8220; el_class=&#8220;riga-banner-suino&#8220; z_index=&#8220;&#8220;][vc_column][vc_row_inner row_type=&#8220;row&#8220; type=&#8220;full_width&#8220; text_align=&#8220;left&#8220; css_animation=&#8220;&#8220;][vc_column_inner][qode_elements_holder number_of_columns=&#8220;two_columns&#8220; alignment_one_column=&#8220;center&#8220;][qode_elements_holder_item advanced_animations=&#8220;no&#8220; custom_class=&#8220;colonna-immagine-banner-suino&#8220;][vc_single_image image=&#8220;2210&#8243; img_size=&#8220;full&#8220; alignment=&#8220;center&#8220; qode_css_animation=&#8220;&#8220;][\/qode_elements_holder_item][qode_elements_holder_item advanced_animations=&#8220;no&#8220; custom_class=&#8220;colonna-testo-banner-suino&#8220;][vc_column_text]<\/p>\n<h1><span style=\"color: #ffffff;\">Schweine<\/span><\/h1>\n<p>[\/vc_column_text][\/qode_elements_holder_item][\/qode_elements_holder][\/vc_column_inner][\/vc_row_inner][\/vc_column][\/vc_row][vc_row css_animation=&#8220;&#8220; row_type=&#8220;row&#8220; use_row_as_full_screen_section=&#8220;no&#8220; type=&#8220;full_width&#8220; angled_section=&#8220;no&#8220; text_align=&#8220;left&#8220; background_image_as_pattern=&#8220;without_pattern&#8220; background_color=&#8220;#ffffff&#8220; z_index=&#8220;&#8220; el_class=&#8220;riga-utilizzazione-proteine&#8220;][vc_column][vc_row_inner row_type=&#8220;row&#8220; type=&#8220;grid&#8220; text_align=&#8220;left&#8220; css_animation=&#8220;&#8220;][vc_column_inner][vc_empty_space height=&#8220;70px&#8220;][vc_column_text]<\/p>\n<h2 style=\"text-align: center;\">Bessere Verwertung der Futterproteine<\/h2>\n<p>[\/vc_column_text][vc_empty_space][vc_column_text]<\/p>\n<p style=\"text-align: center;\">Die Zugabe von Saviotan<sup>\u00ae<\/sup> Feed in das Futter der Mastschweine erm\u00f6glicht eine bessere Verwertung der Futterproteine. Aus dem Vergleich der Daten in den beiden untenstehenden Tabellen geht bei Verwendung von Saviotan<sup>\u00ae<\/sup> Feed eine Verbesserung um 4 Prozentpunkte hervor. Es ist somit m\u00f6glich, eine protein\u00e4rmere F\u00fctterung anzuwenden, was mit Einsparungen einhergeht: In unserem Beispiel wurde eine F\u00fctterung mit 12,3% Rohprotein anstelle von 14,2% durchgef\u00fchrt.<\/p>\n<p>[\/vc_column_text][vc_empty_space height=&#8220;40px&#8220;][\/vc_column_inner][\/vc_row_inner][vc_row_inner row_type=&#8220;row&#8220; type=&#8220;full_width&#8220; text_align=&#8220;left&#8220; css_animation=&#8220;&#8220;][vc_column_inner][qode_elements_holder number_of_columns=&#8220;two_columns&#8220; alignment_one_column=&#8220;center&#8220;][qode_elements_holder_item advanced_animations=&#8220;no&#8220; custom_class=&#8220;colonna-sx-utilizzazione-proteine&#8220;][vc_empty_space height=&#8220;40px&#8220;][vc_single_image image=&#8220;2234&#8243; img_size=&#8220;700&#215;327&#8243; alignment=&#8220;center&#8220; qode_css_animation=&#8220;element_from_fade&#8220; transition_delay=&#8220;0.4&#8243;][vc_empty_space height=&#8220;40px&#8220;][\/qode_elements_holder_item][qode_elements_holder_item advanced_animations=&#8220;no&#8220; custom_class=&#8220;colonna-dx-utilizzazione-proteine&#8220;][vc_empty_space height=&#8220;20px&#8220;][vc_column_text]Hinweis: Zur Durchf\u00fchrung des Tests wurden 18 kastrierte m\u00e4nnliche Schweine mit einem Durchschnittsgewicht von 153 kg herangezogen, aufgeteilt in 3 Gruppen von 6. F\u00fcr unsere Zwecke betrachten wir nur die Kontrollgruppe, die Futter mit 14% Rohprotein erhalten hat, und die behandelte Gruppe, die Futter mit 12% Rohprotein und 0,53% Zusatz von Saviotan<sup>\u00ae<\/sup> Feed erhalten hat. Das Beimischen von Saviotan<sup>\u00ae<\/sup> Feed hat die Schmackhaftigkeit des Futters nicht ver\u00e4ndert.[\/vc_column_text][vc_empty_space height=&#8220;20px&#8220;][\/qode_elements_holder_item][\/qode_elements_holder][\/vc_column_inner][\/vc_row_inner][vc_empty_space height=&#8220;40px&#8220;][\/vc_column][\/vc_row][vc_row css_animation=&#8220;&#8220; row_type=&#8220;row&#8220; use_row_as_full_screen_section=&#8220;no&#8220; type=&#8220;full_width&#8220; angled_section=&#8220;no&#8220; text_align=&#8220;left&#8220; background_image_as_pattern=&#8220;without_pattern&#8220; z_index=&#8220;&#8220; el_class=&#8220;riga-azoto-urinario&#8220;][vc_column][vc_row_inner row_type=&#8220;row&#8220; type=&#8220;full_width&#8220; text_align=&#8220;left&#8220; css_animation=&#8220;&#8220;][vc_column_inner][qode_elements_holder number_of_columns=&#8220;three_columns&#8220; alignment_one_column=&#8220;center&#8220;][qode_elements_holder_item advanced_animations=&#8220;no&#8220; custom_class=&#8220;colonna-sx-azoto-urinario&#8220;][vc_column_text]<\/p>\n<h2>Reduzierte Stickstoffmenge im Urin<\/h2>\n<p>[\/vc_column_text][vc_empty_space][vc_column_text]Die deutlich geringere Menge an Stickstoff im Urin, d.h. fl\u00fcchtige Stickstoffsubstanzen, garantiert eine bessere G\u00fcllequalit\u00e4t. All dies ganz unabh\u00e4ngig von den bereits eingehend bewiesenen antimikrobiellen Eigenschaften von Saviotan<sup>\u00ae<\/sup> Feed.[\/vc_column_text][vc_empty_space height=&#8220;60px&#8220;][\/qode_elements_holder_item][qode_elements_holder_item advanced_animations=&#8220;no&#8220; custom_class=&#8220;colonna-cn-azoto-urinario&#8220;][vc_empty_space height=&#8220;30px&#8220;][vc_column_text]Stickstoffbilanz &gt; Gramm\/Tag[\/vc_column_text][vc_empty_space height=&#8220;15px&#8220;][vc_column_text]\n<table id=\"tablepress-9\" class=\"tablepress tablepress-id-9\">\n<thead>\n<tr class=\"row-1\">\n\t<th class=\"column-1\">Position<\/th><th class=\"column-2\">Zufuhr<\/th><th class=\"column-3\">Verlust<\/th><th class=\"column-4\">Verwertung<\/th>\n<\/tr>\n<\/thead>\n<tbody>\n<tr class=\"row-2\">\n\t<td class=\"column-1\">Futter<\/td><td class=\"column-2\">67,2<\/td><td class=\"column-3\"><\/td><td class=\"column-4\"><\/td>\n<\/tr>\n<tr class=\"row-3\">\n\t<td class=\"column-1\">F\u00e4kalien<\/td><td class=\"column-2\"><\/td><td class=\"column-3\">9,1<\/td><td class=\"column-4\"><\/td>\n<\/tr>\n<tr class=\"row-4\">\n\t<td class=\"column-1\">Urin<\/td><td class=\"column-2\"><\/td><td class=\"column-3\">34,6<\/td><td class=\"column-4\"><\/td>\n<\/tr>\n<tr class=\"row-5\">\n\t<td class=\"column-1\">R\u00fcckhaltung<\/td><td class=\"column-2\"><\/td><td class=\"column-3\"><\/td><td class=\"column-4\">23,5<\/td>\n<\/tr>\n<tr class=\"row-6\">\n\t<td class=\"column-1\">Insgesamt<\/td><td class=\"column-2\">67,2<\/td><td class=\"column-3\">43,7<\/td><td class=\"column-4\">23,5<\/td>\n<\/tr>\n<\/tbody>\n<\/table>\n<!-- #tablepress-9 from cache -->[\/vc_column_text][vc_empty_space height=&#8220;15px&#8220;][vc_column_text]Ohne Tannin:<\/p>\n<p>35% Verwertung (23,5*100\/67,2)[\/vc_column_text][vc_empty_space height=&#8220;30px&#8220;][\/qode_elements_holder_item][qode_elements_holder_item advanced_animations=&#8220;no&#8220; custom_class=&#8220;colonna-dx-azoto-urinario&#8220;][vc_empty_space height=&#8220;30px&#8220;][vc_column_text]Stickstoffbilanz &gt; Gramm\/Tag[\/vc_column_text][vc_empty_space height=&#8220;15px&#8220;][vc_column_text]\n<table id=\"tablepress-10\" class=\"tablepress tablepress-id-10\">\n<thead>\n<tr class=\"row-1\">\n\t<th class=\"column-1\">Position<\/th><th class=\"column-2\">Zufuhr<\/th><th class=\"column-3\">Verlust<\/th><th class=\"column-4\">Verwertung<\/th>\n<\/tr>\n<\/thead>\n<tbody>\n<tr class=\"row-2\">\n\t<td class=\"column-1\">Futter<\/td><td class=\"column-2\">58,5<\/td><td class=\"column-3\"><\/td><td class=\"column-4\"><\/td>\n<\/tr>\n<tr class=\"row-3\">\n\t<td class=\"column-1\">F\u00e4kalien<\/td><td class=\"column-2\"><\/td><td class=\"column-3\">9,4<\/td><td class=\"column-4\"><\/td>\n<\/tr>\n<tr class=\"row-4\">\n\t<td class=\"column-1\">Urin<\/td><td class=\"column-2\"><\/td><td class=\"column-3\">26,1<\/td><td class=\"column-4\"><\/td>\n<\/tr>\n<tr class=\"row-5\">\n\t<td class=\"column-1\">R\u00fcckhaltung<\/td><td class=\"column-2\"><\/td><td class=\"column-3\"><\/td><td class=\"column-4\">23,0<\/td>\n<\/tr>\n<tr class=\"row-6\">\n\t<td class=\"column-1\">Insgesamt<\/td><td class=\"column-2\">58,5<\/td><td class=\"column-3\">35,5<\/td><td class=\"column-4\">23,0<\/td>\n<\/tr>\n<\/tbody>\n<\/table>\n<!-- #tablepress-10 from cache -->[\/vc_column_text][vc_empty_space height=&#8220;15px&#8220;][vc_column_text]Mit Saviotan<sup>\u00ae<\/sup> Feed-Tannin:<\/p>\n<p>39% Verwertung (23,0*100\/58,5)[\/vc_column_text][vc_empty_space height=&#8220;30px&#8220;][\/qode_elements_holder_item][\/qode_elements_holder][vc_empty_space height=&#8220;30px&#8220;][\/vc_column_inner][\/vc_row_inner][\/vc_column][\/vc_row][vc_row css_animation=&#8220;&#8220; row_type=&#8220;row&#8220; use_row_as_full_screen_section=&#8220;no&#8220; type=&#8220;full_width&#8220; angled_section=&#8220;no&#8220; text_align=&#8220;left&#8220; background_image_as_pattern=&#8220;without_pattern&#8220; background_image=&#8220;346&#8243; z_index=&#8220;&#8220; el_class=&#8220;riga-aggiunta-mangime&#8220;][vc_column][vc_row_inner row_type=&#8220;row&#8220; type=&#8220;full_width&#8220; text_align=&#8220;left&#8220; css_animation=&#8220;&#8220;][vc_column_inner][qode_elements_holder number_of_columns=&#8220;three_columns&#8220; alignment_one_column=&#8220;center&#8220;][qode_elements_holder_item advanced_animations=&#8220;no&#8220; custom_class=&#8220;colonna-sx-aggiunta-mangime&#8220;][vc_empty_space height=&#8220;30px&#8220;][vc_column_text]Energiebilanz &gt; MJ \/ Tag[\/vc_column_text][vc_empty_space height=&#8220;15px&#8220;][vc_column_text]\n<table id=\"tablepress-11\" class=\"tablepress tablepress-id-11\">\n<thead>\n<tr class=\"row-1\">\n\t<th class=\"column-1\">Position<\/th><th class=\"column-2\">Zufuhr<\/th><th class=\"column-3\">Verlust<\/th><th class=\"column-4\">Verwertung<\/th>\n<\/tr>\n<\/thead>\n<tbody>\n<tr class=\"row-2\">\n\t<td class=\"column-1\">Futter<\/td><td class=\"column-2\">54,01<\/td><td class=\"column-3\"><\/td><td class=\"column-4\"><\/td>\n<\/tr>\n<tr class=\"row-3\">\n\t<td class=\"column-1\">F\u00e4kalien<\/td><td class=\"column-2\"><\/td><td class=\"column-3\">6,49<\/td><td class=\"column-4\"><\/td>\n<\/tr>\n<tr class=\"row-4\">\n\t<td class=\"column-1\">Urin<\/td><td class=\"column-2\"><\/td><td class=\"column-3\">1,48<\/td><td class=\"column-4\"><\/td>\n<\/tr>\n<tr class=\"row-5\">\n\t<td class=\"column-1\">Methangas <\/td><td class=\"column-2\"><\/td><td class=\"column-3\">0,27<\/td><td class=\"column-4\"><\/td>\n<\/tr>\n<tr class=\"row-6\">\n\t<td class=\"column-1\">W\u00e4rme<\/td><td class=\"column-2\"><\/td><td class=\"column-3\">25,66<\/td><td class=\"column-4\"><\/td>\n<\/tr>\n<tr class=\"row-7\">\n\t<td class=\"column-1\">R\u00fcckhaltung<\/td><td class=\"column-2\"><\/td><td class=\"column-3\"><\/td><td class=\"column-4\">20,11<\/td>\n<\/tr>\n<\/tbody>\n<\/table>\n<!-- #tablepress-11 from cache -->[\/vc_column_text][vc_empty_space height=&#8220;15px&#8220;][vc_column_text]Ohne Tannin:<\/p>\n<p>37% Verwertung (20,11*100\/54,01)[\/vc_column_text][vc_empty_space height=&#8220;30px&#8220;][\/qode_elements_holder_item][qode_elements_holder_item advanced_animations=&#8220;no&#8220; custom_class=&#8220;colonna-cn-aggiunta-mangime&#8220;][vc_empty_space height=&#8220;30px&#8220;][vc_column_text]Energiebilanz &gt; MJ \/ Tag[\/vc_column_text][vc_empty_space height=&#8220;15px&#8220;][vc_column_text]\n<table id=\"tablepress-12\" class=\"tablepress tablepress-id-12\">\n<thead>\n<tr class=\"row-1\">\n\t<th class=\"column-1\">Position<\/th><th class=\"column-2\">Zufuhr<\/th><th class=\"column-3\">Verlust<\/th><th class=\"column-4\">Verwertung<\/th>\n<\/tr>\n<\/thead>\n<tbody>\n<tr class=\"row-2\">\n\t<td class=\"column-1\">Futter<\/td><td class=\"column-2\">53,70<\/td><td class=\"column-3\"><\/td><td class=\"column-4\"><\/td>\n<\/tr>\n<tr class=\"row-3\">\n\t<td class=\"column-1\">F\u00e4kalien<\/td><td class=\"column-2\"><\/td><td class=\"column-3\">6,27<\/td><td class=\"column-4\"><\/td>\n<\/tr>\n<tr class=\"row-4\">\n\t<td class=\"column-1\">Urin<\/td><td class=\"column-2\"><\/td><td class=\"column-3\">1,29<\/td><td class=\"column-4\"><\/td>\n<\/tr>\n<tr class=\"row-5\">\n\t<td class=\"column-1\">Methangas <\/td><td class=\"column-2\"><\/td><td class=\"column-3\">0,27<\/td><td class=\"column-4\"><\/td>\n<\/tr>\n<tr class=\"row-6\">\n\t<td class=\"column-1\">W\u00e4rme<\/td><td class=\"column-2\"><\/td><td class=\"column-3\">25,84<\/td><td class=\"column-4\"><\/td>\n<\/tr>\n<tr class=\"row-7\">\n\t<td class=\"column-1\">R\u00fcckhaltung<\/td><td class=\"column-2\"><\/td><td class=\"column-3\"><\/td><td class=\"column-4\">20,03<\/td>\n<\/tr>\n<\/tbody>\n<\/table>\n<!-- #tablepress-12 from cache -->[\/vc_column_text][vc_empty_space height=&#8220;15px&#8220;][vc_column_text]Mit Saviotan<sup>\u00ae<\/sup> Feed-Tannin:<\/p>\n<p>37% Verwertung (20,03*100\/53,70)[\/vc_column_text][vc_empty_space height=&#8220;30px&#8220;][\/qode_elements_holder_item][qode_elements_holder_item advanced_animations=&#8220;no&#8220; custom_class=&#8220;colonna-dx-aggiunta-mangime&#8220;][vc_column_text]<\/p>\n<h2>Zugabe von Saviotan<sup>\u00ae<\/sup> Feed zum Futtermittel<\/h2>\n<p>[\/vc_column_text][vc_empty_space][vc_column_text]Die Zugabe von Saviotan<sup>\u00ae<\/sup> Feed zum Futter f\u00fcr Mastschweine ver\u00e4ndert in keiner Weise die metabolische Nutzung der Futterenergie (in beiden F\u00e4llen 37%).[\/vc_column_text][vc_empty_space height=&#8220;60px&#8220;][\/qode_elements_holder_item][\/qode_elements_holder][vc_empty_space height=&#8220;30px&#8220;][\/vc_column_inner][\/vc_row_inner][\/vc_column][\/vc_row][vc_row css_animation=&#8220;&#8220; row_type=&#8220;row&#8220; use_row_as_full_screen_section=&#8220;no&#8220; type=&#8220;full_width&#8220; angled_section=&#8220;no&#8220; text_align=&#8220;left&#8220; background_image_as_pattern=&#8220;without_pattern&#8220; z_index=&#8220;&#8220; el_class=&#8220;riga-arricchimento-tessuto&#8220;][vc_column][vc_row_inner row_type=&#8220;row&#8220; type=&#8220;full_width&#8220; text_align=&#8220;left&#8220; css_animation=&#8220;&#8220;][vc_column_inner][qode_elements_holder number_of_columns=&#8220;two_columns&#8220; alignment_one_column=&#8220;center&#8220;][qode_elements_holder_item advanced_animations=&#8220;no&#8220; custom_class=&#8220;colonna-sx-1-arricchimento-tessuto&#8220;][vc_empty_space height=&#8220;60px&#8220;][vc_column_text]<\/p>\n<h2>Fettgewebeanreicherung mit gesunden S\u00e4uren<\/h2>\n<p>[\/vc_column_text][vc_empty_space][vc_column_text]<\/p>\n<p class=\"p1\">Die Analyse der Fetts\u00e4urezusammensetzung des bei der Schlachtung entnommenen und analysierten Fettgewebes der untersuchten Schweine zeigte keine bedeutsamen Unterschiede, unter Ausnahme der Pansens\u00e4ure (C 18: 1 trans 2) und der konjugierten Linols\u00e4ure (CLA), auch Vakzens\u00e4ure genannt (Cl8:2 cis 9 trans 11), die genau die f\u00fcr die Verbraucher unter dem gesundheitlichen Gesichtspunkt wichtigsten funktionellen S\u00e4uren darstellen.<\/p>\n<p>[\/vc_column_text][vc_empty_space height=&#8220;60px&#8220;][\/qode_elements_holder_item][qode_elements_holder_item advanced_animations=&#8220;no&#8220; custom_class=&#8220;colonna-dx-1-arricchimento-tessuto&#8220;][vc_empty_space height=&#8220;60px&#8220;][vc_single_image image=&#8220;1105&#8243; img_size=&#8220;600&#215;414&#8243; alignment=&#8220;center&#8220; qode_css_animation=&#8220;&#8220;][vc_empty_space height=&#8220;40px&#8220;][\/qode_elements_holder_item][\/qode_elements_holder][\/vc_column_inner][\/vc_row_inner][\/vc_column][\/vc_row][vc_row css_animation=&#8220;&#8220; row_type=&#8220;row&#8220; use_row_as_full_screen_section=&#8220;no&#8220; type=&#8220;full_width&#8220; angled_section=&#8220;no&#8220; text_align=&#8220;left&#8220; background_image_as_pattern=&#8220;without_pattern&#8220; el_class=&#8220;riga-contenuto-acidi&#8220; z_index=&#8220;&#8220;][vc_column][vc_row_inner row_type=&#8220;row&#8220; type=&#8220;full_width&#8220; text_align=&#8220;left&#8220; css_animation=&#8220;&#8220;][vc_column_inner][qode_elements_holder number_of_columns=&#8220;two_columns&#8220; alignment_one_column=&#8220;center&#8220;][qode_elements_holder_item advanced_animations=&#8220;no&#8220; custom_class=&#8220;colonna-sx-2-arricchimento-tessuto&#8220;][vc_empty_space height=&#8220;60px&#8220;][vc_column_text]<strong>KONTROLLE<\/strong>[\/vc_column_text][vc_empty_space height=&#8220;15px&#8220;]<div class='q_progress_bar'><h6 class='progress_title_holder clearfix' style=''><span class='progress_title'><span>PANSENS\u00c4URE<\/span><\/span><span class='progress_number' style='font-size: 20px;'><span>0<\/span>%<\/span><\/h6><div class='progress_content_outer' style='height: 7px;background-color: #ffffff;'><div data-percentage='25' class='progress_content' style='height: 7px;background-color: #c31644;'><\/div><\/div><\/div><div class='q_progress_bar'><h6 class='progress_title_holder clearfix' style=''><span class='progress_title'><span>VAKZENS\u00c4URE<\/span><\/span><span class='progress_number' style='color: #1e73be;font-size: 20px;'><span>0<\/span>%<\/span><\/h6><div class='progress_content_outer' style='height: 7px;background-color: #ffffff;'><div data-percentage='78' class='progress_content' style='height: 7px;'><\/div><\/div><\/div>[vc_empty_space height=&#8220;30px&#8220;][vc_column_text]<strong>0,15%<\/strong>[\/vc_column_text][vc_empty_space height=&#8220;15px&#8220;]<div class='q_progress_bar'><h6 class='progress_title_holder clearfix' style=''><span class='progress_title'><span>PANSENS\u00c4URE<\/span><\/span><span class='progress_number' style=''><span>0<\/span>%<\/span><\/h6><div class='progress_content_outer' style='height: 7px;background-color: #ffffff;'><div data-percentage='80' class='progress_content' style='height: 7px;background-color: #c31644;'><\/div><\/div><\/div><div class='q_progress_bar'><h6 class='progress_title_holder clearfix' style=''><span class='progress_title'><span>VAKZENS\u00c4URE<\/span><\/span><span class='progress_number' style='color: #c31644;font-size: 20px;'><span>0<\/span>%<\/span><\/h6><div class='progress_content_outer' style='height: 7px;background-color: #ffffff;'><div data-percentage='93' class='progress_content' style='height: 7px;'><\/div><\/div><\/div>[vc_empty_space height=&#8220;30px&#8220;][vc_column_text]<strong>0,30%<\/strong>[\/vc_column_text][vc_empty_space height=&#8220;15px&#8220;]<div class='q_progress_bar'><h6 class='progress_title_holder clearfix' style=''><span class='progress_title'><span>PANSENS\u00c4URE<\/span><\/span><span class='progress_number' style=''><span>0<\/span>%<\/span><\/h6><div class='progress_content_outer' style='height: 7px;background-color: #ffffff;'><div data-percentage='25' class='progress_content' style='height: 7px;background-color: #c31644;'><\/div><\/div><\/div><div class='q_progress_bar'><h6 class='progress_title_holder clearfix' style=''><span class='progress_title'><span>VAKZENS\u00c4URE<\/span><\/span><span class='progress_number' style='color: #c31644;font-size: 20px;'><span>0<\/span>%<\/span><\/h6><div class='progress_content_outer' style='height: 7px;background-color: #ffffff;'><div data-percentage='53' class='progress_content' style='height: 7px;'><\/div><\/div><\/div>[vc_empty_space height=&#8220;60px&#8220;][\/qode_elements_holder_item][qode_elements_holder_item advanced_animations=&#8220;no&#8220; custom_class=&#8220;colonna-dx-2-arricchimento-tessuto&#8220;][vc_empty_space height=&#8220;60px&#8220;][vc_column_text]<\/p>\n<h2>Ver\u00e4nderungen im Gehalt an mehrfach unges\u00e4ttigten Fetts\u00e4uren<\/h2>\n<p>[\/vc_column_text][vc_empty_space height=&#8220;22px&#8220;][vc_column_text]Diese wichtige Beobachtung betraf nur Schweine, die mit einem Zusatz von 0,15% Saviotan<sup>\u00ae<\/sup> Feed gef\u00fcttert wurden, nicht jedoch die Schweine, die mit 0,30% Zusatz gef\u00fcttert wurden. Dies bedeutet, dass das Produkt bei niedrigen Konzentrationen wirkt und somit nicht \u00fcbertrieben werden darf. Bei allen anderen Fleischmerkmalen ergaben sich keine Unterschiede.<\/p>\n<p>Mit 0,15% Saviotan<sup>\u00ae<\/sup> Feed wurde Folgendes erzielt: + 100% Pansens\u00e4ure (von 0,04 auf 0,08) und + 18% Vakzens\u00e4ure von 0,09 auf 0,11 gll00 g Lipide).[\/vc_column_text][vc_empty_space height=&#8220;15px&#8220;][vc_column_text]<\/p>\n<p class=\"p1\">BITTE BEACHTEN: Es handelte sich hierbei um einen Test, bei dem die Wirkung von Saviotan<sup>\u00ae<\/sup> Feed nicht so sehr auf die Stickstoff- und Energiebilanz, sondern vor allem auf die m\u00f6glichen Auswirkungen auf die Produktionsleistung und auf die Eigenschaften von Fleisch und Fettgewebe untersucht wurde. Der Test wurde innerhalb des Produktionsgebiets des Parma- und San Daniele-Schinkens durchgef\u00fchrt. Zur Durchf\u00fchrung des Tests wurden 42 kastrierte m\u00e4nnliche Schweine mit einem Durchschnittsgewicht von 150 kg herangezogen, aufgeteilt in 3 Gruppen von 14. Alle erhielten Futter mit 14% Rohprotein, und die beiden behandelten Gruppen erhielten Futtererg\u00e4nzungen von jeweils 0,15% und 0,30% Saviotan<sup>\u00ae<\/sup> Feed. Es wurde eine Reduzierung der Verdaulichkeit des Futterproteins von 78% bei unbehandelten Schweinen auf 74% bei behandelten Schweinen best\u00e4tigt, jedoch ohne Unterschiede im Wachstum und in den Konversionsindizes, was die verbesserte Verwertung des aufgenommenen Stickstoffs best\u00e4tigt.<\/p>\n<p>[\/vc_column_text][vc_empty_space height=&#8220;60px&#8220;][\/qode_elements_holder_item][\/qode_elements_holder][\/vc_column_inner][\/vc_row_inner][\/vc_column][\/vc_row]<\/p>\n<\/div>","protected":false},"excerpt":{"rendered":"<p>[vc_row css_animation=&#8220;&#8220; row_type=&#8220;row&#8220; use_row_as_full_screen_section=&#8220;no&#8220; type=&#8220;full_width&#8220; angled_section=&#8220;no&#8220; text_align=&#8220;left&#8220; background_image_as_pattern=&#8220;without_pattern&#8220; el_class=&#8220;riga-banner-suino&#8220; z_index=&#8220;&#8220;][vc_column][vc_row_inner row_type=&#8220;row&#8220; type=&#8220;full_width&#8220; text_align=&#8220;left&#8220; css_animation=&#8220;&#8220;][vc_column_inner][qode_elements_holder number_of_columns=&#8220;two_columns&#8220; alignment_one_column=&#8220;center&#8220;][qode_elements_holder_item advanced_animations=&#8220;no&#8220; custom_class=&#8220;colonna-immagine-banner-suino&#8220;][vc_single_image image=&#8220;2210&#8243; img_size=&#8220;full&#8220; alignment=&#8220;center&#8220; qode_css_animation=&#8220;&#8220;][\/qode_elements_holder_item][qode_elements_holder_item advanced_animations=&#8220;no&#8220; custom_class=&#8220;colonna-testo-banner-suino&#8220;][vc_column_text] Schweine [\/vc_column_text][\/qode_elements_holder_item][\/qode_elements_holder][\/vc_column_inner][\/vc_row_inner][\/vc_column][\/vc_row][vc_row css_animation=&#8220;&#8220; row_type=&#8220;row&#8220; use_row_as_full_screen_section=&#8220;no&#8220; type=&#8220;full_width&#8220; angled_section=&#8220;no&#8220; text_align=&#8220;left&#8220; background_image_as_pattern=&#8220;without_pattern&#8220; background_color=&#8220;#ffffff&#8220; z_index=&#8220;&#8220; el_class=&#8220;riga-utilizzazione-proteine&#8220;][vc_column][vc_row_inner row_type=&#8220;row&#8220; type=&#8220;grid&#8220; text_align=&#8220;left&#8220; css_animation=&#8220;&#8220;][vc_column_inner][vc_empty_space height=&#8220;70px&#8220;][vc_column_text] Bessere Verwertung der Futterproteine&#8230;<\/p>\n","protected":false},"author":1,"featured_media":0,"parent":1364,"menu_order":0,"comment_status":"closed","ping_status":"closed","template":"full_width.php","meta":{"footnotes":""},"class_list":["post-1378","page","type-page","status-publish","hentry"],"_links":{"self":[{"href":"https:\/\/saviolife.com\/de\/wp-json\/wp\/v2\/pages\/1378","targetHints":{"allow":["GET"]}}],"collection":[{"href":"https:\/\/saviolife.com\/de\/wp-json\/wp\/v2\/pages"}],"about":[{"href":"https:\/\/saviolife.com\/de\/wp-json\/wp\/v2\/types\/page"}],"author":[{"embeddable":true,"href":"https:\/\/saviolife.com\/de\/wp-json\/wp\/v2\/users\/1"}],"replies":[{"embeddable":true,"href":"https:\/\/saviolife.com\/de\/wp-json\/wp\/v2\/comments?post=1378"}],"version-history":[{"count":3,"href":"https:\/\/saviolife.com\/de\/wp-json\/wp\/v2\/pages\/1378\/revisions"}],"predecessor-version":[{"id":2251,"href":"https:\/\/saviolife.com\/de\/wp-json\/wp\/v2\/pages\/1378\/revisions\/2251"}],"up":[{"embeddable":true,"href":"https:\/\/saviolife.com\/de\/wp-json\/wp\/v2\/pages\/1364"}],"wp:attachment":[{"href":"https:\/\/saviolife.com\/de\/wp-json\/wp\/v2\/media?parent=1378"}],"curies":[{"name":"wp","href":"https:\/\/api.w.org\/{rel}","templated":true}]}}