{"id":1389,"date":"2019-02-05T09:11:16","date_gmt":"2019-02-05T08:11:16","guid":{"rendered":"https:\/\/www.saviolife.com\/saviotan-feed\/saviotan-feed-bovino\/"},"modified":"2021-03-17T10:56:01","modified_gmt":"2021-03-17T09:56:01","slug":"saviotan-feed-rinder","status":"publish","type":"page","link":"https:\/\/saviolife.com\/de\/saviotan\/saviotan-feed\/saviotan-feed-rinder\/","title":{"rendered":"Saviotan Feed Rinder"},"content":{"rendered":"<div class=\"wpb-content-wrapper\"><p>[vc_row css_animation=&#8220;&#8220; row_type=&#8220;row&#8220; use_row_as_full_screen_section=&#8220;no&#8220; type=&#8220;full_width&#8220; angled_section=&#8220;no&#8220; text_align=&#8220;left&#8220; background_image_as_pattern=&#8220;without_pattern&#8220; el_class=&#8220;riga-banner-bovino&#8220; z_index=&#8220;&#8220;][vc_column][vc_row_inner row_type=&#8220;row&#8220; type=&#8220;full_width&#8220; text_align=&#8220;left&#8220; css_animation=&#8220;&#8220;][vc_column_inner][qode_elements_holder number_of_columns=&#8220;two_columns&#8220; alignment_one_column=&#8220;center&#8220;][qode_elements_holder_item advanced_animations=&#8220;no&#8220; custom_class=&#8220;colonna-immagine-banner-bovino&#8220;][vc_single_image image=&#8220;1163&#8243; img_size=&#8220;full&#8220; alignment=&#8220;center&#8220; qode_css_animation=&#8220;&#8220;][\/qode_elements_holder_item][qode_elements_holder_item advanced_animations=&#8220;no&#8220; custom_class=&#8220;colonna-testo-banner-bovino&#8220;][vc_column_text]<\/p>\n<h1><span style=\"color: #ffffff;\">Rinder<\/span><\/h1>\n<p>[\/vc_column_text][\/qode_elements_holder_item][\/qode_elements_holder][\/vc_column_inner][\/vc_row_inner][\/vc_column][\/vc_row][vc_row css_animation=&#8220;&#8220; row_type=&#8220;row&#8220; use_row_as_full_screen_section=&#8220;no&#8220; type=&#8220;full_width&#8220; angled_section=&#8220;no&#8220; text_align=&#8220;left&#8220; background_image_as_pattern=&#8220;without_pattern&#8220; background_color=&#8220;#ffffff&#8220; z_index=&#8220;&#8220; el_class=&#8220;riga-efficienza-alimentare&#8220;][vc_column][vc_row_inner row_type=&#8220;row&#8220; type=&#8220;grid&#8220; text_align=&#8220;left&#8220; css_animation=&#8220;&#8220;][vc_column_inner][vc_empty_space height=&#8220;70px&#8220;][vc_column_text]<\/p>\n<h2 style=\"text-align: center;\">Verbesserung der Futtereffizienz bei Rindern<\/h2>\n<p>[\/vc_column_text][vc_empty_space][vc_column_text]<\/p>\n<p style=\"text-align: center;\"><strong>Saviotan<sup>\u00ae<\/sup> Feed<\/strong> komplexiert selektiv Futterproteine im Pansen und erh\u00f6ht so den Anteil an nicht abbaubaren Proteinen (passierender Anteil), die durch die Verdauung im gastroenterischen Bereich einen Pool von Aminos\u00e4uren von gehobenem biologischem Wert freisetzen, wie aus unseren Tests hervorgeht. Dies reduziert im Pansen den Verlust von azotierten Substanzen \u00fcber das Urin und verbessert die Effizienz der gesamten Stickstoffbilanz.<\/p>\n<p>[\/vc_column_text][vc_empty_space height=&#8220;40px&#8220;][\/vc_column_inner][\/vc_row_inner][vc_row_inner row_type=&#8220;row&#8220; type=&#8220;full_width&#8220; text_align=&#8220;left&#8220; css_animation=&#8220;&#8220;][vc_column_inner][qode_elements_holder number_of_columns=&#8220;two_columns&#8220; columns_proportion=&#8220;33_66&#8243; alignment_one_column=&#8220;center&#8220;][qode_elements_holder_item advanced_animations=&#8220;no&#8220; custom_class=&#8220;colonna-sx-efficienza-alimentare&#8220;][vc_empty_space height=&#8220;40px&#8220;][vc_column_text]<strong>Saviotan<sup>\u00ae<\/sup> Feed<\/strong> greift in den Fettstoffwechsel der Mikroben und der Tiere ein und f\u00f6rdert die Produktion von S\u00e4uren, die f\u00fcr die Milchproduktion n\u00fctzlich sind (Essigs\u00e4ure, Pansens\u00e4ure, Vakzens\u00e4ure).<\/p>\n<p>Dar\u00fcber hinaus reduziert es die Methanbildung, wie bei unseren Tests beobachtet werden konnte.<\/p>\n<p>Die Reduzierung der Methanbildung ist auch in der Fleischproduktion von Vorteil.[\/vc_column_text][vc_empty_space height=&#8220;40px&#8220;][\/qode_elements_holder_item][qode_elements_holder_item advanced_animations=&#8220;no&#8220; custom_class=&#8220;colonna-dx-efficienza-alimentare&#8220;][vc_empty_space height=&#8220;40px&#8220;][vc_single_image image=&#8220;2218&#8243; img_size=&#8220;700&#215;453&#8243; alignment=&#8220;center&#8220; qode_css_animation=&#8220;element_from_fade&#8220; transition_delay=&#8220;0.4&#8243;][vc_empty_space height=&#8220;40px&#8220;][\/qode_elements_holder_item][\/qode_elements_holder][\/vc_column_inner][\/vc_row_inner][vc_empty_space height=&#8220;40px&#8220;][\/vc_column][\/vc_row][vc_row css_animation=&#8220;&#8220; row_type=&#8220;row&#8220; use_row_as_full_screen_section=&#8220;no&#8220; type=&#8220;full_width&#8220; angled_section=&#8220;no&#8220; text_align=&#8220;left&#8220; background_image_as_pattern=&#8220;without_pattern&#8220; z_index=&#8220;&#8220; el_class=&#8220;riga-stress-ossidativo&#8220;][vc_column][vc_row_inner row_type=&#8220;row&#8220; type=&#8220;full_width&#8220; text_align=&#8220;left&#8220; css_animation=&#8220;&#8220;][vc_column_inner][qode_elements_holder number_of_columns=&#8220;two_columns&#8220; alignment_one_column=&#8220;center&#8220;][qode_elements_holder_item advanced_animations=&#8220;no&#8220; custom_class=&#8220;colonna-sx-stress-ossidativo&#8220;][vc_empty_space height=&#8220;60px&#8220;][vc_single_image image=&#8220;1085&#8243; img_size=&#8220;full&#8220; qode_css_animation=&#8220;&#8220;][vc_empty_space height=&#8220;60px&#8220;][\/qode_elements_holder_item][qode_elements_holder_item advanced_animations=&#8220;no&#8220; custom_class=&#8220;colonna-dx-stress-ossidativo&#8220;][vc_empty_space height=&#8220;60px&#8220;][vc_column_text]<\/p>\n<h2>Auswirkungen auf die Gesundheit der K\u00fche<\/h2>\n<p>[\/vc_column_text][vc_empty_space][vc_column_text]<\/p>\n<p style=\"text-transform: uppercase;\"><strong>KONTROLLE VON OXIDATIVEM STRESS IN DER \u00dcBERGANGSZEIT (PERIPARTUM)<\/strong><\/p>\n<p>[\/vc_column_text][vc_empty_space height=&#8220;15px&#8220;][vc_column_text]In der heiklen Zeit zwischen 20 Tagen vor und 20 Tagen nach der Kalbung sind die K\u00fche dem sogenannten oxidativen Stress ausgesetzt. Dieser Stress resultiert aus einer besonders hohen Produktion von freien Radikalen, die auf die Zunahme der Stoffwechselaktivit\u00e4t in diesem Zeitraum zur\u00fcckzuf\u00fchren ist.<\/p>\n<p>Die Folgen reichen von einer Reduzierung der Immunabwehr bis hin zu einer Verringerung der Milchproduktion in der Spitzenphase der Laktation.<br \/>\nDie Verwendung von Saviotan<sup>\u00ae<\/sup> Feed erm\u00f6glicht es, dank seiner besonderen F\u00e4higkeit, freie Radikale zu neutralisieren, diesen kritischen Zeitraum erfolgreich zu begleiten.<\/p>\n<p>Die Auswirkungen sind sowohl aus dem allgemeinen Wohlbefinden der Tiere (geringere Oxidationserzeugnisse im Plasmaspiegel) als auch aus den Qualit\u00e4tsparametern von Milch und Fleisch (geringere Anzahl von somatischen Zellen) ersichtlich.[\/vc_column_text][vc_empty_space][vc_column_text]<\/p>\n<p style=\"text-transform: uppercase;\"><strong>BEK\u00c4MPFUNG VON DARMPARASITEN<\/strong><\/p>\n<p>[\/vc_column_text][vc_empty_space height=&#8220;15px&#8220;][vc_column_text]Dank der Verwendung von Saviotan<sup>\u00ae<\/sup> Feed konnten \u00e4u\u00dferst wichtige Ergebnisse bei der Bek\u00e4mpfung von Kokzidien, Clostridien und anderen Krankheitserregern erzielt werden.[\/vc_column_text][vc_empty_space height=&#8220;60px&#8220;][\/qode_elements_holder_item][\/qode_elements_holder][\/vc_column_inner][\/vc_row_inner][\/vc_column][\/vc_row][vc_row css_animation=&#8220;&#8220; row_type=&#8220;row&#8220; use_row_as_full_screen_section=&#8220;no&#8220; type=&#8220;full_width&#8220; angled_section=&#8220;no&#8220; text_align=&#8220;left&#8220; background_image_as_pattern=&#8220;without_pattern&#8220; background_color=&#8220;#ffffff&#8220; z_index=&#8220;&#8220; el_class=&#8220;riga-variazioni-contenuto&#8220;][vc_column][vc_row_inner row_type=&#8220;row&#8220; type=&#8220;full_width&#8220; text_align=&#8220;left&#8220; css_animation=&#8220;&#8220;][vc_column_inner][qode_elements_holder number_of_columns=&#8220;two_columns&#8220; alignment_one_column=&#8220;center&#8220;][qode_elements_holder_item advanced_animations=&#8220;no&#8220; custom_class=&#8220;colonna-sx-variazioni-contenuto&#8220;][vc_empty_space height=&#8220;60px&#8220;][vc_column_text]<\/p>\n<h2>Verbesserung der Fettqualit\u00e4t<\/h2>\n<p>[\/vc_column_text][vc_empty_space][vc_column_text]Die Auswirkung von Saviotan<sup>\u00ae<\/sup> Feed auf den mikrobiotischen Komplex des Pansens f\u00fchrt zu einer positiven Ver\u00e4nderung des Verh\u00e4ltnisses der funktionellen Fetts\u00e4uren sowie zu einer gesteigerten Synthese der unges\u00e4ttigten Fetts\u00e4uren (Pansens\u00e4ure, CLA*).[\/vc_column_text][vc_empty_space height=&#8220;50px&#8220;][vc_column_text]<\/p>\n<p style=\"font-size: 10px;\">*CLA: Konjugierte Linols\u00e4uren.<\/p>\n<p>[\/vc_column_text][vc_empty_space height=&#8220;60px&#8220;][\/qode_elements_holder_item][qode_elements_holder_item advanced_animations=&#8220;no&#8220; custom_class=&#8220;colonna-dx-variazioni-contenuto&#8220;][vc_empty_space height=&#8220;60px&#8220;][vc_column_text]<\/p>\n<h3><span style=\"color: #303034;\">Ver\u00e4nderungen im Gehalt an mehrfach unges\u00e4ttigten Fetts\u00e4uren<\/span><\/h3>\n<p>[\/vc_column_text][vc_empty_space height=&#8220;30px&#8220;][vc_column_text]<strong>VAKZENS\u00c4URE<\/strong>[\/vc_column_text][vc_empty_space height=&#8220;15px&#8220;]<div class='q_progress_bar'><h6 class='progress_title_holder clearfix' style=''><span class='progress_title'><span>KONTROLLE<\/span><\/span><span class='progress_number' style='font-size: 20px;'><span>0<\/span>%<\/span><\/h6><div class='progress_content_outer' style='height: 7px;'><div data-percentage='65' class='progress_content' style='height: 7px;'><\/div><\/div><\/div><div class='q_progress_bar'><h6 class='progress_title_holder clearfix' style=''><span class='progress_title'><span>TANNINE \u2192 +24%<\/span><\/span><span class='progress_number' style='font-size: 20px;'><span>0<\/span>%<\/span><\/h6><div class='progress_content_outer' style='height: 7px;'><div data-percentage='90' class='progress_content' style='height: 7px;'><\/div><\/div><\/div>[vc_empty_space height=&#8220;40px&#8220;][vc_column_text]<strong>PANSENS\u00c4URE<\/strong>[\/vc_column_text][vc_empty_space height=&#8220;15px&#8220;]<div class='q_progress_bar'><h6 class='progress_title_holder clearfix' style=''><span class='progress_title'><span>KONTROLLE<\/span><\/span><span class='progress_number' style=''><span>0<\/span>%<\/span><\/h6><div class='progress_content_outer' style='height: 7px;'><div data-percentage='33' class='progress_content' style='height: 7px;'><\/div><\/div><\/div><div class='q_progress_bar'><h6 class='progress_title_holder clearfix' style=''><span class='progress_title'><span>TANNINE \u2192 +31%<\/span><\/span><span class='progress_number' style='font-size: 20px;'><span>0<\/span>%<\/span><\/h6><div class='progress_content_outer' style='height: 7px;'><div data-percentage='50' class='progress_content' style='height: 7px;'><\/div><\/div><\/div>[vc_empty_space height=&#8220;60px&#8220;][\/qode_elements_holder_item][\/qode_elements_holder][\/vc_column_inner][\/vc_row_inner][\/vc_column][\/vc_row]<\/p>\n<\/div>","protected":false},"excerpt":{"rendered":"<p>[vc_row css_animation=&#8220;&#8220; row_type=&#8220;row&#8220; use_row_as_full_screen_section=&#8220;no&#8220; type=&#8220;full_width&#8220; angled_section=&#8220;no&#8220; text_align=&#8220;left&#8220; background_image_as_pattern=&#8220;without_pattern&#8220; el_class=&#8220;riga-banner-bovino&#8220; z_index=&#8220;&#8220;][vc_column][vc_row_inner row_type=&#8220;row&#8220; type=&#8220;full_width&#8220; text_align=&#8220;left&#8220; css_animation=&#8220;&#8220;][vc_column_inner][qode_elements_holder number_of_columns=&#8220;two_columns&#8220; alignment_one_column=&#8220;center&#8220;][qode_elements_holder_item advanced_animations=&#8220;no&#8220; custom_class=&#8220;colonna-immagine-banner-bovino&#8220;][vc_single_image image=&#8220;1163&#8243; img_size=&#8220;full&#8220; alignment=&#8220;center&#8220; qode_css_animation=&#8220;&#8220;][\/qode_elements_holder_item][qode_elements_holder_item advanced_animations=&#8220;no&#8220; custom_class=&#8220;colonna-testo-banner-bovino&#8220;][vc_column_text] Rinder [\/vc_column_text][\/qode_elements_holder_item][\/qode_elements_holder][\/vc_column_inner][\/vc_row_inner][\/vc_column][\/vc_row][vc_row css_animation=&#8220;&#8220; row_type=&#8220;row&#8220; use_row_as_full_screen_section=&#8220;no&#8220; type=&#8220;full_width&#8220; angled_section=&#8220;no&#8220; text_align=&#8220;left&#8220; background_image_as_pattern=&#8220;without_pattern&#8220; background_color=&#8220;#ffffff&#8220; z_index=&#8220;&#8220; el_class=&#8220;riga-efficienza-alimentare&#8220;][vc_column][vc_row_inner row_type=&#8220;row&#8220; type=&#8220;grid&#8220; text_align=&#8220;left&#8220; css_animation=&#8220;&#8220;][vc_column_inner][vc_empty_space height=&#8220;70px&#8220;][vc_column_text] Verbesserung der Futtereffizienz bei&#8230;<\/p>\n","protected":false},"author":1,"featured_media":0,"parent":1364,"menu_order":0,"comment_status":"closed","ping_status":"closed","template":"full_width.php","meta":{"footnotes":""},"class_list":["post-1389","page","type-page","status-publish","hentry"],"_links":{"self":[{"href":"https:\/\/saviolife.com\/de\/wp-json\/wp\/v2\/pages\/1389","targetHints":{"allow":["GET"]}}],"collection":[{"href":"https:\/\/saviolife.com\/de\/wp-json\/wp\/v2\/pages"}],"about":[{"href":"https:\/\/saviolife.com\/de\/wp-json\/wp\/v2\/types\/page"}],"author":[{"embeddable":true,"href":"https:\/\/saviolife.com\/de\/wp-json\/wp\/v2\/users\/1"}],"replies":[{"embeddable":true,"href":"https:\/\/saviolife.com\/de\/wp-json\/wp\/v2\/comments?post=1389"}],"version-history":[{"count":2,"href":"https:\/\/saviolife.com\/de\/wp-json\/wp\/v2\/pages\/1389\/revisions"}],"predecessor-version":[{"id":2223,"href":"https:\/\/saviolife.com\/de\/wp-json\/wp\/v2\/pages\/1389\/revisions\/2223"}],"up":[{"embeddable":true,"href":"https:\/\/saviolife.com\/de\/wp-json\/wp\/v2\/pages\/1364"}],"wp:attachment":[{"href":"https:\/\/saviolife.com\/de\/wp-json\/wp\/v2\/media?parent=1389"}],"curies":[{"name":"wp","href":"https:\/\/api.w.org\/{rel}","templated":true}]}}