{"id":1392,"date":"2019-02-05T09:10:45","date_gmt":"2019-02-05T08:10:45","guid":{"rendered":"https:\/\/www.saviolife.com\/saviotan-feed\/saviotan-feed-avicolo\/"},"modified":"2021-03-17T10:38:38","modified_gmt":"2021-03-17T09:38:38","slug":"saviotan-feed-gefluegel","status":"publish","type":"page","link":"https:\/\/saviolife.com\/de\/saviotan\/saviotan-feed\/saviotan-feed-gefluegel\/","title":{"rendered":"Saviotan Feed Gefl\u00fcgel"},"content":{"rendered":"<div class=\"wpb-content-wrapper\"><p>[vc_row css_animation=&#8220;&#8220; row_type=&#8220;row&#8220; use_row_as_full_screen_section=&#8220;no&#8220; type=&#8220;full_width&#8220; angled_section=&#8220;no&#8220; text_align=&#8220;left&#8220; background_image_as_pattern=&#8220;without_pattern&#8220; el_class=&#8220;riga-banner-avicolo&#8220; z_index=&#8220;&#8220;][vc_column][vc_row_inner row_type=&#8220;row&#8220; type=&#8220;full_width&#8220; text_align=&#8220;left&#8220; css_animation=&#8220;&#8220;][vc_column_inner][qode_elements_holder number_of_columns=&#8220;two_columns&#8220; alignment_one_column=&#8220;center&#8220;][qode_elements_holder_item advanced_animations=&#8220;no&#8220; custom_class=&#8220;colonna-immagine-banner-avicolo&#8220;][vc_single_image image=&#8220;2210&#8243; img_size=&#8220;full&#8220; alignment=&#8220;center&#8220; qode_css_animation=&#8220;&#8220;][\/qode_elements_holder_item][qode_elements_holder_item advanced_animations=&#8220;no&#8220; custom_class=&#8220;colonna-testo-banner-avicolo&#8220;][vc_column_text]<\/p>\n<h1><span style=\"color: #ffffff;\">Gefl\u00fcgel<\/span><\/h1>\n<p>[\/vc_column_text][\/qode_elements_holder_item][\/qode_elements_holder][\/vc_column_inner][\/vc_row_inner][\/vc_column][\/vc_row][vc_row css_animation=&#8220;&#8220; row_type=&#8220;row&#8220; use_row_as_full_screen_section=&#8220;no&#8220; type=&#8220;full_width&#8220; angled_section=&#8220;no&#8220; text_align=&#8220;left&#8220; background_image_as_pattern=&#8220;without_pattern&#8220; z_index=&#8220;&#8220; el_class=&#8220;riga-controllo-parassitosi&#8220;][vc_column][vc_empty_space height=&#8220;70px&#8220;][vc_row_inner row_type=&#8220;row&#8220; type=&#8220;full_width&#8220; text_align=&#8220;left&#8220; css_animation=&#8220;&#8220;][vc_column_inner][qode_elements_holder number_of_columns=&#8220;two_columns&#8220; alignment_one_column=&#8220;center&#8220;][qode_elements_holder_item advanced_animations=&#8220;no&#8220; custom_class=&#8220;colonna-sx-controllo-parassitosi&#8220;][vc_column_text]<\/p>\n<h2>Bek\u00e4mpfung von Darmparasiten<\/h2>\n<p>[\/vc_column_text][vc_empty_space][vc_column_text]Die prim\u00e4re Wirkung von Saviotan<sup>\u00ae<\/sup> Feed besteht darin, sich selektiv an Proteine zu binden, was sich auch in der Modulation bestimmter Enzymaktivit\u00e4ten widerspiegelt. Saviotan<sup>\u00ae<\/sup> Feed wirkt gegen Darmparasiten durch eine selektive Interaktion mit Zellmembranproteinen, wobei es den Austausch von Ionen und N\u00e4hrstoffen ver\u00e4ndert.[\/vc_column_text][vc_empty_space][\/qode_elements_holder_item][qode_elements_holder_item advanced_animations=&#8220;no&#8220; custom_class=&#8220;colonna-dx-controllo-parassitosi&#8220;][vc_single_image image=&#8220;1027&#8243; img_size=&#8220;full&#8220; alignment=&#8220;center&#8220; qode_css_animation=&#8220;element_from_fade&#8220; transition_delay=&#8220;0.3&#8243;][\/qode_elements_holder_item][\/qode_elements_holder][\/vc_column_inner][\/vc_row_inner][\/vc_column][\/vc_row][vc_row css_animation=&#8220;&#8220; row_type=&#8220;row&#8220; use_row_as_full_screen_section=&#8220;no&#8220; type=&#8220;full_width&#8220; angled_section=&#8220;no&#8220; text_align=&#8220;left&#8220; background_image_as_pattern=&#8220;without_pattern&#8220; el_class=&#8220;riga-azione-antimicrobica&#8220; z_index=&#8220;&#8220;][vc_column][qode_elements_holder number_of_columns=&#8220;two_columns&#8220; alignment_one_column=&#8220;center&#8220;][qode_elements_holder_item advanced_animations=&#8220;no&#8220; custom_class=&#8220;colonna-sx-azione-antimicrobica&#8220;][vc_empty_space height=&#8220;100px&#8220;][vc_column_text]<strong>STICKSTOFFR\u00dcCKHALTUNG &gt; GRAMM \/ TAG<\/strong>[\/vc_column_text][vc_row_inner row_type=&#8220;row&#8220; type=&#8220;full_width&#8220; text_align=&#8220;left&#8220; css_animation=&#8220;&#8220;][vc_column_inner el_class=&#8220;colonne-20&#8243; width=&#8220;1\/6&#8243;][vc_empty_space]<div class='q_progress_bars_vertical'><div class='progress_content_outer' style='background-color: #ea5e5e;'><div data-percentage='53' class='progress_content' style='background-color: #ffe788;'><\/div><\/div><h5 class='progress_title' style=''><\/h5><span class='progress_number' style=''><span>53<\/span>%<\/span><span class='progress_text'>Kontrolle<\/span><\/div>[vc_empty_space height=&#8220;22px&#8220;][\/vc_column_inner][vc_column_inner el_class=&#8220;colonne-20&#8243; width=&#8220;1\/6&#8243;][vc_empty_space]<div class='q_progress_bars_vertical'><div class='progress_content_outer' style='background-color: #ea5e5e;'><div data-percentage='40' class='progress_content' style='background-color: #ffe788;'><\/div><\/div><h5 class='progress_title' style=''><\/h5><span class='progress_number' style=''><span>40<\/span>%<\/span><span class='progress_text'>0,15%<\/span><\/div>[vc_empty_space height=&#8220;22px&#8220;][\/vc_column_inner][vc_column_inner el_class=&#8220;colonne-20&#8243; width=&#8220;1\/6&#8243;][vc_empty_space]<div class='q_progress_bars_vertical'><div class='progress_content_outer' style='background-color: #ea5e5e;'><div data-percentage='64' class='progress_content' style='background-color: #ffe788;'><\/div><\/div><h5 class='progress_title' style=''><\/h5><span class='progress_number' style=''><span>64<\/span>%<\/span><span class='progress_text'>0,30%<\/span><\/div>[vc_empty_space height=&#8220;22px&#8220;][\/vc_column_inner][vc_column_inner el_class=&#8220;colonne-20&#8243; width=&#8220;1\/6&#8243;][vc_empty_space]<div class='q_progress_bars_vertical'><div class='progress_content_outer' style='background-color: #ffe788;'><div data-percentage='18' class='progress_content' style='background-color: #6cd07f;'><\/div><\/div><h5 class='progress_title' style=''><\/h5><span class='progress_number' style=''><span>18<\/span>%<\/span><span class='progress_text'>0,50%<\/span><\/div>[vc_empty_space height=&#8220;22px&#8220;][\/vc_column_inner][vc_column_inner el_class=&#8220;colonne-20&#8243; width=&#8220;1\/6&#8243;][vc_empty_space]<div class='q_progress_bars_vertical'><div class='progress_content_outer' style='background-color: #ffe788;'><div data-percentage='65' class='progress_content' style='background-color: #6cd07f;'><\/div><\/div><h5 class='progress_title' style=''><\/h5><span class='progress_number' style=''><span>65<\/span>%<\/span><span class='progress_text'>1,00%<\/span><\/div>[vc_empty_space height=&#8220;22px&#8220;][\/vc_column_inner][vc_column_inner el_class=&#8220;sesta-colonna&#8220; width=&#8220;1\/6&#8243;][\/vc_column_inner][\/vc_row_inner][vc_empty_space height=&#8220;72px&#8220;][\/qode_elements_holder_item][qode_elements_holder_item advanced_animations=&#8220;no&#8220; custom_class=&#8220;colonna-dx-azione-antimicrobica&#8220;][vc_empty_space height=&#8220;72px&#8220;][vc_column_text]<\/p>\n<h2>Antimikrobielle Wirkung von Saviotan Feed bei Masth\u00fchnern (broiler)<\/h2>\n<p>[\/vc_column_text][vc_empty_space][vc_column_text]Saviotan<sup>\u00ae<\/sup> Feed hat sich im Rahmen von Tests als Lebensmittelzusatzstoff als besonders effektiv bei der Vorbeugung gegen nekrotische Enteritis erwiesen, wenn es dem Futter in Mengen zwischen 1 und 5 kg\/t beigemischt wird. Die Wirksamkeit wurde unter bewusst kritischen Bedingungen getestet, indem die Masth\u00fchner k\u00fcnstlich mit Clostridium perfringens und Eimeria spp. infiziert wurden. 25 Tage nach der Infektion ergab sich aus den Untersuchungen auch unter diesen extremen Bedingungen das Fehlen schwerer Darmver\u00e4nderungen, wenn der Futterration mindestens 0,5% Saviotan<sup>\u00ae<\/sup> Feed beigemischt wurde.[\/vc_column_text][vc_empty_space height=&#8220;72px&#8220;][\/qode_elements_holder_item][\/qode_elements_holder][vc_column_text]<\/p>\n<p style=\"text-align: center; font-size: 10px;\">Literaturhinweise;G. Tosi, P. Massi, M. Antongiovanni, A . Buccioni, S. Minieri, L. Marenchino, M. Mele (2013). Efficacy test of a hydrolysable tannin extract against necrotic enteritis in challenged broiler chickens. ltal. J. Anim. Sci., 12e62: 386-389.<\/p>\n<p>[\/vc_column_text][vc_empty_space][\/vc_column][\/vc_row][vc_row css_animation=&#8220;&#8220; row_type=&#8220;row&#8220; use_row_as_full_screen_section=&#8220;no&#8220; type=&#8220;full_width&#8220; angled_section=&#8220;no&#8220; text_align=&#8220;left&#8220; background_image_as_pattern=&#8220;without_pattern&#8220; z_index=&#8220;&#8220; el_class=&#8220;riga-utilizzazione-proteine&#8220;][vc_column][vc_empty_space height=&#8220;70px&#8220;][vc_row_inner row_type=&#8220;row&#8220; type=&#8220;grid&#8220; text_align=&#8220;left&#8220; css_animation=&#8220;&#8220;][vc_column_inner][vc_column_text]<\/p>\n<h2 style=\"text-align: center;\">Bessere Verwertung der Proteine<\/h2>\n<p>[\/vc_column_text][vc_empty_space][vc_column_text]<\/p>\n<p style=\"text-align: center;\"><strong>Saviotan<sup>\u00ae<\/sup> Feed<\/strong> verbessert deutlich die Verwertung der im Futter enthaltenen Proteine. Saviotan<sup>\u00ae<\/sup> Feed bindet sich haupts\u00e4chlich an die weniger hochwertigen Proteine, d.h. an die Fraktion mit dem niedrigsten biologischen Wert. Die ver\u00e4nderte Verdaulichkeit f\u00fchrt zu einer erh\u00f6hten Verwertung der in im Futter enthaltenen Proteine.<\/p>\n<p>[\/vc_column_text][vc_empty_space height=&#8220;70px&#8220;][\/vc_column_inner][\/vc_row_inner][vc_row_inner row_type=&#8220;row&#8220; type=&#8220;full_width&#8220; text_align=&#8220;left&#8220; css_animation=&#8220;&#8220;][vc_column_inner][qode_elements_holder number_of_columns=&#8220;three_columns&#8220; alignment_one_column=&#8220;center&#8220;][qode_elements_holder_item advanced_animations=&#8220;no&#8220; custom_class=&#8220;colonna-sx-utilizzazione-proteine&#8220;][vc_column_text]Bessere Verwertung des Proteinstickstoffs zur Reduzierung der Proteinzufuhr in der Futterration[\/vc_column_text][vc_empty_space height=&#8220;22px&#8220;][\/qode_elements_holder_item][qode_elements_holder_item advanced_animations=&#8220;no&#8220; custom_class=&#8220;colonna-cx-utilizzazione-proteine&#8220;][vc_single_image image=&#8220;1033&#8243; img_size=&#8220;full&#8220; alignment=&#8220;center&#8220; qode_css_animation=&#8220;element_from_fade&#8220; transition_delay=&#8220;0.4&#8243;][vc_empty_space height=&#8220;22px&#8220;][\/qode_elements_holder_item][qode_elements_holder_item advanced_animations=&#8220;no&#8220; custom_class=&#8220;colonna-dx-utilizzazione-proteine&#8220;][vc_column_text]Verbesserte Stickstoffausscheidung mit weniger fl\u00fcchtigen Stickstoffverbindungen in der G\u00fclle und damit Reduzierung der gasf\u00f6rmigen Emissionen und der Luftverschmutzung[\/vc_column_text][vc_empty_space height=&#8220;22px&#8220;][\/qode_elements_holder_item][\/qode_elements_holder][\/vc_column_inner][\/vc_row_inner][vc_empty_space height=&#8220;72px&#8220;][\/vc_column][\/vc_row][vc_row css_animation=&#8220;&#8220; row_type=&#8220;row&#8220; use_row_as_full_screen_section=&#8220;no&#8220; type=&#8220;full_width&#8220; angled_section=&#8220;no&#8220; text_align=&#8220;left&#8220; background_image_as_pattern=&#8220;without_pattern&#8220; el_class=&#8220;riga-ritenzione-azoto&#8220; z_index=&#8220;&#8220;][vc_column][vc_row_inner row_type=&#8220;row&#8220; type=&#8220;full_width&#8220; text_align=&#8220;left&#8220; css_animation=&#8220;&#8220;][vc_column_inner][qode_elements_holder number_of_columns=&#8220;two_columns&#8220; alignment_one_column=&#8220;center&#8220;][qode_elements_holder_item advanced_animations=&#8220;no&#8220; custom_class=&#8220;colonna-sx-ritenzione-azoto&#8220;][vc_empty_space height=&#8220;60px&#8220;][vc_column_text]<\/p>\n<h2>Verbesserte R\u00fcckhaltung von Proteinstickstoff im Masthuhn<\/h2>\n<p>[\/vc_column_text][vc_empty_space][vc_column_text]<strong>Saviotan<sup>\u00ae<\/sup> Feed<\/strong> wurde verschiedenen Gruppen von Masth\u00fchnern verabreicht und die Exkremente wurden eine Woche lang vollst\u00e4ndig gesammelt. Ab einer 0,2%-igen Dosierung von Saviotan<sup>\u00ae<\/sup> Feed konnte eine signifikante Erh\u00f6hung der Stickstoffr\u00fcckhaltung festgestellt werden.[\/vc_column_text][vc_empty_space height=&#8220;60px&#8220;][\/qode_elements_holder_item][qode_elements_holder_item advanced_animations=&#8220;no&#8220; custom_class=&#8220;colonna-dx-ritenzione-azoto&#8220;][vc_empty_space height=&#8220;60px&#8220;][vc_column_text]<strong>STICKSTOFFR\u00dcCKHALTUNG &gt; GRAMM \/ TAG<\/strong>[\/vc_column_text][vc_empty_space]\n<div class=\"q_line_graf_holder\">\n\t<div class=\"q_line_graf\" data-scale-step-width=\"0.4\" data-scale-steps=\"17\" data-bezier-curve=\"true\" data-scale-font-color=\"#818181\" data-scale-font-size=\"15\" data-labels=\"[&quot;kontrolle&quot;,&quot;0.15%&quot;,&quot;0.20%&quot;,&quot;0.25%&quot;,&quot;0.30%&quot;]\" data-values=\"[&quot;5.6,6.0,6.6,6.2,6.5&quot;]\" data-background-colors=\"[&quot;rgba(99,138,73,0.7)&quot;]\">\n\t\t<canvas id=\"lineGraph4030\" height=\"450\" width=\"489\"><\/canvas>\n\t<\/div>\n\t<div class=\"q_line_graf_legend\">\n\t\t<ul>\n\t\t\t\t\t\t\t<li>\n\t\t\t\t\t<div class=\"color_holder\" style=\"background-color:#638a49\"><\/div>\n\t\t\t\t\t<p style=\"color:\">Schwer<\/p>\n\t\t\t\t<\/li>\n\t\t\t\t\t<\/ul>\n\t<\/div>\n<\/div>[vc_empty_space height=&#8220;60px&#8220;][\/qode_elements_holder_item][\/qode_elements_holder][\/vc_column_inner][\/vc_row_inner][\/vc_column][\/vc_row][vc_row css_animation=&#8220;&#8220; row_type=&#8220;row&#8220; use_row_as_full_screen_section=&#8220;no&#8220; type=&#8220;full_width&#8220; angled_section=&#8220;no&#8220; text_align=&#8220;left&#8220; background_image_as_pattern=&#8220;without_pattern&#8220; z_index=&#8220;&#8220; el_class=&#8220;riga-alimentazione-sana&#8220;][vc_column][vc_row_inner row_type=&#8220;row&#8220; type=&#8220;full_width&#8220; text_align=&#8220;left&#8220; css_animation=&#8220;&#8220;][vc_column_inner][qode_elements_holder number_of_columns=&#8220;two_columns&#8220; alignment_one_column=&#8220;center&#8220;][qode_elements_holder_item advanced_animations=&#8220;no&#8220; custom_class=&#8220;colonna-sx-alimentazione-sana&#8220;][vc_empty_space height=&#8220;60px&#8220;][vc_single_image image=&#8220;1038&#8243; img_size=&#8220;full&#8220; qode_css_animation=&#8220;&#8220;][vc_empty_space height=&#8220;60px&#8220;][\/qode_elements_holder_item][qode_elements_holder_item advanced_animations=&#8220;no&#8220; custom_class=&#8220;colonna-dx-alimentazione-sana&#8220;][vc_empty_space height=&#8220;60px&#8220;][vc_column_text]<\/p>\n<h2>Eier und ges\u00fcndere Ern\u00e4hrung<\/h2>\n<p>[\/vc_column_text][vc_empty_space][vc_column_text]Cholesterin ist eine der Ursachen f\u00fcr die enorme Verbreitung von Herz-Kreislauf-Erkrankungen in den Industriel\u00e4ndern.<br \/>\nDie wachsende Nachfrage der Verbraucher nach einer ges\u00fcnderen Ern\u00e4hrung veranlasst die Lebensmittelindustrie dazu, erhebliche Mittel zu investieren, um Lebensmittelalternativen mit einem geringeren Cholesteringehalt zu erforschen. Die Auswirkung von Saviotan<sup>\u00ae<\/sup> Feed auf die enzymatische Verdauungsaktivit\u00e4t schl\u00e4gt sich auch auf Ver\u00e4nderungen im Fettstoffwechsel nieder. So ist es beispielsweise in der Eierproduktion m\u00f6glich, den Cholesteringehalt des Eigelbes zu senken.[\/vc_column_text][vc_empty_space height=&#8220;60px&#8220;][\/qode_elements_holder_item][\/qode_elements_holder][\/vc_column_inner][\/vc_row_inner][\/vc_column][\/vc_row][vc_row css_animation=&#8220;&#8220; row_type=&#8220;row&#8220; use_row_as_full_screen_section=&#8220;no&#8220; type=&#8220;full_width&#8220; angled_section=&#8220;no&#8220; text_align=&#8220;left&#8220; background_image_as_pattern=&#8220;without_pattern&#8220; background_color=&#8220;#ffffff&#8220; z_index=&#8220;&#8220; el_class=&#8220;riga-riduzione-colesterolo&#8220;][vc_column][vc_row_inner row_type=&#8220;row&#8220; type=&#8220;full_width&#8220; text_align=&#8220;left&#8220; css_animation=&#8220;&#8220;][vc_column_inner][qode_elements_holder number_of_columns=&#8220;two_columns&#8220; alignment_one_column=&#8220;center&#8220;][qode_elements_holder_item advanced_animations=&#8220;no&#8220; custom_class=&#8220;colonna-sx-riduzione-colesterolo&#8220;][vc_empty_space height=&#8220;60px&#8220;][vc_column_text]<\/p>\n<h2>Senkung des Cholesteringehalts im Eigelb<\/h2>\n<p>[\/vc_column_text][vc_empty_space][vc_column_text]Saviotan<sup>\u00ae<\/sup> Feed wurde 50 Wochen alten Legehennen in einer Konzentration von 0,2% des Futters verabreicht. Im Rahmen des 5-w\u00f6chigen Tests wurden zwei Rassen (Mugello und Leghorn) und zwei Di\u00e4ten (mit und ohne Tannin) verglichen. Bei der Verabreichung von Saviotan<sup>\u00ae<\/sup> Feed wurden die Cholesterinwerte bei beiden Rassen signifikant gesenkt, am deutlichsten bei der Leghorn-Rasse (-17%, verglichen mit -9% bei Mugello).<br \/>\nEs gab keine Unterschiede im Gewicht, der Dicke und der Farbe der Eier zwischen den mit und ohne Saviotan* Feed gef\u00fctterten Tieren.<br \/>\n[\/vc_column_text][vc_empty_space height=&#8220;60px&#8220;][\/qode_elements_holder_item][qode_elements_holder_item advanced_animations=&#8220;no&#8220; custom_class=&#8220;colonna-dx-riduzione-colesterolo&#8220;][vc_empty_space height=&#8220;60px&#8220;]<div class='q_progress_bar'><h6 class='progress_title_holder clearfix' style=''><span class='progress_title'><span>Mugello C \u2192 230<\/span><\/span><span class='progress_number' style='font-size: 20px;'><span>0<\/span>%<\/span><\/h6><div class='progress_content_outer' style='height: 7px;'><div data-percentage='60' class='progress_content' style='height: 7px;'><\/div><\/div><\/div><div class='q_progress_bar'><h6 class='progress_title_holder clearfix' style=''><span class='progress_title'><span>Mugello 0,2% \u2192 210<\/span><\/span><span class='progress_number' style='font-size: 20px;'><span>0<\/span>%<\/span><\/h6><div class='progress_content_outer' style='height: 7px;'><div data-percentage='40' class='progress_content' style='height: 7px;'><\/div><\/div><\/div><div class='q_progress_bar'><h6 class='progress_title_holder clearfix' style=''><span class='progress_title'><span>Leghorn C \u2192 243<\/span><\/span><span class='progress_number' style=''><span>0<\/span>%<\/span><\/h6><div class='progress_content_outer' style='height: 7px;'><div data-percentage='85' class='progress_content' style='height: 7px;'><\/div><\/div><\/div><div class='q_progress_bar'><h6 class='progress_title_holder clearfix' style=''><span class='progress_title'><span>Leghorn 0,2% \u2192 206<\/span><\/span><span class='progress_number' style='font-size: 20px;'><span>0<\/span>%<\/span><\/h6><div class='progress_content_outer' style='height: 7px;'><div data-percentage='30' class='progress_content' style='height: 7px;'><\/div><\/div><\/div>[vc_empty_space height=&#8220;60px&#8220;][\/qode_elements_holder_item][\/qode_elements_holder][\/vc_column_inner][\/vc_row_inner][vc_column_text]<\/p>\n<p style=\"text-align: center; font-size: 10px;\">Antonglovanni, M. et al., 2015. Effect of a hydrolysable tannln from chestnut wood o n digestibility an d nitrogen balance In broiler chickens. Proc. 20th European Symposium on Poultry Nutrition. Prague, 24-27 August 2015, page 141.<\/p>\n<p>[\/vc_column_text][vc_empty_space height=&#8220;72px&#8220;][\/vc_column][\/vc_row]<\/p>\n<\/div>","protected":false},"excerpt":{"rendered":"<p>[vc_row css_animation=&#8220;&#8220; row_type=&#8220;row&#8220; use_row_as_full_screen_section=&#8220;no&#8220; type=&#8220;full_width&#8220; angled_section=&#8220;no&#8220; text_align=&#8220;left&#8220; background_image_as_pattern=&#8220;without_pattern&#8220; el_class=&#8220;riga-banner-avicolo&#8220; z_index=&#8220;&#8220;][vc_column][vc_row_inner row_type=&#8220;row&#8220; type=&#8220;full_width&#8220; text_align=&#8220;left&#8220; css_animation=&#8220;&#8220;][vc_column_inner][qode_elements_holder number_of_columns=&#8220;two_columns&#8220; alignment_one_column=&#8220;center&#8220;][qode_elements_holder_item advanced_animations=&#8220;no&#8220; custom_class=&#8220;colonna-immagine-banner-avicolo&#8220;][vc_single_image image=&#8220;2210&#8243; img_size=&#8220;full&#8220; alignment=&#8220;center&#8220; qode_css_animation=&#8220;&#8220;][\/qode_elements_holder_item][qode_elements_holder_item advanced_animations=&#8220;no&#8220; custom_class=&#8220;colonna-testo-banner-avicolo&#8220;][vc_column_text] Gefl\u00fcgel [\/vc_column_text][\/qode_elements_holder_item][\/qode_elements_holder][\/vc_column_inner][\/vc_row_inner][\/vc_column][\/vc_row][vc_row css_animation=&#8220;&#8220; row_type=&#8220;row&#8220; use_row_as_full_screen_section=&#8220;no&#8220; type=&#8220;full_width&#8220; angled_section=&#8220;no&#8220; text_align=&#8220;left&#8220; background_image_as_pattern=&#8220;without_pattern&#8220; z_index=&#8220;&#8220; el_class=&#8220;riga-controllo-parassitosi&#8220;][vc_column][vc_empty_space height=&#8220;70px&#8220;][vc_row_inner row_type=&#8220;row&#8220; type=&#8220;full_width&#8220; text_align=&#8220;left&#8220; css_animation=&#8220;&#8220;][vc_column_inner][qode_elements_holder number_of_columns=&#8220;two_columns&#8220; alignment_one_column=&#8220;center&#8220;][qode_elements_holder_item advanced_animations=&#8220;no&#8220; custom_class=&#8220;colonna-sx-controllo-parassitosi&#8220;][vc_column_text] Bek\u00e4mpfung&#8230;<\/p>\n","protected":false},"author":1,"featured_media":0,"parent":1364,"menu_order":0,"comment_status":"closed","ping_status":"closed","template":"full_width.php","meta":{"footnotes":""},"class_list":["post-1392","page","type-page","status-publish","hentry"],"_links":{"self":[{"href":"https:\/\/saviolife.com\/de\/wp-json\/wp\/v2\/pages\/1392","targetHints":{"allow":["GET"]}}],"collection":[{"href":"https:\/\/saviolife.com\/de\/wp-json\/wp\/v2\/pages"}],"about":[{"href":"https:\/\/saviolife.com\/de\/wp-json\/wp\/v2\/types\/page"}],"author":[{"embeddable":true,"href":"https:\/\/saviolife.com\/de\/wp-json\/wp\/v2\/users\/1"}],"replies":[{"embeddable":true,"href":"https:\/\/saviolife.com\/de\/wp-json\/wp\/v2\/comments?post=1392"}],"version-history":[{"count":3,"href":"https:\/\/saviolife.com\/de\/wp-json\/wp\/v2\/pages\/1392\/revisions"}],"predecessor-version":[{"id":2215,"href":"https:\/\/saviolife.com\/de\/wp-json\/wp\/v2\/pages\/1392\/revisions\/2215"}],"up":[{"embeddable":true,"href":"https:\/\/saviolife.com\/de\/wp-json\/wp\/v2\/pages\/1364"}],"wp:attachment":[{"href":"https:\/\/saviolife.com\/de\/wp-json\/wp\/v2\/media?parent=1392"}],"curies":[{"name":"wp","href":"https:\/\/api.w.org\/{rel}","templated":true}]}}