{"id":1396,"date":"2019-02-04T18:02:21","date_gmt":"2019-02-04T17:02:21","guid":{"rendered":"https:\/\/www.saviolife.com\/liquidi\/"},"modified":"2021-03-17T09:01:05","modified_gmt":"2021-03-17T08:01:05","slug":"fluessigprodukten","status":"publish","type":"page","link":"https:\/\/saviolife.com\/de\/sazolene\/fluessigprodukten\/","title":{"rendered":"Fl\u00fcssigprodukten"},"content":{"rendered":"<div class=\"wpb-content-wrapper\"><p>[vc_row css_animation=&#8220;&#8220; row_type=&#8220;row&#8220; use_row_as_full_screen_section=&#8220;no&#8220; type=&#8220;full_width&#8220; angled_section=&#8220;no&#8220; text_align=&#8220;left&#8220; background_image_as_pattern=&#8220;without_pattern&#8220; el_class=&#8220;riga-prodotti-granulari-sazolene&#8220; z_index=&#8220;&#8220;][vc_column][vc_empty_space height=&#8220;150px&#8220;][vc_row_inner row_type=&#8220;row&#8220; type=&#8220;grid&#8220; text_align=&#8220;left&#8220; css_animation=&#8220;&#8220;][vc_column_inner][qode_elements_holder number_of_columns=&#8220;two_columns&#8220; alignment_one_column=&#8220;center&#8220;][qode_elements_holder_item advanced_animations=&#8220;no&#8220;][vc_single_image image=&#8220;243&#8243; img_size=&#8220;full&#8220; alignment=&#8220;center&#8220; qode_css_animation=&#8220;&#8220;][\/qode_elements_holder_item][qode_elements_holder_item advanced_animations=&#8220;no&#8220; custom_class=&#8220;colonna-intro-granulari-sazolene&#8220;][vc_column_text]<\/p>\n<h1><span style=\"color: #ffffff;\">Fl\u00fcssigprodukten<\/span><\/h1>\n<p>[\/vc_column_text][vc_empty_space][vc_column_text]<\/p>\n<h3><span style=\"color: #ffffff;\">SAZOLENE SC<\/span><\/h3>\n<p>&nbsp;<\/p>\n<h3><span style=\"color: #ffffff;\">NPK<\/span><\/h3>\n<p>[\/vc_column_text][\/qode_elements_holder_item][\/qode_elements_holder][\/vc_column_inner][\/vc_row_inner][vc_empty_space height=&#8220;150px&#8220;][\/vc_column][\/vc_row][vc_row css_animation=&#8220;&#8220; row_type=&#8220;row&#8220; use_row_as_full_screen_section=&#8220;no&#8220; type=&#8220;full_width&#8220; angled_section=&#8220;no&#8220; text_align=&#8220;left&#8220; background_image_as_pattern=&#8220;without_pattern&#8220; el_class=&#8220;riga-applicazioni-img-sinistra&#8220; z_index=&#8220;&#8220;][vc_column][vc_row_inner row_type=&#8220;row&#8220; type=&#8220;full_width&#8220; text_align=&#8220;left&#8220; css_animation=&#8220;&#8220;][vc_column_inner][qode_elements_holder number_of_columns=&#8220;two_columns&#8220; alignment_one_column=&#8220;center&#8220;][qode_elements_holder_item advanced_animations=&#8220;no&#8220; custom_class=&#8220;colonna-sx-img-sinistra&#8220;][vc_single_image image=&#8220;971&#8243; img_size=&#8220;full&#8220; alignment=&#8220;center&#8220; qode_css_animation=&#8220;&#8220;][\/qode_elements_holder_item][qode_elements_holder_item advanced_animations=&#8220;no&#8220; custom_class=&#8220;colonna-dx-img-sinistra&#8220;][vc_column_text]<\/p>\n<h2>Sazolene SC<\/h2>\n<p>[\/vc_column_text][vc_empty_space height=&#8220;22px&#8220;][vc_column_text]Sazolene<sup>\u00ae<\/sup> SC \u00e8 una soluzione di fertilizzante azotato liquido contenente circa il 60% di azoto sotto forma di metile-urea. Sazolene<sup>\u00ae<\/sup> migliora l\u2019assorbimento azotato, la traslocazione e rimobilizzazione ed particolarmente indicato per colture agricole di pieno campo, orticole, fruttiferi e frutta in guscio.<br \/>\nSazolene<sup>\u00ae<\/sup> SC ist eine fl\u00fcssige Stickstoffd\u00fcngerl\u00f6sung, die etwa 60% Stickstoff in Form von Methylharnstoff enth\u00e4lt. Sazolene<sup>\u00ae<\/sup> verbessert die Stickstoffaufnahme, die Translokation und die Remobilisierung und eignet sich besonders f\u00fcr Freilandkulturen, Gem\u00fcse- und Obstanbau sowie f\u00fcr den Anbau von N\u00fcssen und Mandeln.<br \/>\nDurch den besonders niedrigen Salzgehalt ist die Anwendung besonders sicher f\u00fcr die Pflanzenkulturen. Das Produkt kann bei allen Kulturen auf die Bl\u00e4tter gespr\u00fcht werden, um das Wachstum und die Qualit\u00e4t zu f\u00f6rdern oder um Stickstoffmangel zu beheben. Es kann auch streifenf\u00f6rmig auf den Boden aufgetragen oder in der Fertigation verwendet werden. Sazolene<sup>\u00ae<\/sup> SC enth\u00e4lt 350 g Stickstoff pro Liter und kann in konzentrierten oder verd\u00fcnnten L\u00f6sungen sowohl f\u00fcr die Anwendung auf dem Boden eingesetzt als auch auf die Bl\u00e4tter gespr\u00fcht werden. Mit gen\u00fcgend Wasser anwenden, um eine ausreichende Abdeckung der entsprechenden Oberfl\u00e4che zu erzielen, Anwendungen bei Temperaturen \u00fcber 30 \u00b0C und bei einem Wasseranteil von weniger als 30% vermeiden.<\/p>\n<p>&nbsp;<\/p>\n<p>Sazolene<sup>\u00ae<\/sup> SC ist besonders kompatibel mit den meisten phosphor- und kaliumhaltigen D\u00fcngemitteln, mit Spurenelementen und den meisten Agrofarmazeutika.[\/vc_column_text][vc_empty_space height=&#8220;22px&#8220;][\/qode_elements_holder_item][\/qode_elements_holder][\/vc_column_inner][\/vc_row_inner][\/vc_column][\/vc_row][vc_row css_animation=&#8220;&#8220; row_type=&#8220;row&#8220; use_row_as_full_screen_section=&#8220;no&#8220; type=&#8220;full_width&#8220; angled_section=&#8220;no&#8220; text_align=&#8220;left&#8220; background_image_as_pattern=&#8220;without_pattern&#8220; el_class=&#8220;riga-prodotti-granulari-tre&#8220; z_index=&#8220;&#8220;][vc_column][vc_column_text]<\/p>\n<h2 style=\"text-align: center;\">Die Produkteigenschaften<\/h2>\n<p>[\/vc_column_text][vc_empty_space height=&#8220;52px&#8220;][vc_row_inner row_type=&#8220;row&#8220; type=&#8220;full_width&#8220; text_align=&#8220;left&#8220; css_animation=&#8220;&#8220;][vc_column_inner][qode_elements_holder number_of_columns=&#8220;two_columns&#8220;][qode_elements_holder_item vertical_alignment=&#8220;middle&#8220; advanced_animations=&#8220;no&#8220; custom_class=&#8220;colonna-balance&#8220;]<div class=\"qode-specification-list\">\n\t\t<div class=\"qode-specification-list-text-holder\">\n\t\t<h3 class=\"qode-specification-list-title\">\n\t\t\tZusammensetzung\t\t<\/h3>\n\t\t<div class=\"qode-specification-list-items\">\n\t\t\t\t\t\t\t<div class=\"qode-specification-list-item\">\n\t\t\t\t\t<span class=\"qode-specification-list-item-label\">\n\t\t\t\t\t\tGesamtstickstoff (N)\t\t\t\t\t<\/span>\n\t\t\t\t\t<span class=\"qode-specification-list-item-value\">\n\t\t\t\t\t\t28 % p\/p\t\t\t\t\t<\/span>\n\t\t\t\t<\/div>\n\t\t\t\t\t\t\t<div class=\"qode-specification-list-item\">\n\t\t\t\t\t<span class=\"qode-specification-list-item-label\">\n\t\t\t\t\t\tHarnstoff-Stickstoff\t\t\t\t\t<\/span>\n\t\t\t\t\t<span class=\"qode-specification-list-item-value\">\n\t\t\t\t\t\t11,5 % p\/p\t\t\t\t\t<\/span>\n\t\t\t\t<\/div>\n\t\t\t\t\t\t\t<div class=\"qode-specification-list-item\">\n\t\t\t\t\t<span class=\"qode-specification-list-item-label\">\n\t\t\t\t\t\tStickstoff aus Methylenharnstoff\t\t\t\t\t<\/span>\n\t\t\t\t\t<span class=\"qode-specification-list-item-value\">\n\t\t\t\t\t\t16,5 % p\/p\t\t\t\t\t<\/span>\n\t\t\t\t<\/div>\n\t\t\t\t\t\t\t<div class=\"qode-specification-list-item\">\n\t\t\t\t\t<span class=\"qode-specification-list-item-label\">\n\t\t\t\t\t\tDichte bei 20\u00b0C (Kg\/l)\t\t\t\t\t<\/span>\n\t\t\t\t\t<span class=\"qode-specification-list-item-value\">\n\t\t\t\t\t\t1,24 \u2013 1,26\t\t\t\t\t<\/span>\n\t\t\t\t<\/div>\n\t\t\t\t\t\t\t<div class=\"qode-specification-list-item\">\n\t\t\t\t\t<span class=\"qode-specification-list-item-label\">\n\t\t\t\t\t\tpH\t\t\t\t\t<\/span>\n\t\t\t\t\t<span class=\"qode-specification-list-item-value\">\n\t\t\t\t\t\t9,5 \u2013 10,5\t\t\t\t\t<\/span>\n\t\t\t\t<\/div>\n\t\t\t\t\t\t\t<div class=\"qode-specification-list-item\">\n\t\t\t\t\t<span class=\"qode-specification-list-item-label\">\n\t\t\t\t\t\tKristallisationstemperatur, \u00b0C\t\t\t\t\t<\/span>\n\t\t\t\t\t<span class=\"qode-specification-list-item-value\">\n\t\t\t\t\t\t&lt;0\t\t\t\t\t<\/span>\n\t\t\t\t<\/div>\n\t\t\t\t\t\t\t<div class=\"qode-specification-list-item\">\n\t\t\t\t\t<span class=\"qode-specification-list-item-label\">\n\t\t\t\t\t\tGefriertemperatur, \u00b0C\t\t\t\t\t<\/span>\n\t\t\t\t\t<span class=\"qode-specification-list-item-value\">\n\t\t\t\t\t\t&lt;0\t\t\t\t\t<\/span>\n\t\t\t\t<\/div>\n\t\t\t\t\t\t\t<div class=\"qode-specification-list-item\">\n\t\t\t\t\t<span class=\"qode-specification-list-item-label\">\n\t\t\t\t\t\tElektroleitf\u00e4higkeit 1 \u2030 L\u00f6sung bei 20 \u00b0C (mS\/cm)\t\t\t\t\t<\/span>\n\t\t\t\t\t<span class=\"qode-specification-list-item-value\">\n\t\t\t\t\t\t0,005 \u2013 0,01\t\t\t\t\t<\/span>\n\t\t\t\t<\/div>\n\t\t\t\t\t\t\t<div class=\"qode-specification-list-item\">\n\t\t\t\t\t<span class=\"qode-specification-list-item-label\">\n\t\t\t\t\t\tPhysikalische Form\t\t\t\t\t<\/span>\n\t\t\t\t\t<span class=\"qode-specification-list-item-value\">\n\t\t\t\t\t\tKlare, transparente L\u00f6sung\t\t\t\t\t<\/span>\n\t\t\t\t<\/div>\n\t\t\t\t\t<\/div>\n\t<\/div>\n\t<\/div>[vc_empty_space height=&#8220;22px&#8220;][\/qode_elements_holder_item][qode_elements_holder_item vertical_alignment=&#8220;middle&#8220; advanced_animations=&#8220;no&#8220; custom_class=&#8220;colonna-longer&#8220;][vc_column_text]<\/p>\n<h3>Anwendungen<\/h3>\n<p>[\/vc_column_text][vc_empty_space height=&#8220;22px&#8220;][vc_column_text]Als Erg\u00e4nzungsmittel bei Stickstoff- oder anderen N\u00e4hrstoffmangelerscheinungen in Freilandkulturen, Gartenbau, Obstanbau, Zierpflanzen und Rasen.[\/vc_column_text][vc_empty_space height=&#8220;52px&#8220;][vc_column_text]<\/p>\n<h3>Prozents\u00e4tze<\/h3>\n<p>[\/vc_column_text][vc_empty_space height=&#8220;22px&#8220;]<div class='q_progress_bar'><h6 class='progress_title_holder clearfix' style=''><span class='progress_title'><span>GESAMT-N \/ 28%<\/span><\/span><span class='progress_number' style='color: #ffffff;'><span>0<\/span>%<\/span><\/h6><div class='progress_content_outer' style='height: 10px;background-color: #cfd9c3;'><div data-percentage='84' class='progress_content' style='height: 10px;background-color: #6f9552;border: 1px solid #6f9552;'><\/div><\/div><\/div><div class='q_progress_bar'><h6 class='progress_title_holder clearfix' style=''><span class='progress_title'><span>HARNSTOFF-N \/ 11,5%<\/span><\/span><span class='progress_number' style='color: #ffffff;'><span>0<\/span>%<\/span><\/h6><div class='progress_content_outer' style='height: 10px;background-color: #cfd9c3;'><div data-percentage='35' class='progress_content' style='height: 10px;background-color: #6f9552;border: 1px solid #6f9552;'><\/div><\/div><\/div><div class='q_progress_bar'><h6 class='progress_title_holder clearfix' style=''><span class='progress_title'><span>METHYLENHARNSTOFF-N \/ 16,5%<\/span><\/span><span class='progress_number' style='color: #ffffff;'><span>0<\/span>%<\/span><\/h6><div class='progress_content_outer' style='height: 10px;background-color: #cfd9c3;'><div data-percentage='48' class='progress_content' style='height: 10px;background-color: #6f9552;border: 1px solid #6f9552;'><\/div><\/div><\/div>[vc_empty_space height=&#8220;22px&#8220;][\/qode_elements_holder_item][\/qode_elements_holder][vc_column_text]<a id=\"ancora-npk\"><\/a>[\/vc_column_text][\/vc_column_inner][\/vc_row_inner][vc_row_inner row_type=&#8220;row&#8220; type=&#8220;full_width&#8220; text_align=&#8220;left&#8220; css_animation=&#8220;&#8220; el_class=&#8220;riga-tab-npk&#8220;][vc_column_inner][vc_empty_space height=&#8220;72px&#8220;][vc_column_text]<\/p>\n<h2 style=\"text-align: center;\">NPK<\/h2>\n<p>[\/vc_column_text][vc_empty_space height=&#8220;100px&#8220;][vc_column_text]<\/p>\n<h5 style=\"text-align: center;\">NPK-FL\u00dcSSIGD\u00dcNGER<\/h5>\n<p>[\/vc_column_text][vc_empty_space height=&#8220;22px&#8220;]<div class=\"qode-advanced-tabs qode-advanced-tabs qode-advanced-horizontal-tab clearfix qode-advanced-tab-without-icon qode-advanced-tabs-column-4 clearfix\">\n\t<ul class=\"qode-advanced-tabs-nav\">\n\t\t\t\t\t<li>\n\t\t\t\t<h6>\n\t\t\t\t\t<a href=\"#tab-20-4-8\">\n\t\t\t\t\t\t\n\t\t\t\t\t\t\t\t\t\t\t\t\t<span class=\"qode-advanced-tab-text-after-icon\">\n\t\t\t\t\t\t\t\t20.4.8\t\t\t\t\t\t\t<\/span>\n\t\t\t\t\t\t\t\t\t\t\t<\/a>\n\t\t\t\t<\/h6>\n\t\t\t<\/li>\n\t\t\t\t\t<li>\n\t\t\t\t<h6>\n\t\t\t\t\t<a href=\"#tab-12-6-12\">\n\t\t\t\t\t\t\n\t\t\t\t\t\t\t\t\t\t\t\t\t<span class=\"qode-advanced-tab-text-after-icon\">\n\t\t\t\t\t\t\t\t12.6.12\t\t\t\t\t\t\t<\/span>\n\t\t\t\t\t\t\t\t\t\t\t<\/a>\n\t\t\t\t<\/h6>\n\t\t\t<\/li>\n\t\t\t\t\t<li>\n\t\t\t\t<h6>\n\t\t\t\t\t<a href=\"#tab-15-0-15\">\n\t\t\t\t\t\t\n\t\t\t\t\t\t\t\t\t\t\t\t\t<span class=\"qode-advanced-tab-text-after-icon\">\n\t\t\t\t\t\t\t\t15.0.15\t\t\t\t\t\t\t<\/span>\n\t\t\t\t\t\t\t\t\t\t\t<\/a>\n\t\t\t\t<\/h6>\n\t\t\t<\/li>\n\t\t\t\t\t<li>\n\t\t\t\t<h6>\n\t\t\t\t\t<a href=\"#tab-10-0-20\">\n\t\t\t\t\t\t\n\t\t\t\t\t\t\t\t\t\t\t\t\t<span class=\"qode-advanced-tab-text-after-icon\">\n\t\t\t\t\t\t\t\t10.0.20\t\t\t\t\t\t\t<\/span>\n\t\t\t\t\t\t\t\t\t\t\t<\/a>\n\t\t\t\t<\/h6>\n\t\t\t<\/li>\n\t\t\t<\/ul>\n\t<div class=\"qode-advanced-tab-container\" id=\"tab-20-4-8-602\" data-icon-pack=\"\" data-icon-html=\"\">[vc_column_text]NPK 20.4.8 Fl\u00fcssigd\u00fcnger mit Zink, Bor und Mangan.[\/vc_column_text]<\/div><div class=\"qode-advanced-tab-container\" id=\"tab-12-6-12-281\" data-icon-pack=\"\" data-icon-html=\"\">[vc_column_text]NPK 12.6.12 Fl\u00fcssigd\u00fcnger mit Zink, Bor und Mangan.[\/vc_column_text]<\/div><div class=\"qode-advanced-tab-container\" id=\"tab-15-0-15-143\" data-icon-pack=\"\" data-icon-html=\"\">[vc_column_text]NPK 15.0.15 Fl\u00fcssigd\u00fcnger mit Zink, Bor und Mangan.[\/vc_column_text]<\/div><div class=\"qode-advanced-tab-container\" id=\"tab-10-0-20-576\" data-icon-pack=\"\" data-icon-html=\"\">[vc_column_text]NPK 10.0.20 Fl\u00fcssigd\u00fcnger mit Zink, Bor und Mangan.[\/vc_column_text]<\/div><\/div>[vc_empty_space height=&#8220;22px&#8220;][\/vc_column_inner][\/vc_row_inner][\/vc_column][\/vc_row]<\/p>\n<\/div>","protected":false},"excerpt":{"rendered":"<p>[vc_row css_animation=&#8220;&#8220; row_type=&#8220;row&#8220; use_row_as_full_screen_section=&#8220;no&#8220; type=&#8220;full_width&#8220; angled_section=&#8220;no&#8220; text_align=&#8220;left&#8220; background_image_as_pattern=&#8220;without_pattern&#8220; el_class=&#8220;riga-prodotti-granulari-sazolene&#8220; z_index=&#8220;&#8220;][vc_column][vc_empty_space height=&#8220;150px&#8220;][vc_row_inner row_type=&#8220;row&#8220; type=&#8220;grid&#8220; text_align=&#8220;left&#8220; css_animation=&#8220;&#8220;][vc_column_inner][qode_elements_holder number_of_columns=&#8220;two_columns&#8220; alignment_one_column=&#8220;center&#8220;][qode_elements_holder_item advanced_animations=&#8220;no&#8220;][vc_single_image image=&#8220;243&#8243; img_size=&#8220;full&#8220; alignment=&#8220;center&#8220; qode_css_animation=&#8220;&#8220;][\/qode_elements_holder_item][qode_elements_holder_item advanced_animations=&#8220;no&#8220; custom_class=&#8220;colonna-intro-granulari-sazolene&#8220;][vc_column_text] Fl\u00fcssigprodukten [\/vc_column_text][vc_empty_space][vc_column_text] SAZOLENE SC &nbsp; NPK [\/vc_column_text][\/qode_elements_holder_item][\/qode_elements_holder][\/vc_column_inner][\/vc_row_inner][vc_empty_space height=&#8220;150px&#8220;][\/vc_column][\/vc_row][vc_row css_animation=&#8220;&#8220; row_type=&#8220;row&#8220; use_row_as_full_screen_section=&#8220;no&#8220; type=&#8220;full_width&#8220; angled_section=&#8220;no&#8220; text_align=&#8220;left&#8220; background_image_as_pattern=&#8220;without_pattern&#8220; el_class=&#8220;riga-applicazioni-img-sinistra&#8220; z_index=&#8220;&#8220;][vc_column][vc_row_inner row_type=&#8220;row&#8220; type=&#8220;full_width&#8220; text_align=&#8220;left&#8220; css_animation=&#8220;&#8220;][vc_column_inner][qode_elements_holder&#8230;<\/p>\n","protected":false},"author":1,"featured_media":0,"parent":1410,"menu_order":0,"comment_status":"closed","ping_status":"closed","template":"full_width.php","meta":{"footnotes":""},"class_list":["post-1396","page","type-page","status-publish","hentry"],"_links":{"self":[{"href":"https:\/\/saviolife.com\/de\/wp-json\/wp\/v2\/pages\/1396","targetHints":{"allow":["GET"]}}],"collection":[{"href":"https:\/\/saviolife.com\/de\/wp-json\/wp\/v2\/pages"}],"about":[{"href":"https:\/\/saviolife.com\/de\/wp-json\/wp\/v2\/types\/page"}],"author":[{"embeddable":true,"href":"https:\/\/saviolife.com\/de\/wp-json\/wp\/v2\/users\/1"}],"replies":[{"embeddable":true,"href":"https:\/\/saviolife.com\/de\/wp-json\/wp\/v2\/comments?post=1396"}],"version-history":[{"count":5,"href":"https:\/\/saviolife.com\/de\/wp-json\/wp\/v2\/pages\/1396\/revisions"}],"predecessor-version":[{"id":2186,"href":"https:\/\/saviolife.com\/de\/wp-json\/wp\/v2\/pages\/1396\/revisions\/2186"}],"up":[{"embeddable":true,"href":"https:\/\/saviolife.com\/de\/wp-json\/wp\/v2\/pages\/1410"}],"wp:attachment":[{"href":"https:\/\/saviolife.com\/de\/wp-json\/wp\/v2\/media?parent=1396"}],"curies":[{"name":"wp","href":"https:\/\/api.w.org\/{rel}","templated":true}]}}