{"id":1403,"date":"2019-02-04T18:01:58","date_gmt":"2019-02-04T17:01:58","guid":{"rendered":"https:\/\/www.saviolife.com\/granulari\/"},"modified":"2024-05-31T14:12:46","modified_gmt":"2024-05-31T12:12:46","slug":"granulaten","status":"publish","type":"page","link":"https:\/\/saviolife.com\/de\/sazolene\/granulaten\/","title":{"rendered":"Granulaten"},"content":{"rendered":"<div class=\"wpb-content-wrapper\"><p>[vc_row css_animation=&#8220;&#8220; row_type=&#8220;row&#8220; use_row_as_full_screen_section=&#8220;no&#8220; type=&#8220;full_width&#8220; angled_section=&#8220;no&#8220; text_align=&#8220;left&#8220; background_image_as_pattern=&#8220;without_pattern&#8220; el_class=&#8220;riga-prodotti-granulari-sazolene&#8220; z_index=&#8220;&#8220;][vc_column][vc_empty_space height=&#8220;150px&#8220;][vc_row_inner row_type=&#8220;row&#8220; type=&#8220;grid&#8220; text_align=&#8220;left&#8220; css_animation=&#8220;&#8220;][vc_column_inner][qode_elements_holder number_of_columns=&#8220;two_columns&#8220; alignment_one_column=&#8220;center&#8220;][qode_elements_holder_item advanced_animations=&#8220;no&#8220;][vc_single_image image=&#8220;243&#8243; img_size=&#8220;full&#8220; alignment=&#8220;center&#8220; qode_css_animation=&#8220;&#8220;][\/qode_elements_holder_item][qode_elements_holder_item advanced_animations=&#8220;no&#8220; custom_class=&#8220;colonna-intro-granulari-sazolene&#8220;][vc_column_text]<\/p>\n<h1><span style=\"color: #ffffff;\">Granulaten<\/span><\/h1>\n<p>[\/vc_column_text][vc_empty_space][vc_column_text]<\/p>\n<h3><span style=\"color: #ffffff;\">SAZOLENE 39G<\/span><\/h3>\n<p>&nbsp;<\/p>\n<h3><\/h3>\n<p>[\/vc_column_text][\/qode_elements_holder_item][\/qode_elements_holder][\/vc_column_inner][\/vc_row_inner][vc_empty_space height=&#8220;150px&#8220;][\/vc_column][\/vc_row][vc_row css_animation=&#8220;&#8220; row_type=&#8220;row&#8220; use_row_as_full_screen_section=&#8220;no&#8220; type=&#8220;full_width&#8220; angled_section=&#8220;no&#8220; text_align=&#8220;left&#8220; background_image_as_pattern=&#8220;without_pattern&#8220; el_class=&#8220;riga-applicazioni-img-sinistra&#8220; z_index=&#8220;&#8220;][vc_column][vc_row_inner row_type=&#8220;row&#8220; type=&#8220;full_width&#8220; text_align=&#8220;left&#8220; css_animation=&#8220;&#8220;][vc_column_inner][qode_elements_holder number_of_columns=&#8220;two_columns&#8220; alignment_one_column=&#8220;center&#8220;][qode_elements_holder_item advanced_animations=&#8220;no&#8220; custom_class=&#8220;colonna-sx-img-sinistra&#8220;][vc_single_image image=&#8220;923&#8243; img_size=&#8220;full&#8220; alignment=&#8220;center&#8220; qode_css_animation=&#8220;&#8220;][\/qode_elements_holder_item][qode_elements_holder_item advanced_animations=&#8220;no&#8220; custom_class=&#8220;colonna-dx-img-sinistra&#8220;][vc_column_text]<\/p>\n<h2>Sazolene 39G<\/h2>\n<p>[\/vc_column_text][vc_empty_space height=&#8220;22px&#8220;][vc_column_text]Sazolene<sup>\u00ae<\/sup> 39G ist ein Stickstoffd\u00fcnger mit langsamer Freisetzung, der durch die Kondensation von Harnstoffmolek\u00fclen gewonnen wird und sich aus einer Reihe von Polymerketten unterschiedlicher L\u00e4nge zusammensetzt. Aufgrund der verschiedenen Kettenl\u00e4ngen ist Sadepan Chimica dazu in der Lage, drei verschiedene Formulierungen mit Freisetzungszeiten von 12 Wochen bis \u00fcber 10 Monaten zu liefern, die jeweils den Namen SHORTER, BALANCE und LONGER tragen.<\/p>\n<p>&nbsp;<\/p>\n<p>Die von Sazolene<sup>\u00ae<\/sup> freigesetzte Stickstoffmenge wird durch die jeweilige Polymerl\u00e4nge und die genaue Zusammensetzung aus sofort zur Verf\u00fcgung stehendem (kaltl\u00f6slichem N) und langsam abgegebenem (warml\u00f6slichem N) Stickstoff bestimmt. Sazolene<sup>\u00ae<\/sup> ist als kugelf\u00f6rmiges Granulat in verschiedenen Korngr\u00f6\u00dfen von 3,5 mm bis 0,4 mm erh\u00e4ltlich. Der Uniformit\u00e4tsindex liegt zwischen 50 und 70, einem der h\u00f6chsten auf dem Markt, um Mischungen bester Qualit\u00e4t zu gew\u00e4hrleisten.<br \/>\n[\/vc_column_text][vc_empty_space height=&#8220;22px&#8220;][\/qode_elements_holder_item][\/qode_elements_holder][\/vc_column_inner][\/vc_row_inner][\/vc_column][\/vc_row][vc_row css_animation=&#8220;&#8220; row_type=&#8220;row&#8220; use_row_as_full_screen_section=&#8220;no&#8220; type=&#8220;full_width&#8220; angled_section=&#8220;no&#8220; text_align=&#8220;left&#8220; background_image_as_pattern=&#8220;without_pattern&#8220; el_class=&#8220;riga-prodotti-granulari-tre&#8220; z_index=&#8220;&#8220;][vc_column][vc_row_inner row_type=&#8220;row&#8220; type=&#8220;full_width&#8220; text_align=&#8220;left&#8220; css_animation=&#8220;&#8220;][vc_column_inner][qode_elements_holder number_of_columns=&#8220;three_columns&#8220;][qode_elements_holder_item vertical_alignment=&#8220;top&#8220; advanced_animations=&#8220;no&#8220; custom_class=&#8220;colonna-shorter&#8220;][vc_column_text]<\/p>\n<h5>Shorter<\/h5>\n<p>[\/vc_column_text][vc_empty_space height=&#8220;22px&#8220;][vc_column_text]<\/p>\n<h3>Zusammensetzung<\/h3>\n<p>[\/vc_column_text][vc_empty_space height=&#8220;22px&#8220;][vc_single_image image=&#8220;931&#8243; img_size=&#8220;full&#8220; onclick=&#8220;link_image&#8220; qode_css_animation=&#8220;&#8220;][vc_empty_space height=&#8220;52px&#8220;][vc_column_text]<\/p>\n<h3>Anwendungen<\/h3>\n<p>[\/vc_column_text][vc_empty_space height=&#8220;22px&#8220;][vc_column_text]Aufgrund des speziellen Verh\u00e4ltnisses zwischen l\u00f6slichen und unl\u00f6slichen Formen eignet sich dieses Produkt besonders f\u00fcr kurze Kulturzyklen, die sich \u00fcber 10\/12 Wochen hinweg erstrecken.[\/vc_column_text][vc_empty_space height=&#8220;52px&#8220;]<div class='q_progress_bar'><h6 class='progress_title_holder clearfix' style=''><span class='progress_title'><span>HARNSTOFF-N \/ 4.5%<\/span><\/span><span class='progress_number' style='color: #ffffff;'><span>0<\/span>%<\/span><\/h6><div class='progress_content_outer' style='height: 10px;background-color: #cfd9c3;'><div data-percentage='14' class='progress_content' style='height: 10px;background-color: #6f9552;border: 1px solid #6f9552;'><\/div><\/div><\/div><div class='q_progress_bar'><h6 class='progress_title_holder clearfix' style=''><span class='progress_title'><span>CWSN \/ 14%<\/span><\/span><span class='progress_number' style='color: #ffffff;'><span>0<\/span>%<\/span><\/h6><div class='progress_content_outer' style='height: 10px;background-color: #cfd9c3;'><div data-percentage='42' class='progress_content' style='height: 10px;background-color: #6f9552;border: 1px solid #6f9552;'><\/div><\/div><\/div><div class='q_progress_bar'><h6 class='progress_title_holder clearfix' style=''><span class='progress_title'><span>HWSN \/ 13,5%<\/span><\/span><span class='progress_number' style='color: #ffffff;'><span>0<\/span>%<\/span><\/h6><div class='progress_content_outer' style='height: 10px;background-color: #cfd9c3;'><div data-percentage='40' class='progress_content' style='height: 10px;background-color: #6f9552;border: 1px solid #6f9552;'><\/div><\/div><\/div><div class='q_progress_bar'><h6 class='progress_title_holder clearfix' style=''><span class='progress_title'><span>WWIN \/ 8%<\/span><\/span><span class='progress_number' style='color: #ffffff;'><span>0<\/span>%<\/span><\/h6><div class='progress_content_outer' style='height: 10px;background-color: #cfd9c3;'><div data-percentage='24' class='progress_content' style='height: 10px;background-color: #6f9552;border: 1px solid #6f9552;'><\/div><\/div><\/div>[vc_empty_space height=&#8220;22px&#8220;][\/qode_elements_holder_item][qode_elements_holder_item vertical_alignment=&#8220;top&#8220; advanced_animations=&#8220;no&#8220; custom_class=&#8220;colonna-balance&#8220;][vc_column_text]<\/p>\n<h5>Balance<\/h5>\n<p>[\/vc_column_text][vc_empty_space height=&#8220;22px&#8220;][vc_column_text]<\/p>\n<h3>Zusammensetzung<\/h3>\n<p>[\/vc_column_text][vc_empty_space height=&#8220;22px&#8220;][vc_single_image image=&#8220;941&#8243; img_size=&#8220;full&#8220; onclick=&#8220;link_image&#8220; qode_css_animation=&#8220;&#8220;][vc_empty_space height=&#8220;52px&#8220;][vc_column_text]<\/p>\n<h3>Anwendungen<\/h3>\n<p>[\/vc_column_text][vc_empty_space height=&#8220;22px&#8220;][vc_column_text]Aufgrund des speziellen Verh\u00e4ltnisses zwischen l\u00f6slichen und unl\u00f6slichen Formen eignet sich dieses Produkt besonders f\u00fcr kurze Kulturzyklen, die sich \u00fcber 10\/12 Wochen hinweg erstrecken.[\/vc_column_text][vc_empty_space height=&#8220;52px&#8220;]<div class='q_progress_bar'><h6 class='progress_title_holder clearfix' style=''><span class='progress_title'><span>HARNSTOFF-N \/ 3,5%<\/span><\/span><span class='progress_number' style='color: #ffffff;'><span>0<\/span>%<\/span><\/h6><div class='progress_content_outer' style='height: 10px;background-color: #cfd9c3;'><div data-percentage='10' class='progress_content' style='height: 10px;background-color: #6f9552;border: 1px solid #6f9552;'><\/div><\/div><\/div><div class='q_progress_bar'><h6 class='progress_title_holder clearfix' style=''><span class='progress_title'><span>CWSN \/ 11,8%<\/span><\/span><span class='progress_number' style='color: #ffffff;'><span>0<\/span>%<\/span><\/h6><div class='progress_content_outer' style='height: 10px;background-color: #cfd9c3;'><div data-percentage='35' class='progress_content' style='height: 10px;background-color: #6f9552;border: 1px solid #6f9552;'><\/div><\/div><\/div><div class='q_progress_bar'><h6 class='progress_title_holder clearfix' style=''><span class='progress_title'><span>HWSN \/ 12%<\/span><\/span><span class='progress_number' style='color: #ffffff;'><span>0<\/span>%<\/span><\/h6><div class='progress_content_outer' style='height: 10px;background-color: #cfd9c3;'><div data-percentage='36' class='progress_content' style='height: 10px;background-color: #6f9552;border: 1px solid #6f9552;'><\/div><\/div><\/div><div class='q_progress_bar'><h6 class='progress_title_holder clearfix' style=''><span class='progress_title'><span>HWIN \/ 11,7%<\/span><\/span><span class='progress_number' style='color: #ffffff;'><span>0<\/span>%<\/span><\/h6><div class='progress_content_outer' style='height: 10px;background-color: #cfd9c3;'><div data-percentage='35' class='progress_content' style='height: 10px;background-color: #6f9552;border: 1px solid #6f9552;'><\/div><\/div><\/div>[vc_empty_space height=&#8220;22px&#8220;][\/qode_elements_holder_item][qode_elements_holder_item vertical_alignment=&#8220;top&#8220; advanced_animations=&#8220;no&#8220; custom_class=&#8220;colonna-longer&#8220;][vc_column_text]<\/p>\n<h5>Longer<\/h5>\n<p>[\/vc_column_text][vc_empty_space height=&#8220;22px&#8220;][vc_column_text]<\/p>\n<h3>Zusammensetzung<\/h3>\n<p>[\/vc_column_text][vc_empty_space height=&#8220;22px&#8220;][vc_single_image image=&#8220;946&#8243; img_size=&#8220;full&#8220; onclick=&#8220;link_image&#8220; qode_css_animation=&#8220;&#8220;][vc_empty_space height=&#8220;52px&#8220;][vc_column_text]<\/p>\n<h3>Anwendungen<\/h3>\n<p>[\/vc_column_text][vc_empty_space height=&#8220;22px&#8220;][vc_column_text]Aufgrund der im Vergleich zu den l\u00f6slichen Stickstoffformen gr\u00f6\u00dferen Menge an unl\u00f6slichem Stickstoff eignet sich dieses Produkt besonders f\u00fcr Anwendungen, die Freisetzungszeiten zwischen 8\/9 Monaten ben\u00f6tigen.[\/vc_column_text][vc_empty_space height=&#8220;52px&#8220;]<div class='q_progress_bar'><h6 class='progress_title_holder clearfix' style=''><span class='progress_title'><span>HARNSTOFF-N \/ 2,3%<\/span><\/span><span class='progress_number' style='color: #ffffff;'><span>0<\/span>%<\/span><\/h6><div class='progress_content_outer' style='height: 10px;background-color: #cfd9c3;'><div data-percentage='7' class='progress_content' style='height: 10px;background-color: #6f9552;border: 1px solid #6f9552;'><\/div><\/div><\/div><div class='q_progress_bar'><h6 class='progress_title_holder clearfix' style=''><span class='progress_title'><span>CWSN \/ 11,5%<\/span><\/span><span class='progress_number' style='color: #ffffff;'><span>0<\/span>%<\/span><\/h6><div class='progress_content_outer' style='height: 10px;background-color: #cfd9c3;'><div data-percentage='34' class='progress_content' style='height: 10px;background-color: #6f9552;border: 1px solid #6f9552;'><\/div><\/div><\/div><div class='q_progress_bar'><h6 class='progress_title_holder clearfix' style=''><span class='progress_title'><span>HWSN \/ 12%<\/span><\/span><span class='progress_number' style='color: #ffffff;'><span>0<\/span>%<\/span><\/h6><div class='progress_content_outer' style='height: 10px;background-color: #cfd9c3;'><div data-percentage='36' class='progress_content' style='height: 10px;background-color: #6f9552;border: 1px solid #6f9552;'><\/div><\/div><\/div><div class='q_progress_bar'><h6 class='progress_title_holder clearfix' style=''><span class='progress_title'><span>HWIN \/ 15,5%<\/span><\/span><span class='progress_number' style='color: #ffffff;'><span>0<\/span>%<\/span><\/h6><div class='progress_content_outer' style='height: 10px;background-color: #cfd9c3;'><div data-percentage='46' class='progress_content' style='height: 10px;background-color: #6f9552;border: 1px solid #6f9552;'><\/div><\/div><\/div>[vc_empty_space height=&#8220;22px&#8220;][\/qode_elements_holder_item][\/qode_elements_holder][\/vc_column_inner][\/vc_row_inner][vc_column_text]<a id=\"ancora-npk\"><\/a>[\/vc_column_text][\/vc_column][\/vc_row]<\/p>\n<\/div>","protected":false},"excerpt":{"rendered":"<p>[vc_row css_animation=&#8220;&#8220; row_type=&#8220;row&#8220; use_row_as_full_screen_section=&#8220;no&#8220; type=&#8220;full_width&#8220; angled_section=&#8220;no&#8220; text_align=&#8220;left&#8220; background_image_as_pattern=&#8220;without_pattern&#8220; el_class=&#8220;riga-prodotti-granulari-sazolene&#8220; z_index=&#8220;&#8220;][vc_column][vc_empty_space height=&#8220;150px&#8220;][vc_row_inner row_type=&#8220;row&#8220; type=&#8220;grid&#8220; text_align=&#8220;left&#8220; css_animation=&#8220;&#8220;][vc_column_inner][qode_elements_holder number_of_columns=&#8220;two_columns&#8220; alignment_one_column=&#8220;center&#8220;][qode_elements_holder_item advanced_animations=&#8220;no&#8220;][vc_single_image image=&#8220;243&#8243; img_size=&#8220;full&#8220; alignment=&#8220;center&#8220; qode_css_animation=&#8220;&#8220;][\/qode_elements_holder_item][qode_elements_holder_item advanced_animations=&#8220;no&#8220; custom_class=&#8220;colonna-intro-granulari-sazolene&#8220;][vc_column_text] Granulaten [\/vc_column_text][vc_empty_space][vc_column_text] SAZOLENE 39G &nbsp; [\/vc_column_text][\/qode_elements_holder_item][\/qode_elements_holder][\/vc_column_inner][\/vc_row_inner][vc_empty_space height=&#8220;150px&#8220;][\/vc_column][\/vc_row][vc_row css_animation=&#8220;&#8220; row_type=&#8220;row&#8220; use_row_as_full_screen_section=&#8220;no&#8220; type=&#8220;full_width&#8220; angled_section=&#8220;no&#8220; text_align=&#8220;left&#8220; background_image_as_pattern=&#8220;without_pattern&#8220; el_class=&#8220;riga-applicazioni-img-sinistra&#8220; z_index=&#8220;&#8220;][vc_column][vc_row_inner row_type=&#8220;row&#8220; type=&#8220;full_width&#8220; text_align=&#8220;left&#8220; css_animation=&#8220;&#8220;][vc_column_inner][qode_elements_holder number_of_columns=&#8220;two_columns&#8220;&#8230;<\/p>\n","protected":false},"author":1,"featured_media":0,"parent":1410,"menu_order":0,"comment_status":"closed","ping_status":"closed","template":"full_width.php","meta":{"footnotes":""},"class_list":["post-1403","page","type-page","status-publish","hentry"],"_links":{"self":[{"href":"https:\/\/saviolife.com\/de\/wp-json\/wp\/v2\/pages\/1403","targetHints":{"allow":["GET"]}}],"collection":[{"href":"https:\/\/saviolife.com\/de\/wp-json\/wp\/v2\/pages"}],"about":[{"href":"https:\/\/saviolife.com\/de\/wp-json\/wp\/v2\/types\/page"}],"author":[{"embeddable":true,"href":"https:\/\/saviolife.com\/de\/wp-json\/wp\/v2\/users\/1"}],"replies":[{"embeddable":true,"href":"https:\/\/saviolife.com\/de\/wp-json\/wp\/v2\/comments?post=1403"}],"version-history":[{"count":5,"href":"https:\/\/saviolife.com\/de\/wp-json\/wp\/v2\/pages\/1403\/revisions"}],"predecessor-version":[{"id":2806,"href":"https:\/\/saviolife.com\/de\/wp-json\/wp\/v2\/pages\/1403\/revisions\/2806"}],"up":[{"embeddable":true,"href":"https:\/\/saviolife.com\/de\/wp-json\/wp\/v2\/pages\/1410"}],"wp:attachment":[{"href":"https:\/\/saviolife.com\/de\/wp-json\/wp\/v2\/media?parent=1403"}],"curies":[{"name":"wp","href":"https:\/\/api.w.org\/{rel}","templated":true}]}}