{"id":1410,"date":"2019-02-04T17:52:44","date_gmt":"2019-02-04T16:52:44","guid":{"rendered":"https:\/\/www.saviolife.com\/sazolene\/"},"modified":"2021-03-17T12:19:18","modified_gmt":"2021-03-17T11:19:18","slug":"sazolene","status":"publish","type":"page","link":"https:\/\/saviolife.com\/de\/sazolene\/","title":{"rendered":"Sazolene"},"content":{"rendered":"<div class=\"wpb-content-wrapper\"><p>[vc_row css_animation=&#8220;&#8220; row_type=&#8220;row&#8220; use_row_as_full_screen_section=&#8220;no&#8220; type=&#8220;full_width&#8220; angled_section=&#8220;no&#8220; text_align=&#8220;left&#8220; background_image_as_pattern=&#8220;without_pattern&#8220;][vc_column][rev_slider_vc alias=&#8220;sazolene_main&#8220;][\/vc_column][\/vc_row][vc_row css_animation=&#8220;&#8220; row_type=&#8220;row&#8220; use_row_as_full_screen_section=&#8220;no&#8220; type=&#8220;full_width&#8220; angled_section=&#8220;no&#8220; text_align=&#8220;left&#8220; background_image_as_pattern=&#8220;without_pattern&#8220; el_class=&#8220;riga-applicazioni-img-sinistra&#8220; z_index=&#8220;&#8220;][vc_column][vc_row_inner row_type=&#8220;row&#8220; type=&#8220;full_width&#8220; text_align=&#8220;left&#8220; css_animation=&#8220;&#8220;][vc_column_inner][qode_elements_holder number_of_columns=&#8220;two_columns&#8220; alignment_one_column=&#8220;center&#8220;][qode_elements_holder_item vertical_alignment=&#8220;top&#8220; advanced_animations=&#8220;no&#8220; custom_class=&#8220;colonna-sx-img-sinistra-sazolene&#8220;][vc_single_image image=&#8220;811&#8243; img_size=&#8220;full&#8220; qode_css_animation=&#8220;&#8220;][vc_empty_space height=&#8220;22px&#8220;][vc_column_text]<span style=\"color: #373737; font-size: 20px;\">Wenn das Zusammenspiel von \u00f6kologischem Bewusstsein, Forschung und die Einf\u00fchrung neuer Technologien sowohl Vorteile f\u00fcr den Verbraucher als auch eine bessere Qualit\u00e4t der Produkte schaffen, dann k\u00f6nnen wir wirklich von Innovation und Fortschritt sprechen.<\/span>[\/vc_column_text][vc_empty_space height=&#8220;22px&#8220;][\/qode_elements_holder_item][qode_elements_holder_item advanced_animations=&#8220;no&#8220; custom_class=&#8220;colonna-dx-img-sinistra-sazolene&#8220;][vc_column_text]<\/p>\n<h2>Stickstoffd\u00fcnger mit langsamer Freisetzung<\/h2>\n<p>[\/vc_column_text][vc_empty_space height=&#8220;22px&#8220;][vc_column_text]Pflanzen ern\u00e4hren sich haupts\u00e4chlich von STICKSTOFF. Dieses Element wird von den herk\u00f6mmlichen D\u00fcngemitteln in sofort l\u00f6slicher Form bereitgestellt. Die Anwendung derartiger D\u00fcngemittel kann starke Umweltauswirkungen mit sich bringen und die Verschmutzung der Luft und des Grundwassers verursachen, einen geringen Wirkungsgrad haben (nur ein geringer Anteil wird tats\u00e4chlich von den Pflanzen genutzt) und mehrere Anwendungen mit h\u00f6heren Kosten erfordern.<\/p>\n<p>&nbsp;<\/p>\n<p>Sazolene ist ein spezieller, absolut revolution\u00e4rer D\u00fcnger, der in der Lage ist, den STICKSTOFF je nach den Bed\u00fcrfnissen der Pflanzen freizusetzen.<br \/>\nSazolene wird in verschiedenen Formulierungen mit unterschiedlichen Freisetzungszeiten f\u00fcr verschiedene Ern\u00e4hrungsbed\u00fcrfnisse angeboten. Die Vorteile sind vielf\u00e4ltig: weniger D\u00fcngemitteleinsatz und h\u00f6here Effizienz, geringere Kosten, mehr Umweltschutz und weniger Umweltbelastung.[\/vc_column_text][vc_empty_space height=&#8220;22px&#8220;][\/qode_elements_holder_item][\/qode_elements_holder][\/vc_column_inner][\/vc_row_inner][\/vc_column][\/vc_row][vc_row css_animation=&#8220;&#8220; row_type=&#8220;row&#8220; use_row_as_full_screen_section=&#8220;no&#8220; type=&#8220;full_width&#8220; angled_section=&#8220;no&#8220; text_align=&#8220;left&#8220; background_image_as_pattern=&#8220;without_pattern&#8220; el_class=&#8220;riga-applicazioni-img-destra&#8220; z_index=&#8220;&#8220;][vc_column][vc_row_inner row_type=&#8220;row&#8220; type=&#8220;full_width&#8220; text_align=&#8220;left&#8220; css_animation=&#8220;&#8220;][vc_column_inner][qode_elements_holder number_of_columns=&#8220;two_columns&#8220; alignment_one_column=&#8220;center&#8220; custom_class=&#8220;inverti_mobile&#8220;][qode_elements_holder_item advanced_animations=&#8220;no&#8220; custom_class=&#8220;colonna-sx-img-destra-sazolene inverti_mobile_txt&#8220;][vc_column_text]<\/p>\n<h2>Wie funktioniert Sazolene<sup>\u00ae<\/sup>?<\/h2>\n<p>[\/vc_column_text][vc_empty_space height=&#8220;22px&#8220;][vc_column_text]Die Stickstoffabgabe erfolgt im Gegensatz zu anderen Stickstofftechnologien mit langsamer Freisetzung durch einen Prozess der Bioverf\u00fcgbarkeit aufgrund der mikrobiellen Aktivit\u00e4t im Boden (Mineralisierung).<\/p>\n<p>&nbsp;<\/p>\n<p>Sazolene<sup>\u00ae<\/sup> ist eine Quelle von organischem Kohlenstoff (Lebensenergie) und Stickstoff (N\u00e4hrstoff) f\u00fcr die mikrobielle Bodenpopulation. Im Gegensatz zu anderen Technologien hemmt Sazolene<sup>\u00ae<\/sup> nicht die mikrobielle Aktivit\u00e4t im Boden (die f\u00fcr die nat\u00fcrlichen Mineralisierungsprozesse verantwortlich ist), sondern unterst\u00fctzt und verbessert die Entwicklung und nat\u00fcrliche Fruchtbarkeit des Bodens, da es eine Quelle f\u00fcr organischen Kohlenstoff und Stickstoff darstellt.<\/p>\n<p>&nbsp;<\/p>\n<p>Die Faktoren, die das Wurzelwachstum und die Pflanzenentwicklung steuern (haupts\u00e4chlich Feuchtigkeit und Temperatur), sind die gleichen wie diejenigen, die die Aktivit\u00e4t der Mikroorganismen regeln: Das bedeutet, dass der in Sazolene<sup>\u00ae<\/sup> enthaltene Stickstoff dann freigesetzt wird, wenn die Bedingungen f\u00fcr die Wurzelbildung und das Pflanzenwachstum optimal sind (die Freisetzung aus Sazolene<sup>\u00ae<\/sup> stimmt mit den Bed\u00fcrfnissen der Pflanzen \u00fcberein).<\/p>\n<p>&nbsp;<\/p>\n<p>Dadurch tr\u00e4gt Sazolene<sup>\u00ae<\/sup> zum Schutz des Grundwassers vor Nitratbelastung bei und h\u00e4lt den Stickstoff im mit den Wurzeln in Ber\u00fchrung kommenden Bodenprofil verf\u00fcgbar. Dieser Mechanismus gew\u00e4hrleistet ein gleichm\u00e4\u00dfiges und kr\u00e4ftiges Pflanzenwachstum auch bei hohen Temperaturen oder starken Niederschl\u00e4gen, da die Freisetzung des Stickstoffes nicht direkt von den Temperaturwerten oder von der Hydrolyse abh\u00e4ngt, sondern \u00fcber eine langsame Abgabe an das Wasser erfolgt.<br \/>\n[\/vc_column_text][vc_empty_space height=&#8220;22px&#8220;][\/qode_elements_holder_item][qode_elements_holder_item advanced_animations=&#8220;no&#8220; custom_class=&#8220;colonna-dx-img-destra-sazolene inverti_mobile_img&#8220;][rev_slider_vc alias=&#8220;sazolene-funzionamento&#8220;][\/qode_elements_holder_item][\/qode_elements_holder][\/vc_column_inner][\/vc_row_inner][\/vc_column][\/vc_row][vc_row css_animation=&#8220;&#8220; row_type=&#8220;row&#8220; use_row_as_full_screen_section=&#8220;no&#8220; type=&#8220;full_width&#8220; angled_section=&#8220;no&#8220; text_align=&#8220;left&#8220; background_image_as_pattern=&#8220;without_pattern&#8220; el_class=&#8220;riga-applicazioni-img-sinistra&#8220; z_index=&#8220;&#8220;][vc_column][vc_column_text]<a id=\"ancora-leather\"><\/a>[\/vc_column_text][vc_row_inner row_type=&#8220;row&#8220; type=&#8220;full_width&#8220; text_align=&#8220;left&#8220; css_animation=&#8220;&#8220;][vc_column_inner][qode_elements_holder number_of_columns=&#8220;two_columns&#8220; alignment_one_column=&#8220;center&#8220;][qode_elements_holder_item advanced_animations=&#8220;no&#8220; custom_class=&#8220;colonna-sx-img-sinistra&#8220;][vc_single_image image=&#8220;478&#8243; img_size=&#8220;full&#8220; alignment=&#8220;center&#8220; qode_css_animation=&#8220;&#8220;][\/qode_elements_holder_item][qode_elements_holder_item advanced_animations=&#8220;no&#8220; custom_class=&#8220;colonna-dx-img-sinistra&#8220;][vc_column_text]<\/p>\n<h2>Wie wird Sazolene<sup>\u00ae<\/sup> verwendet?<\/h2>\n<p>[\/vc_column_text][vc_empty_space height=&#8220;22px&#8220;][vc_column_text]Sazolene<sup>\u00ae<\/sup> wird \u00fcberwiegend als Rohstoff f\u00fcr die Herstellung von langsam freisetzenden D\u00fcngemitteln auf Basis von Stickstoff (N), bin\u00e4rer Art (NP, NK) oder tern\u00e4rer Art (NPK) verwendet, um einen Teil oder den gesamten Stickstoff in Form von langsamer Stickstofffreisetzung (Methylenharnstoff) zu liefern.<br \/>\nDank der verschiedenen kugelf\u00f6rmigen Korngr\u00f6\u00dfen, in denen es zur Verf\u00fcgung steht, ist es ein idealer Bestandteil f\u00fcr die Herstellung von D\u00fcngemitteln, die durch Mischen gewonnen werden. Sazolene<sup>\u00ae<\/sup> kann auch zur Herstellung von granulierten oder verdichteten D\u00fcngemitteln mit Chip-Granulometrie (0,4 mm) oder mit gr\u00f6\u00dferer Granulometrie (2 oder 3,5 mm) eingesetzt werden, wenn am Anfang des Herstellungsprozesses die verwendeten Rohstoffe zermahlen werden.<\/p>\n<p>&nbsp;<\/p>\n<p>Eine hohe Effizienz kann durch das Vermischen von Sazolene<sup>\u00ae<\/sup> mit Quellen von leicht l\u00f6slichem Stickstoff erreicht werden.<\/p>\n<p>&nbsp;<\/p>\n<p>Sazolene<sup>\u00ae<\/sup> kann auch direkt zur Stickstoffversorgung von Nutzpflanzen in einer einzigen Anwendung oder zur Erg\u00e4nzung der D\u00fcngung mit herk\u00f6mmlichen sofort wirkenden Produkten eingesetzt werden. Durch das Vermischen von Sazolene<sup>\u00ae<\/sup> mit anderen Rohstoffen ist es m\u00f6glich, eine breite Palette von NPK-Formulierungen mit variablem Gehalt an langsam freisetzendem Stickstoff zu erhalten.<br \/>\n[\/vc_column_text][vc_empty_space height=&#8220;22px&#8220;][\/qode_elements_holder_item][\/qode_elements_holder][\/vc_column_inner][\/vc_row_inner][\/vc_column][\/vc_row][vc_row css_animation=&#8220;&#8220; row_type=&#8220;row&#8220; use_row_as_full_screen_section=&#8220;no&#8220; type=&#8220;full_width&#8220; angled_section=&#8220;no&#8220; text_align=&#8220;left&#8220; background_image_as_pattern=&#8220;without_pattern&#8220; el_class=&#8220;riga-applicazioni-prodotti-sazolene&#8220; z_index=&#8220;&#8220;][vc_column][qode_elements_holder number_of_columns=&#8220;two_columns&#8220;][qode_elements_holder_item advanced_animations=&#8220;no&#8220; custom_class=&#8220;vantaggi-applicazioni-sazolene&#8220;][vc_column_text]<\/p>\n<h2 class=\"testo-centrato-mobile\">F\u00fcr welche Anwendungen eignet sich Sazolene<sup>\u00ae<\/sup>?<\/h2>\n<p>[\/vc_column_text][vc_empty_space height=&#8220;22px&#8220;][vc_column_text]<\/p>\n<p class=\"testo-centrato-mobile\">Die Produkte der Sazolene<sup>\u00ae<\/sup>-Reihe bieten eine derart gleichm\u00e4\u00dfige und sichere Stickstofffreisetzung, dass sie sich f\u00fcr viele Anwendungen optimal eignen. Sazolene<sup>\u00ae<\/sup> kann sowohl f\u00fcr Freilandkulturen, im Garten- und Obstbau (Nahrungsmittelkulturen) als auch f\u00fcr Rasen, Landschaftsbau, Blumenzucht und Zierpflanzen (Nichtnahrungsmittelkulturen) und bei allen Neuanpflanzungen eingesetzt werden. Sazolene<sup>\u00ae<\/sup>-Produkte bieten eine allm\u00e4hliche Freisetzung von Stickstoff in \u00dcbereinstimmung mit dem nat\u00fcrlichen Stickstoffbedarf der Pflanzen.<\/p>\n<p>[\/vc_column_text][vc_empty_space height=&#8220;22px&#8220;][vc_empty_space height=&#8220;22px&#8220;][vc_column_text]<\/p>\n<h2 class=\"testo-centrato-mobile\">Die Vorteile<\/h2>\n<p>[\/vc_column_text][vc_empty_space height=&#8220;22px&#8220;][vc_column_text]<\/p>\n<ul style=\"list-style-position: outside;\">\n<li>Reduziert den Verlust des f\u00fcr Pflanzen verf\u00fcgbaren Stickstoffs<\/li>\n<li>Vermeidet die Nitratbelastung des Grundwassers<\/li>\n<li>Erh\u00f6ht die nat\u00fcrliche Bodenfruchtbarkeit<\/li>\n<li>Vermeidet Erscheinungen von Phytotoxizit\u00e4t und Blattverbrennungen<\/li>\n<li>F\u00f6rdert eine st\u00e4rkere Wurzelentwicklung<\/li>\n<li>Maximaler Uniformit\u00e4tsindex (U.I.)<\/li>\n<li>Stickstofffreisetzung \u00fcber 12 Wochen bis 10 Monate<\/li>\n<li>Rieself\u00e4higes Produkt mit geringer Neigung zur Klumpenbildung<\/li>\n<li>Reduziert die Anzahl der erforderlichen Ausbringungen<\/li>\n<\/ul>\n<p>[\/vc_column_text][vc_empty_space height=&#8220;22px&#8220;][\/qode_elements_holder_item][qode_elements_holder_item vertical_alignment=&#8220;top&#8220; advanced_animations=&#8220;no&#8220; custom_class=&#8220;applicazioni-prodotti-sazolene&#8220;][vc_empty_space height=&#8220;22px&#8220;][vc_column_text]<\/p>\n<h2 style=\"text-align: center;\">Anwendungen<\/h2>\n<p>[\/vc_column_text][vc_empty_space height=&#8220;22px&#8220;][vc_row_inner row_type=&#8220;row&#8220; type=&#8220;full_width&#8220; text_align=&#8220;left&#8220; css_animation=&#8220;&#8220; el_class=&#8220;riga-applicazioni-sazolene-icone&#8220;][vc_column_inner width=&#8220;1\/5&#8243;][vc_empty_space height=&#8220;22px&#8220;][vc_single_image image=&#8220;1137&#8243; img_size=&#8220;full&#8220; alignment=&#8220;center&#8220; qode_css_animation=&#8220;&#8220;][vc_empty_space height=&#8220;22px&#8220;][vc_column_text]<\/p>\n<h6 style=\"text-align: center;\">LANDBAU<\/h6>\n<p>[\/vc_column_text][\/vc_column_inner][vc_column_inner width=&#8220;1\/5&#8243;][vc_empty_space height=&#8220;22px&#8220;][vc_single_image image=&#8220;1122&#8243; img_size=&#8220;full&#8220; alignment=&#8220;center&#8220; qode_css_animation=&#8220;&#8220;][vc_empty_space height=&#8220;22px&#8220;][vc_column_text]<\/p>\n<h6 style=\"text-align: center;\">GARTENBAU<\/h6>\n<p>[\/vc_column_text][\/vc_column_inner][vc_column_inner width=&#8220;1\/5&#8243;][vc_empty_space height=&#8220;22px&#8220;][vc_single_image image=&#8220;1264&#8243; img_size=&#8220;full&#8220; alignment=&#8220;center&#8220; qode_css_animation=&#8220;&#8220;][vc_empty_space height=&#8220;22px&#8220;][vc_column_text]<\/p>\n<h6 style=\"text-align: center;\">SPORTPL\u00c4TZE<\/h6>\n<p>[\/vc_column_text][\/vc_column_inner][vc_column_inner width=&#8220;1\/5&#8243;][vc_empty_space height=&#8220;22px&#8220;][vc_single_image image=&#8220;1269&#8243; img_size=&#8220;full&#8220; alignment=&#8220;center&#8220; qode_css_animation=&#8220;&#8220;][vc_empty_space height=&#8220;22px&#8220;][vc_column_text]<\/p>\n<h6 style=\"text-align: center;\">GOLFPL\u00c4TZE<\/h6>\n<p>[\/vc_column_text][\/vc_column_inner][vc_column_inner width=&#8220;1\/5&#8243;][vc_empty_space height=&#8220;22px&#8220;][vc_single_image image=&#8220;1274&#8243; img_size=&#8220;full&#8220; alignment=&#8220;center&#8220; qode_css_animation=&#8220;&#8220;][vc_empty_space height=&#8220;22px&#8220;][vc_column_text]<\/p>\n<h6 style=\"text-align: center;\">PRIVATE G\u00c4RTEN<\/h6>\n<p>[\/vc_column_text][\/vc_column_inner][\/vc_row_inner][vc_empty_space height=&#8220;52px&#8220;][vc_column_text]<\/p>\n<h2 style=\"text-align: center;\">Sazolene<sup>\u00ae<\/sup> Produkte<\/h2>\n<p>[\/vc_column_text][vc_empty_space height=&#8220;22px&#8220;][vc_row_inner row_type=&#8220;row&#8220; type=&#8220;full_width&#8220; text_align=&#8220;left&#8220; css_animation=&#8220;&#8220;][vc_column_inner el_class=&#8220;colonna-granulari-sazolene&#8220; width=&#8220;1\/2&#8243;][vc_empty_space height=&#8220;22px&#8220;][vc_column_text]<span style=\"color: #373737; font-size: 28px;\">Granulate<\/span>[\/vc_column_text][vc_empty_space height=&#8220;22px&#8220;][vc_column_text]<\/p>\n<ul style=\"list-style-position: outside;\">\n<li>Sazolene 39G<\/li>\n<li>NPK<\/li>\n<\/ul>\n<p>[\/vc_column_text][vc_empty_space height=&#8220;22px&#8220;]<a  itemprop=\"url\" href=\"https:\/\/www.saviolife.com\/de\/sazolene\/granulaten\/\" target=\"_self\"  class=\"qbutton  default scuro\" style=\"\">WEITER ZU DEN GRANULATEN<\/a>[vc_empty_space height=&#8220;22px&#8220;][\/vc_column_inner][vc_column_inner el_class=&#8220;colonna-liquidi-sazolene&#8220; width=&#8220;1\/2&#8243;][vc_empty_space height=&#8220;22px&#8220;][vc_column_text]<span style=\"color: #373737; font-size: 28px;\">Fl\u00fcssigprodukte<\/span>[\/vc_column_text][vc_empty_space height=&#8220;22px&#8220;][vc_column_text]<\/p>\n<ul style=\"list-style-position: outside;\">\n<li>Sazolene SC<\/li>\n<li>NPK<\/li>\n<\/ul>\n<p>[\/vc_column_text][vc_empty_space height=&#8220;22px&#8220;]<a  itemprop=\"url\" href=\"https:\/\/www.saviolife.com\/de\/sazolene\/fluessigprodukten\/\" target=\"_self\"  class=\"qbutton  default scuro\" style=\"\">WEITER ZU DEN FL\u00dcSSIGPRODUKTEN<\/a>[vc_empty_space height=&#8220;22px&#8220;][\/vc_column_inner][\/vc_row_inner][\/qode_elements_holder_item][\/qode_elements_holder][\/vc_column][\/vc_row]<\/p>\n<\/div>","protected":false},"excerpt":{"rendered":"<p>[vc_row css_animation=&#8220;&#8220; row_type=&#8220;row&#8220; use_row_as_full_screen_section=&#8220;no&#8220; type=&#8220;full_width&#8220; angled_section=&#8220;no&#8220; text_align=&#8220;left&#8220; background_image_as_pattern=&#8220;without_pattern&#8220;][vc_column][rev_slider_vc alias=&#8220;sazolene_main&#8220;][\/vc_column][\/vc_row][vc_row css_animation=&#8220;&#8220; row_type=&#8220;row&#8220; use_row_as_full_screen_section=&#8220;no&#8220; type=&#8220;full_width&#8220; angled_section=&#8220;no&#8220; text_align=&#8220;left&#8220; background_image_as_pattern=&#8220;without_pattern&#8220; el_class=&#8220;riga-applicazioni-img-sinistra&#8220; z_index=&#8220;&#8220;][vc_column][vc_row_inner row_type=&#8220;row&#8220; type=&#8220;full_width&#8220; text_align=&#8220;left&#8220; css_animation=&#8220;&#8220;][vc_column_inner][qode_elements_holder number_of_columns=&#8220;two_columns&#8220; alignment_one_column=&#8220;center&#8220;][qode_elements_holder_item vertical_alignment=&#8220;top&#8220; advanced_animations=&#8220;no&#8220; custom_class=&#8220;colonna-sx-img-sinistra-sazolene&#8220;][vc_single_image image=&#8220;811&#8243; img_size=&#8220;full&#8220; qode_css_animation=&#8220;&#8220;][vc_empty_space height=&#8220;22px&#8220;][vc_column_text]Wenn das Zusammenspiel von \u00f6kologischem Bewusstsein, Forschung und die Einf\u00fchrung neuer Technologien sowohl Vorteile f\u00fcr&#8230;<\/p>\n","protected":false},"author":1,"featured_media":0,"parent":0,"menu_order":0,"comment_status":"closed","ping_status":"closed","template":"full_width.php","meta":{"footnotes":""},"class_list":["post-1410","page","type-page","status-publish","hentry"],"_links":{"self":[{"href":"https:\/\/saviolife.com\/de\/wp-json\/wp\/v2\/pages\/1410","targetHints":{"allow":["GET"]}}],"collection":[{"href":"https:\/\/saviolife.com\/de\/wp-json\/wp\/v2\/pages"}],"about":[{"href":"https:\/\/saviolife.com\/de\/wp-json\/wp\/v2\/types\/page"}],"author":[{"embeddable":true,"href":"https:\/\/saviolife.com\/de\/wp-json\/wp\/v2\/users\/1"}],"replies":[{"embeddable":true,"href":"https:\/\/saviolife.com\/de\/wp-json\/wp\/v2\/comments?post=1410"}],"version-history":[{"count":5,"href":"https:\/\/saviolife.com\/de\/wp-json\/wp\/v2\/pages\/1410\/revisions"}],"predecessor-version":[{"id":2266,"href":"https:\/\/saviolife.com\/de\/wp-json\/wp\/v2\/pages\/1410\/revisions\/2266"}],"wp:attachment":[{"href":"https:\/\/saviolife.com\/de\/wp-json\/wp\/v2\/media?parent=1410"}],"curies":[{"name":"wp","href":"https:\/\/api.w.org\/{rel}","templated":true}]}}