{"id":1421,"date":"2019-02-04T17:52:09","date_gmt":"2019-02-04T16:52:09","guid":{"rendered":"https:\/\/www.saviolife.com\/saviotan\/"},"modified":"2023-07-20T10:39:36","modified_gmt":"2023-07-20T08:39:36","slug":"saviotan","status":"publish","type":"page","link":"https:\/\/saviolife.com\/de\/saviotan\/","title":{"rendered":"Saviotan"},"content":{"rendered":"<div class=\"wpb-content-wrapper\"><p>[vc_row css_animation=&#8220;&#8220; row_type=&#8220;row&#8220; use_row_as_full_screen_section=&#8220;no&#8220; type=&#8220;full_width&#8220; angled_section=&#8220;no&#8220; text_align=&#8220;left&#8220; background_image_as_pattern=&#8220;without_pattern&#8220; el_class=&#8220;introduzione-slide-saviotan&#8220; z_index=&#8220;&#8220;][vc_column][vc_empty_space height=&#8220;200px&#8220;][vc_row_inner row_type=&#8220;row&#8220; type=&#8220;full_width&#8220; text_align=&#8220;left&#8220; css_animation=&#8220;&#8220;][vc_column_inner][qode_elements_holder number_of_columns=&#8220;one_column&#8220;][qode_elements_holder_item advanced_animations=&#8220;no&#8220; custom_class=&#8220;saviotan-contenuto-slider&#8220;][vc_single_image image=&#8220;628&#8243; img_size=&#8220;full&#8220; alignment=&#8220;center&#8220; qode_css_animation=&#8220;&#8220;][vc_empty_space height=&#8220;22px&#8220;][vc_column_text]<\/p>\n<p style=\"text-align: center; font-size: 18px;\">Saviotan<sup>\u00ae<\/sup> ist ein nat\u00fcrlicher Kastanienauszug<br \/>\nmit weltweit einzigartigen Eigenschaften.<\/p>\n<p>[\/vc_column_text][\/qode_elements_holder_item][\/qode_elements_holder][\/vc_column_inner][\/vc_row_inner][vc_empty_space height=&#8220;100px&#8220;][\/vc_column][\/vc_row][vc_row css_animation=&#8220;&#8220; row_type=&#8220;row&#8220; use_row_as_full_screen_section=&#8220;no&#8220; type=&#8220;full_width&#8220; angled_section=&#8220;no&#8220; text_align=&#8220;left&#8220; background_image_as_pattern=&#8220;without_pattern&#8220; el_class=&#8220;riga-saviotan-tannino&#8220; z_index=&#8220;&#8220;][vc_column]<div class=\"qode-advanced-tabs qode-advanced-tabs qode-advanced-horizontal-tab clearfix qode-advanced-tab-without-icon qode-advanced-tabs-column-4 clearfix\">\n\t<ul class=\"qode-advanced-tabs-nav\">\n\t\t\t\t\t<li>\n\t\t\t\t<h3>\n\t\t\t\t\t<a href=\"#tab-warum-tannin\">\n\t\t\t\t\t\t\n\t\t\t\t\t\t\t\t\t\t\t\t\t<span class=\"qode-advanced-tab-text-after-icon\">\n\t\t\t\t\t\t\t\tWarum Tannin?\t\t\t\t\t\t\t<\/span>\n\t\t\t\t\t\t\t\t\t\t\t<\/a>\n\t\t\t\t<\/h3>\n\t\t\t<\/li>\n\t\t\t\t\t<li>\n\t\t\t\t<h3>\n\t\t\t\t\t<a href=\"#tab-wie-funktioniert-es\">\n\t\t\t\t\t\t\n\t\t\t\t\t\t\t\t\t\t\t\t\t<span class=\"qode-advanced-tab-text-after-icon\">\n\t\t\t\t\t\t\t\tWie funktioniert es?\t\t\t\t\t\t\t<\/span>\n\t\t\t\t\t\t\t\t\t\t\t<\/a>\n\t\t\t\t<\/h3>\n\t\t\t<\/li>\n\t\t\t\t\t<li>\n\t\t\t\t<h3>\n\t\t\t\t\t<a href=\"#tab-wie-gewinnen-wir-dieses-produkt\">\n\t\t\t\t\t\t\n\t\t\t\t\t\t\t\t\t\t\t\t\t<span class=\"qode-advanced-tab-text-after-icon\">\n\t\t\t\t\t\t\t\tWie gewinnen wir dieses Produkt?\t\t\t\t\t\t\t<\/span>\n\t\t\t\t\t\t\t\t\t\t\t<\/a>\n\t\t\t\t<\/h3>\n\t\t\t<\/li>\n\t\t\t\t\t<li>\n\t\t\t\t<h3>\n\t\t\t\t\t<a href=\"#tab-warum-ist-dieses-produkt-anders\">\n\t\t\t\t\t\t\n\t\t\t\t\t\t\t\t\t\t\t\t\t<span class=\"qode-advanced-tab-text-after-icon\">\n\t\t\t\t\t\t\t\tWarum ist dieses Produkt anders?\t\t\t\t\t\t\t<\/span>\n\t\t\t\t\t\t\t\t\t\t\t<\/a>\n\t\t\t\t<\/h3>\n\t\t\t<\/li>\n\t\t\t<\/ul>\n\t<div class=\"qode-advanced-tab-container\" id=\"tab-warum-tannin-224\" data-icon-pack=\"\" data-icon-html=\"\">[vc_empty_space height=&#8220;22px&#8220;][vc_row_inner row_type=&#8220;row&#8220; type=&#8220;full_width&#8220; text_align=&#8220;left&#8220; css_animation=&#8220;&#8220; el_class=&#8220;riga-tab-inner&#8220;][vc_column_inner el_class=&#8220;display-none-img-temporaneo&#8220; width=&#8220;1\/4&#8243;][vc_single_image image=&#8220;806&#8243; img_size=&#8220;full&#8220; alignment=&#8220;center&#8220; qode_css_animation=&#8220;&#8220;][vc_empty_space height=&#8220;22px&#8220;][\/vc_column_inner][vc_column_inner width=&#8220;3\/4&#8243;][vc_column_text]<\/p>\n<h5>WAS IST TANNIN?<\/h5>\n<p>[\/vc_column_text][vc_empty_space height=&#8220;22px&#8220;][vc_column_text]Tannin ist eine nat\u00fcrliche holzeigene Substanz. Chemisch gesehen handelt es sich um ein Agglomerat von nat\u00fcrlichen organischen S\u00e4uren. Die beste Pflanze, aus der Tannin gewonnen werden kann, ist der Kastanienbaum, in dem es sich in hoher Konzentration und in der besten Qualit\u00e4t befindet. Die weidenden Herden haben sich schon immer spontan mit diesen wertvollen Wirkstoffen versorgt, die in vielen Kr\u00e4utern, B\u00fcschen und B\u00e4umen enthalten sind. Heute beweisen Studien und wissenschaftliche Untersuchungen, wie sehr diese Tiere Recht hatten, da st\u00e4ndig neue und unerforschte positive Effekte dieses fantastischen nat\u00fcrlichen Wirkstoffs bekannt werden.[\/vc_column_text][\/vc_column_inner][\/vc_row_inner][vc_empty_space height=&#8220;22px&#8220;]<\/div><div class=\"qode-advanced-tab-container\" id=\"tab-wie-funktioniert-es-639\" data-icon-pack=\"\" data-icon-html=\"\">[vc_empty_space height=&#8220;22px&#8220;][vc_row_inner row_type=&#8220;row&#8220; type=&#8220;full_width&#8220; text_align=&#8220;left&#8220; css_animation=&#8220;&#8220; el_class=&#8220;riga-tab-inner&#8220;][vc_column_inner el_class=&#8220;display-none-img-temporaneo&#8220; width=&#8220;1\/4&#8243;][vc_single_image image=&#8220;806&#8243; img_size=&#8220;full&#8220; alignment=&#8220;center&#8220; qode_css_animation=&#8220;&#8220;][vc_empty_space height=&#8220;22px&#8220;][\/vc_column_inner][vc_column_inner width=&#8220;3\/4&#8243;][vc_column_text]<\/p>\n<h5>WOZU IST ES GUT?<\/h5>\n<p>[\/vc_column_text][vc_empty_space height=&#8220;22px&#8220;][vc_column_text]Als Nahrungserg\u00e4nzungsmittel im Tierfutter f\u00f6rdert es deutlich das Wohlbefinden der Tiere, wirkt als Antioxidations- und nat\u00fcrliches Parasitenbek\u00e4mpfungsmittel und regelt dar\u00fcber hinaus auch die Bakterienflora. Wird dieses 100% nat\u00fcrliche Produkt in geeigneten Dosierungen verwendet, verursacht es keine Nebenwirkungen und ist vollst\u00e4ndig biologisch abbaubar.<\/p>\n<p>Im Anbau wird es als vollkommen nat\u00fcrliches organisches Korrekturmittel verwendet, das reich an organischen S\u00e4uren und Zucker ist. Es findet Anwendung sowohl in der Wasser- als auch in der Bodenkorrektur. Es wird vorzugsweise auf alkalischen sowie kalk- und salzhaltigen B\u00f6den eingesetzt, wo es die Widerstandsf\u00e4higkeit der Pflanzen gegen Salzstress, Chlorose und Erscheinungen der Bodenm\u00fcdigkeit durch eine unvollst\u00e4ndige Rotation verbessert.<\/p>\n<p>In der Gerbungsindustrie ist dieses Produkt wegen seinen herausragenden Werten, seinem hohen Qualit\u00e4tsstandard und seiner Reinheit ganz besonders gesch\u00e4tzt. Seine Besonderheit besteht darin, die nat\u00fcrlichen Eigenschaften des Leders voll zum Ausdruck zu bringen. Es gelingt ihm, die Qualit\u00e4t dieses Rohmaterials zu verbessern, indem es das Leder fester und strapazierf\u00e4higer macht, ihm jedoch gleichzeitig einen warmen und ausdrucksstarken Charakter verleiht.[\/vc_column_text][\/vc_column_inner][\/vc_row_inner][vc_empty_space height=&#8220;22px&#8220;]<\/div><div class=\"qode-advanced-tab-container\" id=\"tab-wie-gewinnen-wir-dieses-produkt-796\" data-icon-pack=\"\" data-icon-html=\"\">[vc_empty_space height=&#8220;22px&#8220;][vc_row_inner row_type=&#8220;row&#8220; type=&#8220;full_width&#8220; text_align=&#8220;left&#8220; css_animation=&#8220;&#8220; el_class=&#8220;riga-tab-inner&#8220;][vc_column_inner el_class=&#8220;display-none-img-temporaneo&#8220; width=&#8220;1\/4&#8243;][vc_single_image image=&#8220;806&#8243; img_size=&#8220;full&#8220; alignment=&#8220;center&#8220; qode_css_animation=&#8220;&#8220;][vc_empty_space height=&#8220;22px&#8220;][\/vc_column_inner][vc_column_inner width=&#8220;3\/4&#8243;][vc_column_text]<\/p>\n<h5>Wie gewinnen wir dieses Produkt?<\/h5>\n<p>[\/vc_column_text][vc_empty_space height=&#8220;22px&#8220;][vc_column_text]Die molekulare Struktur von organischen S\u00e4uren ist besonders w\u00e4rmempfindlich. Die weltweit patentierten Techniken von Saviolife erm\u00f6glichen es, den Wirkstoff vollst\u00e4ndig kalt zu gewinnen. Der gesamte Auszugsprozess ist auf Wasserbasis und erm\u00f6glicht es, nur hydrolysierte Tannine erster Wahl zu extrahieren: Bei niedrigen Temperaturen gelingt es uns, die Eigenschaften des Tannins beizubehalten und absolut nat\u00fcrliche Produkte von h\u00f6chstem Qualit\u00e4tsniveau anzubieten.[\/vc_column_text][\/vc_column_inner][\/vc_row_inner][vc_empty_space height=&#8220;22px&#8220;]<\/div><div class=\"qode-advanced-tab-container\" id=\"tab-warum-ist-dieses-produkt-anders-241\" data-icon-pack=\"\" data-icon-html=\"\">[vc_empty_space height=&#8220;22px&#8220;][vc_row_inner row_type=&#8220;row&#8220; type=&#8220;full_width&#8220; text_align=&#8220;left&#8220; css_animation=&#8220;&#8220; el_class=&#8220;riga-tab-inner&#8220;][vc_column_inner el_class=&#8220;display-none-img-temporaneo&#8220; width=&#8220;1\/4&#8243;][vc_single_image image=&#8220;806&#8243; img_size=&#8220;full&#8220; alignment=&#8220;center&#8220; qode_css_animation=&#8220;&#8220;][vc_empty_space height=&#8220;22px&#8220;][\/vc_column_inner][vc_column_inner width=&#8220;3\/4&#8243;][qode_elements_holder number_of_columns=&#8220;two_columns&#8220;][qode_elements_holder_item vertical_alignment=&#8220;top&#8220; advanced_animations=&#8220;no&#8220; custom_class=&#8220;perche-diverso-tab&#8220;][vc_column_text]<\/p>\n<h5>Warum ist dieses Produkt anders?<\/h5>\n<p>[\/vc_column_text][vc_empty_space height=&#8220;22px&#8220;][vc_column_text]Nicht alle Tannine sind gleich. Das hydrolysierte Tannin, das wir aus Kastanienb\u00e4umen gewinnen, l\u00f6st sich vollst\u00e4ndig und r\u00fcckstandsfrei in Wasser auf und stellt somit einen vollst\u00e4ndigen und bestens nutzbaren Wirkstoff dar. Aus diesem Grund eignet es sich besonders gut f\u00fcr den Einsatz in den verschiedenen Bereichen der Life Sciences, manchmal auch als Ersatz f\u00fcr teurere &#8222;herk\u00f6mmliche&#8220;, weniger nat\u00fcrliche Produkte, die sich sicherlich st\u00e4rker auf die Umwelt auswirken.[\/vc_column_text][vc_empty_space height=&#8220;22px&#8220;][\/qode_elements_holder_item][qode_elements_holder_item vertical_alignment=&#8220;top&#8220; advanced_animations=&#8220;no&#8220; item_padding_768_1024=&#8220;0 3% 0 3%&#8220; item_padding_600_768=&#8220;0 3% 0 3%&#8220; item_padding_480_600=&#8220;0 3% 0 3%&#8220; custom_class=&#8220;perche-diverso-elenco&#8220;][vc_column_text]<strong>Die unglaublichen Eigenschaften des Tannins:<\/strong>[\/vc_column_text][vc_empty_space][vc_column_text]<\/p>\n<ul>\n<li><span style=\"font-family: 'DINPro-Regular', sans-serif;\">hemmt die Oxidationsprozesse in den Lebewesen<\/span><\/li>\n<li><span style=\"font-family: 'DINPro-Regular', sans-serif;\">reguliert die Bakterienflora<\/span><\/li>\n<li><span style=\"font-family: 'DINPro-Regular', sans-serif;\">optimiert das Immunsystem, ohne Immunresistenzen zu erzeugen<\/span><\/li>\n<li><span style=\"font-family: 'DINPro-Regular', sans-serif;\">unterdr\u00fcckt das Entstehen freier Radikale (wirkt oxidationshemmend)<\/span><\/li>\n<li><span style=\"font-family: 'DINPro-Regular', sans-serif;\">verbessert die Proteinstabilit\u00e4t<\/span><\/li>\n<li><span style=\"font-family: 'DINPro-Regular', sans-serif;\">sorgt f\u00fcr Exkremente mit besserer Zusammensetzung<\/span><\/li>\n<li><span style=\"font-family: 'DINPro-Regular', sans-serif;\">begrenzt die Umweltauswirkungen<\/span><\/li>\n<li><span style=\"font-family: 'DINPro-Regular', sans-serif;\">verursacht keine Nebenwirkungen<\/span><\/li>\n<\/ul>\n<p>[\/vc_column_text][\/qode_elements_holder_item][\/qode_elements_holder][\/vc_column_inner][\/vc_row_inner][vc_empty_space height=&#8220;22px&#8220;]<\/div><\/div>[\/vc_column][\/vc_row][vc_row css_animation=&#8220;&#8220; row_type=&#8220;row&#8220; use_row_as_full_screen_section=&#8220;no&#8220; type=&#8220;full_width&#8220; angled_section=&#8220;no&#8220; text_align=&#8220;left&#8220; background_image_as_pattern=&#8220;without_pattern&#8220; el_class=&#8220;riga-applicazioni-img-sinistra&#8220; z_index=&#8220;&#8220;][vc_column el_class=&#8220;leather&#8220;][vc_column_text]<a id=\"ancora-leather\"><\/a>[\/vc_column_text][vc_row_inner row_type=&#8220;row&#8220; type=&#8220;full_width&#8220; text_align=&#8220;left&#8220; css_animation=&#8220;&#8220; el_class=&#8220;leather&#8220;][vc_column_inner][qode_elements_holder number_of_columns=&#8220;two_columns&#8220; alignment_one_column=&#8220;center&#8220;][qode_elements_holder_item advanced_animations=&#8220;no&#8220; custom_class=&#8220;colonna-sx-img-sinistra&#8220;][vc_single_image image=&#8220;486&#8243; img_size=&#8220;full&#8220; alignment=&#8220;center&#8220; qode_css_animation=&#8220;&#8220;][\/qode_elements_holder_item][qode_elements_holder_item advanced_animations=&#8220;no&#8220; custom_class=&#8220;colonna-dx-img-sinistra&#8220;][vc_single_image image=&#8220;567&#8243; img_size=&#8220;full&#8220; qode_css_animation=&#8220;&#8220;][vc_empty_space height=&#8220;22px&#8220;][vc_column_text]Saviotan<sup>\u00ae<\/sup> Leather findet in der Gerbungsindustrie Anwendung, da es ihm gelingt, die nat\u00fcrlichen Eigenschaften des Leders voll zum Ausdruck zu bringen und die Qualit\u00e4t dieses Rohmaterials zu verbessern, indem es das Leder fester und strapazierf\u00e4higer macht, ihm jedoch gleichzeitig einen w\u00e4rmeren und ausdrucksst\u00e4rkeren Charakter verleiht.[\/vc_column_text][vc_empty_space height=&#8220;22px&#8220;]<a  itemprop=\"url\" href=\"https:\/\/www.saviolife.com\/de\/saviotan\/saviotan-leather\/\" target=\"_self\"  class=\"qbutton  default scuro\" style=\"\">WEITER ZU SAVIOTAN LEATHER<\/a>[\/qode_elements_holder_item][\/qode_elements_holder][\/vc_column_inner][\/vc_row_inner][\/vc_column][\/vc_row][vc_row css_animation=&#8220;&#8220; row_type=&#8220;row&#8220; use_row_as_full_screen_section=&#8220;no&#8220; type=&#8220;full_width&#8220; angled_section=&#8220;no&#8220; text_align=&#8220;left&#8220; background_image_as_pattern=&#8220;without_pattern&#8220; el_class=&#8220;riga-applicazioni-img-destra&#8220; z_index=&#8220;&#8220;][vc_column][vc_column_text]<a id=\"ancora-feed\"><\/a>[\/vc_column_text][vc_row_inner row_type=&#8220;row&#8220; type=&#8220;full_width&#8220; text_align=&#8220;left&#8220; css_animation=&#8220;&#8220; el_class=&#8220;feed&#8220;][vc_column_inner][qode_elements_holder number_of_columns=&#8220;two_columns&#8220; alignment_one_column=&#8220;center&#8220; custom_class=&#8220;colonne-applicazioni-invertite-mobile&#8220;][qode_elements_holder_item advanced_animations=&#8220;no&#8220; custom_class=&#8220;colonna-sx-img-destra&#8220;][vc_single_image image=&#8220;604&#8243; img_size=&#8220;full&#8220; qode_css_animation=&#8220;&#8220;][vc_empty_space height=&#8220;22px&#8220;][vc_column_text]<\/p>\n<h2>Under constuction<\/h2>\n<p>[\/vc_column_text][vc_column_text el_class=&#8220;nascondi&#8220;]Saviotan<sup>\u00ae<\/sup> Feed ist ein nat\u00fcrliches adstringierendes und antiseptisches Mittel, das es erm\u00f6glicht, den Einsatz von Antibiotika drastisch zu reduzieren. Ein innovatives Produkt, das sich schnell im Bereich der Gefl\u00fcgel-, Schweine- und Rinderf\u00fctterung ausbreitet.[\/vc_column_text][vc_empty_space height=&#8220;22px&#8220;]<a  itemprop=\"url\" href=\"https:\/\/www.saviolife.com\/de\/saviotan\/saviotan-feed\/\" target=\"_self\"  class=\"qbutton  default scuro\" style=\"\">WEITER ZU SAVIOTAN FEED<\/a>[\/qode_elements_holder_item][qode_elements_holder_item advanced_animations=&#8220;no&#8220; custom_class=&#8220;colonna-dx-img-destra&#8220;][vc_single_image image=&#8220;347&#8243; img_size=&#8220;full&#8220; alignment=&#8220;center&#8220; qode_css_animation=&#8220;&#8220;][\/qode_elements_holder_item][\/qode_elements_holder][\/vc_column_inner][\/vc_row_inner][\/vc_column][\/vc_row][vc_row css_animation=&#8220;&#8220; row_type=&#8220;row&#8220; use_row_as_full_screen_section=&#8220;no&#8220; type=&#8220;full_width&#8220; angled_section=&#8220;no&#8220; text_align=&#8220;left&#8220; background_image_as_pattern=&#8220;without_pattern&#8220; el_class=&#8220;riga-applicazioni-img-sinistra&#8220; z_index=&#8220;&#8220;][vc_column][vc_column_text]<a id=\"ancora-agro\"><\/a>[\/vc_column_text][vc_row_inner row_type=&#8220;row&#8220; type=&#8220;full_width&#8220; text_align=&#8220;left&#8220; css_animation=&#8220;&#8220; el_class=&#8220;agro&#8220;][vc_column_inner][qode_elements_holder number_of_columns=&#8220;two_columns&#8220; alignment_one_column=&#8220;center&#8220;][qode_elements_holder_item advanced_animations=&#8220;no&#8220; custom_class=&#8220;colonna-sx-img-sinistra&#8220;][vc_single_image image=&#8220;358&#8243; img_size=&#8220;full&#8220; alignment=&#8220;center&#8220; qode_css_animation=&#8220;&#8220;][\/qode_elements_holder_item][qode_elements_holder_item advanced_animations=&#8220;no&#8220; custom_class=&#8220;colonna-dx-img-sinistra&#8220;][vc_single_image image=&#8220;610&#8243; img_size=&#8220;full&#8220; qode_css_animation=&#8220;&#8220;][vc_empty_space height=&#8220;22px&#8220;][vc_column_text]Saviotan<sup>\u00ae<\/sup> Agro ist die nat\u00fcrliche Alternative zum Einsatz von Chemikalien in der herk\u00f6mmlichen Landwirtschaft und eignet sich besonders f\u00fcr den biologischen Anbau. Es wird als organisches Korrekturmittel verwendet, um das gesunde Wachstum der Pflanzen zu f\u00f6rdern und ihre Widerstandsf\u00e4higkeit zu verbessern.[\/vc_column_text][vc_empty_space height=&#8220;22px&#8220;]<a  itemprop=\"url\" href=\"https:\/\/www.saviolife.com\/de\/saviotan\/saviotan-agro\/\" target=\"_self\"  class=\"qbutton  default scuro\" style=\"\">WEITER ZU SAVIOTAN AGRO<\/a>[\/qode_elements_holder_item][\/qode_elements_holder][\/vc_column_inner][\/vc_row_inner][\/vc_column][\/vc_row]<\/p>\n<\/div>","protected":false},"excerpt":{"rendered":"<p>[vc_row css_animation=&#8220;&#8220; row_type=&#8220;row&#8220; use_row_as_full_screen_section=&#8220;no&#8220; type=&#8220;full_width&#8220; angled_section=&#8220;no&#8220; text_align=&#8220;left&#8220; background_image_as_pattern=&#8220;without_pattern&#8220; el_class=&#8220;introduzione-slide-saviotan&#8220; z_index=&#8220;&#8220;][vc_column][vc_empty_space height=&#8220;200px&#8220;][vc_row_inner row_type=&#8220;row&#8220; type=&#8220;full_width&#8220; text_align=&#8220;left&#8220; css_animation=&#8220;&#8220;][vc_column_inner][qode_elements_holder number_of_columns=&#8220;one_column&#8220;][qode_elements_holder_item advanced_animations=&#8220;no&#8220; custom_class=&#8220;saviotan-contenuto-slider&#8220;][vc_single_image image=&#8220;628&#8243; img_size=&#8220;full&#8220; alignment=&#8220;center&#8220; qode_css_animation=&#8220;&#8220;][vc_empty_space height=&#8220;22px&#8220;][vc_column_text] Saviotan\u00ae ist ein nat\u00fcrlicher Kastanienauszug mit weltweit einzigartigen Eigenschaften. [\/vc_column_text][\/qode_elements_holder_item][\/qode_elements_holder][\/vc_column_inner][\/vc_row_inner][vc_empty_space height=&#8220;100px&#8220;][\/vc_column][\/vc_row][vc_row css_animation=&#8220;&#8220; row_type=&#8220;row&#8220; use_row_as_full_screen_section=&#8220;no&#8220; type=&#8220;full_width&#8220; angled_section=&#8220;no&#8220; text_align=&#8220;left&#8220; background_image_as_pattern=&#8220;without_pattern&#8220; el_class=&#8220;riga-saviotan-tannino&#8220; z_index=&#8220;&#8220;][vc_column][\/vc_column][\/vc_row][vc_row css_animation=&#8220;&#8220; row_type=&#8220;row&#8220;&#8230;<\/p>\n","protected":false},"author":1,"featured_media":0,"parent":0,"menu_order":0,"comment_status":"closed","ping_status":"closed","template":"full_width.php","meta":{"footnotes":""},"class_list":["post-1421","page","type-page","status-publish","hentry"],"_links":{"self":[{"href":"https:\/\/saviolife.com\/de\/wp-json\/wp\/v2\/pages\/1421","targetHints":{"allow":["GET"]}}],"collection":[{"href":"https:\/\/saviolife.com\/de\/wp-json\/wp\/v2\/pages"}],"about":[{"href":"https:\/\/saviolife.com\/de\/wp-json\/wp\/v2\/types\/page"}],"author":[{"embeddable":true,"href":"https:\/\/saviolife.com\/de\/wp-json\/wp\/v2\/users\/1"}],"replies":[{"embeddable":true,"href":"https:\/\/saviolife.com\/de\/wp-json\/wp\/v2\/comments?post=1421"}],"version-history":[{"count":4,"href":"https:\/\/saviolife.com\/de\/wp-json\/wp\/v2\/pages\/1421\/revisions"}],"predecessor-version":[{"id":2769,"href":"https:\/\/saviolife.com\/de\/wp-json\/wp\/v2\/pages\/1421\/revisions\/2769"}],"wp:attachment":[{"href":"https:\/\/saviolife.com\/de\/wp-json\/wp\/v2\/media?parent=1421"}],"curies":[{"name":"wp","href":"https:\/\/api.w.org\/{rel}","templated":true}]}}