{"id":1435,"date":"2019-01-29T09:44:55","date_gmt":"2019-01-29T08:44:55","guid":{"rendered":"https:\/\/www.saviolife.com\/natural-tomorrow\/"},"modified":"2021-03-16T17:14:06","modified_gmt":"2021-03-16T16:14:06","slug":"natural-tomorrow","status":"publish","type":"page","link":"https:\/\/saviolife.com\/de\/natural-tomorrow\/","title":{"rendered":"Natural Tomorrow"},"content":{"rendered":"<div class=\"wpb-content-wrapper\"><p>[vc_row css_animation=&#8220;&#8220; row_type=&#8220;row&#8220; use_row_as_full_screen_section=&#8220;no&#8220; type=&#8220;full_width&#8220; angled_section=&#8220;no&#8220; text_align=&#8220;left&#8220; background_image_as_pattern=&#8220;without_pattern&#8220;][vc_column][vc_empty_space height=&#8220;123px&#8220; el_class=&#8220;spazio_zero&#8220;][rev_slider_vc alias=&#8220;film-strip&#8220;][\/vc_column][\/vc_row][vc_row css_animation=&#8220;&#8220; row_type=&#8220;row&#8220; use_row_as_full_screen_section=&#8220;no&#8220; type=&#8220;full_width&#8220; angled_section=&#8220;no&#8220; text_align=&#8220;left&#8220; background_image_as_pattern=&#8220;without_pattern&#8220; css=&#8220;.vc_custom_1551283792967{padding-top: 7% !important;padding-bottom: 10% !important;background-image: url(https:\/\/www.saviolife.com\/wp-content\/uploads\/2019\/02\/sfondo_riga_1.jpg?id=1886) !important;}&#8220; z_index=&#8220;&#8220;][vc_column][vc_row_inner row_type=&#8220;row&#8220; type=&#8220;grid&#8220; text_align=&#8220;left&#8220; css_animation=&#8220;&#8220;][vc_column_inner][vc_column_text el_class=&#8220;testo_natural_tomorrow&#8220;]Durch die wissenschaftliche und die darauf folgende industrielle Revolution wurde unsere Gesellschaft total ver\u00e4ndert. Die Vorteile, die Wissenschaft und Technik f\u00fcr die Menschheit in Bezug auf Wissen, Wohlstand und Fortschritt gebracht haben, k\u00f6nnen nicht in Frage gestellt werden, ebenso wenig wie die andere Seite der Medaille: die Auswirkungen, die sie auf unsere Umwelt hatten und immer noch haben.[\/vc_column_text][\/vc_column_inner][\/vc_row_inner][\/vc_column][\/vc_row][vc_row css_animation=&#8220;&#8220; row_type=&#8220;row&#8220; use_row_as_full_screen_section=&#8220;no&#8220; type=&#8220;full_width&#8220; angled_section=&#8220;no&#8220; text_align=&#8220;left&#8220; background_image_as_pattern=&#8220;without_pattern&#8220; z_index=&#8220;&#8220;][vc_column][qode_elements_holder number_of_columns=&#8220;two_columns&#8220; switch_to_one_column=&#8220;768&#8243; alignment_one_column=&#8220;center&#8220; custom_class=&#8220;inverti_mobile&#8220;][qode_elements_holder_item vertical_alignment=&#8220;middle&#8220; horizontal_alignment=&#8220;left&#8220; advanced_animations=&#8220;no&#8220; background_image=&#8220;218&#8243; item_padding=&#8220;14% 10% 14% 30%&#8220; item_padding_600_768=&#8220;8%&#8220; item_padding_480_600=&#8220;8%&#8220; item_padding_480=&#8220;8%&#8220; custom_class=&#8220;inverti_mobile_txt you_testo&#8220;][vc_column_text el_class=&#8220;testo_natural_tomorrow&#8220;]Obwohl einerseits die Industrie heute nicht mehr umhin kann, (oft durch den Gesetzgeber erzwungene) Entscheidungen in Richtung Nachhaltigkeit zu treffen, bleibt das Thema in Bezug auf die so genannten Life Sciences immer noch besonders schwierig, da Landbau, Viehzucht und Ern\u00e4hrung unsere Lebensgrundlagen darstellen.[\/vc_column_text][\/qode_elements_holder_item][qode_elements_holder_item vertical_alignment=&#8220;middle&#8220; horizontal_alignment=&#8220;left&#8220; advanced_animations=&#8220;no&#8220; item_padding=&#8220;0 0 0 10%&#8220; item_padding_1280_1440=&#8220;0 10% 0 10%&#8220; item_padding_1024_1280=&#8220;0 10% 0 10%&#8220; item_padding_768_1024=&#8220;15%&#8220; item_padding_600_768=&#8220;15%&#8220; item_padding_480_600=&#8220;15%&#8220; item_padding_480=&#8220;15%&#8220; custom_class=&#8220;inverti_mobile_img&#8220;][vc_single_image image=&#8220;2023&#8243; img_size=&#8220;full&#8220; qode_css_animation=&#8220;element_from_fade&#8220; transition_delay=&#8220;0.4&#8243;][\/qode_elements_holder_item][\/qode_elements_holder][\/vc_column][\/vc_row][vc_row css_animation=&#8220;&#8220; row_type=&#8220;row&#8220; use_row_as_full_screen_section=&#8220;no&#8220; type=&#8220;full_width&#8220; angled_section=&#8220;no&#8220; text_align=&#8220;left&#8220; background_image_as_pattern=&#8220;without_pattern&#8220; background_image=&#8220;1751&#8243; z_index=&#8220;&#8220;][vc_column][qode_elements_holder number_of_columns=&#8220;two_columns&#8220; switch_to_one_column=&#8220;768&#8243; alignment_one_column=&#8220;center&#8220;][qode_elements_holder_item vertical_alignment=&#8220;middle&#8220; horizontal_alignment=&#8220;right&#8220; advanced_animations=&#8220;no&#8220; item_padding=&#8220;0 10% 0 0&#8243; item_padding_1280_1440=&#8220;0 10% 0 10%&#8220; item_padding_1024_1280=&#8220;0 10% 0 10%&#8220; item_padding_768_1024=&#8220;15%&#8220; item_padding_600_768=&#8220;15%&#8220; item_padding_480_600=&#8220;15%&#8220; item_padding_480=&#8220;15%&#8220; custom_class=&#8220;inverti_mobile_img can_img&#8220;][vc_single_image image=&#8220;2028&#8243; img_size=&#8220;full&#8220; alignment=&#8220;right&#8220; qode_css_animation=&#8220;element_from_fade&#8220; transition_delay=&#8220;0.4&#8243;][\/qode_elements_holder_item][qode_elements_holder_item vertical_alignment=&#8220;middle&#8220; horizontal_alignment=&#8220;left&#8220; advanced_animations=&#8220;no&#8220; background_image=&#8220;1771&#8243; item_padding=&#8220;14% 30% 14% 10%&#8220; item_padding_600_768=&#8220;8%&#8220; item_padding_480_600=&#8220;8%&#8220; item_padding_480=&#8220;8%&#8220; custom_class=&#8220;can_testo&#8220;][vc_column_text el_class=&#8220;testo_natural_tomorrow&#8220;]<span style=\"color: #ffffff;\">Saviolife ist Teil des Saviola Konzerns, einem \u00f6ko-ethischen Unternehmen, das sich seit \u00fcber sechzig Jahren ganz besonders an der Nachhaltigkeit ausrichtet. F\u00fcr uns handelte es sich hierbei um eine vollkommen nat\u00fcrliche Wahl. Wir ziehen all das, was nat\u00fcrlich ist, dem Nicht-Nat\u00fcrlichen vor, wir bieten dem Markt echte Alternativen, Produkte, die f\u00fcr die Umwelt und f\u00fcr das Leben einen besseren Schutz darstellen. Und all das, ohne Abstriche bei Qualit\u00e4t und Leistung zu machen.<\/span>[\/vc_column_text][\/qode_elements_holder_item][\/qode_elements_holder][\/vc_column][\/vc_row][vc_row css_animation=&#8220;&#8220; row_type=&#8220;row&#8220; use_row_as_full_screen_section=&#8220;no&#8220; type=&#8220;full_width&#8220; angled_section=&#8220;no&#8220; text_align=&#8220;left&#8220; background_image_as_pattern=&#8220;without_pattern&#8220; z_index=&#8220;&#8220;][vc_column][qode_elements_holder number_of_columns=&#8220;two_columns&#8220; switch_to_one_column=&#8220;768&#8243; alignment_one_column=&#8220;center&#8220; custom_class=&#8220;inverti_mobile&#8220;][qode_elements_holder_item vertical_alignment=&#8220;middle&#8220; horizontal_alignment=&#8220;left&#8220; advanced_animations=&#8220;no&#8220; item_padding=&#8220;14% 10% 14% 30%&#8220; item_padding_600_768=&#8220;8%&#8220; item_padding_480_600=&#8220;8%&#8220; item_padding_480=&#8220;8%&#8220; custom_class=&#8220;inverti_mobile_txt always_testo&#8220;][vc_column_text el_class=&#8220;testo_natural_tomorrow&#8220;]Wir sind in besonders sensiblen Bereichen t\u00e4tigt, die sich direkt auf die Gesundheit von Mensch, Tier und Umwelt auswirken. So wie der intensive Landbau den Boden verarmen kann, geht der Missbrauch von Antibiotika in der Viehzucht m\u00f6glicherweise mit negativen Auswirkungen nicht nur auf das Wohlbefinden der Tiere, sondern auch auf die menschliche Ern\u00e4hrung einher.[\/vc_column_text][\/qode_elements_holder_item][qode_elements_holder_item vertical_alignment=&#8220;middle&#8220; horizontal_alignment=&#8220;left&#8220; advanced_animations=&#8220;no&#8220; item_padding=&#8220;0 0 0 10%&#8220; item_padding_1280_1440=&#8220;0 10% 0 10%&#8220; item_padding_1024_1280=&#8220;0 10% 0 10%&#8220; item_padding_768_1024=&#8220;15%&#8220; item_padding_600_768=&#8220;15%&#8220; item_padding_480_600=&#8220;15%&#8220; item_padding_480=&#8220;15%&#8220; custom_class=&#8220;inverti_mobile_img&#8220;][vc_single_image image=&#8220;2033&#8243; img_size=&#8220;full&#8220; qode_css_animation=&#8220;element_from_fade&#8220; transition_delay=&#8220;0.4&#8243;][\/qode_elements_holder_item][\/qode_elements_holder][\/vc_column][\/vc_row][vc_row css_animation=&#8220;&#8220; row_type=&#8220;row&#8220; use_row_as_full_screen_section=&#8220;no&#8220; type=&#8220;full_width&#8220; angled_section=&#8220;no&#8220; text_align=&#8220;left&#8220; background_image_as_pattern=&#8220;without_pattern&#8220; background_image=&#8220;1806&#8243; z_index=&#8220;&#8220;][vc_column][qode_elements_holder number_of_columns=&#8220;two_columns&#8220; switch_to_one_column=&#8220;768&#8243; alignment_one_column=&#8220;center&#8220;][qode_elements_holder_item vertical_alignment=&#8220;middle&#8220; horizontal_alignment=&#8220;right&#8220; advanced_animations=&#8220;no&#8220; item_padding=&#8220;0 10% 0 0&#8243; item_padding_1280_1440=&#8220;0 10% 0 10%&#8220; item_padding_1024_1280=&#8220;0 10% 0 10%&#8220; item_padding_768_1024=&#8220;15%&#8220; item_padding_600_768=&#8220;15%&#8220; item_padding_480_600=&#8220;15%&#8220; item_padding_480=&#8220;15%&#8220; custom_class=&#8220;inverti_mobile_img choose_img&#8220;][vc_single_image image=&#8220;1781&#8243; img_size=&#8220;full&#8220; alignment=&#8220;right&#8220; qode_css_animation=&#8220;element_from_fade&#8220; transition_delay=&#8220;0.4&#8243;][\/qode_elements_holder_item][qode_elements_holder_item vertical_alignment=&#8220;middle&#8220; horizontal_alignment=&#8220;left&#8220; advanced_animations=&#8220;no&#8220; item_padding=&#8220;11% 30% 11% 10%&#8220; item_padding_1280_1440=&#8220;6% 30% 6% 10%&#8220; item_padding_1024_1280=&#8220;6% 30% 6% 10%&#8220; item_padding_768_1024=&#8220;8%&#8220; item_padding_600_768=&#8220;8%&#8220; item_padding_480_600=&#8220;8%&#8220; item_padding_480=&#8220;8%&#8220; custom_class=&#8220;can_testo&#8220;][vc_column_text el_class=&#8220;testo_natural_tomorrow&#8220;]Die Mission von Saviolife beinhaltet einen echten Paradigmenwechsel. Nachhaltigkeit ist kein Hindernis mehr, sondern ein durch die Forschung und Entwicklung innovativer Methoden und L\u00f6sungen gewonnener Wettbewerbsvorteil: Ersatz f\u00fcr Antibiotika bei der Viehzucht, nat\u00fcrliche Ungezieferbek\u00e4mpfungsmittel f\u00fcr den Landbau, die gleichzeitig die Bodenqualit\u00e4t verbessern, sowie Langzeitd\u00fcnger, die sich dem Wachstumsrhythmus der Pflanzen anpassen.[\/vc_column_text][\/qode_elements_holder_item][\/qode_elements_holder][\/vc_column][\/vc_row][vc_row css_animation=&#8220;&#8220; row_type=&#8220;row&#8220; use_row_as_full_screen_section=&#8220;no&#8220; type=&#8220;full_width&#8220; angled_section=&#8220;no&#8220; text_align=&#8220;left&#8220; background_image_as_pattern=&#8220;without_pattern&#8220; css=&#8220;.vc_custom_1551283888372{padding-top: 9% !important;}&#8220; z_index=&#8220;&#8220;][vc_column][vc_single_image image=&#8220;1941&#8243; img_size=&#8220;full&#8220; alignment=&#8220;center&#8220; qode_css_animation=&#8220;element_from_bottom&#8220; transition_delay=&#8220;0.2&#8243;][\/vc_column][\/vc_row]<\/p>\n<\/div>","protected":false},"excerpt":{"rendered":"<p>[vc_row css_animation=&#8220;&#8220; row_type=&#8220;row&#8220; use_row_as_full_screen_section=&#8220;no&#8220; type=&#8220;full_width&#8220; angled_section=&#8220;no&#8220; text_align=&#8220;left&#8220; background_image_as_pattern=&#8220;without_pattern&#8220;][vc_column][vc_empty_space height=&#8220;123px&#8220; el_class=&#8220;spazio_zero&#8220;][rev_slider_vc alias=&#8220;film-strip&#8220;][\/vc_column][\/vc_row][vc_row css_animation=&#8220;&#8220; row_type=&#8220;row&#8220; use_row_as_full_screen_section=&#8220;no&#8220; type=&#8220;full_width&#8220; angled_section=&#8220;no&#8220; text_align=&#8220;left&#8220; background_image_as_pattern=&#8220;without_pattern&#8220; css=&#8220;.vc_custom_1551283792967{padding-top: 7% !important;padding-bottom: 10% !important;background-image: url(https:\/\/www.saviolife.com\/wp-content\/uploads\/2019\/02\/sfondo_riga_1.jpg?id=1886) !important;}&#8220; z_index=&#8220;&#8220;][vc_column][vc_row_inner row_type=&#8220;row&#8220; type=&#8220;grid&#8220; text_align=&#8220;left&#8220; css_animation=&#8220;&#8220;][vc_column_inner][vc_column_text el_class=&#8220;testo_natural_tomorrow&#8220;]Durch die wissenschaftliche und die darauf folgende industrielle Revolution wurde unsere Gesellschaft total ver\u00e4ndert. Die&#8230;<\/p>\n","protected":false},"author":1,"featured_media":0,"parent":0,"menu_order":0,"comment_status":"closed","ping_status":"closed","template":"full_width.php","meta":{"footnotes":""},"class_list":["post-1435","page","type-page","status-publish","hentry"],"_links":{"self":[{"href":"https:\/\/saviolife.com\/de\/wp-json\/wp\/v2\/pages\/1435","targetHints":{"allow":["GET"]}}],"collection":[{"href":"https:\/\/saviolife.com\/de\/wp-json\/wp\/v2\/pages"}],"about":[{"href":"https:\/\/saviolife.com\/de\/wp-json\/wp\/v2\/types\/page"}],"author":[{"embeddable":true,"href":"https:\/\/saviolife.com\/de\/wp-json\/wp\/v2\/users\/1"}],"replies":[{"embeddable":true,"href":"https:\/\/saviolife.com\/de\/wp-json\/wp\/v2\/comments?post=1435"}],"version-history":[{"count":5,"href":"https:\/\/saviolife.com\/de\/wp-json\/wp\/v2\/pages\/1435\/revisions"}],"predecessor-version":[{"id":2177,"href":"https:\/\/saviolife.com\/de\/wp-json\/wp\/v2\/pages\/1435\/revisions\/2177"}],"wp:attachment":[{"href":"https:\/\/saviolife.com\/de\/wp-json\/wp\/v2\/media?parent=1435"}],"curies":[{"name":"wp","href":"https:\/\/api.w.org\/{rel}","templated":true}]}}