{"id":1442,"date":"2019-01-29T09:44:36","date_gmt":"2019-01-29T08:44:36","guid":{"rendered":"https:\/\/www.saviolife.com\/applicazioni\/"},"modified":"2023-07-20T09:35:54","modified_gmt":"2023-07-20T07:35:54","slug":"anwendungen","status":"publish","type":"page","link":"https:\/\/saviolife.com\/de\/anwendungen\/","title":{"rendered":"Anwendungen"},"content":{"rendered":"<div class=\"wpb-content-wrapper\"><p>[vc_row css_animation=&#8220;&#8220; row_type=&#8220;row&#8220; use_row_as_full_screen_section=&#8220;no&#8220; type=&#8220;full_width&#8220; angled_section=&#8220;no&#8220; text_align=&#8220;left&#8220; background_image_as_pattern=&#8220;without_pattern&#8220; el_class=&#8220;riga-applicazioni-presentazione&#8220; z_index=&#8220;&#8220;][vc_column][vc_empty_space height=&#8220;200px&#8220; el_class=&#8220;spazio-50-mobile&#8220;][qode_elements_holder number_of_columns=&#8220;two_columns&#8220; alignment_one_column=&#8220;center&#8220;][qode_elements_holder_item advanced_animations=&#8220;no&#8220; custom_class=&#8220;colonna-sx-presentazione-applicazioni&#8220;][vc_empty_space height=&#8220;22px&#8220;][vc_column_text]<\/p>\n<h1 style=\"text-align: left;\">Anwendungen<\/h1>\n<p>[\/vc_column_text][vc_empty_space height=&#8220;22px&#8220;][vc_column_text]<\/p>\n<p style=\"text-align: left;\">Die verschiedenen Wirtschaftsbereiche ben\u00f6tigen Konservierungsmittel, Antibiotika, D\u00fcngemittel und Pestizide f\u00fcr den Einsatz in Bereichen, die in Anbetracht ihrer Auswirkungen auf die Gesundheit des Menschen und des ganzen Planeten als besonders sensibel zu betrachten sind: Ern\u00e4hrung, Landbau und Viehzucht.<\/p>\n<p>Wir bei Saviolife haben uns f\u00fcr eine ethische und umweltfreundliche Produktion entschieden. Die Ergebnisse sind in vielen Wirtschaftsbereichen anwendbare Produkte, die achtsam mit dem Leben auf unserem Planeten umgehen.<\/p>\n<p>[\/vc_column_text][vc_empty_space height=&#8220;22px&#8220;][vc_row_inner row_type=&#8220;row&#8220; type=&#8220;full_width&#8220; text_align=&#8220;left&#8220; css_animation=&#8220;&#8220;][vc_column_inner width=&#8220;1\/3&#8243;][vc_empty_space height=&#8220;22px&#8220;][vc_single_image image=&#8220;216&#8243; img_size=&#8220;100&#215;101&#8243; alignment=&#8220;center&#8220; onclick=&#8220;custom_link&#8220; qode_css_animation=&#8220;&#8220; link=&#8220;#ancora-leather&#8220;][vc_empty_space height=&#8220;36px&#8220;][vc_column_text]<\/p>\n<h5 style=\"text-align: center;\"><a href=\"#ancora-leather\"><span style=\"color: #638a49;\"><u>LEATHER<\/u><\/span><\/a><\/h5>\n<p>[\/vc_column_text][vc_empty_space height=&#8220;22px&#8220;][\/vc_column_inner][vc_column_inner width=&#8220;1\/3&#8243;][vc_empty_space height=&#8220;22px&#8220;][vc_single_image image=&#8220;215&#8243; img_size=&#8220;100&#215;101&#8243; alignment=&#8220;center&#8220; onclick=&#8220;custom_link&#8220; qode_css_animation=&#8220;&#8220; link=&#8220;#ancora-feed&#8220;][vc_empty_space height=&#8220;36px&#8220;][vc_column_text]<\/p>\n<h5 style=\"text-align: center;\"><a href=\"#ancora-feed\"><span style=\"color: #638a49;\"><u>FEED<\/u><\/span><\/a><\/h5>\n<p>[\/vc_column_text][vc_empty_space height=&#8220;22px&#8220;][\/vc_column_inner][vc_column_inner width=&#8220;1\/3&#8243;][vc_empty_space height=&#8220;22px&#8220;][vc_single_image image=&#8220;214&#8243; img_size=&#8220;100&#215;101&#8243; alignment=&#8220;center&#8220; onclick=&#8220;custom_link&#8220; qode_css_animation=&#8220;&#8220; link=&#8220;#ancora-agro&#8220;][vc_empty_space height=&#8220;36px&#8220;][vc_column_text]<\/p>\n<h5 style=\"text-align: center;\"><a href=\"#ancora-agro\"><span style=\"color: #638a49;\"><u>AGRO<\/u><\/span><\/a><\/h5>\n<p>[\/vc_column_text][vc_empty_space height=&#8220;22px&#8220;][\/vc_column_inner][\/vc_row_inner][\/qode_elements_holder_item][qode_elements_holder_item advanced_animations=&#8220;no&#8220; custom_class=&#8220;colonna-mucca-applicazioni&#8220;][vc_single_image image=&#8220;435&#8243; img_size=&#8220;full&#8220; alignment=&#8220;center&#8220; qode_css_animation=&#8220;&#8220;][\/qode_elements_holder_item][\/qode_elements_holder][vc_empty_space height=&#8220;22px&#8220;][\/vc_column][\/vc_row][vc_row css_animation=&#8220;&#8220; row_type=&#8220;row&#8220; use_row_as_full_screen_section=&#8220;no&#8220; type=&#8220;full_width&#8220; angled_section=&#8220;no&#8220; text_align=&#8220;left&#8220; background_image_as_pattern=&#8220;without_pattern&#8220; el_class=&#8220;riga-applicazioni-img-sinistra&#8220; z_index=&#8220;&#8220;][vc_column][vc_column_text][\/vc_column_text][vc_row_inner row_type=&#8220;row&#8220; type=&#8220;full_width&#8220; text_align=&#8220;left&#8220; css_animation=&#8220;&#8220;][vc_column_inner][qode_elements_holder number_of_columns=&#8220;two_columns&#8220; alignment_one_column=&#8220;center&#8220;][qode_elements_holder_item advanced_animations=&#8220;no&#8220; custom_class=&#8220;colonna-sx-img-sinistra&#8220;][vc_single_image image=&#8220;364&#8243; img_size=&#8220;full&#8220; alignment=&#8220;center&#8220; qode_css_animation=&#8220;&#8220;][\/qode_elements_holder_item][qode_elements_holder_item advanced_animations=&#8220;no&#8220; custom_class=&#8220;colonna-dx-img-sinistra&#8220;][vc_column_text]<\/p>\n<h2>Leather<\/h2>\n<p>[\/vc_column_text][vc_empty_space height=&#8220;22px&#8220;][vc_column_text]100% nat\u00fcrliches Tannin, besonders f\u00fcr die Verarbeitung von hochwertigem Leder geeignet. F\u00fcr ein weicheres und strapazierf\u00e4higeres Leder.<br \/>\nWir gewinnen das Tannin ausschlie\u00dflich aus Kastanienholz, und zwar mit einem nat\u00fcrlichen Auslaugungsvorgang in Wasser, der die molekularen Eigenschaften der organischen S\u00e4uren, aus denen das Tannin besteht, nicht ver\u00e4ndert. Wir haben uns f\u00fcr die Verarbeitung von Kastanienholz entschieden, da das aus diesem Holz gewonnene Tannin hydrolysierbar ist. Diese Eigenschaft erm\u00f6glicht sowohl einen \u00f6kologischen und sicheren Einsatz als auch ein Produkt von h\u00f6chster Qualit\u00e4t.[\/vc_column_text][vc_empty_space height=&#8220;22px&#8220;]<a  itemprop=\"url\" href=\"https:\/\/www.saviolife.com\/de\/saviotan\/saviotan-leather\/\" target=\"_self\"  class=\"qbutton  default scuro\" style=\"\">WEITER ZU DEN \u201eLEATHER\u201c PRODUKTEN<\/a>[\/qode_elements_holder_item][\/qode_elements_holder][\/vc_column_inner][\/vc_row_inner][\/vc_column][\/vc_row][vc_row css_animation=&#8220;&#8220; row_type=&#8220;row&#8220; use_row_as_full_screen_section=&#8220;no&#8220; type=&#8220;full_width&#8220; angled_section=&#8220;no&#8220; text_align=&#8220;left&#8220; background_image_as_pattern=&#8220;without_pattern&#8220; el_class=&#8220;riga-applicazioni-img-destra nascondi&#8220; z_index=&#8220;&#8220;][vc_column][vc_column_text]<a id=\"ancora-feed\"><\/a>[\/vc_column_text][vc_row_inner row_type=&#8220;row&#8220; type=&#8220;full_width&#8220; text_align=&#8220;left&#8220; css_animation=&#8220;&#8220;][vc_column_inner][qode_elements_holder number_of_columns=&#8220;two_columns&#8220; alignment_one_column=&#8220;center&#8220; custom_class=&#8220;colonne-applicazioni-invertite-mobile&#8220;][qode_elements_holder_item advanced_animations=&#8220;no&#8220; custom_class=&#8220;colonna-sx-img-destra&#8220;][vc_column_text]<\/p>\n<h2>Feed<\/h2>\n<p>[\/vc_column_text][vc_empty_space height=&#8220;22px&#8220;][vc_column_text]Nat\u00fcrliche Nahrungserg\u00e4nzungsmittel f\u00fcr die Gefl\u00fcgel-, Schweine- und Rinderzucht. Mehr Tiergesundheit und mehr Umweltschutz.<br \/>\nDie prim\u00e4re Wirkung von Saviotan<sup>\u00ae<\/sup> Feed besteht darin, sich selektiv an Proteine zu binden, was sich auch auf die Modulation bestimmter Enzymaktivit\u00e4ten auswirkt. Saviotan<sup>\u00ae<\/sup> Feed wirkt gegen Darmparasiten durch eine selektive Interaktion mit Zellmembranproteinen, wobei es den Austausch von Ionen und N\u00e4hrstoffen ver\u00e4ndert.[\/vc_column_text][vc_empty_space height=&#8220;22px&#8220;]<a  itemprop=\"url\" href=\"https:\/\/www.saviolife.com\/de\/saviotan\/saviotan-feed\/\" target=\"_self\"  class=\"qbutton  default scuro\" style=\"\">WEITER ZU DEN \u201eFEED\u201c PRODUKTEN<\/a>[\/qode_elements_holder_item][qode_elements_holder_item advanced_animations=&#8220;no&#8220; custom_class=&#8220;colonna-dx-img-destra&#8220;][vc_single_image image=&#8220;347&#8243; img_size=&#8220;full&#8220; alignment=&#8220;center&#8220; qode_css_animation=&#8220;&#8220;][\/qode_elements_holder_item][\/qode_elements_holder][\/vc_column_inner][\/vc_row_inner][\/vc_column][\/vc_row][vc_row css_animation=&#8220;&#8220; row_type=&#8220;row&#8220; use_row_as_full_screen_section=&#8220;no&#8220; type=&#8220;full_width&#8220; angled_section=&#8220;no&#8220; text_align=&#8220;left&#8220; background_image_as_pattern=&#8220;without_pattern&#8220; el_class=&#8220;riga-applicazioni-img-sinistra&#8220; z_index=&#8220;&#8220;][vc_column][vc_column_text]<a id=\"ancora-agro\"><\/a>[\/vc_column_text][vc_row_inner row_type=&#8220;row&#8220; type=&#8220;full_width&#8220; text_align=&#8220;left&#8220; css_animation=&#8220;&#8220;][vc_column_inner][qode_elements_holder number_of_columns=&#8220;two_columns&#8220; alignment_one_column=&#8220;center&#8220;][qode_elements_holder_item advanced_animations=&#8220;no&#8220; custom_class=&#8220;colonna-sx-img-sinistra&#8220;][vc_single_image image=&#8220;358&#8243; img_size=&#8220;full&#8220; alignment=&#8220;center&#8220; qode_css_animation=&#8220;&#8220;][\/qode_elements_holder_item][qode_elements_holder_item advanced_animations=&#8220;no&#8220; custom_class=&#8220;colonna-dx-img-sinistra&#8220;][vc_column_text]<\/p>\n<h2>Agro<\/h2>\n<p>[\/vc_column_text][vc_empty_space height=&#8220;22px&#8220;][vc_column_text]Gesunde Pflanzen und hoher Ertrag durch den Einsatz von Saviolife-D\u00fcngemitteln. Auch f\u00fcr den 100% biologischen Anbau.<br \/>\nSaviotan-Tannin ist das Ergebnis der Verarbeitung von Kastanienholz, das ein Qualit\u00e4tsprodukt f\u00fcr verschiedene Anwendungen liefert. Es handelt sich hierbei um hydrolysierbares Tannin, das sich auf nat\u00fcrliche Weise im Wasser l\u00f6st und somit eine effektive, jedoch nicht invasive Wirkung gew\u00e4hrleistet. Dieses Produkt ist in der \u00f6kologischen Landwirtschaft zugelassen und weist biostimulierende und sch\u00e4dlingsabweisende Eigenschaften auf. Hiermit leisten wir einen grundlegenden Beitrag zur nachhaltigen Landwirtschaft.[\/vc_column_text][vc_empty_space height=&#8220;22px&#8220;]<a  itemprop=\"url\" href=\"https:\/\/www.saviolife.com\/de\/saviotan\/saviotan-agro\/\" target=\"_self\"  class=\"qbutton  default scuro\" style=\"\">WEITER ZU DEN \u201eAGRO\u201c PRODUKTEN<\/a>[\/qode_elements_holder_item][\/qode_elements_holder][\/vc_column_inner][\/vc_row_inner][\/vc_column][\/vc_row]<\/p>\n<\/div>","protected":false},"excerpt":{"rendered":"<p>[vc_row css_animation=&#8220;&#8220; row_type=&#8220;row&#8220; use_row_as_full_screen_section=&#8220;no&#8220; type=&#8220;full_width&#8220; angled_section=&#8220;no&#8220; text_align=&#8220;left&#8220; background_image_as_pattern=&#8220;without_pattern&#8220; el_class=&#8220;riga-applicazioni-presentazione&#8220; z_index=&#8220;&#8220;][vc_column][vc_empty_space height=&#8220;200px&#8220; el_class=&#8220;spazio-50-mobile&#8220;][qode_elements_holder number_of_columns=&#8220;two_columns&#8220; alignment_one_column=&#8220;center&#8220;][qode_elements_holder_item advanced_animations=&#8220;no&#8220; custom_class=&#8220;colonna-sx-presentazione-applicazioni&#8220;][vc_empty_space height=&#8220;22px&#8220;][vc_column_text] Anwendungen [\/vc_column_text][vc_empty_space height=&#8220;22px&#8220;][vc_column_text] Die verschiedenen Wirtschaftsbereiche ben\u00f6tigen Konservierungsmittel, Antibiotika, D\u00fcngemittel und Pestizide f\u00fcr den Einsatz in Bereichen, die in Anbetracht ihrer Auswirkungen auf die Gesundheit des Menschen und&#8230;<\/p>\n","protected":false},"author":1,"featured_media":0,"parent":0,"menu_order":0,"comment_status":"closed","ping_status":"closed","template":"full_width.php","meta":{"footnotes":""},"class_list":["post-1442","page","type-page","status-publish","hentry"],"_links":{"self":[{"href":"https:\/\/saviolife.com\/de\/wp-json\/wp\/v2\/pages\/1442","targetHints":{"allow":["GET"]}}],"collection":[{"href":"https:\/\/saviolife.com\/de\/wp-json\/wp\/v2\/pages"}],"about":[{"href":"https:\/\/saviolife.com\/de\/wp-json\/wp\/v2\/types\/page"}],"author":[{"embeddable":true,"href":"https:\/\/saviolife.com\/de\/wp-json\/wp\/v2\/users\/1"}],"replies":[{"embeddable":true,"href":"https:\/\/saviolife.com\/de\/wp-json\/wp\/v2\/comments?post=1442"}],"version-history":[{"count":5,"href":"https:\/\/saviolife.com\/de\/wp-json\/wp\/v2\/pages\/1442\/revisions"}],"predecessor-version":[{"id":2762,"href":"https:\/\/saviolife.com\/de\/wp-json\/wp\/v2\/pages\/1442\/revisions\/2762"}],"wp:attachment":[{"href":"https:\/\/saviolife.com\/de\/wp-json\/wp\/v2\/media?parent=1442"}],"curies":[{"name":"wp","href":"https:\/\/api.w.org\/{rel}","templated":true}]}}