{"id":1453,"date":"2019-01-21T14:46:21","date_gmt":"2019-01-21T13:46:21","guid":{"rendered":"https:\/\/www.saviolife.com\/home-2\/"},"modified":"2021-03-16T16:55:36","modified_gmt":"2021-03-16T15:55:36","slug":"home-2","status":"publish","type":"page","link":"https:\/\/saviolife.com\/de\/","title":{"rendered":"Home"},"content":{"rendered":"<div class=\"wpb-content-wrapper\"><p>[vc_row css_animation=&#8220;&#8220; row_type=&#8220;row&#8220; use_row_as_full_screen_section=&#8220;no&#8220; type=&#8220;full_width&#8220; angled_section=&#8220;no&#8220; text_align=&#8220;left&#8220; background_image_as_pattern=&#8220;without_pattern&#8220; el_class=&#8220;slidehome&#8220; z_index=&#8220;100&#8243;][vc_column][rev_slider_vc alias=&#8220;home-de&#8220;][\/vc_column][\/vc_row][vc_row css_animation=&#8220;&#8220; row_type=&#8220;row&#8220; use_row_as_full_screen_section=&#8220;no&#8220; type=&#8220;full_width&#8220; angled_section=&#8220;no&#8220; text_align=&#8220;left&#8220; background_image_as_pattern=&#8220;without_pattern&#8220; z_index=&#8220;99&#8243; el_class=&#8220;riga_1&#8243; css=&#8220;.vc_custom_1548858434980{background-image: url(https:\/\/www.saviolife.com\/wp-content\/uploads\/2019\/01\/sfondo_riga_1.jpg?id=200) !important;}&#8220;][vc_column][vc_row_inner row_type=&#8220;row&#8220; type=&#8220;grid&#8220; text_align=&#8220;left&#8220; css_animation=&#8220;&#8220; css=&#8220;.vc_custom_1548858442744{background-image: url(https:\/\/www.saviolife.com\/wp-content\/uploads\/2019\/01\/sfondo_contenuto_1.jpg?id=201) !important;}&#8220; el_class=&#8220;riga_griglia_1&#8243;][vc_column_inner width=&#8220;1\/2&#8243; css=&#8220;.vc_custom_1548756738883{padding-right: 80px !important;}&#8220;][vc_column_text]<\/p>\n<h2><span style=\"color: #ffffff;\">Sie k\u00f6nnen jederzeit w\u00e4hlen<\/span><\/h2>\n<p>[\/vc_column_text][vc_empty_space height=&#8220;22px&#8220;][vc_column_text]<span style=\"color: #ffffff;\">Wir bei Saviolife haben uns f\u00fcr eine ethische und umweltfreundliche Produktion entschieden. Die Ergebnisse sind in vielen Wirtschaftsbereichen anwendbare Produkte, die achtsam mit dem Leben auf unserem Planeten umgehen.<\/span>[\/vc_column_text][vc_empty_space height=&#8220;22px&#8220;]<a  itemprop=\"url\" href=\"https:\/\/www.saviolife.com\/de\/anwendungen\/\" target=\"_self\"  class=\"qbutton  default\" style=\"\">ANWENDUNGEN &amp; WIRTSCHAFTSBEREICHE<i class=\"qodef-icon-linea-icon icon-arrows-slim-right qode_button_icon_element\" style=\"\" ><\/i><\/a>[\/vc_column_inner][vc_column_inner width=&#8220;1\/2&#8243;][\/vc_column_inner][\/vc_row_inner][\/vc_column][\/vc_row][vc_row css_animation=&#8220;&#8220; row_type=&#8220;row&#8220; use_row_as_full_screen_section=&#8220;no&#8220; type=&#8220;full_width&#8220; angled_section=&#8220;no&#8220; text_align=&#8220;left&#8220; background_image_as_pattern=&#8220;without_pattern&#8220; z_index=&#8220;9&#8243; css=&#8220;.vc_custom_1548924598200{margin-top: -30px !important;padding-top: 130px !important;}&#8220; el_class=&#8220;riga_icone&#8220;][vc_column][vc_row_inner row_type=&#8220;row&#8220; type=&#8220;grid&#8220; text_align=&#8220;left&#8220; css_animation=&#8220;&#8220;][vc_column_inner width=&#8220;1\/3&#8243;][vc_single_image image=&#8220;214&#8243; img_size=&#8220;full&#8220; alignment=&#8220;center&#8220; qode_css_animation=&#8220;element_from_fade&#8220; transition_delay=&#8220;0.3&#8243;][vc_empty_space height=&#8220;36px&#8220;][vc_column_text]<\/p>\n<h5 style=\"text-align: center;\">AGRO<\/h5>\n<p>[\/vc_column_text][vc_empty_space height=&#8220;28px&#8220;][vc_column_text]<\/p>\n<p style=\"text-align: center;\">Gesunde Pflanzen und hoher Ertrag durch den Einsatz von Saviolife-D\u00fcngemitteln. Auch f\u00fcr den 100% biologischen Anbau.<\/p>\n<p>[\/vc_column_text][vc_empty_space height=&#8220;28px&#8220;][\/vc_column_inner][vc_column_inner width=&#8220;1\/3&#8243;][vc_single_image image=&#8220;215&#8243; img_size=&#8220;full&#8220; alignment=&#8220;center&#8220; qode_css_animation=&#8220;element_from_fade&#8220; transition_delay=&#8220;0.6&#8243;][vc_empty_space height=&#8220;36px&#8220;][vc_column_text]<\/p>\n<h5 style=\"text-align: center;\">FEED<\/h5>\n<p>[\/vc_column_text][vc_empty_space height=&#8220;28px&#8220;][vc_column_text]<\/p>\n<p style=\"text-align: center;\">Nat\u00fcrliche Nahrungserg\u00e4nzungsmittel f\u00fcr die Gefl\u00fcgel-, Schweine- und Rinderzucht. Mehr Tiergesundheit und mehr Umweltschutz.<\/p>\n<p>[\/vc_column_text][vc_empty_space height=&#8220;28px&#8220;][\/vc_column_inner][vc_column_inner width=&#8220;1\/3&#8243;][vc_single_image image=&#8220;216&#8243; img_size=&#8220;full&#8220; alignment=&#8220;center&#8220; qode_css_animation=&#8220;element_from_fade&#8220; transition_delay=&#8220;0.9&#8243;][vc_empty_space height=&#8220;36px&#8220;][vc_column_text]<\/p>\n<h5 style=\"text-align: center;\">LEATHER<\/h5>\n<p>[\/vc_column_text][vc_empty_space height=&#8220;28px&#8220;][vc_column_text]<\/p>\n<p style=\"text-align: center;\">100% nat\u00fcrliches Tannin, besonders f\u00fcr die Verarbeitung von hochwertigem Leder geeignet. F\u00fcr ein weicheres und strapazierf\u00e4higeres Leder.<\/p>\n<p>[\/vc_column_text][vc_empty_space height=&#8220;28px&#8220;][\/vc_column_inner][\/vc_row_inner][\/vc_column][\/vc_row][vc_row css_animation=&#8220;&#8220; row_type=&#8220;row&#8220; use_row_as_full_screen_section=&#8220;no&#8220; type=&#8220;full_width&#8220; angled_section=&#8220;no&#8220; text_align=&#8220;left&#8220; background_image_as_pattern=&#8220;without_pattern&#8220; css=&#8220;.vc_custom_1548760726516{margin-top: -130px !important;}&#8220; z_index=&#8220;999&#8243;][vc_column][qode_elements_holder number_of_columns=&#8220;two_columns&#8220;][qode_elements_holder_item cover=&#8220;yes&#8220; vertical_alignment=&#8220;bottom&#8220; horizontal_alignment=&#8220;left&#8220; advanced_animations=&#8220;no&#8220; background_image=&#8220;219&#8243; item_padding=&#8220;45% 5% 0 18%&#8220; item_padding_1024_1280=&#8220;5%&#8220; item_padding_768_1024=&#8220;5%&#8220; item_padding_600_768=&#8220;5%&#8220; item_padding_480_600=&#8220;5%&#8220; item_padding_480=&#8220;5%&#8220; custom_class=&#8220;colonna_sinistra_saviotan&#8220;][vc_raw_html]JTNDZGl2JTIwY2xhc3MlM0QlMjJibG9jY29fdmVyZGVfaG9tZSUyMiUzRSUwQSUzQ2g2JTIwY2xhc3MlM0QlMjJ0aXRvbG9fYmxvY2NvX3ZlcmRlJTIyJTNFTkFUJUMzJTlDUkxJQ0hFUyUyMFRBTk5JTiUzQyUyRmg2JTNFJTBBJTNDcCUyMHN0eWxlJTNEJTIyY29sb3IlM0ElMjNmZmYlM0IlMjIlM0VEZXIlMjBadXNhdHpzdG9mZiUyMGYlQzMlQkNyJTIwZWluZSUyMGdlc3VuZGUlMjBJbmR1c3RyaWUlM0MlMkZwJTNFJTBBJTNDaDMlMjBjbGFzcyUzRCUyMnRlc3RvX2Jsb2Njb192ZXJkZSUyMiUzRU1pdCUyMGRlciUyMEVudHdpY2tsdW5nJTIwdm9uJTIwUHJvZHVrdGVuJTIwYXVmJTIwQmFzaXMlMjB2b24lMjBLYXN0YW5pZW4tVGFubmluJTIwdHJhZ2VuJTIwd2lyJTIwZGF6dSUyMGJlaSUyQyUyMGRhc3MlMjBkaWUlMjBpbmR1c3RyaWVsbGUlMjBQcm9kdWt0aW9uJTIwbmFjaGhhbHRpZ2VyJTIwd2lyZC4lM0MlMkZoMyUzRSUwQSUzQyUyRmRpdiUzRQ==[\/vc_raw_html][\/qode_elements_holder_item][qode_elements_holder_item vertical_alignment=&#8220;middle&#8220; horizontal_alignment=&#8220;left&#8220; advanced_animations=&#8220;no&#8220; background_image=&#8220;218&#8243; item_padding=&#8220;35% 30% 10% 5%&#8220; item_padding_600_768=&#8220;15%&#8220; item_padding_480_600=&#8220;25% 15% 15% 15%&#8220; item_padding_480=&#8220;25% 15% 15% 15%&#8220; custom_class=&#8220;colonna_saviotan&#8220;][vc_single_image image=&#8220;221&#8243; img_size=&#8220;full&#8220; qode_css_animation=&#8220;element_from_right&#8220; transition_delay=&#8220;0.3&#8243;][vc_empty_space][vc_column_text]Die verschiedenen Wirtschaftsbereiche ben\u00f6tigen Konservierungsmittel, Antibiotika, D\u00fcngemittel und Pestizide f\u00fcr den Einsatz in Bereichen, die in Anbetracht ihrer Auswirkungen auf die Gesundheit des Menschen und des ganzen Planeten als besonders sensibel zu betrachten sind: Ern\u00e4hrung, Landbau und Viehzucht. Bei Saviolife bieten wir eine Alternative zur Chemie: 100% nat\u00fcrliches Kastanien-Tannin, das ohne Verwendung von L\u00f6sungsmitteln ausschlie\u00dflich aus nachhaltig bewirtschafteten W\u00e4ldern gewonnen wird. Die Tanninverarbeitung steht im Mittelpunkt unseres Angebots, und jahrelange Forschung und Entwicklung haben es uns erm\u00f6glicht, spezifische Produkte f\u00fcr jeden industriellen Bedarf auf den Markt zu bringen.[\/vc_column_text][vc_empty_space height=&#8220;52px&#8220;]<a  itemprop=\"url\" href=\"https:\/\/www.saviolife.com\/de\/saviotan\/\" target=\"_self\"  class=\"qbutton  default scuro\" style=\"\">PRODUKTE AUF BASIS VON NAT\u00dcRLICHEM TANNIN<\/a>[\/qode_elements_holder_item][\/qode_elements_holder][\/vc_column][\/vc_row][vc_row css_animation=&#8220;&#8220; row_type=&#8220;row&#8220; use_row_as_full_screen_section=&#8220;no&#8220; type=&#8220;full_width&#8220; angled_section=&#8220;no&#8220; text_align=&#8220;left&#8220; background_image_as_pattern=&#8220;without_pattern&#8220; background_image=&#8220;30&#8243; background_color=&#8220;#f2f4f4&#8243; z_index=&#8220;99&#8243; el_class=&#8220;riganumeri&#8220; css=&#8220;.vc_custom_1548764511961{background-image: url(https:\/\/www.saviolife.com\/wp-content\/uploads\/2019\/01\/sfondo_riga_5.jpg?id=226) !important;background-position: center !important;background-repeat: no-repeat !important;background-size: cover !important;}&#8220;][vc_column][vc_empty_space height=&#8220;192px&#8220; el_class=&#8220;spazio_70&#8243;][vc_empty_space height=&#8220;50px&#8220;][vc_row_inner row_type=&#8220;row&#8220; type=&#8220;grid&#8220; text_align=&#8220;left&#8220; css_animation=&#8220;&#8220; el_class=&#8220;riga_numeri_1&#8243;][vc_column_inner el_class=&#8220;numeri&#8220; width=&#8220;1\/3&#8243; css=&#8220;.vc_custom_1530620011992{padding-right: 10px !important;padding-left: 10px !important;}&#8220;][vc_column_text]<\/p>\n<h2>Erhaltene Zertifizierungen<\/h2>\n<p>[\/vc_column_text][\/vc_column_inner][vc_column_inner el_class=&#8220;numeri&#8220; width=&#8220;1\/3&#8243; css=&#8220;.vc_custom_1530620040371{padding-right: 10px !important;padding-left: 10px !important;}&#8220;][vc_single_image image=&#8220;1286&#8243; img_size=&#8220;full&#8220; alignment=&#8220;center&#8220; qode_css_animation=&#8220;element_from_fade&#8220; transition_delay=&#8220;0.3&#8243;][\/vc_column_inner][vc_column_inner el_class=&#8220;numeri&#8220; width=&#8220;1\/3&#8243; css=&#8220;.vc_custom_1530620045255{padding-right: 10px !important;padding-left: 10px !important;}&#8220;][vc_single_image image=&#8220;1291&#8243; img_size=&#8220;full&#8220; alignment=&#8220;center&#8220; qode_css_animation=&#8220;element_from_fade&#8220; transition_delay=&#8220;0.6&#8243;][\/vc_column_inner][\/vc_row_inner][vc_empty_space height=&#8220;192px&#8220; el_class=&#8220;spazio_70&#8243;][\/vc_column][\/vc_row][vc_row css_animation=&#8220;&#8220; row_type=&#8220;row&#8220; use_row_as_full_screen_section=&#8220;no&#8220; type=&#8220;full_width&#8220; angled_section=&#8220;no&#8220; text_align=&#8220;left&#8220; background_image_as_pattern=&#8220;without_pattern&#8220; background_image=&#8220;63&#8243; z_index=&#8220;&#8220; el_class=&#8220;riga_4&#8243; css=&#8220;.vc_custom_1548765035586{padding-top: 15% !important;background-image: url(https:\/\/www.saviolife.com\/wp-content\/uploads\/2019\/01\/sfondo_riga_6.jpg?id=234) !important;}&#8220;][vc_column][vc_empty_space][vc_row_inner row_type=&#8220;row&#8220; type=&#8220;grid&#8220; text_align=&#8220;left&#8220; css_animation=&#8220;&#8220;][vc_column_inner width=&#8220;1\/3&#8243;][vc_single_image image=&#8220;243&#8243; img_size=&#8220;full&#8220; qode_css_animation=&#8220;element_from_fade&#8220; transition_delay=&#8220;0.3&#8243; el_class=&#8220;logo_sazolene&#8220;][\/vc_column_inner][vc_column_inner el_class=&#8220;colonna_sazolene&#8220; width=&#8220;2\/3&#8243; css=&#8220;.vc_custom_1548840079803{padding-top: 0px !important;padding-right: 8% !important;padding-left: 8% !important;}&#8220;][vc_column_text]<\/p>\n<h1><span style=\"color: #ffffff;\">Der Rhythmus der Natur<\/span><\/h1>\n<p>[\/vc_column_text][vc_empty_space][vc_column_text]<span style=\"color: #ffffff;\">Das Konzept von Sazolene entstand aus einer Kombination von \u00f6kologischem Bewusstsein, Forschung und Anwendung neuer Technologien. Das Ergebnis ist ein besonders innovativer Stickstoffd\u00fcnger, der in der Lage ist, Stickstoff in \u00dcbereinstimmung mit den Bed\u00fcrfnissen der Pflanzen abzugeben. Nichts wird verschwendet, nichts gelangt unn\u00f6tig in den Boden und in das Grundwasser. Jedes Granulatk\u00f6rnchen von Sazolene wird ausschlie\u00dflich von den Pflanzen verwendet, und all das mit erstaunlichen Ergebnissen.<\/span>[\/vc_column_text][vc_empty_space]<a  itemprop=\"url\" href=\"https:\/\/www.saviolife.com\/de\/sazolene\/\" target=\"_self\"  class=\"qbutton  default\" style=\"\">STICKSTOFFD\u00dcNGER MIT LANGSAMER FREISETZUNG<\/a>[\/vc_column_inner][\/vc_row_inner][vc_empty_space height=&#8220;150px&#8220;][vc_row_inner row_type=&#8220;row&#8220; type=&#8220;grid&#8220; text_align=&#8220;left&#8220; css_animation=&#8220;&#8220; css=&#8220;.vc_custom_1548840823411{padding-top: 0px !important;padding-bottom: 0px !important;}&#8220; el_class=&#8220;riga_prodotti&#8220;][vc_column_inner width=&#8220;1\/4&#8243; css=&#8220;.vc_custom_1548765200684{border-left-width: 1px !important;padding-top: 0px !important;padding-bottom: 0px !important;border-left-color: #ffffff !important;border-left-style: solid !important;}&#8220;][vc_column_text]<\/p>\n<h6><a href=\"https:\/\/www.saviolife.com\/de\/sazolene\/granulaten\/\"><span style=\"color: #ffffff;\">GRANULATEN<br \/>\nSAZOLENE 39G<\/span><\/a><\/h6>\n<p>[\/vc_column_text][\/vc_column_inner][vc_column_inner width=&#8220;1\/4&#8243; css=&#8220;.vc_custom_1548765211983{border-left-width: 1px !important;padding-top: 0px !important;padding-bottom: 0px !important;border-left-color: #ffffff !important;border-left-style: solid !important;}&#8220;][vc_column_text]<\/p>\n<h6><a href=\"https:\/\/www.saviolife.com\/de\/sazolene\/granulaten\/#ancora-npk\"><span style=\"color: #ffffff;\">GRANULATEN<br \/>\nNPK<\/span><\/a><\/h6>\n<p>[\/vc_column_text][\/vc_column_inner][vc_column_inner width=&#8220;1\/4&#8243; css=&#8220;.vc_custom_1548765225038{border-left-width: 1px !important;padding-top: 0px !important;padding-bottom: 0px !important;border-left-color: #ffffff !important;border-left-style: solid !important;}&#8220;][vc_column_text]<\/p>\n<h6><a href=\"https:\/\/www.saviolife.com\/de\/sazolene\/floessigprodukte\/\"><span style=\"color: #ffffff;\">FL\u00dcSSIGPRODUKTEN<br \/>\nSAZOLENE SC<\/span><\/a><\/h6>\n<p>[\/vc_column_text][\/vc_column_inner][vc_column_inner width=&#8220;1\/4&#8243; css=&#8220;.vc_custom_1548765238632{border-left-width: 1px !important;padding-top: 0px !important;padding-bottom: 0px !important;border-left-color: #ffffff !important;border-left-style: solid !important;}&#8220;][vc_column_text]<\/p>\n<h6><a href=\"https:\/\/www.saviolife.com\/de\/sazolene\/floessigprodukte\/#ancora-npk\"><span style=\"color: #ffffff;\">FL\u00dcSSIGPRODUKTEN<br \/>\nNPK<\/span><\/a><\/h6>\n<p>[\/vc_column_text][\/vc_column_inner][\/vc_row_inner][vc_empty_space height=&#8220;100px&#8220;][\/vc_column][\/vc_row][vc_row css_animation=&#8220;&#8220; row_type=&#8220;row&#8220; use_row_as_full_screen_section=&#8220;no&#8220; type=&#8220;full_width&#8220; angled_section=&#8220;no&#8220; text_align=&#8220;left&#8220; background_image_as_pattern=&#8220;without_pattern&#8220; css=&#8220;.vc_custom_1548769293583{background-image: url(https:\/\/www.saviolife.com\/wp-content\/uploads\/2019\/01\/sfondo_contatti.jpg?id=251) !important;}&#8220; z_index=&#8220;&#8220;][vc_column][vc_empty_space height=&#8220;100px&#8220;][vc_row_inner row_type=&#8220;row&#8220; type=&#8220;grid&#8220; text_align=&#8220;left&#8220; css_animation=&#8220;&#8220;][vc_column_inner][vc_column_text]<\/p>\n<h2><span style=\"color: #638a49;\">Kontaktieren Sie uns<\/span><\/h2>\n<p>[\/vc_column_text][\/vc_column_inner][\/vc_row_inner][vc_empty_space height=&#8220;80px&#8220;][vc_row_inner row_type=&#8220;row&#8220; type=&#8220;grid&#8220; text_align=&#8220;left&#8220; css_animation=&#8220;&#8220;][vc_column_inner]\n<div class=\"wpcf7 no-js\" id=\"wpcf7-f1507-o1\" lang=\"it-IT\" dir=\"ltr\" data-wpcf7-id=\"1507\">\n<div class=\"screen-reader-response\"><p role=\"status\" aria-live=\"polite\" aria-atomic=\"true\"><\/p> <ul><\/ul><\/div>\n<form action=\"\/de\/wp-json\/wp\/v2\/pages\/1453#wpcf7-f1507-o1\" method=\"post\" class=\"wpcf7-form init default\" aria-label=\"Modulo di contatto\" novalidate=\"novalidate\" data-status=\"init\">\n<fieldset class=\"hidden-fields-container\"><input type=\"hidden\" name=\"_wpcf7\" value=\"1507\" \/><input type=\"hidden\" name=\"_wpcf7_version\" value=\"6.1.3\" \/><input type=\"hidden\" name=\"_wpcf7_locale\" value=\"it_IT\" \/><input type=\"hidden\" name=\"_wpcf7_unit_tag\" value=\"wpcf7-f1507-o1\" \/><input type=\"hidden\" name=\"_wpcf7_container_post\" value=\"0\" \/><input type=\"hidden\" name=\"_wpcf7_posted_data_hash\" value=\"\" \/><input type=\"hidden\" name=\"_wpcf7_recaptcha_response\" value=\"\" \/>\n<\/fieldset>\n<div>\n\t<div class=\"colonna-1\">\n\t\t<p><span class=\"wpcf7-form-control-wrap\" data-name=\"nome\"><input size=\"40\" maxlength=\"400\" class=\"wpcf7-form-control wpcf7-text wpcf7-validates-as-required\" aria-required=\"true\" aria-invalid=\"false\" placeholder=\"Name*\" value=\"\" type=\"text\" name=\"nome\" \/><\/span><br \/>\n<span class=\"wpcf7-form-control-wrap\" data-name=\"mail\"><input size=\"40\" maxlength=\"400\" class=\"wpcf7-form-control wpcf7-email wpcf7-validates-as-required wpcf7-text wpcf7-validates-as-email\" aria-required=\"true\" aria-invalid=\"false\" placeholder=\"E-mail*\" value=\"\" type=\"email\" name=\"mail\" \/><\/span><br \/>\n<span class=\"wpcf7-form-control-wrap\" data-name=\"sito\"><input size=\"40\" maxlength=\"400\" class=\"wpcf7-form-control wpcf7-text\" aria-invalid=\"false\" placeholder=\"Unternehmen\" value=\"\" type=\"text\" name=\"sito\" \/><\/span>\n\t\t<\/p>\n\t<\/div>\n\t<div class=\"colonna-2\">\n\t\t<p><span class=\"wpcf7-form-control-wrap\" data-name=\"cognome\"><input size=\"40\" maxlength=\"400\" class=\"wpcf7-form-control wpcf7-text wpcf7-validates-as-required\" aria-required=\"true\" aria-invalid=\"false\" placeholder=\"Nachname*\" value=\"\" type=\"text\" name=\"cognome\" \/><\/span><br \/>\n<span class=\"wpcf7-form-control-wrap\" data-name=\"telefono\"><input size=\"40\" maxlength=\"400\" class=\"wpcf7-form-control wpcf7-tel wpcf7-validates-as-required wpcf7-text wpcf7-validates-as-tel\" aria-required=\"true\" aria-invalid=\"false\" placeholder=\"Telefon*\" value=\"\" type=\"tel\" name=\"telefono\" \/><\/span><br \/>\n<span class=\"wpcf7-form-control-wrap\" data-name=\"nazione\"><input size=\"40\" maxlength=\"400\" class=\"wpcf7-form-control wpcf7-text wpcf7-validates-as-required\" aria-required=\"true\" aria-invalid=\"false\" placeholder=\"Land*\" value=\"\" type=\"text\" name=\"nazione\" \/><\/span>\n\t\t<\/p>\n\t<\/div>\n\t<div class=\"colonna-3\">\n\t\t<p><span class=\"wpcf7-form-control-wrap\" data-name=\"piva\"><input size=\"40\" maxlength=\"400\" class=\"wpcf7-form-control wpcf7-text\" aria-invalid=\"false\" placeholder=\"USt.-IDNr.\" value=\"\" type=\"text\" name=\"piva\" \/><\/span><br \/>\n<span class=\"wpcf7-form-control-wrap\" data-name=\"messaggio\"><textarea cols=\"40\" rows=\"10\" maxlength=\"2000\" class=\"wpcf7-form-control wpcf7-textarea\" aria-invalid=\"false\" placeholder=\"Hinweis...\" name=\"messaggio\"><\/textarea><\/span>\n\t\t<\/p>\n\t<\/div>\n\t<p class=\"testo-accettazione\"><span class=\"wpcf7-form-control-wrap\" data-name=\"acceptance-40\"><span class=\"wpcf7-form-control wpcf7-acceptance\"><span class=\"wpcf7-list-item\"><input type=\"checkbox\" name=\"acceptance-40\" value=\"1\" aria-invalid=\"false\" \/><\/span><\/span><\/span>Durch das Anklicken von \"Nachricht senden\" erkl\u00e4re ich, dass ich den Inhalt der <a href=\"http:\/\/saviolife.com\/privacy-policy\" target=\"_blank\">Datenschutzerkl\u00e4rung<\/a> gelesen und akzeptiert habe.\n\t<\/p>\n\t<p><input class=\"wpcf7-form-control wpcf7-submit has-spinner\" type=\"submit\" value=\"INACHRICHT SENDEN\" \/>\n\t<\/p>\n<\/div><div class=\"wpcf7-response-output\" aria-hidden=\"true\"><\/div>\n<\/form>\n<\/div>\n[\/vc_column_inner][\/vc_row_inner][vc_empty_space height=&#8220;140px&#8220;][\/vc_column][\/vc_row]<\/p>\n<\/div>","protected":false},"excerpt":{"rendered":"<p>[vc_row css_animation=&#8220;&#8220; row_type=&#8220;row&#8220; use_row_as_full_screen_section=&#8220;no&#8220; type=&#8220;full_width&#8220; angled_section=&#8220;no&#8220; text_align=&#8220;left&#8220; background_image_as_pattern=&#8220;without_pattern&#8220; el_class=&#8220;slidehome&#8220; z_index=&#8220;100&#8243;][vc_column][rev_slider_vc alias=&#8220;home-de&#8220;][\/vc_column][\/vc_row][vc_row css_animation=&#8220;&#8220; row_type=&#8220;row&#8220; use_row_as_full_screen_section=&#8220;no&#8220; type=&#8220;full_width&#8220; angled_section=&#8220;no&#8220; text_align=&#8220;left&#8220; background_image_as_pattern=&#8220;without_pattern&#8220; z_index=&#8220;99&#8243; el_class=&#8220;riga_1&#8243; css=&#8220;.vc_custom_1548858434980{background-image: url(https:\/\/www.saviolife.com\/wp-content\/uploads\/2019\/01\/sfondo_riga_1.jpg?id=200) !important;}&#8220;][vc_column][vc_row_inner row_type=&#8220;row&#8220; type=&#8220;grid&#8220; text_align=&#8220;left&#8220; css_animation=&#8220;&#8220; css=&#8220;.vc_custom_1548858442744{background-image: url(https:\/\/www.saviolife.com\/wp-content\/uploads\/2019\/01\/sfondo_contenuto_1.jpg?id=201) !important;}&#8220; el_class=&#8220;riga_griglia_1&#8243;][vc_column_inner width=&#8220;1\/2&#8243; css=&#8220;.vc_custom_1548756738883{padding-right: 80px !important;}&#8220;][vc_column_text] Sie k\u00f6nnen jederzeit w\u00e4hlen [\/vc_column_text][vc_empty_space height=&#8220;22px&#8220;][vc_column_text]Wir bei Saviolife haben uns&#8230;<\/p>\n","protected":false},"author":1,"featured_media":0,"parent":0,"menu_order":0,"comment_status":"closed","ping_status":"closed","template":"full_width.php","meta":{"footnotes":""},"class_list":["post-1453","page","type-page","status-publish","hentry"],"_links":{"self":[{"href":"https:\/\/saviolife.com\/de\/wp-json\/wp\/v2\/pages\/1453","targetHints":{"allow":["GET"]}}],"collection":[{"href":"https:\/\/saviolife.com\/de\/wp-json\/wp\/v2\/pages"}],"about":[{"href":"https:\/\/saviolife.com\/de\/wp-json\/wp\/v2\/types\/page"}],"author":[{"embeddable":true,"href":"https:\/\/saviolife.com\/de\/wp-json\/wp\/v2\/users\/1"}],"replies":[{"embeddable":true,"href":"https:\/\/saviolife.com\/de\/wp-json\/wp\/v2\/comments?post=1453"}],"version-history":[{"count":4,"href":"https:\/\/saviolife.com\/de\/wp-json\/wp\/v2\/pages\/1453\/revisions"}],"predecessor-version":[{"id":2163,"href":"https:\/\/saviolife.com\/de\/wp-json\/wp\/v2\/pages\/1453\/revisions\/2163"}],"wp:attachment":[{"href":"https:\/\/saviolife.com\/de\/wp-json\/wp\/v2\/media?parent=1453"}],"curies":[{"name":"wp","href":"https:\/\/api.w.org\/{rel}","templated":true}]}}