{"id":1444,"date":"2019-01-29T09:44:36","date_gmt":"2019-01-29T08:44:36","guid":{"rendered":"https:\/\/www.saviolife.com\/applicazioni\/"},"modified":"2023-07-20T09:40:13","modified_gmt":"2023-07-20T07:40:13","slug":"applicazioni-2","status":"publish","type":"page","link":"https:\/\/saviolife.com\/en\/applicazioni-2\/","title":{"rendered":"Applicazioni"},"content":{"rendered":"<div class=\"wpb-content-wrapper\"><p>[vc_row css_animation=&#8221;&#8221; row_type=&#8221;row&#8221; use_row_as_full_screen_section=&#8221;no&#8221; type=&#8221;full_width&#8221; angled_section=&#8221;no&#8221; text_align=&#8221;left&#8221; background_image_as_pattern=&#8221;without_pattern&#8221; el_class=&#8221;riga-applicazioni-presentazione&#8221; z_index=&#8221;&#8221;][vc_column][vc_empty_space height=&#8221;200px&#8221;][qode_elements_holder number_of_columns=&#8221;two_columns&#8221; alignment_one_column=&#8221;center&#8221;][qode_elements_holder_item advanced_animations=&#8221;no&#8221; custom_class=&#8221;colonna-sx-presentazione-applicazioni&#8221;][vc_empty_space height=&#8221;22px&#8221;][vc_column_text]<\/p>\n<h1 style=\"text-align: left;\">Applicazioni<\/h1>\n<p>[\/vc_column_text][vc_empty_space height=&#8221;22px&#8221;][vc_column_text]<\/p>\n<p style=\"text-align: left;\">Alle industrie servono conservanti, antibiotici, fertilizzanti e pesticidi da utilizzare in ambiti estremamente delicati \u2013 perch\u00e9 coinvolgono la salute umana e del pianeta \u2013 come l\u2019alimentazione, l\u2019agricoltura e l\u2019allevamento.<\/p>\n<p style=\"text-align: left;\">Noi di Saviolife abbiamo scelto di concentrarci su una produzione etica e a basso impatto ambientale. Il risultato sono prodotti rispettosi della vita per tanti settori industriali.<\/p>\n<p>[\/vc_column_text][vc_empty_space height=&#8221;22px&#8221;][vc_row_inner row_type=&#8221;row&#8221; type=&#8221;full_width&#8221; text_align=&#8221;left&#8221; css_animation=&#8221;&#8221;][vc_column_inner width=&#8221;1\/3&#8243;][vc_empty_space height=&#8221;22px&#8221;][vc_single_image image=&#8221;216&#8243; img_size=&#8221;100&#215;101&#8243; alignment=&#8221;center&#8221; onclick=&#8221;custom_link&#8221; qode_css_animation=&#8221;&#8221; link=&#8221;#ancora-leather&#8221;][vc_empty_space height=&#8221;36px&#8221;][vc_column_text]<\/p>\n<h5 style=\"text-align: center;\"><a href=\"#ancora-leather\"><span style=\"color: #638a49;\"><u>LEATHER<\/u><\/span><\/a><\/h5>\n<p>[\/vc_column_text][vc_empty_space height=&#8221;22px&#8221;][\/vc_column_inner][vc_column_inner width=&#8221;1\/3&#8243;][vc_empty_space height=&#8221;22px&#8221;][vc_single_image image=&#8221;215&#8243; img_size=&#8221;100&#215;101&#8243; alignment=&#8221;center&#8221; onclick=&#8221;custom_link&#8221; qode_css_animation=&#8221;&#8221; link=&#8221;#ancora-feed&#8221;][vc_empty_space height=&#8221;36px&#8221;][vc_column_text]<\/p>\n<h5 style=\"text-align: center;\"><a href=\"#ancora-feed\"><span style=\"color: #638a49;\"><u>FEED<\/u><\/span><\/a><\/h5>\n<p>[\/vc_column_text][vc_empty_space height=&#8221;22px&#8221;][\/vc_column_inner][vc_column_inner width=&#8221;1\/3&#8243;][vc_empty_space height=&#8221;22px&#8221;][vc_single_image image=&#8221;214&#8243; img_size=&#8221;100&#215;101&#8243; alignment=&#8221;center&#8221; onclick=&#8221;custom_link&#8221; qode_css_animation=&#8221;&#8221; link=&#8221;#ancora-agro&#8221;][vc_empty_space height=&#8221;36px&#8221;][vc_column_text]<\/p>\n<h5 style=\"text-align: center;\"><a href=\"#ancora-agro\"><span style=\"color: #638a49;\"><u>AGRO<\/u><\/span><\/a><\/h5>\n<p>[\/vc_column_text][vc_empty_space height=&#8221;22px&#8221;][\/vc_column_inner][\/vc_row_inner][\/qode_elements_holder_item][qode_elements_holder_item advanced_animations=&#8221;no&#8221; custom_class=&#8221;colonna-mucca-applicazioni&#8221;][vc_single_image image=&#8221;435&#8243; img_size=&#8221;full&#8221; alignment=&#8221;center&#8221; qode_css_animation=&#8221;&#8221;][\/qode_elements_holder_item][\/qode_elements_holder][vc_empty_space height=&#8221;22px&#8221;][\/vc_column][\/vc_row][vc_row css_animation=&#8221;&#8221; row_type=&#8221;row&#8221; use_row_as_full_screen_section=&#8221;no&#8221; type=&#8221;full_width&#8221; angled_section=&#8221;no&#8221; text_align=&#8221;left&#8221; background_image_as_pattern=&#8221;without_pattern&#8221; el_class=&#8221;riga-applicazioni-img-sinistra&#8221; z_index=&#8221;&#8221;][vc_column][vc_column_text]<a id=\"ancora-leather\"><\/a>[\/vc_column_text][vc_row_inner row_type=&#8221;row&#8221; type=&#8221;full_width&#8221; text_align=&#8221;left&#8221; css_animation=&#8221;&#8221;][vc_column_inner][qode_elements_holder number_of_columns=&#8221;two_columns&#8221; alignment_one_column=&#8221;center&#8221;][qode_elements_holder_item advanced_animations=&#8221;no&#8221; custom_class=&#8221;colonna-sx-img-sinistra&#8221;][vc_single_image image=&#8221;364&#8243; img_size=&#8221;full&#8221; alignment=&#8221;center&#8221; qode_css_animation=&#8221;&#8221;][\/qode_elements_holder_item][qode_elements_holder_item advanced_animations=&#8221;no&#8221; custom_class=&#8221;colonna-dx-img-sinistra&#8221;][vc_column_text]<\/p>\n<h2>Leather<\/h2>\n<p>[\/vc_column_text][vc_empty_space height=&#8221;22px&#8221;][vc_column_text]Tannino 100% naturale specifico per la lavorazione di cuoio di alta qualit\u00e0. Per una pelle pi\u00f9 morbida e resistente.<br \/>\nEstraiamo il tannino solo da legno di castagno, con un processo naturale di lisciviazione in acqua, che lascia intatte le qualit\u00e0 delle molecole degli acidi organici che compongono il tannino. Abbiamo scelto di lavorare il castagno perch\u00e9 il tannino ricavato da questo legno \u00e8 idrolizzabile. Questa caratteristica permette un utilizzo ecologico e sicuro, oltre che fornire un prodotto di altissima qualit\u00e0.[\/vc_column_text][vc_empty_space height=&#8221;22px&#8221;]<a  itemprop=\"url\" href=\"https:\/\/www.saviolife.com\/saviotan\/saviotan-leather\/\" target=\"_self\"  class=\"qbutton  default scuro\" style=\"\">Vai ai prodotti Leather<\/a>[\/qode_elements_holder_item][\/qode_elements_holder][\/vc_column_inner][\/vc_row_inner][\/vc_column][\/vc_row][vc_row css_animation=&#8221;&#8221; row_type=&#8221;row&#8221; use_row_as_full_screen_section=&#8221;no&#8221; type=&#8221;full_width&#8221; angled_section=&#8221;no&#8221; text_align=&#8221;left&#8221; background_image_as_pattern=&#8221;without_pattern&#8221; el_class=&#8221;riga-applicazioni-img-destra nascondi&#8221; z_index=&#8221;&#8221;][vc_column][vc_column_text]<a id=\"ancora-feed\"><\/a>[\/vc_column_text][vc_row_inner row_type=&#8221;row&#8221; type=&#8221;full_width&#8221; text_align=&#8221;left&#8221; css_animation=&#8221;&#8221;][vc_column_inner][qode_elements_holder number_of_columns=&#8221;two_columns&#8221; alignment_one_column=&#8221;center&#8221; custom_class=&#8221;colonne-applicazioni-invertite-mobile&#8221;][qode_elements_holder_item advanced_animations=&#8221;no&#8221; custom_class=&#8221;colonna-sx-img-destra&#8221;][vc_column_text]<\/p>\n<h2>Feed<\/h2>\n<p>[\/vc_column_text][vc_empty_space height=&#8221;22px&#8221;][vc_column_text]Integratori naturali per allevamenti avicoli, suini e bovini. Pi\u00f9 salute per gli animali e pi\u00f9 rispetto dell\u2019ambiente.<br \/>\nL\u2019effetto primario di Saviotan\u00ae Feed \u00e8 legarsi alle proteine in modo selettivo, che si riflette anche nella modulazione di alcune attivit\u00e0 enzimatiche. Questo \u00e8 il modo d\u2019azione di Saviotan\u00ae Feed nei confronti dei parassiti intestinali: interazione selettiva con le proteine della membrana cellulare, con alterazione dello scambio di ioni e sostanze nutritive.[\/vc_column_text][vc_empty_space height=&#8221;22px&#8221;]<a  itemprop=\"url\" href=\"https:\/\/www.saviolife.com\/saviotan\/saviotan-feed\/\" target=\"_self\"  class=\"qbutton  default scuro\" style=\"\">Vai ai prodotti Feed<\/a>[\/qode_elements_holder_item][qode_elements_holder_item advanced_animations=&#8221;no&#8221; custom_class=&#8221;colonna-dx-img-destra&#8221;][vc_single_image image=&#8221;347&#8243; img_size=&#8221;full&#8221; alignment=&#8221;center&#8221; qode_css_animation=&#8221;&#8221;][\/qode_elements_holder_item][\/qode_elements_holder][\/vc_column_inner][\/vc_row_inner][\/vc_column][\/vc_row][vc_row css_animation=&#8221;&#8221; row_type=&#8221;row&#8221; use_row_as_full_screen_section=&#8221;no&#8221; type=&#8221;full_width&#8221; angled_section=&#8221;no&#8221; text_align=&#8221;left&#8221; background_image_as_pattern=&#8221;without_pattern&#8221; el_class=&#8221;riga-applicazioni-img-sinistra&#8221; z_index=&#8221;&#8221;][vc_column][vc_column_text]<a id=\"ancora-agro\"><\/a>[\/vc_column_text][vc_row_inner row_type=&#8221;row&#8221; type=&#8221;full_width&#8221; text_align=&#8221;left&#8221; css_animation=&#8221;&#8221;][vc_column_inner][qode_elements_holder number_of_columns=&#8221;two_columns&#8221; alignment_one_column=&#8221;center&#8221;][qode_elements_holder_item advanced_animations=&#8221;no&#8221; custom_class=&#8221;colonna-sx-img-sinistra&#8221;][vc_single_image image=&#8221;358&#8243; img_size=&#8221;full&#8221; alignment=&#8221;center&#8221; qode_css_animation=&#8221;&#8221;][\/qode_elements_holder_item][qode_elements_holder_item advanced_animations=&#8221;no&#8221; custom_class=&#8221;colonna-dx-img-sinistra&#8221;][vc_column_text]<\/p>\n<h2>Agro<\/h2>\n<p>[\/vc_column_text][vc_empty_space height=&#8221;22px&#8221;][vc_column_text]Piante in salute e performance assicurata con l\u2019uso dei fertilizzanti Saviolife. Anche per coltivazione 100% biologica.<br \/>\nIl tannino Saviotan \u00e8 il prodotto della lavorazione del legno di castagno, che restituisce un derivato di qualit\u00e0 per diversi utilizzi. Si tratta di un tannino idrolizzabile che si disperde in maniera naturale in acqua e per questo garantisce un\u2019azione efficace, ma non invasiva. \u00c8 un prodotto consentito in agricoltura biologica, che possiede caratteristiche biostimolanti e dissuasive per parassiti. Il tutto per dare un apporto fondamentale a un\u2019agricoltura sostenibile.[\/vc_column_text][vc_empty_space height=&#8221;22px&#8221;]<a  itemprop=\"url\" href=\"https:\/\/www.saviolife.com\/saviotan\/saviotan-agro\/\" target=\"_self\"  class=\"qbutton  default scuro\" style=\"\">Vai ai prodotti Agro<\/a>[\/qode_elements_holder_item][\/qode_elements_holder][\/vc_column_inner][\/vc_row_inner][\/vc_column][\/vc_row]<\/p>\n<\/div>","protected":false},"excerpt":{"rendered":"<p>[vc_row css_animation=&#8221;&#8221; row_type=&#8221;row&#8221; use_row_as_full_screen_section=&#8221;no&#8221; type=&#8221;full_width&#8221; angled_section=&#8221;no&#8221; text_align=&#8221;left&#8221; background_image_as_pattern=&#8221;without_pattern&#8221; el_class=&#8221;riga-applicazioni-presentazione&#8221; z_index=&#8221;&#8221;][vc_column][vc_empty_space height=&#8221;200px&#8221;][qode_elements_holder number_of_columns=&#8221;two_columns&#8221; alignment_one_column=&#8221;center&#8221;][qode_elements_holder_item advanced_animations=&#8221;no&#8221; custom_class=&#8221;colonna-sx-presentazione-applicazioni&#8221;][vc_empty_space height=&#8221;22px&#8221;][vc_column_text] Applicazioni [\/vc_column_text][vc_empty_space height=&#8221;22px&#8221;][vc_column_text] Alle industrie servono conservanti, antibiotici, fertilizzanti e pesticidi da utilizzare in ambiti estremamente delicati \u2013 perch\u00e9 coinvolgono la salute umana e del pianeta \u2013 come l\u2019alimentazione,&#8230;<\/p>\n","protected":false},"author":1,"featured_media":0,"parent":0,"menu_order":0,"comment_status":"closed","ping_status":"closed","template":"full_width.php","meta":{"footnotes":""},"class_list":["post-1444","page","type-page","status-publish","hentry"],"_links":{"self":[{"href":"https:\/\/saviolife.com\/en\/wp-json\/wp\/v2\/pages\/1444","targetHints":{"allow":["GET"]}}],"collection":[{"href":"https:\/\/saviolife.com\/en\/wp-json\/wp\/v2\/pages"}],"about":[{"href":"https:\/\/saviolife.com\/en\/wp-json\/wp\/v2\/types\/page"}],"author":[{"embeddable":true,"href":"https:\/\/saviolife.com\/en\/wp-json\/wp\/v2\/users\/1"}],"replies":[{"embeddable":true,"href":"https:\/\/saviolife.com\/en\/wp-json\/wp\/v2\/comments?post=1444"}],"version-history":[{"count":1,"href":"https:\/\/saviolife.com\/en\/wp-json\/wp\/v2\/pages\/1444\/revisions"}],"predecessor-version":[{"id":2765,"href":"https:\/\/saviolife.com\/en\/wp-json\/wp\/v2\/pages\/1444\/revisions\/2765"}],"wp:attachment":[{"href":"https:\/\/saviolife.com\/en\/wp-json\/wp\/v2\/media?parent=1444"}],"curies":[{"name":"wp","href":"https:\/\/api.w.org\/{rel}","templated":true}]}}