{"id":1361,"date":"2019-02-05T13:15:15","date_gmt":"2019-02-05T12:15:15","guid":{"rendered":"https:\/\/www.saviolife.com\/saviotan-agro\/"},"modified":"2021-03-19T17:12:11","modified_gmt":"2021-03-19T16:12:11","slug":"saviotan-agro","status":"publish","type":"page","link":"https:\/\/saviolife.com\/es\/saviotan\/saviotan-agro\/","title":{"rendered":"Saviotan Agro"},"content":{"rendered":"<div class=\"wpb-content-wrapper\"><p>[vc_row css_animation=\u00bb\u00bb row_type=\u00bbrow\u00bb use_row_as_full_screen_section=\u00bbno\u00bb type=\u00bbfull_width\u00bb angled_section=\u00bbno\u00bb text_align=\u00bbleft\u00bb background_image_as_pattern=\u00bbwithout_pattern\u00bb anchor=\u00bbrow1&#8243; background_image=\u00bb1191&#8243; z_index=\u00bb1&#8243; el_class=\u00bbriga_1&#8243;][vc_column][qode_elements_holder number_of_columns=\u00bbtwo_columns\u00bb][qode_elements_holder_item advanced_animations=\u00bbno\u00bb][\/qode_elements_holder_item][qode_elements_holder_item vertical_alignment=\u00bbmiddle\u00bb horizontal_alignment=\u00bbcenter\u00bb advanced_animations=\u00bbno\u00bb item_padding=\u00bb20% 0% 20% 0%\u00bb item_padding_1280_1440=\u00bb20% 0% 20% 0%\u00bb item_padding_1024_1280=\u00bb20% 0% 20% 0%\u00bb item_padding_768_1024=\u00bb5% 0% 5% 0%\u00bb][vc_single_image image=\u00bb2393&#8243; img_size=\u00bbfull\u00bb alignment=\u00bbcenter\u00bb qode_css_animation=\u00bb\u00bb][vc_empty_space height=\u00bb22px\u00bb][vc_column_text]<\/p>\n<h3><span style=\"color: #95b516;\"><em>+Salud para las plantas +Protecci\u00f3n<\/em><\/span><\/h3>\n<p>[\/vc_column_text][\/qode_elements_holder_item][\/qode_elements_holder][\/vc_column][\/vc_row][vc_row css_animation=\u00bb\u00bb row_type=\u00bbrow\u00bb use_row_as_full_screen_section=\u00bbno\u00bb type=\u00bbfull_width\u00bb angled_section=\u00bbno\u00bb text_align=\u00bbcenter\u00bb background_image_as_pattern=\u00bbwithout_pattern\u00bb background_image=\u00bb218&#8243; background_color=\u00bb#d1dac5&#8243; z_index=\u00bb\u00bb el_class=\u00bbriga_2_feed\u00bb][vc_column][vc_row_inner row_type=\u00bbrow\u00bb type=\u00bbgrid\u00bb text_align=\u00bbleft\u00bb css_animation=\u00bb\u00bb][vc_column_inner][vc_empty_space height=\u00bb62px\u00bb][vc_column_text]<\/p>\n<h2 style=\"text-align: center;\">Taninos naturales para una agricultura sostenible<\/h2>\n<p>[\/vc_column_text][vc_empty_space height=\u00bb60px\u00bb][\/vc_column_inner][\/vc_row_inner][vc_row_inner row_type=\u00bbrow\u00bb type=\u00bbgrid\u00bb text_align=\u00bbleft\u00bb css_animation=\u00bb\u00bb][vc_column_inner][vc_column_text]<\/p>\n<p style=\"text-align: center;\">El tanino Saviotan es el producto del procesamiento de la madera de casta\u00f1o, que ofrece un derivado de calidad para diversos usos. Se trata de un tanino hidrolizable que se dispersa de manera natural en agua y por lo tanto garantiza una acci\u00f3n eficaz, pero no invasiva. Es un producto permitido en la agricultura org\u00e1nica, con caracter\u00edsticas bioestimulantes y disuasivas para par\u00e1sitos. Todo esto representa una contribuci\u00f3n fundamental para una agricultura sostenible.<\/p>\n<p>[\/vc_column_text][\/vc_column_inner][\/vc_row_inner][vc_empty_space height=\u00bb60px\u00bb][vc_row_inner row_type=\u00bbrow\u00bb type=\u00bbgrid\u00bb text_align=\u00bbcenter\u00bb css_animation=\u00bb\u00bb][vc_column_inner width=\u00bb1\/3&#8243;][vc_single_image image=\u00bb1127&#8243; img_size=\u00bbfull\u00bb alignment=\u00bbcenter\u00bb qode_css_animation=\u00bbelement_from_fade\u00bb transition_delay=\u00bb0.3&#8243;][vc_empty_space height=\u00bb20px\u00bb][vc_column_text]<\/p>\n<p style=\"text-align: center;\"><strong>Modulador<br \/>\nde entomofauna<\/strong><\/p>\n<p>[\/vc_column_text][vc_empty_space height=\u00bb20px\u00bb][\/vc_column_inner][vc_column_inner width=\u00bb1\/3&#8243;][vc_single_image image=\u00bb1122&#8243; img_size=\u00bbfull\u00bb alignment=\u00bbcenter\u00bb qode_css_animation=\u00bbelement_from_fade\u00bb transition_delay=\u00bb0.6&#8243;][vc_empty_space height=\u00bb20px\u00bb][vc_column_text]<\/p>\n<p style=\"text-align: center;\"><strong>Bioestimulante<br \/>\nradical<\/strong><\/p>\n<p>[\/vc_column_text][vc_empty_space height=\u00bb20px\u00bb][\/vc_column_inner][vc_column_inner width=\u00bb1\/3&#8243;][vc_single_image image=\u00bb1117&#8243; img_size=\u00bbfull\u00bb alignment=\u00bbcenter\u00bb qode_css_animation=\u00bbelement_from_fade\u00bb transition_delay=\u00bb0.9&#8243;][vc_empty_space height=\u00bb20px\u00bb][vc_column_text]<\/p>\n<p style=\"text-align: center;\"><strong>Permitido en<br \/>\nla agricultura org\u00e1nica<\/strong><\/p>\n<p>[\/vc_column_text][vc_empty_space height=\u00bb20px\u00bb][\/vc_column_inner][\/vc_row_inner][vc_empty_space height=\u00bb52px\u00bb][vc_empty_space height=\u00bb52px\u00bb][\/vc_column][\/vc_row][vc_row css_animation=\u00bb\u00bb row_type=\u00bbrow\u00bb use_row_as_full_screen_section=\u00bbno\u00bb type=\u00bbfull_width\u00bb angled_section=\u00bbno\u00bb text_align=\u00bbleft\u00bb background_image_as_pattern=\u00bbwithout_pattern\u00bb anchor=\u00bbfertilizzanti-e-antiparassitari\u00bb background_color=\u00bb#ffffff\u00bb z_index=\u00bb\u00bb el_class=\u00bbriga-applicazioni-img-destra\u00bb][vc_column][vc_row_inner row_type=\u00bbrow\u00bb type=\u00bbfull_width\u00bb text_align=\u00bbleft\u00bb css_animation=\u00bb\u00bb][vc_column_inner][qode_elements_holder number_of_columns=\u00bbtwo_columns\u00bb custom_class=\u00bbcolonne-applicazioni-invertite-mobile\u00bb][qode_elements_holder_item advanced_animations=\u00bbno\u00bb custom_class=\u00bbcolonna-sx-img-destra\u00bb][vc_column_text]<\/p>\n<h2>Bioestimulantes y disuasores naturales<\/h2>\n<p>[\/vc_column_text][vc_empty_space height=\u00bb42px\u00bb][vc_column_text]<span style=\"color: #808080;\">El tanino Saviotan es una sustancia derivada del procesamiento de la madera de casta\u00f1o que posee propiedades bioestimulantes y disuasivas naturales.<\/span><\/p>\n<p>&nbsp;<\/p>\n<p><span style=\"color: #808080;\">Los productos de la l\u00ednea:<\/span><\/p>\n<ul>\n<li><span style=\"color: #808080;\">T L\u00edquido<\/span><\/li>\n<li><span style=\"color: #808080;\">T Polvo<\/span><\/li>\n<li><span style=\"color: #808080;\">TLHC<\/span><\/li>\n<\/ul>\n<p>[\/vc_column_text][vc_empty_space height=\u00bb42px\u00bb][\/qode_elements_holder_item][qode_elements_holder_item advanced_animations=\u00bbno\u00bb background_image=\u00bb387&#8243; custom_class=\u00bbcolonna-dx-img-destra\u00bb][vc_single_image image=\u00bb1171&#8243; img_size=\u00bbfull\u00bb alignment=\u00bbcenter\u00bb qode_css_animation=\u00bb\u00bb][\/qode_elements_holder_item][\/qode_elements_holder][\/vc_column_inner][\/vc_row_inner][\/vc_column][\/vc_row][vc_row css_animation=\u00bb\u00bb row_type=\u00bbrow\u00bb use_row_as_full_screen_section=\u00bbno\u00bb type=\u00bbfull_width\u00bb angled_section=\u00bbno\u00bb text_align=\u00bbleft\u00bb background_image_as_pattern=\u00bbwithout_pattern\u00bb anchor=\u00bbfibra-e-cippato\u00bb background_color=\u00bb#ffffff\u00bb z_index=\u00bb\u00bb el_class=\u00bbriga-applicazioni-img-sinistra\u00bb][vc_column][vc_row_inner row_type=\u00bbrow\u00bb type=\u00bbfull_width\u00bb text_align=\u00bbleft\u00bb css_animation=\u00bb\u00bb][vc_column_inner][qode_elements_holder number_of_columns=\u00bbtwo_columns\u00bb][qode_elements_holder_item advanced_animations=\u00bbno\u00bb background_image=\u00bb397&#8243; custom_class=\u00bbcolonna-sx-img-sinistra\u00bb][vc_single_image image=\u00bb1178&#8243; img_size=\u00bbfull\u00bb alignment=\u00bbcenter\u00bb qode_css_animation=\u00bb\u00bb][\/qode_elements_holder_item][qode_elements_holder_item advanced_animations=\u00bbno\u00bb custom_class=\u00bbcolonna-dx-img-sinistra\u00bb][vc_column_text]<\/p>\n<h2>Fibra y chips<\/h2>\n<p>[\/vc_column_text][vc_empty_space height=\u00bb42px\u00bb][vc_column_text]<span style=\"color: #808080;\">En la producci\u00f3n de fertilizantes y bioestimulantes naturales, Saviotan aprovecha todos los productos del procesamiento para crear su fibra y sus chips, \u00fatiles respectivamente como sustituto sostenible de la turba y como material para mantillo de cobertura.<\/span><\/p>\n<p>&nbsp;<\/p>\n<p><span style=\"color: #808080;\">Los productos de la l\u00ednea:<\/span><\/p>\n<ul>\n<li class=\"p1\"><span style=\"color: #808080;\">SavioAgro Fiber<\/span><\/li>\n<li class=\"p1\"><span style=\"color: #808080;\">Garden Chip Wood 10-40<\/span><\/li>\n<\/ul>\n<p>[\/vc_column_text][vc_empty_space height=\u00bb35px\u00bb][\/qode_elements_holder_item][\/qode_elements_holder][\/vc_column_inner][\/vc_row_inner][\/vc_column][\/vc_row][vc_row css_animation=\u00bb\u00bb row_type=\u00bbrow\u00bb use_row_as_full_screen_section=\u00bbno\u00bb type=\u00bbfull_width\u00bb angled_section=\u00bbno\u00bb text_align=\u00bbleft\u00bb background_image_as_pattern=\u00bbwithout_pattern\u00bb anchor=\u00bbriga_applicazioni\u00bb background_image=\u00bb226&#8243; z_index=\u00bb\u00bb][vc_column][vc_empty_space height=\u00bb150px\u00bb][vc_row_inner row_type=\u00bbrow\u00bb type=\u00bbgrid\u00bb text_align=\u00bbleft\u00bb css_animation=\u00bb\u00bb][vc_column_inner width=\u00bb2\/6&#8243;][vc_column_text]<\/p>\n<h2>Aplicaciones<\/h2>\n<p>[\/vc_column_text][vc_empty_space][vc_column_text]<span style=\"color: #6b6b6b;\">La versatilidad del tanino Saviotan permite amplios campos de utilizaci\u00f3n como bioestimulante, permitido en agricultura biol\u00f3gica, disuasor natural, para mantillo de cobertura y como sustituto natural de la turba para la producci\u00f3n de humus y tierra vegetal.<\/span>[\/vc_column_text][vc_empty_space][\/vc_column_inner][vc_column_inner el_class=\u00bbcolonna_applicazioni_icone\u00bb width=\u00bb1\/6&#8243;][vc_empty_space height=\u00bb20px\u00bb][vc_single_image image=\u00bb1137&#8243; img_size=\u00bbfull\u00bb alignment=\u00bbcenter\u00bb qode_css_animation=\u00bbelement_from_fade\u00bb transition_delay=\u00bb0.3&#8243;][vc_empty_space height=\u00bb20px\u00bb][vc_column_text]<\/p>\n<p style=\"text-align: center;\"><strong>Bioestimulante <\/strong><\/p>\n<p style=\"text-align: center;\"><strong>natural<\/strong><\/p>\n<p>[\/vc_column_text][vc_empty_space height=\u00bb20px\u00bb][\/vc_column_inner][vc_column_inner el_class=\u00bbcolonna_applicazioni_icone\u00bb width=\u00bb1\/6&#8243;][vc_empty_space height=\u00bb20px\u00bb][vc_single_image image=\u00bb1127&#8243; img_size=\u00bbfull\u00bb alignment=\u00bbcenter\u00bb qode_css_animation=\u00bbelement_from_fade\u00bb transition_delay=\u00bb0.6&#8243;][vc_empty_space height=\u00bb20px\u00bb][vc_column_text]<\/p>\n<p style=\"text-align: center;\"><strong>Modulador<\/strong><\/p>\n<p style=\"text-align: center;\"><strong>de entomofauna<\/strong><\/p>\n<p>[\/vc_column_text][vc_empty_space height=\u00bb20px\u00bb][\/vc_column_inner][vc_column_inner el_class=\u00bbcolonna_applicazioni_icone\u00bb width=\u00bb1\/6&#8243;][vc_empty_space height=\u00bb20px\u00bb][vc_single_image image=\u00bb1132&#8243; img_size=\u00bbfull\u00bb alignment=\u00bbcenter\u00bb qode_css_animation=\u00bbelement_from_fade\u00bb transition_delay=\u00bb0.9&#8243;][vc_empty_space height=\u00bb20px\u00bb][vc_column_text]<\/p>\n<p style=\"text-align: center;\"><strong>Para mantillo<\/strong><\/p>\n<p style=\"text-align: center;\"><strong>de cobertura<\/strong><\/p>\n<p>[\/vc_column_text][vc_empty_space height=\u00bb20px\u00bb][\/vc_column_inner][vc_column_inner el_class=\u00bbcolonna_applicazioni_icone\u00bb width=\u00bb1\/6&#8243;][vc_empty_space height=\u00bb20px\u00bb][vc_single_image image=\u00bb1142&#8243; img_size=\u00bbfull\u00bb alignment=\u00bbcenter\u00bb qode_css_animation=\u00bbelement_from_fade\u00bb transition_delay=\u00bb1.2&#8243;][vc_empty_space height=\u00bb20px\u00bb][vc_column_text]<\/p>\n<p style=\"text-align: center;\"><strong>Para enriquecer humus <\/strong><\/p>\n<p style=\"text-align: center;\"><strong>y tierra vegetal<\/strong><\/p>\n<p>[\/vc_column_text][vc_empty_space height=\u00bb20px\u00bb][\/vc_column_inner][\/vc_row_inner][vc_empty_space height=\u00bb150px\u00bb][\/vc_column][\/vc_row]<\/p>\n<\/div>","protected":false},"excerpt":{"rendered":"<p>[vc_row css_animation=\u00bb\u00bb row_type=\u00bbrow\u00bb use_row_as_full_screen_section=\u00bbno\u00bb type=\u00bbfull_width\u00bb angled_section=\u00bbno\u00bb text_align=\u00bbleft\u00bb background_image_as_pattern=\u00bbwithout_pattern\u00bb anchor=\u00bbrow1&#8243; background_image=\u00bb1191&#8243; z_index=\u00bb1&#8243; el_class=\u00bbriga_1&#8243;][vc_column][qode_elements_holder number_of_columns=\u00bbtwo_columns\u00bb][qode_elements_holder_item advanced_animations=\u00bbno\u00bb][\/qode_elements_holder_item][qode_elements_holder_item vertical_alignment=\u00bbmiddle\u00bb horizontal_alignment=\u00bbcenter\u00bb advanced_animations=\u00bbno\u00bb item_padding=\u00bb20% 0% 20% 0%\u00bb item_padding_1280_1440=\u00bb20% 0% 20% 0%\u00bb item_padding_1024_1280=\u00bb20% 0% 20% 0%\u00bb item_padding_768_1024=\u00bb5% 0% 5% 0%\u00bb][vc_single_image image=\u00bb2393&#8243; img_size=\u00bbfull\u00bb alignment=\u00bbcenter\u00bb qode_css_animation=\u00bb\u00bb][vc_empty_space height=\u00bb22px\u00bb][vc_column_text] +Salud para las plantas +Protecci\u00f3n [\/vc_column_text][\/qode_elements_holder_item][\/qode_elements_holder][\/vc_column][\/vc_row][vc_row css_animation=\u00bb\u00bb&#8230;<\/p>\n","protected":false},"author":1,"featured_media":0,"parent":1418,"menu_order":0,"comment_status":"closed","ping_status":"closed","template":"full_width.php","meta":{"footnotes":""},"class_list":["post-1361","page","type-page","status-publish","hentry"],"_links":{"self":[{"href":"https:\/\/saviolife.com\/es\/wp-json\/wp\/v2\/pages\/1361","targetHints":{"allow":["GET"]}}],"collection":[{"href":"https:\/\/saviolife.com\/es\/wp-json\/wp\/v2\/pages"}],"about":[{"href":"https:\/\/saviolife.com\/es\/wp-json\/wp\/v2\/types\/page"}],"author":[{"embeddable":true,"href":"https:\/\/saviolife.com\/es\/wp-json\/wp\/v2\/users\/1"}],"replies":[{"embeddable":true,"href":"https:\/\/saviolife.com\/es\/wp-json\/wp\/v2\/comments?post=1361"}],"version-history":[{"count":4,"href":"https:\/\/saviolife.com\/es\/wp-json\/wp\/v2\/pages\/1361\/revisions"}],"predecessor-version":[{"id":2399,"href":"https:\/\/saviolife.com\/es\/wp-json\/wp\/v2\/pages\/1361\/revisions\/2399"}],"up":[{"embeddable":true,"href":"https:\/\/saviolife.com\/es\/wp-json\/wp\/v2\/pages\/1418"}],"wp:attachment":[{"href":"https:\/\/saviolife.com\/es\/wp-json\/wp\/v2\/media?parent=1361"}],"curies":[{"name":"wp","href":"https:\/\/api.w.org\/{rel}","templated":true}]}}