{"id":1365,"date":"2019-02-05T13:14:22","date_gmt":"2019-02-05T12:14:22","guid":{"rendered":"https:\/\/www.saviolife.com\/saviotan-feed\/"},"modified":"2023-07-20T09:24:23","modified_gmt":"2023-07-20T07:24:23","slug":"saviotan-feed","status":"publish","type":"page","link":"https:\/\/saviolife.com\/es\/saviotan\/saviotan-feed\/","title":{"rendered":"Saviotan Feed"},"content":{"rendered":"<div class=\"wpb-content-wrapper\"><p>[vc_row css_animation=\u00bb\u00bb row_type=\u00bbrow\u00bb use_row_as_full_screen_section=\u00bbno\u00bb type=\u00bbfull_width\u00bb angled_section=\u00bbno\u00bb text_align=\u00bbleft\u00bb background_image_as_pattern=\u00bbwithout_pattern\u00bb el_class=\u00bbintroduzione-slide-feed\u00bb z_index=\u00bb\u00bb][vc_column][vc_row_inner row_type=\u00bbrow\u00bb type=\u00bbfull_width\u00bb text_align=\u00bbleft\u00bb css_animation=\u00bb\u00bb][vc_column_inner][qode_elements_holder number_of_columns=\u00bbtwo_columns\u00bb alignment_one_column=\u00bbcenter\u00bb][qode_elements_holder_item advanced_animations=\u00bbno\u00bb][\/qode_elements_holder_item][qode_elements_holder_item advanced_animations=\u00bbno\u00bb custom_class=\u00bbcolonna-dx-slider-feed\u00bb][vc_single_image image=\u00bb2412&#8243; img_size=\u00bbfull\u00bb alignment=\u00bbcenter\u00bb qode_css_animation=\u00bb\u00bb][vc_empty_space height=\u00bb22px\u00bb][vc_column_text]<\/p>\n<h3 style=\"text-align: center;\"><span style=\"color: #008086;\">+Salud + Rendimiento<\/span><\/h3>\n<p>[\/vc_column_text][vc_empty_space height=\u00bb22px\u00bb][vc_column_text]<\/p>\n<p style=\"text-align: center;\"><img decoding=\"async\" class=\"alignnone wp-image-1286 size-full\" src=\"https:\/\/www.saviolife.com\/wp-content\/uploads\/2019\/02\/fami-1.png\" alt=\"\" width=\"181\" height=\"90\" \/>\u00a0<img decoding=\"async\" class=\"alignnone wp-image-1291 size-full\" src=\"https:\/\/www.saviolife.com\/wp-content\/uploads\/2019\/02\/gmp-1.png\" alt=\"\" width=\"143\" height=\"71\" \/><\/p>\n<p>[\/vc_column_text][vc_empty_space height=\u00bb22px\u00bb][\/qode_elements_holder_item][\/qode_elements_holder][\/vc_column_inner][\/vc_row_inner][\/vc_column][\/vc_row][vc_row css_animation=\u00bb\u00bb row_type=\u00bbrow\u00bb use_row_as_full_screen_section=\u00bbno\u00bb type=\u00bbfull_width\u00bb angled_section=\u00bbno\u00bb text_align=\u00bbcenter\u00bb background_image_as_pattern=\u00bbwithout_pattern\u00bb z_index=\u00bb\u00bb el_class=\u00bbriga-tannino-idrolizzabile nascondi\u00bb][vc_column][vc_row_inner row_type=\u00bbrow\u00bb type=\u00bbgrid\u00bb text_align=\u00bbleft\u00bb css_animation=\u00bb\u00bb][vc_column_inner][vc_empty_space height=\u00bb62px\u00bb][vc_column_text]<\/p>\n<h2 style=\"text-align: center;\">Tanino hidrolizable de casta\u00f1o aditivo<\/h2>\n<h2 style=\"text-align: center;\">para la alimentaci\u00f3n zoot\u00e9cnica<\/h2>\n<p>[\/vc_column_text][vc_empty_space height=\u00bb72px\u00bb][\/vc_column_inner][\/vc_row_inner][vc_row_inner row_type=\u00bbrow\u00bb type=\u00bbgrid\u00bb text_align=\u00bbleft\u00bb css_animation=\u00bb\u00bb][vc_column_inner el_class=\u00bbrigapaddingmobile\u00bb width=\u00bb1\/2&#8243; css=\u00bb.vc_custom_1519918287544{padding-right: 80px !important;padding-left: 100px !important;}\u00bb][vc_column_text]<\/p>\n<p style=\"text-align: left;\"><strong>Saviotan\u00ae Feed<\/strong> es un astringente y antis\u00e9ptico natural que reduce de modo dr\u00e1stico el uso de antibi\u00f3ticos. Un producto innovador que se est\u00e1 difundiendo r\u00e1pidamente en el campo de la alimentaci\u00f3n av\u00edcola, de porcinos y bovinos.<\/p>\n<p>[\/vc_column_text][\/vc_column_inner][vc_column_inner width=\u00bb1\/2&#8243;]\n<div class=\"q_pie_graf_holder q-pie-chart-full\">\n\t<div class=\"q_pie_graf\" data-values=\"[55,29,16]\" data-colors=\"[&quot;#3B8B94&quot;,&quot;#F1A63B&quot;,&quot;#91D56D&quot;]\">\n\t\t<canvas id=\"pie9922\" height=\"198px\" width=\"198px\"><\/canvas>\n\t<\/div>\n\t<div class=\"q_pie_graf_legend\">\n\t\t<ul>\n\t\t\t\t\t\t\t<li>\n\t\t\t\t\t<div class='color_holder' style=\"background-color:#3B8B94\"><\/div>\n\t\t\t\t\t<p style=\"color: #968765\">Taninos elagicos<\/p>\n\t\t\t\t<\/li>\n\t\t\t\t\t\t\t<li>\n\t\t\t\t\t<div class='color_holder' style=\"background-color:#F1A63B\"><\/div>\n\t\t\t\t\t<p style=\"color: #968765\">Taninos galos<\/p>\n\t\t\t\t<\/li>\n\t\t\t\t\t\t\t<li>\n\t\t\t\t\t<div class='color_holder' style=\"background-color:#91D56D\"><\/div>\n\t\t\t\t\t<p style=\"color: #968765\">Otros componentes<\/p>\n\t\t\t\t<\/li>\n\t\t\t\t\t<\/ul>\n\t<\/div>\n<\/div>\n[\/vc_column_inner][\/vc_row_inner][vc_empty_space height=\u00bb60px\u00bb][vc_row_inner row_type=\u00bbrow\u00bb type=\u00bbgrid\u00bb text_align=\u00bbcenter\u00bb css_animation=\u00bb\u00bb][vc_column_inner width=\u00bb1\/3&#8243;][vc_single_image image=\u00bb747&#8243; img_size=\u00bbfull\u00bb alignment=\u00bbcenter\u00bb qode_css_animation=\u00bbelement_from_fade\u00bb transition_delay=\u00bb0.3&#8243;][vc_empty_space height=\u00bb20px\u00bb][vc_column_text]<\/p>\n<p style=\"text-align: center;\"><strong>Compatible con los est\u00e1ndares<\/strong><\/p>\n<p style=\"text-align: center;\"><strong>de producci\u00f3n org\u00e1nica<\/strong><\/p>\n<p>[\/vc_column_text][vc_empty_space height=\u00bb40px\u00bb][\/vc_column_inner][vc_column_inner width=\u00bb1\/3&#8243;][vc_single_image image=\u00bb752&#8243; img_size=\u00bbfull\u00bb alignment=\u00bbcenter\u00bb qode_css_animation=\u00bbelement_from_fade\u00bb transition_delay=\u00bb0.6&#8243;][vc_empty_space height=\u00bb20px\u00bb][vc_column_text]<\/p>\n<p style=\"text-align: center;\"><strong>Reducci\u00f3n del impacto <\/strong><\/p>\n<p style=\"text-align: center;\"><strong>zoot\u00e9cnico sobre el medio ambiente<\/strong><\/p>\n<p>[\/vc_column_text][vc_empty_space height=\u00bb40px\u00bb][\/vc_column_inner][vc_column_inner width=\u00bb1\/3&#8243;][vc_single_image image=\u00bb757&#8243; img_size=\u00bbfull\u00bb alignment=\u00bbcenter\u00bb qode_css_animation=\u00bbelement_from_fade\u00bb transition_delay=\u00bb0.9&#8243;][vc_empty_space height=\u00bb20px\u00bb][vc_column_text]<\/p>\n<p style=\"text-align: center;\"><strong>Alternativa al uso de antibi\u00f3ticos <\/strong><\/p>\n<p style=\"text-align: center;\"><strong>gracias a la importante acci\u00f3n <\/strong><\/p>\n<p style=\"text-align: center;\"><strong>antimicrobiana<\/strong><\/p>\n<p>[\/vc_column_text][vc_empty_space height=\u00bb40px\u00bb][\/vc_column_inner][\/vc_row_inner][vc_empty_space height=\u00bb52px\u00bb][\/vc_column][\/vc_row][vc_row css_animation=\u00bb\u00bb row_type=\u00bbrow\u00bb use_row_as_full_screen_section=\u00bbno\u00bb type=\u00bbfull_width\u00bb angled_section=\u00bbno\u00bb text_align=\u00bbleft\u00bb background_image_as_pattern=\u00bbwithout_pattern\u00bb el_class=\u00bbriga-prodotti-feed nascondi\u00bb z_index=\u00bb\u00bb][vc_column][vc_row_inner row_type=\u00bbrow\u00bb type=\u00bbfull_width\u00bb text_align=\u00bbleft\u00bb css_animation=\u00bb\u00bb][vc_column_inner][qode_elements_holder number_of_columns=\u00bbthree_columns\u00bb][qode_elements_holder_item vertical_alignment=\u00bbtop\u00bb advanced_animations=\u00bbno\u00bb custom_class=\u00bbcolonna-prodotti-feed\u00bb][vc_single_image image=\u00bb1240&#8243; img_size=\u00bbfull\u00bb alignment=\u00bbcenter\u00bb qode_css_animation=\u00bb\u00bb][vc_empty_space height=\u00bb22px\u00bb][vc_column_text]<\/p>\n<h2>Avicultura<\/h2>\n<p>[\/vc_column_text][vc_empty_space height=\u00bb22px\u00bb][vc_column_text]<\/p>\n<ul style=\"list-style-position: outside;\">\n<li>Mejor conversi\u00f3n de las prote\u00ednas de la raci\u00f3n<\/li>\n<li>Mejor composici\u00f3n de las deyecciones<\/li>\n<li>Reducci\u00f3n del contenido de colesterol en la yema del huevo<\/li>\n<li>Reducci\u00f3n de radicales libres: m\u00e1s bienestar animal, mejor crecimiento<\/li>\n<\/ul>\n<p>[\/vc_column_text][vc_empty_space height=\u00bb22px\u00bb]<a  itemprop=\"url\" href=\"https:\/\/www.saviolife.com\/es\/productos\/saviotan\/saviotan-feed\/saviotan-feed-avicultura\/\" target=\"_self\"  class=\"qbutton  default scuro\" style=\"\">ALIMENTACI\u00d3N AV\u00cdCOLA<\/a>[vc_empty_space height=\u00bb22px\u00bb]<a  itemprop=\"url\" href=\"https:\/\/www.saviolife.com\/wp-content\/uploads\/2021\/03\/saviotan_feed_avicolo.pdf\" target=\"_blank\"  class=\"qbutton  default scuro\" style=\"\">DESCARGAR FOLLETO<\/a>[vc_empty_space height=\u00bb52px\u00bb][\/qode_elements_holder_item][qode_elements_holder_item vertical_alignment=\u00bbtop\u00bb advanced_animations=\u00bbno\u00bb custom_class=\u00bbcolonna-prodotti-feed\u00bb][vc_single_image image=\u00bb1245&#8243; img_size=\u00bbfull\u00bb alignment=\u00bbcenter\u00bb qode_css_animation=\u00bb\u00bb][vc_empty_space height=\u00bb22px\u00bb][vc_column_text]<\/p>\n<h2>Bovinos<\/h2>\n<p>[\/vc_column_text][vc_empty_space height=\u00bb22px\u00bb][vc_column_text]<\/p>\n<ul style=\"list-style-position: outside;\">\n<li>Control de parasitosis<\/li>\n<li>Control de estr\u00e9s oxidativo<\/li>\n<li>Mejoramiento de la calidad de leche y carne<\/li>\n<li>Reducci\u00f3n del impacto zoot\u00e9cnico sobre el medio ambiente<\/li>\n<li>Compatible con los est\u00e1ndares de producci\u00f3n org\u00e1nica<\/li>\n<\/ul>\n<p>[\/vc_column_text][vc_empty_space height=\u00bb22px\u00bb]<a  itemprop=\"url\" href=\"https:\/\/www.saviolife.com\/es\/productos\/saviotan\/saviotan-feed\/saviotan-feed-bovino\/\" target=\"_self\"  class=\"qbutton  default scuro\" style=\"\">ALIMENTACI\u00d3N BOVINA<\/a>[vc_empty_space height=\u00bb22px\u00bb]<a  itemprop=\"url\" href=\"https:\/\/www.saviolife.com\/wp-content\/uploads\/2021\/03\/saviotan_feed_bovino.pdf\" target=\"_blank\"  class=\"qbutton  default scuro\" style=\"\">DESCARGAR FOLLETO<\/a>[vc_empty_space height=\u00bb52px\u00bb][\/qode_elements_holder_item][qode_elements_holder_item vertical_alignment=\u00bbtop\u00bb advanced_animations=\u00bbno\u00bb custom_class=\u00bbcolonna-prodotti-feed\u00bb][vc_single_image image=\u00bb1250&#8243; img_size=\u00bbfull\u00bb alignment=\u00bbcenter\u00bb qode_css_animation=\u00bb\u00bb][vc_empty_space height=\u00bb22px\u00bb][vc_column_text]<\/p>\n<h2>Porcinos<\/h2>\n<p>[\/vc_column_text][vc_empty_space height=\u00bb22px\u00bb][vc_column_text]<\/p>\n<ul style=\"list-style-position: outside;\">\n<li>Mejoramiento del uso de las prote\u00ednas alimentarias<\/li>\n<li>Mejoramiento de la calidad de la carne<\/li>\n<li>Reducci\u00f3n de la cantidad de nitr\u00f3geno urinario<\/li>\n<li>Enriquecimiento del tejido adiposo con \u00e1cidos saludables<\/li>\n<\/ul>\n<p>[\/vc_column_text][vc_empty_space height=\u00bb49px\u00bb]<a  itemprop=\"url\" href=\"https:\/\/www.saviolife.com\/es\/productos\/saviotan\/saviotan-feed\/saviotan-feed-porcino\/\" target=\"_self\"  class=\"qbutton  default scuro\" style=\"\">ALIMENTACI\u00d3N PORCINA<\/a>[vc_empty_space height=\u00bb22px\u00bb]<a  itemprop=\"url\" href=\"https:\/\/www.saviolife.com\/wp-content\/uploads\/2021\/03\/saviotan_feed_suino.pdf\" target=\"_blank\"  class=\"qbutton  default scuro\" style=\"\">DESCARGAR FOLLETO<\/a>[vc_empty_space height=\u00bb52px\u00bb][\/qode_elements_holder_item][\/qode_elements_holder][\/vc_column_inner][\/vc_row_inner][\/vc_column][\/vc_row]<\/p>\n<\/div>","protected":false},"excerpt":{"rendered":"<p>[vc_row css_animation=\u00bb\u00bb row_type=\u00bbrow\u00bb use_row_as_full_screen_section=\u00bbno\u00bb type=\u00bbfull_width\u00bb angled_section=\u00bbno\u00bb text_align=\u00bbleft\u00bb background_image_as_pattern=\u00bbwithout_pattern\u00bb el_class=\u00bbintroduzione-slide-feed\u00bb z_index=\u00bb\u00bb][vc_column][vc_row_inner row_type=\u00bbrow\u00bb type=\u00bbfull_width\u00bb text_align=\u00bbleft\u00bb css_animation=\u00bb\u00bb][vc_column_inner][qode_elements_holder number_of_columns=\u00bbtwo_columns\u00bb alignment_one_column=\u00bbcenter\u00bb][qode_elements_holder_item advanced_animations=\u00bbno\u00bb][\/qode_elements_holder_item][qode_elements_holder_item advanced_animations=\u00bbno\u00bb custom_class=\u00bbcolonna-dx-slider-feed\u00bb][vc_single_image image=\u00bb2412&#8243; img_size=\u00bbfull\u00bb alignment=\u00bbcenter\u00bb qode_css_animation=\u00bb\u00bb][vc_empty_space height=\u00bb22px\u00bb][vc_column_text] +Salud + Rendimiento [\/vc_column_text][vc_empty_space height=\u00bb22px\u00bb][vc_column_text] \u00a0 [\/vc_column_text][vc_empty_space height=\u00bb22px\u00bb][\/qode_elements_holder_item][\/qode_elements_holder][\/vc_column_inner][\/vc_row_inner][\/vc_column][\/vc_row][vc_row css_animation=\u00bb\u00bb row_type=\u00bbrow\u00bb use_row_as_full_screen_section=\u00bbno\u00bb type=\u00bbfull_width\u00bb angled_section=\u00bbno\u00bb text_align=\u00bbcenter\u00bb background_image_as_pattern=\u00bbwithout_pattern\u00bb z_index=\u00bb\u00bb el_class=\u00bbriga-tannino-idrolizzabile nascondi\u00bb][vc_column][vc_row_inner row_type=\u00bbrow\u00bb type=\u00bbgrid\u00bb text_align=\u00bbleft\u00bb&#8230;<\/p>\n","protected":false},"author":1,"featured_media":0,"parent":1418,"menu_order":0,"comment_status":"closed","ping_status":"closed","template":"full_width.php","meta":{"footnotes":""},"class_list":["post-1365","page","type-page","status-publish","hentry"],"_links":{"self":[{"href":"https:\/\/saviolife.com\/es\/wp-json\/wp\/v2\/pages\/1365","targetHints":{"allow":["GET"]}}],"collection":[{"href":"https:\/\/saviolife.com\/es\/wp-json\/wp\/v2\/pages"}],"about":[{"href":"https:\/\/saviolife.com\/es\/wp-json\/wp\/v2\/types\/page"}],"author":[{"embeddable":true,"href":"https:\/\/saviolife.com\/es\/wp-json\/wp\/v2\/users\/1"}],"replies":[{"embeddable":true,"href":"https:\/\/saviolife.com\/es\/wp-json\/wp\/v2\/comments?post=1365"}],"version-history":[{"count":5,"href":"https:\/\/saviolife.com\/es\/wp-json\/wp\/v2\/pages\/1365\/revisions"}],"predecessor-version":[{"id":2748,"href":"https:\/\/saviolife.com\/es\/wp-json\/wp\/v2\/pages\/1365\/revisions\/2748"}],"up":[{"embeddable":true,"href":"https:\/\/saviolife.com\/es\/wp-json\/wp\/v2\/pages\/1418"}],"wp:attachment":[{"href":"https:\/\/saviolife.com\/es\/wp-json\/wp\/v2\/media?parent=1365"}],"curies":[{"name":"wp","href":"https:\/\/api.w.org\/{rel}","templated":true}]}}