{"id":1372,"date":"2019-02-05T13:13:49","date_gmt":"2019-02-05T12:13:49","guid":{"rendered":"https:\/\/www.saviolife.com\/saviotan-leather\/"},"modified":"2021-03-19T17:25:57","modified_gmt":"2021-03-19T16:25:57","slug":"saviotan-leather","status":"publish","type":"page","link":"https:\/\/saviolife.com\/es\/saviotan\/saviotan-leather\/","title":{"rendered":"Saviotan Leather"},"content":{"rendered":"<div class=\"wpb-content-wrapper\"><p>[vc_row css_animation=\u00bb\u00bb row_type=\u00bbrow\u00bb use_row_as_full_screen_section=\u00bbno\u00bb type=\u00bbfull_width\u00bb angled_section=\u00bbno\u00bb text_align=\u00bbleft\u00bb background_image_as_pattern=\u00bbwithout_pattern\u00bb el_class=\u00bbintroduzione-slide-leather\u00bb z_index=\u00bb\u00bb][vc_column][vc_row_inner row_type=\u00bbrow\u00bb type=\u00bbfull_width\u00bb text_align=\u00bbleft\u00bb css_animation=\u00bb\u00bb][vc_column_inner][qode_elements_holder number_of_columns=\u00bbtwo_columns\u00bb alignment_one_column=\u00bbcenter\u00bb][qode_elements_holder_item advanced_animations=\u00bbno\u00bb][\/qode_elements_holder_item][qode_elements_holder_item advanced_animations=\u00bbno\u00bb custom_class=\u00bbcolonna-dx-slider-leather\u00bb][vc_single_image image=\u00bb2400&#8243; img_size=\u00bbfull\u00bb alignment=\u00bbcenter\u00bb qode_css_animation=\u00bb\u00bb][vc_empty_space height=\u00bb22px\u00bb][vc_column_text]<\/p>\n<h3 style=\"text-align: center;\"><span style=\"color: #85252b;\">+ Piel Natural + Resistencia<\/span><\/h3>\n<p>[\/vc_column_text][vc_empty_space height=\u00bb22px\u00bb][vc_single_image image=\u00bb574&#8243; img_size=\u00bb117&#215;120&#8243; alignment=\u00bbcenter\u00bb qode_css_animation=\u00bb\u00bb][vc_empty_space height=\u00bb22px\u00bb][vc_column_text css=\u00bb.vc_custom_1616170887121{padding-right: 5% !important;padding-left: 5% !important;}\u00bb]<\/p>\n<p style=\"text-align: center;\"><span style=\"color: #5e2815;\">La marca Cuoio di Toscana expresa la vocaci\u00f3n por la excelencia del Consorzio Vero Cuoio Italiano. Su objetivo principal es la difusi\u00f3n de una cultura m\u00e1s consciente del cuero para suela.<\/span><\/p>\n<p>[\/vc_column_text][\/qode_elements_holder_item][\/qode_elements_holder][\/vc_column_inner][\/vc_row_inner][\/vc_column][\/vc_row][vc_row css_animation=\u00bb\u00bb row_type=\u00bbrow\u00bb use_row_as_full_screen_section=\u00bbno\u00bb type=\u00bbfull_width\u00bb angled_section=\u00bbno\u00bb text_align=\u00bbleft\u00bb background_image_as_pattern=\u00bbwithout_pattern\u00bb el_class=\u00bbriga-applicazioni-img-sinistra\u00bb z_index=\u00bb\u00bb][vc_column el_class=\u00bbleather\u00bb][vc_row_inner row_type=\u00bbrow\u00bb type=\u00bbfull_width\u00bb text_align=\u00bbleft\u00bb css_animation=\u00bb\u00bb][vc_column_inner][qode_elements_holder number_of_columns=\u00bbtwo_columns\u00bb alignment_one_column=\u00bbcenter\u00bb][qode_elements_holder_item advanced_animations=\u00bbno\u00bb custom_class=\u00bbcolonna-sx-img-sinistra\u00bb][vc_single_image image=\u00bb491&#8243; img_size=\u00bbfull\u00bb alignment=\u00bbcenter\u00bb qode_css_animation=\u00bb\u00bb][\/qode_elements_holder_item][qode_elements_holder_item advanced_animations=\u00bbno\u00bb custom_class=\u00bbcolonna-dx-img-sinistra\u00bb][vc_column_text]<\/p>\n<h2>Extractos astringentes<\/h2>\n<p>[\/vc_column_text][vc_empty_space height=\u00bb22px\u00bb][vc_column_text]Los extractos Saviotan Leather astringentes se utilizan sobre todo en los procedimientos de curtido lento y en tina, pero tambi\u00e9n en el curtido r\u00e1pido. Gracias a sus caracter\u00edsticas qu\u00edmicas, proporciona a la piel mayor resistencia contra el desgaste, aumenta la impermeabilidad y, al mismo tiempo, mejora su transpirabilidad permitiendo a la suela el intercambio de ox\u00edgeno con el exterior y, por lo tanto, la \u201crespiraci\u00f3n\u201d.[\/vc_column_text][vc_empty_space height=\u00bb22px\u00bb][vc_column_text]<strong>A <\/strong>\u2013 l\u00edquido y polvo<br \/>\nEl tanino de la tradici\u00f3n<\/p>\n<p><strong>AC<\/strong> \u2013 l\u00edquido<br \/>\nPrincipio activo m\u00e1s concentrado<\/p>\n<p><strong>AS<\/strong> \u2013 l\u00edquido y polvo<br \/>\nPrincipio activo levemente modificado en el pH<\/p>\n<p><strong>ASV<\/strong> \u2013 l\u00edquido<br \/>\nUn tanino muy claro[\/vc_column_text][\/qode_elements_holder_item][\/qode_elements_holder][\/vc_column_inner][\/vc_row_inner][\/vc_column][\/vc_row][vc_row css_animation=\u00bb\u00bb row_type=\u00bbrow\u00bb use_row_as_full_screen_section=\u00bbno\u00bb type=\u00bbfull_width\u00bb angled_section=\u00bbno\u00bb text_align=\u00bbleft\u00bb background_image_as_pattern=\u00bbwithout_pattern\u00bb el_class=\u00bbriga-applicazioni-img-destra\u00bb z_index=\u00bb\u00bb][vc_column el_class=\u00bbleather\u00bb][vc_row_inner row_type=\u00bbrow\u00bb type=\u00bbfull_width\u00bb text_align=\u00bbleft\u00bb css_animation=\u00bb\u00bb][vc_column_inner][qode_elements_holder number_of_columns=\u00bbtwo_columns\u00bb alignment_one_column=\u00bbcenter\u00bb custom_class=\u00bbcolonne-applicazioni-invertite-mobile\u00bb][qode_elements_holder_item advanced_animations=\u00bbno\u00bb custom_class=\u00bbcolonna-sx-img-destra\u00bb][vc_column_text]<\/p>\n<h2>Extractos endulzados<\/h2>\n<p>[\/vc_column_text][vc_empty_space height=\u00bb22px\u00bb][vc_column_text]Los extractos Saviotan Leather endulzados se caracterizan por tener un pH, modificado, m\u00e1s alto respecto a los extractos astringentes, lo que permite a los taninos penetrar en la piel ya curtida y tratada precedentemente y transferir las propias caracter\u00edsticas al producto acabado. Son extractos hidrolizables, como los extractos astringentes, en consecuencia, garantizan al cuero un procesamiento m\u00e1s limpio y un curtido m\u00e1s delicado.[\/vc_column_text][vc_empty_space height=\u00bb22px\u00bb][vc_column_text]<strong>R<\/strong> \u2013 l\u00edquido<br \/>\nPara bonded leather<\/p>\n<p><strong>RT<\/strong> \u2013 l\u00edquido<br \/>\nPara cuero muy oscuro pero flexible<\/p>\n<p><strong>RS<\/strong> \u2013 l\u00edquido y polvo<br \/>\nEl endulzado de la tradici\u00f3n[\/vc_column_text][\/qode_elements_holder_item][qode_elements_holder_item advanced_animations=\u00bbno\u00bb custom_class=\u00bbcolonna-dx-img-destra\u00bb][vc_single_image image=\u00bb498&#8243; img_size=\u00bbfull\u00bb alignment=\u00bbcenter\u00bb qode_css_animation=\u00bb\u00bb][\/qode_elements_holder_item][\/qode_elements_holder][\/vc_column_inner][\/vc_row_inner][\/vc_column][\/vc_row][vc_row css_animation=\u00bb\u00bb row_type=\u00bbrow\u00bb use_row_as_full_screen_section=\u00bbno\u00bb type=\u00bbfull_width\u00bb angled_section=\u00bbno\u00bb text_align=\u00bbleft\u00bb background_image_as_pattern=\u00bbwithout_pattern\u00bb anchor=\u00bbriga_applicazioni\u00bb z_index=\u00bb\u00bb][vc_column][vc_empty_space height=\u00bb150px\u00bb el_class=\u00bbspazio-50-mobile\u00bb][vc_row_inner row_type=\u00bbrow\u00bb type=\u00bbgrid\u00bb text_align=\u00bbleft\u00bb css_animation=\u00bb\u00bb][vc_column_inner el_class=\u00bbtesto-centrato-mobile\u00bb width=\u00bb2\/6&#8243;][vc_column_text]<\/p>\n<h2>Aplicaciones<\/h2>\n<p>[\/vc_column_text][vc_empty_space][vc_column_text]<\/p>\n<p style=\"text-align: left;\">Las suelas del calzado, as\u00ed como los tacos, necesitan un curtido lento con m\u00e9todo cl\u00e1sico, con la utilizaci\u00f3n de extractos de tanino de casta\u00f1o astringentes. Saviotan Leather, mediante el curtido de las pieles, da vida a un cuero de muy alta calidad, con elevada resistencia.<br \/>\nEl cuero destinado a la producci\u00f3n de cinturones debe poseer espec\u00edficas caracter\u00edsticas, que los extractos endulzados de Saviotan Leather pueden conferir a las pieles.<\/p>\n<p>[\/vc_column_text][vc_empty_space][\/vc_column_inner][vc_column_inner el_class=\u00bbcolonna_applicazioni_icone\u00bb width=\u00bb1\/6&#8243;][vc_empty_space height=\u00bb20px\u00bb][vc_single_image image=\u00bb504&#8243; img_size=\u00bb\u00bb alignment=\u00bbcenter\u00bb qode_css_animation=\u00bbelement_from_fade\u00bb transition_delay=\u00bb0.3&#8243;][vc_empty_space height=\u00bb20px\u00bb][vc_column_text]<\/p>\n<p style=\"text-align: center;\"><b>Suelas<\/b><\/p>\n<p>[\/vc_column_text][vc_empty_space height=\u00bb20px\u00bb][\/vc_column_inner][vc_column_inner el_class=\u00bbcolonna_applicazioni_icone\u00bb width=\u00bb1\/6&#8243;][vc_empty_space height=\u00bb20px\u00bb][vc_single_image image=\u00bb509&#8243; img_size=\u00bbfull\u00bb alignment=\u00bbcenter\u00bb qode_css_animation=\u00bbelement_from_fade\u00bb transition_delay=\u00bb0.6&#8243;][vc_empty_space height=\u00bb20px\u00bb][vc_column_text]<\/p>\n<p style=\"text-align: center;\"><b>Cuero<\/b><\/p>\n<p>[\/vc_column_text][vc_empty_space height=\u00bb20px\u00bb][\/vc_column_inner][vc_column_inner el_class=\u00bbcolonna_applicazioni_icone\u00bb width=\u00bb1\/6&#8243;][vc_empty_space height=\u00bb20px\u00bb][vc_single_image image=\u00bb514&#8243; img_size=\u00bbfull\u00bb alignment=\u00bbcenter\u00bb qode_css_animation=\u00bbelement_from_fade\u00bb transition_delay=\u00bb0.9&#8243;][vc_empty_space height=\u00bb20px\u00bb][vc_column_text]<\/p>\n<p style=\"text-align: center;\"><b>Tacos<\/b><\/p>\n<p>[\/vc_column_text][vc_empty_space height=\u00bb20px\u00bb][\/vc_column_inner][vc_column_inner el_class=\u00bbcolonna_applicazioni_icone\u00bb width=\u00bb1\/6&#8243;][vc_empty_space height=\u00bb20px\u00bb][vc_single_image image=\u00bb519&#8243; img_size=\u00bbfull\u00bb alignment=\u00bbcenter\u00bb qode_css_animation=\u00bbelement_from_fade\u00bb transition_delay=\u00bb1.2&#8243;][vc_empty_space height=\u00bb20px\u00bb][vc_column_text]<\/p>\n<p style=\"text-align: center;\"><b>Cinturones<\/b><\/p>\n<p>[\/vc_column_text][vc_empty_space height=\u00bb20px\u00bb][\/vc_column_inner][\/vc_row_inner][vc_empty_space height=\u00bb150px\u00bb][\/vc_column][\/vc_row]<\/p>\n<\/div>","protected":false},"excerpt":{"rendered":"<p>[vc_row css_animation=\u00bb\u00bb row_type=\u00bbrow\u00bb use_row_as_full_screen_section=\u00bbno\u00bb type=\u00bbfull_width\u00bb angled_section=\u00bbno\u00bb text_align=\u00bbleft\u00bb background_image_as_pattern=\u00bbwithout_pattern\u00bb el_class=\u00bbintroduzione-slide-leather\u00bb z_index=\u00bb\u00bb][vc_column][vc_row_inner row_type=\u00bbrow\u00bb type=\u00bbfull_width\u00bb text_align=\u00bbleft\u00bb css_animation=\u00bb\u00bb][vc_column_inner][qode_elements_holder number_of_columns=\u00bbtwo_columns\u00bb alignment_one_column=\u00bbcenter\u00bb][qode_elements_holder_item advanced_animations=\u00bbno\u00bb][\/qode_elements_holder_item][qode_elements_holder_item advanced_animations=\u00bbno\u00bb custom_class=\u00bbcolonna-dx-slider-leather\u00bb][vc_single_image image=\u00bb2400&#8243; img_size=\u00bbfull\u00bb alignment=\u00bbcenter\u00bb qode_css_animation=\u00bb\u00bb][vc_empty_space height=\u00bb22px\u00bb][vc_column_text] + Piel Natural + Resistencia [\/vc_column_text][vc_empty_space height=\u00bb22px\u00bb][vc_single_image image=\u00bb574&#8243; img_size=\u00bb117&#215;120&#8243; alignment=\u00bbcenter\u00bb qode_css_animation=\u00bb\u00bb][vc_empty_space height=\u00bb22px\u00bb][vc_column_text css=\u00bb.vc_custom_1616170887121{padding-right: 5% !important;padding-left: 5% !important;}\u00bb] La marca Cuoio di&#8230;<\/p>\n","protected":false},"author":1,"featured_media":0,"parent":1418,"menu_order":0,"comment_status":"closed","ping_status":"closed","template":"full_width.php","meta":{"footnotes":""},"class_list":["post-1372","page","type-page","status-publish","hentry"],"_links":{"self":[{"href":"https:\/\/saviolife.com\/es\/wp-json\/wp\/v2\/pages\/1372","targetHints":{"allow":["GET"]}}],"collection":[{"href":"https:\/\/saviolife.com\/es\/wp-json\/wp\/v2\/pages"}],"about":[{"href":"https:\/\/saviolife.com\/es\/wp-json\/wp\/v2\/types\/page"}],"author":[{"embeddable":true,"href":"https:\/\/saviolife.com\/es\/wp-json\/wp\/v2\/users\/1"}],"replies":[{"embeddable":true,"href":"https:\/\/saviolife.com\/es\/wp-json\/wp\/v2\/comments?post=1372"}],"version-history":[{"count":5,"href":"https:\/\/saviolife.com\/es\/wp-json\/wp\/v2\/pages\/1372\/revisions"}],"predecessor-version":[{"id":2408,"href":"https:\/\/saviolife.com\/es\/wp-json\/wp\/v2\/pages\/1372\/revisions\/2408"}],"up":[{"embeddable":true,"href":"https:\/\/saviolife.com\/es\/wp-json\/wp\/v2\/pages\/1418"}],"wp:attachment":[{"href":"https:\/\/saviolife.com\/es\/wp-json\/wp\/v2\/media?parent=1372"}],"curies":[{"name":"wp","href":"https:\/\/api.w.org\/{rel}","templated":true}]}}