{"id":1379,"date":"2019-02-05T09:11:41","date_gmt":"2019-02-05T08:11:41","guid":{"rendered":"https:\/\/www.saviolife.com\/saviotan-feed\/saviotan-feed-suino\/"},"modified":"2021-03-19T18:57:17","modified_gmt":"2021-03-19T17:57:17","slug":"saviotan-feed-porcino","status":"publish","type":"page","link":"https:\/\/saviolife.com\/es\/saviotan\/saviotan-feed\/saviotan-feed-porcino\/","title":{"rendered":"Saviotan Feed Porcino"},"content":{"rendered":"<div class=\"wpb-content-wrapper\"><p>[vc_row css_animation=\u00bb\u00bb row_type=\u00bbrow\u00bb use_row_as_full_screen_section=\u00bbno\u00bb type=\u00bbfull_width\u00bb angled_section=\u00bbno\u00bb text_align=\u00bbleft\u00bb background_image_as_pattern=\u00bbwithout_pattern\u00bb el_class=\u00bbriga-banner-suino\u00bb z_index=\u00bb\u00bb][vc_column][vc_row_inner row_type=\u00bbrow\u00bb type=\u00bbfull_width\u00bb text_align=\u00bbleft\u00bb css_animation=\u00bb\u00bb][vc_column_inner][qode_elements_holder number_of_columns=\u00bbtwo_columns\u00bb alignment_one_column=\u00bbcenter\u00bb][qode_elements_holder_item advanced_animations=\u00bbno\u00bb custom_class=\u00bbcolonna-immagine-banner-suino\u00bb][vc_single_image image=\u00bb2418&#8243; img_size=\u00bbfull\u00bb alignment=\u00bbcenter\u00bb qode_css_animation=\u00bb\u00bb][\/qode_elements_holder_item][qode_elements_holder_item advanced_animations=\u00bbno\u00bb custom_class=\u00bbcolonna-testo-banner-suino\u00bb][vc_column_text]<\/p>\n<h1><span style=\"color: #ffffff;\">Porcinos<\/span><\/h1>\n<p>[\/vc_column_text][\/qode_elements_holder_item][\/qode_elements_holder][\/vc_column_inner][\/vc_row_inner][\/vc_column][\/vc_row][vc_row css_animation=\u00bb\u00bb row_type=\u00bbrow\u00bb use_row_as_full_screen_section=\u00bbno\u00bb type=\u00bbfull_width\u00bb angled_section=\u00bbno\u00bb text_align=\u00bbleft\u00bb background_image_as_pattern=\u00bbwithout_pattern\u00bb background_color=\u00bb#ffffff\u00bb z_index=\u00bb\u00bb el_class=\u00bbriga-utilizzazione-proteine\u00bb][vc_column][vc_row_inner row_type=\u00bbrow\u00bb type=\u00bbgrid\u00bb text_align=\u00bbleft\u00bb css_animation=\u00bb\u00bb][vc_column_inner][vc_empty_space height=\u00bb70px\u00bb][vc_column_text]<\/p>\n<h2 style=\"text-align: center;\">Mejor uso de las prote\u00ednas alimentarias<\/h2>\n<p>[\/vc_column_text][vc_empty_space][vc_column_text]<\/p>\n<p style=\"text-align: center;\">La adici\u00f3n de <strong>Saviotan\u00ae Feed<\/strong> en el pienso de los cerdos en crecimiento permite un mejor uso de las prote\u00ednas alimentarias, comparando los datos de las dos tablas a continuaci\u00f3n se nota un mejoramiento del 4% en el caso de uso de <strong>Saviotan\u00ae Feed<\/strong>. Precisamente por eso, se pueden adoptar dietas hipoprot\u00e9icas, ahorrando: en el ejemplo se us\u00f3 una dieta con 12,3% de prote\u00edna cruda contra el 14,2%.<\/p>\n<p>[\/vc_column_text][vc_empty_space height=\u00bb40px\u00bb][\/vc_column_inner][\/vc_row_inner][vc_row_inner row_type=\u00bbrow\u00bb type=\u00bbfull_width\u00bb text_align=\u00bbleft\u00bb css_animation=\u00bb\u00bb][vc_column_inner][qode_elements_holder number_of_columns=\u00bbtwo_columns\u00bb alignment_one_column=\u00bbcenter\u00bb][qode_elements_holder_item advanced_animations=\u00bbno\u00bb custom_class=\u00bbcolonna-sx-utilizzazione-proteine\u00bb][vc_empty_space height=\u00bb40px\u00bb][vc_single_image image=\u00bb2466&#8243; img_size=\u00bb700&#215;327&#8243; alignment=\u00bbcenter\u00bb qode_css_animation=\u00bbelement_from_fade\u00bb transition_delay=\u00bb0.4&#8243;][vc_empty_space height=\u00bb40px\u00bb][\/qode_elements_holder_item][qode_elements_holder_item advanced_animations=\u00bbno\u00bb custom_class=\u00bbcolonna-dx-utilizzazione-proteine\u00bb][vc_empty_space height=\u00bb20px\u00bb][vc_column_text]Nota: Se utilizaron 18 porcinos machos castrados, con peso medio de 153 kg durante la prueba, subdivididos en 3 grupos de 6. Para nuestros prop\u00f3sitos, consideraremos s\u00f3lo el grupo de control, que recibi\u00f3 una dieta con 14% de prote\u00edna cruda, y el grupo tratado, que recibi\u00f3 una dieta con 12% de prote\u00edna cruda, adicionada con 0.53% de <strong>Saviotan\u00ae Feed<\/strong>. La presencia de <strong>Saviotan\u00ae Feed<\/strong> no alter\u00f3 la apetibilidad del pienso.[\/vc_column_text][vc_empty_space height=\u00bb20px\u00bb][\/qode_elements_holder_item][\/qode_elements_holder][\/vc_column_inner][\/vc_row_inner][vc_empty_space height=\u00bb40px\u00bb][\/vc_column][\/vc_row][vc_row css_animation=\u00bb\u00bb row_type=\u00bbrow\u00bb use_row_as_full_screen_section=\u00bbno\u00bb type=\u00bbfull_width\u00bb angled_section=\u00bbno\u00bb text_align=\u00bbleft\u00bb background_image_as_pattern=\u00bbwithout_pattern\u00bb z_index=\u00bb\u00bb el_class=\u00bbriga-azoto-urinario\u00bb][vc_column][vc_row_inner row_type=\u00bbrow\u00bb type=\u00bbfull_width\u00bb text_align=\u00bbleft\u00bb css_animation=\u00bb\u00bb][vc_column_inner][qode_elements_holder number_of_columns=\u00bbthree_columns\u00bb alignment_one_column=\u00bbcenter\u00bb][qode_elements_holder_item advanced_animations=\u00bbno\u00bb custom_class=\u00bbcolonna-sx-azoto-urinario\u00bb][vc_column_text]<\/p>\n<h2>Reducci\u00f3n de la cantidad de nitr\u00f3geno urinario<\/h2>\n<p>[\/vc_column_text][vc_empty_space][vc_column_text]La decididamente menor cantidad de nitr\u00f3geno urinario, o sea de sustancias nitrogenadas vol\u00e1tiles, garantiza una mejor calidad de las aguas residuales. Todo esto prescindiendo de las ampliamente demostradas propiedades antimicrobianas de\u00a0<strong>Saviotan\u00ae Feed<\/strong>.[\/vc_column_text][vc_empty_space height=\u00bb60px\u00bb][\/qode_elements_holder_item][qode_elements_holder_item advanced_animations=\u00bbno\u00bb custom_class=\u00bbcolonna-cn-azoto-urinario\u00bb][vc_empty_space height=\u00bb30px\u00bb][vc_column_text]Balance de nitr\u00f3geno &gt; gramos \/ d\u00eda[\/vc_column_text][vc_empty_space height=\u00bb15px\u00bb][vc_column_text]\n<table id=\"tablepress-17\" class=\"tablepress tablepress-id-17\">\n<thead>\n<tr class=\"row-1\">\n\t<th class=\"column-1\">\u00cdtem<\/th><th class=\"column-2\">Entradas<\/th><th class=\"column-3\">Salidas<\/th><th class=\"column-4\">\u00datil<\/th>\n<\/tr>\n<\/thead>\n<tbody>\n<tr class=\"row-2\">\n\t<td class=\"column-1\">Alimento<\/td><td class=\"column-2\">67,2<\/td><td class=\"column-3\"><\/td><td class=\"column-4\"><\/td>\n<\/tr>\n<tr class=\"row-3\">\n\t<td class=\"column-1\">Heces<\/td><td class=\"column-2\"><\/td><td class=\"column-3\">9,1<\/td><td class=\"column-4\"><\/td>\n<\/tr>\n<tr class=\"row-4\">\n\t<td class=\"column-1\">Orinas<\/td><td class=\"column-2\"><\/td><td class=\"column-3\">34,6<\/td><td class=\"column-4\"><\/td>\n<\/tr>\n<tr class=\"row-5\">\n\t<td class=\"column-1\">Retenido<\/td><td class=\"column-2\"><\/td><td class=\"column-3\"><\/td><td class=\"column-4\">23,5<\/td>\n<\/tr>\n<tr class=\"row-6\">\n\t<td class=\"column-1\">Total<\/td><td class=\"column-2\">67,2<\/td><td class=\"column-3\">43,7<\/td><td class=\"column-4\">23,5<\/td>\n<\/tr>\n<\/tbody>\n<\/table>\n<!-- #tablepress-17 from cache -->[\/vc_column_text][vc_empty_space height=\u00bb15px\u00bb][vc_column_text]Sin tanino:<\/p>\n<p>\u00datil del 35% (23,5*100\/67,2)[\/vc_column_text][vc_empty_space height=\u00bb30px\u00bb][\/qode_elements_holder_item][qode_elements_holder_item advanced_animations=\u00bbno\u00bb custom_class=\u00bbcolonna-dx-azoto-urinario\u00bb][vc_empty_space height=\u00bb30px\u00bb][vc_column_text]Balance de nitr\u00f3geno &gt; gramos \/ d\u00eda[\/vc_column_text][vc_empty_space height=\u00bb15px\u00bb][vc_column_text]\n<table id=\"tablepress-18\" class=\"tablepress tablepress-id-18\">\n<thead>\n<tr class=\"row-1\">\n\t<th class=\"column-1\">\u00cdtem<\/th><th class=\"column-2\">Entradas<\/th><th class=\"column-3\">Salidas<\/th><th class=\"column-4\">\u00datil<\/th>\n<\/tr>\n<\/thead>\n<tbody>\n<tr class=\"row-2\">\n\t<td class=\"column-1\">Alimento<\/td><td class=\"column-2\">58,5<\/td><td class=\"column-3\"><\/td><td class=\"column-4\"><\/td>\n<\/tr>\n<tr class=\"row-3\">\n\t<td class=\"column-1\">Heces<\/td><td class=\"column-2\"><\/td><td class=\"column-3\">9,4<\/td><td class=\"column-4\"><\/td>\n<\/tr>\n<tr class=\"row-4\">\n\t<td class=\"column-1\">Orinas<\/td><td class=\"column-2\"><\/td><td class=\"column-3\">26,1<\/td><td class=\"column-4\"><\/td>\n<\/tr>\n<tr class=\"row-5\">\n\t<td class=\"column-1\">Retenido<\/td><td class=\"column-2\"><\/td><td class=\"column-3\"><\/td><td class=\"column-4\">23,0<\/td>\n<\/tr>\n<tr class=\"row-6\">\n\t<td class=\"column-1\">Total<\/td><td class=\"column-2\">58,5<\/td><td class=\"column-3\">35,5<\/td><td class=\"column-4\">23,0<\/td>\n<\/tr>\n<\/tbody>\n<\/table>\n<!-- #tablepress-18 from cache -->[\/vc_column_text][vc_empty_space height=\u00bb15px\u00bb][vc_column_text]Con tanino\u00a0<strong>Saviotan\u00ae Feed<\/strong>:<\/p>\n<p>\u00datil del 39% (23,0*100\/58,5)[\/vc_column_text][vc_empty_space height=\u00bb30px\u00bb][\/qode_elements_holder_item][\/qode_elements_holder][vc_empty_space height=\u00bb30px\u00bb][\/vc_column_inner][\/vc_row_inner][\/vc_column][\/vc_row][vc_row css_animation=\u00bb\u00bb row_type=\u00bbrow\u00bb use_row_as_full_screen_section=\u00bbno\u00bb type=\u00bbfull_width\u00bb angled_section=\u00bbno\u00bb text_align=\u00bbleft\u00bb background_image_as_pattern=\u00bbwithout_pattern\u00bb background_image=\u00bb346&#8243; z_index=\u00bb\u00bb el_class=\u00bbriga-aggiunta-mangime\u00bb][vc_column][vc_row_inner row_type=\u00bbrow\u00bb type=\u00bbfull_width\u00bb text_align=\u00bbleft\u00bb css_animation=\u00bb\u00bb][vc_column_inner][qode_elements_holder number_of_columns=\u00bbthree_columns\u00bb alignment_one_column=\u00bbcenter\u00bb][qode_elements_holder_item advanced_animations=\u00bbno\u00bb custom_class=\u00bbcolonna-sx-aggiunta-mangime\u00bb][vc_empty_space height=\u00bb30px\u00bb][vc_column_text]Balance de energ\u00eda &gt; MJ \/ d\u00eda[\/vc_column_text][vc_empty_space height=\u00bb15px\u00bb][vc_column_text]\n<table id=\"tablepress-19\" class=\"tablepress tablepress-id-19\">\n<thead>\n<tr class=\"row-1\">\n\t<th class=\"column-1\">\u00cdtem<\/th><th class=\"column-2\">Entradas<\/th><th class=\"column-3\">Salidas<\/th><th class=\"column-4\">\u00datil<\/th>\n<\/tr>\n<\/thead>\n<tbody>\n<tr class=\"row-2\">\n\t<td class=\"column-1\">Alimento<\/td><td class=\"column-2\">54,01<\/td><td class=\"column-3\"><\/td><td class=\"column-4\"><\/td>\n<\/tr>\n<tr class=\"row-3\">\n\t<td class=\"column-1\">Heces<\/td><td class=\"column-2\"><\/td><td class=\"column-3\">6,49<\/td><td class=\"column-4\"><\/td>\n<\/tr>\n<tr class=\"row-4\">\n\t<td class=\"column-1\">Orinas<\/td><td class=\"column-2\"><\/td><td class=\"column-3\">1,48<\/td><td class=\"column-4\"><\/td>\n<\/tr>\n<tr class=\"row-5\">\n\t<td class=\"column-1\">Metano<\/td><td class=\"column-2\"><\/td><td class=\"column-3\">0,27<\/td><td class=\"column-4\"><\/td>\n<\/tr>\n<tr class=\"row-6\">\n\t<td class=\"column-1\">Calor<\/td><td class=\"column-2\"><\/td><td class=\"column-3\">25,66<\/td><td class=\"column-4\"><\/td>\n<\/tr>\n<tr class=\"row-7\">\n\t<td class=\"column-1\">Retenida<\/td><td class=\"column-2\"><\/td><td class=\"column-3\"><\/td><td class=\"column-4\">20,11<\/td>\n<\/tr>\n<\/tbody>\n<\/table>\n<!-- #tablepress-19 from cache -->[\/vc_column_text][vc_empty_space height=\u00bb15px\u00bb][vc_column_text]Sin tanino:<\/p>\n<p>\u00datil del 37% (20,11*100\/54,01)[\/vc_column_text][vc_empty_space height=\u00bb30px\u00bb][\/qode_elements_holder_item][qode_elements_holder_item advanced_animations=\u00bbno\u00bb custom_class=\u00bbcolonna-cn-aggiunta-mangime\u00bb][vc_empty_space height=\u00bb30px\u00bb][vc_column_text]Balance de energ\u00eda &gt; MJ \/ d\u00eda[\/vc_column_text][vc_empty_space height=\u00bb15px\u00bb][vc_column_text]\n<table id=\"tablepress-20\" class=\"tablepress tablepress-id-20\">\n<thead>\n<tr class=\"row-1\">\n\t<th class=\"column-1\">\u00cdtem<\/th><th class=\"column-2\">Entradas<\/th><th class=\"column-3\">Salidas<\/th><th class=\"column-4\">\u00datil<\/th>\n<\/tr>\n<\/thead>\n<tbody>\n<tr class=\"row-2\">\n\t<td class=\"column-1\">Alimento<\/td><td class=\"column-2\">53,70<\/td><td class=\"column-3\"><\/td><td class=\"column-4\"><\/td>\n<\/tr>\n<tr class=\"row-3\">\n\t<td class=\"column-1\">Heces<\/td><td class=\"column-2\"><\/td><td class=\"column-3\">6,27<\/td><td class=\"column-4\"><\/td>\n<\/tr>\n<tr class=\"row-4\">\n\t<td class=\"column-1\">Orinas<\/td><td class=\"column-2\"><\/td><td class=\"column-3\">1,29<\/td><td class=\"column-4\"><\/td>\n<\/tr>\n<tr class=\"row-5\">\n\t<td class=\"column-1\">Metano<\/td><td class=\"column-2\"><\/td><td class=\"column-3\">0,27<\/td><td class=\"column-4\"><\/td>\n<\/tr>\n<tr class=\"row-6\">\n\t<td class=\"column-1\">Calor<\/td><td class=\"column-2\"><\/td><td class=\"column-3\">25,84<\/td><td class=\"column-4\"><\/td>\n<\/tr>\n<tr class=\"row-7\">\n\t<td class=\"column-1\">Retenida<\/td><td class=\"column-2\"><\/td><td class=\"column-3\"><\/td><td class=\"column-4\">20,03<\/td>\n<\/tr>\n<\/tbody>\n<\/table>\n<!-- #tablepress-20 from cache -->[\/vc_column_text][vc_empty_space height=\u00bb15px\u00bb][vc_column_text]Con tanino\u00a0<strong>Saviotan\u00ae Feed<\/strong>:<\/p>\n<p>\u00datil del 37% (20,03*100\/53,70)[\/vc_column_text][vc_empty_space height=\u00bb30px\u00bb][\/qode_elements_holder_item][qode_elements_holder_item advanced_animations=\u00bbno\u00bb custom_class=\u00bbcolonna-dx-aggiunta-mangime\u00bb][vc_column_text]<\/p>\n<h2>Adici\u00f3n de Saviotan\u00ae Feed en el pienso<\/h2>\n<p>[\/vc_column_text][vc_empty_space][vc_column_text]La adici\u00f3n de\u00a0<strong>Saviotan\u00ae Feed <\/strong>en el pienso de los porcinos en crecimiento no altera m\u00ednimamente el uso metab\u00f3lico de la energ\u00eda alimentaria (37% en ambos casos).[\/vc_column_text][vc_empty_space height=\u00bb60px\u00bb][\/qode_elements_holder_item][\/qode_elements_holder][vc_empty_space height=\u00bb30px\u00bb][\/vc_column_inner][\/vc_row_inner][\/vc_column][\/vc_row][vc_row css_animation=\u00bb\u00bb row_type=\u00bbrow\u00bb use_row_as_full_screen_section=\u00bbno\u00bb type=\u00bbfull_width\u00bb angled_section=\u00bbno\u00bb text_align=\u00bbleft\u00bb background_image_as_pattern=\u00bbwithout_pattern\u00bb z_index=\u00bb\u00bb el_class=\u00bbriga-arricchimento-tessuto\u00bb][vc_column][vc_row_inner row_type=\u00bbrow\u00bb type=\u00bbfull_width\u00bb text_align=\u00bbleft\u00bb css_animation=\u00bb\u00bb][vc_column_inner][qode_elements_holder number_of_columns=\u00bbtwo_columns\u00bb alignment_one_column=\u00bbcenter\u00bb][qode_elements_holder_item advanced_animations=\u00bbno\u00bb custom_class=\u00bbcolonna-sx-1-arricchimento-tessuto\u00bb][vc_empty_space height=\u00bb60px\u00bb][vc_column_text]<\/p>\n<h2>Enriquecimiento del tejido adiposo con \u00e1cidos funcionales para el bienestar<\/h2>\n<p>[\/vc_column_text][vc_empty_space][vc_column_text]El an\u00e1lisis de la composici\u00f3n en \u00e1cidos grasos del tejido adiposo de los cerdos de la prueba, tomado en el matadero, no mostr\u00f3 diferencias significativas, excepto en los dos casos de \u00e1cido rum\u00e9nico (C 18: 1 trans 2) y \u00e1cido linoleico conjugado (CLA), tambi\u00e9n llamado \u00e1cido vacc\u00e9nico (C18: 2 cis 9 trans 11), precisamente los dos \u00e1cidos funcionales m\u00e1s importantes para la salud de los consumidores.[\/vc_column_text][vc_empty_space height=\u00bb60px\u00bb][\/qode_elements_holder_item][qode_elements_holder_item advanced_animations=\u00bbno\u00bb custom_class=\u00bbcolonna-dx-1-arricchimento-tessuto\u00bb][vc_empty_space height=\u00bb60px\u00bb][vc_single_image image=\u00bb1105&#8243; img_size=\u00bb600&#215;414&#8243; alignment=\u00bbcenter\u00bb qode_css_animation=\u00bb\u00bb][vc_empty_space height=\u00bb40px\u00bb][\/qode_elements_holder_item][\/qode_elements_holder][\/vc_column_inner][\/vc_row_inner][\/vc_column][\/vc_row][vc_row css_animation=\u00bb\u00bb row_type=\u00bbrow\u00bb use_row_as_full_screen_section=\u00bbno\u00bb type=\u00bbfull_width\u00bb angled_section=\u00bbno\u00bb text_align=\u00bbleft\u00bb background_image_as_pattern=\u00bbwithout_pattern\u00bb el_class=\u00bbriga-contenuto-acidi\u00bb z_index=\u00bb\u00bb][vc_column][vc_row_inner row_type=\u00bbrow\u00bb type=\u00bbfull_width\u00bb text_align=\u00bbleft\u00bb css_animation=\u00bb\u00bb][vc_column_inner][qode_elements_holder number_of_columns=\u00bbtwo_columns\u00bb alignment_one_column=\u00bbcenter\u00bb][qode_elements_holder_item advanced_animations=\u00bbno\u00bb custom_class=\u00bbcolonna-sx-2-arricchimento-tessuto\u00bb][vc_empty_space height=\u00bb60px\u00bb][vc_column_text]<strong>CONTROL<\/strong>[\/vc_column_text][vc_empty_space height=\u00bb15px\u00bb]<div class='q_progress_bar'><h6 class='progress_title_holder clearfix' style=''><span class='progress_title'><span>\u00c1CIDO RUM\u00c9NICO<\/span><\/span><span class='progress_number' style='font-size: 20px;'><span>0<\/span>%<\/span><\/h6><div class='progress_content_outer' style='height: 7px;background-color: #ffffff;'><div data-percentage='25' class='progress_content' style='height: 7px;background-color: #c31644;'><\/div><\/div><\/div><div class='q_progress_bar'><h6 class='progress_title_holder clearfix' style=''><span class='progress_title'><span>\u00c1CIDO VACC\u00c9NICO<\/span><\/span><span class='progress_number' style='color: #1e73be;font-size: 20px;'><span>0<\/span>%<\/span><\/h6><div class='progress_content_outer' style='height: 7px;background-color: #ffffff;'><div data-percentage='78' class='progress_content' style='height: 7px;'><\/div><\/div><\/div>[vc_empty_space height=\u00bb30px\u00bb][vc_column_text]<strong>0,15%<\/strong>[\/vc_column_text][vc_empty_space height=\u00bb15px\u00bb]<div class='q_progress_bar'><h6 class='progress_title_holder clearfix' style=''><span class='progress_title'><span>\u00c1CIDO RUM\u00c9NICO<\/span><\/span><span class='progress_number' style=''><span>0<\/span>%<\/span><\/h6><div class='progress_content_outer' style='height: 7px;background-color: #ffffff;'><div data-percentage='80' class='progress_content' style='height: 7px;background-color: #c31644;'><\/div><\/div><\/div><div class='q_progress_bar'><h6 class='progress_title_holder clearfix' style=''><span class='progress_title'><span>\u00c1CIDO VACC\u00c9NICO<\/span><\/span><span class='progress_number' style='color: #c31644;font-size: 20px;'><span>0<\/span>%<\/span><\/h6><div class='progress_content_outer' style='height: 7px;background-color: #ffffff;'><div data-percentage='93' class='progress_content' style='height: 7px;'><\/div><\/div><\/div>[vc_empty_space height=\u00bb30px\u00bb][vc_column_text]<strong>0,30%<\/strong>[\/vc_column_text][vc_empty_space height=\u00bb15px\u00bb]<div class='q_progress_bar'><h6 class='progress_title_holder clearfix' style=''><span class='progress_title'><span>\u00c1CIDO RUM\u00c9NICO<\/span><\/span><span class='progress_number' style=''><span>0<\/span>%<\/span><\/h6><div class='progress_content_outer' style='height: 7px;background-color: #ffffff;'><div data-percentage='25' class='progress_content' style='height: 7px;background-color: #c31644;'><\/div><\/div><\/div><div class='q_progress_bar'><h6 class='progress_title_holder clearfix' style=''><span class='progress_title'><span>\u00c1CIDO VACC\u00c9NICO<\/span><\/span><span class='progress_number' style='color: #c31644;font-size: 20px;'><span>0<\/span>%<\/span><\/h6><div class='progress_content_outer' style='height: 7px;background-color: #ffffff;'><div data-percentage='53' class='progress_content' style='height: 7px;'><\/div><\/div><\/div>[vc_empty_space height=\u00bb60px\u00bb][\/qode_elements_holder_item][qode_elements_holder_item advanced_animations=\u00bbno\u00bb custom_class=\u00bbcolonna-dx-2-arricchimento-tessuto\u00bb][vc_empty_space height=\u00bb60px\u00bb][vc_column_text]<\/p>\n<h2>Variaciones del contenido de \u00e1cidos grasos poliinsaturados<\/h2>\n<p>[\/vc_column_text][vc_empty_space height=\u00bb22px\u00bb][vc_column_text]Esta importante observaci\u00f3n se refer\u00eda s\u00f3lo a los cerdos alimentados con la adici\u00f3n de 0.15% de \u00a0<strong>Saviotan\u00ae Feed<\/strong> y no a aquellos alimentados con 0.30%. Esto significa que el producto act\u00faa a bajas concentraciones: no es necesario exagerar. Para todas las dem\u00e1s caracter\u00edsticas de la carne, no hubo diferencias.<\/p>\n<p>Con 0.15% de \u00a0<strong>Saviotan\u00ae Feed<\/strong> obtuvimos: + l00% de rum\u00e9nico, de 0.04 a 0.08 y + 18% de vacc\u00e9nico, de 0.09 a 0.11 gll00 g de l\u00edpidos.[\/vc_column_text][vc_empty_space height=\u00bb15px\u00bb][vc_column_text]NOTA: Fue un ensayo destinado a evaluar el efecto de\u00a0<strong>Saviotan\u00ae Feed<\/strong> no tanto sobre los balances de nitr\u00f3geno y energ\u00eda, sino sobre los posibles efectos sobre el rendimiento productivo y las caracter\u00edsticas de carne y tejido adiposo. La prueba tuvo lugar en el circuito de Parma-San Daniele. Se utilizaron 42 cerdos machos castrados. con peso promedio de 150 kg durante la prueba, divididos en 3 grupos de 14. Todos recibieron una dieta de prote\u00edna cruda de 14%, y los 2 grupos tratados recibieron suplementos de 0.15% y 0.30% de\u00a0<strong>Saviotan\u00ae Feed<\/strong> en la alimentaci\u00f3n. Se confirm\u00f3 una disminuci\u00f3n en la digeribilidad de la prote\u00edna alimentaria, del 78% en los cerdos no tratados al 74% en los tratados, pero sin diferencias en crecimiento e \u00edndices de conversi\u00f3n, lo que confirma el mejor uso del nitr\u00f3geno absorbido.[\/vc_column_text][vc_empty_space height=\u00bb60px\u00bb][\/qode_elements_holder_item][\/qode_elements_holder][\/vc_column_inner][\/vc_row_inner][\/vc_column][\/vc_row]<\/p>\n<\/div>","protected":false},"excerpt":{"rendered":"<p>[vc_row css_animation=\u00bb\u00bb row_type=\u00bbrow\u00bb use_row_as_full_screen_section=\u00bbno\u00bb type=\u00bbfull_width\u00bb angled_section=\u00bbno\u00bb text_align=\u00bbleft\u00bb background_image_as_pattern=\u00bbwithout_pattern\u00bb el_class=\u00bbriga-banner-suino\u00bb z_index=\u00bb\u00bb][vc_column][vc_row_inner row_type=\u00bbrow\u00bb type=\u00bbfull_width\u00bb text_align=\u00bbleft\u00bb css_animation=\u00bb\u00bb][vc_column_inner][qode_elements_holder number_of_columns=\u00bbtwo_columns\u00bb alignment_one_column=\u00bbcenter\u00bb][qode_elements_holder_item advanced_animations=\u00bbno\u00bb custom_class=\u00bbcolonna-immagine-banner-suino\u00bb][vc_single_image image=\u00bb2418&#8243; img_size=\u00bbfull\u00bb alignment=\u00bbcenter\u00bb qode_css_animation=\u00bb\u00bb][\/qode_elements_holder_item][qode_elements_holder_item advanced_animations=\u00bbno\u00bb custom_class=\u00bbcolonna-testo-banner-suino\u00bb][vc_column_text] Porcinos [\/vc_column_text][\/qode_elements_holder_item][\/qode_elements_holder][\/vc_column_inner][\/vc_row_inner][\/vc_column][\/vc_row][vc_row css_animation=\u00bb\u00bb row_type=\u00bbrow\u00bb use_row_as_full_screen_section=\u00bbno\u00bb type=\u00bbfull_width\u00bb angled_section=\u00bbno\u00bb text_align=\u00bbleft\u00bb background_image_as_pattern=\u00bbwithout_pattern\u00bb background_color=\u00bb#ffffff\u00bb z_index=\u00bb\u00bb el_class=\u00bbriga-utilizzazione-proteine\u00bb][vc_column][vc_row_inner row_type=\u00bbrow\u00bb type=\u00bbgrid\u00bb text_align=\u00bbleft\u00bb css_animation=\u00bb\u00bb][vc_column_inner][vc_empty_space height=\u00bb70px\u00bb][vc_column_text] Mejor uso de las&#8230;<\/p>\n","protected":false},"author":1,"featured_media":0,"parent":1365,"menu_order":0,"comment_status":"closed","ping_status":"closed","template":"full_width.php","meta":{"footnotes":""},"class_list":["post-1379","page","type-page","status-publish","hentry"],"_links":{"self":[{"href":"https:\/\/saviolife.com\/es\/wp-json\/wp\/v2\/pages\/1379","targetHints":{"allow":["GET"]}}],"collection":[{"href":"https:\/\/saviolife.com\/es\/wp-json\/wp\/v2\/pages"}],"about":[{"href":"https:\/\/saviolife.com\/es\/wp-json\/wp\/v2\/types\/page"}],"author":[{"embeddable":true,"href":"https:\/\/saviolife.com\/es\/wp-json\/wp\/v2\/users\/1"}],"replies":[{"embeddable":true,"href":"https:\/\/saviolife.com\/es\/wp-json\/wp\/v2\/comments?post=1379"}],"version-history":[{"count":5,"href":"https:\/\/saviolife.com\/es\/wp-json\/wp\/v2\/pages\/1379\/revisions"}],"predecessor-version":[{"id":2475,"href":"https:\/\/saviolife.com\/es\/wp-json\/wp\/v2\/pages\/1379\/revisions\/2475"}],"up":[{"embeddable":true,"href":"https:\/\/saviolife.com\/es\/wp-json\/wp\/v2\/pages\/1365"}],"wp:attachment":[{"href":"https:\/\/saviolife.com\/es\/wp-json\/wp\/v2\/media?parent=1379"}],"curies":[{"name":"wp","href":"https:\/\/api.w.org\/{rel}","templated":true}]}}