{"id":1386,"date":"2019-02-05T09:11:16","date_gmt":"2019-02-05T08:11:16","guid":{"rendered":"https:\/\/www.saviolife.com\/saviotan-feed\/saviotan-feed-bovino\/"},"modified":"2021-03-19T18:21:21","modified_gmt":"2021-03-19T17:21:21","slug":"saviotan-feed-bovino","status":"publish","type":"page","link":"https:\/\/saviolife.com\/es\/saviotan\/saviotan-feed\/saviotan-feed-bovino\/","title":{"rendered":"Saviotan Feed Bovino"},"content":{"rendered":"<div class=\"wpb-content-wrapper\"><p>[vc_row css_animation=\u00bb\u00bb row_type=\u00bbrow\u00bb use_row_as_full_screen_section=\u00bbno\u00bb type=\u00bbfull_width\u00bb angled_section=\u00bbno\u00bb text_align=\u00bbleft\u00bb background_image_as_pattern=\u00bbwithout_pattern\u00bb el_class=\u00bbriga-banner-bovino\u00bb z_index=\u00bb\u00bb][vc_column][vc_row_inner row_type=\u00bbrow\u00bb type=\u00bbfull_width\u00bb text_align=\u00bbleft\u00bb css_animation=\u00bb\u00bb][vc_column_inner][qode_elements_holder number_of_columns=\u00bbtwo_columns\u00bb alignment_one_column=\u00bbcenter\u00bb][qode_elements_holder_item advanced_animations=\u00bbno\u00bb custom_class=\u00bbcolonna-immagine-banner-bovino\u00bb][vc_single_image image=\u00bb1163&#8243; img_size=\u00bbfull\u00bb alignment=\u00bbcenter\u00bb qode_css_animation=\u00bb\u00bb][\/qode_elements_holder_item][qode_elements_holder_item advanced_animations=\u00bbno\u00bb custom_class=\u00bbcolonna-testo-banner-bovino\u00bb][vc_column_text]<\/p>\n<h1><span style=\"color: #ffffff;\">Bovino<\/span><\/h1>\n<p>[\/vc_column_text][\/qode_elements_holder_item][\/qode_elements_holder][\/vc_column_inner][\/vc_row_inner][\/vc_column][\/vc_row][vc_row css_animation=\u00bb\u00bb row_type=\u00bbrow\u00bb use_row_as_full_screen_section=\u00bbno\u00bb type=\u00bbfull_width\u00bb angled_section=\u00bbno\u00bb text_align=\u00bbleft\u00bb background_image_as_pattern=\u00bbwithout_pattern\u00bb background_color=\u00bb#ffffff\u00bb z_index=\u00bb\u00bb el_class=\u00bbriga-efficienza-alimentare\u00bb][vc_column][vc_row_inner row_type=\u00bbrow\u00bb type=\u00bbgrid\u00bb text_align=\u00bbleft\u00bb css_animation=\u00bb\u00bb][vc_column_inner][vc_empty_space height=\u00bb70px\u00bb][vc_column_text]<\/p>\n<h2 style=\"text-align: center;\">Mejoramiento de la eficiencia alimentaria en los bovinos<\/h2>\n<p>[\/vc_column_text][vc_empty_space][vc_column_text]<\/p>\n<p style=\"text-align: center;\"><strong>Saviotan\u00ae Feed<\/strong> constituye un complejo qu\u00edmico selectivo con las prote\u00ednas alimentarias a nivel del rumen, aumentando as\u00ed la cuota de prote\u00ednas no degradables (cuota by-pass) que, a nivel gastroent\u00e9rico, libera por digesti\u00f3n un pool de amino\u00e1cidos de excelente valor biol\u00f3gico, como demostraron nuestras pruebas experimentales. Disminuye as\u00ed la p\u00e9rdida de sustancias nitrogenadas en el rumen con las orinas, mejorando la eficiencia del balance nitrogenado total.<\/p>\n<p>[\/vc_column_text][vc_empty_space height=\u00bb40px\u00bb][\/vc_column_inner][\/vc_row_inner][vc_row_inner row_type=\u00bbrow\u00bb type=\u00bbfull_width\u00bb text_align=\u00bbleft\u00bb css_animation=\u00bb\u00bb][vc_column_inner][qode_elements_holder number_of_columns=\u00bbtwo_columns\u00bb columns_proportion=\u00bb33_66&#8243; alignment_one_column=\u00bbcenter\u00bb][qode_elements_holder_item advanced_animations=\u00bbno\u00bb custom_class=\u00bbcolonna-sx-efficienza-alimentare\u00bb][vc_empty_space height=\u00bb40px\u00bb][vc_column_text]<strong>Saviotan\u00ae Feed<\/strong> interfiere en el metabolismo lip\u00eddico tanto microbiano como del animal, favoreciendo la producci\u00f3n de los \u00e1cidos \u00fatiles para la producci\u00f3n de leche (ac\u00e9tico, rum\u00e9nico, vacc\u00e9nico).<\/p>\n<p>Adem\u00e1s, se reduce la metanog\u00e9nesis como se observ\u00f3 en nuestras pruebas experimentales.<\/p>\n<p>La disminuci\u00f3n de metanog\u00e9nesis constituye una ventaja tambi\u00e9n para la producci\u00f3n de carne<br \/>\n[\/vc_column_text][vc_empty_space height=\u00bb40px\u00bb][\/qode_elements_holder_item][qode_elements_holder_item advanced_animations=\u00bbno\u00bb custom_class=\u00bbcolonna-dx-efficienza-alimentare\u00bb][vc_empty_space height=\u00bb40px\u00bb][vc_single_image image=\u00bb2448&#8243; img_size=\u00bb700&#215;446&#8243; alignment=\u00bbcenter\u00bb qode_css_animation=\u00bbelement_from_fade\u00bb transition_delay=\u00bb0.4&#8243;][vc_empty_space height=\u00bb40px\u00bb][\/qode_elements_holder_item][\/qode_elements_holder][\/vc_column_inner][\/vc_row_inner][vc_empty_space height=\u00bb40px\u00bb][\/vc_column][\/vc_row][vc_row css_animation=\u00bb\u00bb row_type=\u00bbrow\u00bb use_row_as_full_screen_section=\u00bbno\u00bb type=\u00bbfull_width\u00bb angled_section=\u00bbno\u00bb text_align=\u00bbleft\u00bb background_image_as_pattern=\u00bbwithout_pattern\u00bb z_index=\u00bb\u00bb el_class=\u00bbriga-stress-ossidativo\u00bb][vc_column][vc_row_inner row_type=\u00bbrow\u00bb type=\u00bbfull_width\u00bb text_align=\u00bbleft\u00bb css_animation=\u00bb\u00bb][vc_column_inner][qode_elements_holder number_of_columns=\u00bbtwo_columns\u00bb alignment_one_column=\u00bbcenter\u00bb][qode_elements_holder_item advanced_animations=\u00bbno\u00bb custom_class=\u00bbcolonna-sx-stress-ossidativo\u00bb][vc_empty_space height=\u00bb60px\u00bb][vc_single_image image=\u00bb1085&#8243; img_size=\u00bbfull\u00bb qode_css_animation=\u00bb\u00bb][vc_empty_space height=\u00bb60px\u00bb][\/qode_elements_holder_item][qode_elements_holder_item advanced_animations=\u00bbno\u00bb custom_class=\u00bbcolonna-dx-stress-ossidativo\u00bb][vc_empty_space height=\u00bb60px\u00bb][vc_column_text]<\/p>\n<h2>Efectos sobre la salud de las hembras bovinas<\/h2>\n<p>[\/vc_column_text][vc_empty_space][vc_column_text]<\/p>\n<p style=\"text-transform: uppercase;\"><strong>CONTROL DEL ESTR\u00c9S OXIDATIVO EN EL PER\u00cdODO DE TRANSICI\u00d3N (PERIPARTO)<br \/>\n<\/strong><\/p>\n<p>[\/vc_column_text][vc_empty_space height=\u00bb15px\u00bb][vc_column_text]En el delicado per\u00edodo comprendido entre los 20 d\u00edas antes y los 20 d\u00edas despu\u00e9s del parto, las hembras bovinas est\u00e1n sujetas al llamado estr\u00e9s oxidativo. El estr\u00e9s deriva de una producci\u00f3n an\u00f3mala de radicales libres, consecuente con el aumento de la actividad metab\u00f3lica propia de dicho per\u00edodo.<\/p>\n<p>Las consecuencias van de la disminuci\u00f3n de las defensas inmunitarias a la reducci\u00f3n de la producci\u00f3n de leche en la fase pico de la lactancia.<\/p>\n<p>El uso de <strong>Saviotan\u00ae Feed<\/strong> permite afrontar con \u00e9xito este per\u00edodo cr\u00edtico, gracias a la marcada capacidad de neutralizar radicales libres.<\/p>\n<p>Los efectos son evidentes tanto sobre el bienestar general del animal (disminuci\u00f3n de derivados de oxidaci\u00f3n a nivel plasm\u00e1tico), como sobre los par\u00e1metros cualitativos de la leche y la carne (reducci\u00f3n del contenido de c\u00e9lulas som\u00e1ticas).<br \/>\n[\/vc_column_text][vc_empty_space][vc_column_text]<\/p>\n<p style=\"text-transform: uppercase;\"><strong>CONTROL DE PARASITOSIS INTESTINAL<\/strong><\/p>\n<p>[\/vc_column_text][vc_empty_space height=\u00bb15px\u00bb][vc_column_text]Gracias al uso de <strong>Saviotan\u00ae Feed<\/strong> se han obtenido resultados muy importantes en el control de coccidios, clostridios y otros pat\u00f3genos[\/vc_column_text][vc_empty_space height=\u00bb60px\u00bb][\/qode_elements_holder_item][\/qode_elements_holder][\/vc_column_inner][\/vc_row_inner][\/vc_column][\/vc_row][vc_row css_animation=\u00bb\u00bb row_type=\u00bbrow\u00bb use_row_as_full_screen_section=\u00bbno\u00bb type=\u00bbfull_width\u00bb angled_section=\u00bbno\u00bb text_align=\u00bbleft\u00bb background_image_as_pattern=\u00bbwithout_pattern\u00bb background_color=\u00bb#ffffff\u00bb z_index=\u00bb\u00bb el_class=\u00bbriga-variazioni-contenuto\u00bb][vc_column][vc_row_inner row_type=\u00bbrow\u00bb type=\u00bbfull_width\u00bb text_align=\u00bbleft\u00bb css_animation=\u00bb\u00bb][vc_column_inner][qode_elements_holder number_of_columns=\u00bbtwo_columns\u00bb alignment_one_column=\u00bbcenter\u00bb][qode_elements_holder_item advanced_animations=\u00bbno\u00bb custom_class=\u00bbcolonna-sx-variazioni-contenuto\u00bb][vc_empty_space height=\u00bb60px\u00bb][vc_column_text]<\/p>\n<h2>Mejoramiento de la calidad de las grasas<\/h2>\n<p>[\/vc_column_text][vc_empty_space][vc_column_text]La acci\u00f3n de <strong>Saviotan\u00ae Feed<\/strong> sobre el componente microbi\u00f3tico del rumen hace que se modifiquen positivamente las proporciones de los \u00e1cidos grasos funcionales, favoreciendo una mayor s\u00edntesis de aquellos insaturados (\u00e1cido rum\u00e9nico, CLA*)<br \/>\n[\/vc_column_text][vc_empty_space height=\u00bb50px\u00bb][vc_column_text]<\/p>\n<p style=\"font-size: 10px;\">*CLA: \u00e1cidos linoleicos conjugados.<\/p>\n<p>[\/vc_column_text][vc_empty_space height=\u00bb60px\u00bb][\/qode_elements_holder_item][qode_elements_holder_item advanced_animations=\u00bbno\u00bb custom_class=\u00bbcolonna-dx-variazioni-contenuto\u00bb][vc_empty_space height=\u00bb60px\u00bb][vc_column_text]<\/p>\n<h3><span style=\"color: #303034;\">Variaciones en el contenido de \u00e1cidos grasos poliinsaturados<\/span><\/h3>\n<p>[\/vc_column_text][vc_empty_space height=\u00bb30px\u00bb][vc_column_text]<strong>\u00c1CIDO VACC\u00c9NICO<\/strong>[\/vc_column_text][vc_empty_space height=\u00bb15px\u00bb]<div class='q_progress_bar'><h6 class='progress_title_holder clearfix' style=''><span class='progress_title'><span>CONTROL<\/span><\/span><span class='progress_number' style='font-size: 20px;'><span>0<\/span>%<\/span><\/h6><div class='progress_content_outer' style='height: 7px;'><div data-percentage='65' class='progress_content' style='height: 7px;'><\/div><\/div><\/div><div class='q_progress_bar'><h6 class='progress_title_holder clearfix' style=''><span class='progress_title'><span>TANINO \u2192 +24%<\/span><\/span><span class='progress_number' style='font-size: 20px;'><span>0<\/span>%<\/span><\/h6><div class='progress_content_outer' style='height: 7px;'><div data-percentage='90' class='progress_content' style='height: 7px;'><\/div><\/div><\/div>[vc_empty_space height=\u00bb40px\u00bb][vc_column_text]<strong>\u00c1CIDO RUM\u00c9NICO<\/strong>[\/vc_column_text][vc_empty_space height=\u00bb15px\u00bb]<div class='q_progress_bar'><h6 class='progress_title_holder clearfix' style=''><span class='progress_title'><span>CONTROL<\/span><\/span><span class='progress_number' style=''><span>0<\/span>%<\/span><\/h6><div class='progress_content_outer' style='height: 7px;'><div data-percentage='33' class='progress_content' style='height: 7px;'><\/div><\/div><\/div><div class='q_progress_bar'><h6 class='progress_title_holder clearfix' style=''><span class='progress_title'><span>TANINO \u2192 +31%<\/span><\/span><span class='progress_number' style='font-size: 20px;'><span>0<\/span>%<\/span><\/h6><div class='progress_content_outer' style='height: 7px;'><div data-percentage='50' class='progress_content' style='height: 7px;'><\/div><\/div><\/div>[vc_empty_space height=\u00bb60px\u00bb][\/qode_elements_holder_item][\/qode_elements_holder][\/vc_column_inner][\/vc_row_inner][\/vc_column][\/vc_row]<\/p>\n<\/div>","protected":false},"excerpt":{"rendered":"<p>[vc_row css_animation=\u00bb\u00bb row_type=\u00bbrow\u00bb use_row_as_full_screen_section=\u00bbno\u00bb type=\u00bbfull_width\u00bb angled_section=\u00bbno\u00bb text_align=\u00bbleft\u00bb background_image_as_pattern=\u00bbwithout_pattern\u00bb el_class=\u00bbriga-banner-bovino\u00bb z_index=\u00bb\u00bb][vc_column][vc_row_inner row_type=\u00bbrow\u00bb type=\u00bbfull_width\u00bb text_align=\u00bbleft\u00bb css_animation=\u00bb\u00bb][vc_column_inner][qode_elements_holder number_of_columns=\u00bbtwo_columns\u00bb alignment_one_column=\u00bbcenter\u00bb][qode_elements_holder_item advanced_animations=\u00bbno\u00bb custom_class=\u00bbcolonna-immagine-banner-bovino\u00bb][vc_single_image image=\u00bb1163&#8243; img_size=\u00bbfull\u00bb alignment=\u00bbcenter\u00bb qode_css_animation=\u00bb\u00bb][\/qode_elements_holder_item][qode_elements_holder_item advanced_animations=\u00bbno\u00bb custom_class=\u00bbcolonna-testo-banner-bovino\u00bb][vc_column_text] Bovino [\/vc_column_text][\/qode_elements_holder_item][\/qode_elements_holder][\/vc_column_inner][\/vc_row_inner][\/vc_column][\/vc_row][vc_row css_animation=\u00bb\u00bb row_type=\u00bbrow\u00bb use_row_as_full_screen_section=\u00bbno\u00bb type=\u00bbfull_width\u00bb angled_section=\u00bbno\u00bb text_align=\u00bbleft\u00bb background_image_as_pattern=\u00bbwithout_pattern\u00bb background_color=\u00bb#ffffff\u00bb z_index=\u00bb\u00bb el_class=\u00bbriga-efficienza-alimentare\u00bb][vc_column][vc_row_inner row_type=\u00bbrow\u00bb type=\u00bbgrid\u00bb text_align=\u00bbleft\u00bb css_animation=\u00bb\u00bb][vc_column_inner][vc_empty_space height=\u00bb70px\u00bb][vc_column_text] Mejoramiento de la eficiencia&#8230;<\/p>\n","protected":false},"author":1,"featured_media":0,"parent":1365,"menu_order":0,"comment_status":"closed","ping_status":"closed","template":"full_width.php","meta":{"footnotes":""},"class_list":["post-1386","page","type-page","status-publish","hentry"],"_links":{"self":[{"href":"https:\/\/saviolife.com\/es\/wp-json\/wp\/v2\/pages\/1386","targetHints":{"allow":["GET"]}}],"collection":[{"href":"https:\/\/saviolife.com\/es\/wp-json\/wp\/v2\/pages"}],"about":[{"href":"https:\/\/saviolife.com\/es\/wp-json\/wp\/v2\/types\/page"}],"author":[{"embeddable":true,"href":"https:\/\/saviolife.com\/es\/wp-json\/wp\/v2\/users\/1"}],"replies":[{"embeddable":true,"href":"https:\/\/saviolife.com\/es\/wp-json\/wp\/v2\/comments?post=1386"}],"version-history":[{"count":5,"href":"https:\/\/saviolife.com\/es\/wp-json\/wp\/v2\/pages\/1386\/revisions"}],"predecessor-version":[{"id":2454,"href":"https:\/\/saviolife.com\/es\/wp-json\/wp\/v2\/pages\/1386\/revisions\/2454"}],"up":[{"embeddable":true,"href":"https:\/\/saviolife.com\/es\/wp-json\/wp\/v2\/pages\/1365"}],"wp:attachment":[{"href":"https:\/\/saviolife.com\/es\/wp-json\/wp\/v2\/media?parent=1386"}],"curies":[{"name":"wp","href":"https:\/\/api.w.org\/{rel}","templated":true}]}}