{"id":1393,"date":"2019-02-05T09:10:45","date_gmt":"2019-02-05T08:10:45","guid":{"rendered":"https:\/\/www.saviolife.com\/saviotan-feed\/saviotan-feed-avicolo\/"},"modified":"2021-03-19T18:32:44","modified_gmt":"2021-03-19T17:32:44","slug":"saviotan-feed-avicultura","status":"publish","type":"page","link":"https:\/\/saviolife.com\/es\/saviotan\/saviotan-feed\/saviotan-feed-avicultura\/","title":{"rendered":"Saviotan Feed Avicultura"},"content":{"rendered":"<div class=\"wpb-content-wrapper\"><p>[vc_row css_animation=\u00bb\u00bb row_type=\u00bbrow\u00bb use_row_as_full_screen_section=\u00bbno\u00bb type=\u00bbfull_width\u00bb angled_section=\u00bbno\u00bb text_align=\u00bbleft\u00bb background_image_as_pattern=\u00bbwithout_pattern\u00bb el_class=\u00bbriga-banner-avicolo\u00bb z_index=\u00bb\u00bb][vc_column][vc_row_inner row_type=\u00bbrow\u00bb type=\u00bbfull_width\u00bb text_align=\u00bbleft\u00bb css_animation=\u00bb\u00bb][vc_column_inner][qode_elements_holder number_of_columns=\u00bbtwo_columns\u00bb alignment_one_column=\u00bbcenter\u00bb][qode_elements_holder_item advanced_animations=\u00bbno\u00bb custom_class=\u00bbcolonna-immagine-banner-avicolo\u00bb][vc_single_image image=\u00bb2418&#8243; img_size=\u00bbfull\u00bb alignment=\u00bbcenter\u00bb qode_css_animation=\u00bb\u00bb][\/qode_elements_holder_item][qode_elements_holder_item advanced_animations=\u00bbno\u00bb custom_class=\u00bbcolonna-testo-banner-avicolo\u00bb][vc_column_text]<\/p>\n<h1><span style=\"color: #ffffff;\">Avicultura<\/span><\/h1>\n<p>[\/vc_column_text][\/qode_elements_holder_item][\/qode_elements_holder][\/vc_column_inner][\/vc_row_inner][\/vc_column][\/vc_row][vc_row css_animation=\u00bb\u00bb row_type=\u00bbrow\u00bb use_row_as_full_screen_section=\u00bbno\u00bb type=\u00bbfull_width\u00bb angled_section=\u00bbno\u00bb text_align=\u00bbleft\u00bb background_image_as_pattern=\u00bbwithout_pattern\u00bb z_index=\u00bb\u00bb el_class=\u00bbriga-controllo-parassitosi\u00bb][vc_column][vc_empty_space height=\u00bb70px\u00bb][vc_row_inner row_type=\u00bbrow\u00bb type=\u00bbfull_width\u00bb text_align=\u00bbleft\u00bb css_animation=\u00bb\u00bb][vc_column_inner][qode_elements_holder number_of_columns=\u00bbtwo_columns\u00bb alignment_one_column=\u00bbcenter\u00bb][qode_elements_holder_item advanced_animations=\u00bbno\u00bb custom_class=\u00bbcolonna-sx-controllo-parassitosi\u00bb][vc_column_text]<\/p>\n<h2>Control de las parasitosis intestinales<\/h2>\n<p>[\/vc_column_text][vc_empty_space][vc_column_text]El efecto primario de <strong>Saviotan\u00ae Feed<\/strong> es unirse a las prote\u00ednas de modo selectivo, y se refleja tambi\u00e9n en la modulaci\u00f3n de algunas actividades enzim\u00e1ticas. Este es el modo de acci\u00f3n de Saviotan\u00ae Feed respecto a los par\u00e1sitos intestinales: interacci\u00f3n selectiva con las prote\u00ednas de la membrana celular, con alteraci\u00f3n del intercambio de iones y sustancias nutritivas.[\/vc_column_text][vc_empty_space][\/qode_elements_holder_item][qode_elements_holder_item advanced_animations=\u00bbno\u00bb custom_class=\u00bbcolonna-dx-controllo-parassitosi\u00bb][vc_single_image image=\u00bb1027&#8243; img_size=\u00bbfull\u00bb alignment=\u00bbcenter\u00bb qode_css_animation=\u00bbelement_from_fade\u00bb transition_delay=\u00bb0.3&#8243;][\/qode_elements_holder_item][\/qode_elements_holder][\/vc_column_inner][\/vc_row_inner][\/vc_column][\/vc_row][vc_row css_animation=\u00bb\u00bb row_type=\u00bbrow\u00bb use_row_as_full_screen_section=\u00bbno\u00bb type=\u00bbfull_width\u00bb angled_section=\u00bbno\u00bb text_align=\u00bbleft\u00bb background_image_as_pattern=\u00bbwithout_pattern\u00bb el_class=\u00bbriga-azione-antimicrobica\u00bb z_index=\u00bb\u00bb][vc_column][qode_elements_holder number_of_columns=\u00bbtwo_columns\u00bb alignment_one_column=\u00bbcenter\u00bb][qode_elements_holder_item advanced_animations=\u00bbno\u00bb custom_class=\u00bbcolonna-sx-azione-antimicrobica\u00bb][vc_empty_space height=\u00bb100px\u00bb][vc_column_text]<strong>RETENCI\u00d3N DE NITR\u00d3GENO &gt; GRAMOS \/ D\u00cdA<\/strong>[\/vc_column_text][vc_row_inner row_type=\u00bbrow\u00bb type=\u00bbfull_width\u00bb text_align=\u00bbleft\u00bb css_animation=\u00bb\u00bb][vc_column_inner el_class=\u00bbcolonne-20&#8243; width=\u00bb1\/6&#8243;][vc_empty_space]<div class='q_progress_bars_vertical'><div class='progress_content_outer' style='background-color: #ea5e5e;'><div data-percentage='53' class='progress_content' style='background-color: #ffe788;'><\/div><\/div><h5 class='progress_title' style=''><\/h5><span class='progress_number' style=''><span>53<\/span>%<\/span><span class='progress_text'>Control<\/span><\/div>[vc_empty_space height=\u00bb22px\u00bb][\/vc_column_inner][vc_column_inner el_class=\u00bbcolonne-20&#8243; width=\u00bb1\/6&#8243;][vc_empty_space]<div class='q_progress_bars_vertical'><div class='progress_content_outer' style='background-color: #ea5e5e;'><div data-percentage='40' class='progress_content' style='background-color: #ffe788;'><\/div><\/div><h5 class='progress_title' style=''><\/h5><span class='progress_number' style=''><span>40<\/span>%<\/span><span class='progress_text'>0,15%<\/span><\/div>[vc_empty_space height=\u00bb22px\u00bb][\/vc_column_inner][vc_column_inner el_class=\u00bbcolonne-20&#8243; width=\u00bb1\/6&#8243;][vc_empty_space]<div class='q_progress_bars_vertical'><div class='progress_content_outer' style='background-color: #ea5e5e;'><div data-percentage='64' class='progress_content' style='background-color: #ffe788;'><\/div><\/div><h5 class='progress_title' style=''><\/h5><span class='progress_number' style=''><span>64<\/span>%<\/span><span class='progress_text'>0,30%<\/span><\/div>[vc_empty_space height=\u00bb22px\u00bb][\/vc_column_inner][vc_column_inner el_class=\u00bbcolonne-20&#8243; width=\u00bb1\/6&#8243;][vc_empty_space]<div class='q_progress_bars_vertical'><div class='progress_content_outer' style='background-color: #ffe788;'><div data-percentage='18' class='progress_content' style='background-color: #6cd07f;'><\/div><\/div><h5 class='progress_title' style=''><\/h5><span class='progress_number' style=''><span>18<\/span>%<\/span><span class='progress_text'>0,50%<\/span><\/div>[vc_empty_space height=\u00bb22px\u00bb][\/vc_column_inner][vc_column_inner el_class=\u00bbcolonne-20&#8243; width=\u00bb1\/6&#8243;][vc_empty_space]<div class='q_progress_bars_vertical'><div class='progress_content_outer' style='background-color: #ffe788;'><div data-percentage='65' class='progress_content' style='background-color: #6cd07f;'><\/div><\/div><h5 class='progress_title' style=''><\/h5><span class='progress_number' style=''><span>65<\/span>%<\/span><span class='progress_text'>1,00%<\/span><\/div>[vc_empty_space height=\u00bb22px\u00bb][\/vc_column_inner][vc_column_inner el_class=\u00bbsesta-colonna\u00bb width=\u00bb1\/6&#8243;][\/vc_column_inner][\/vc_row_inner][vc_empty_space height=\u00bb72px\u00bb][\/qode_elements_holder_item][qode_elements_holder_item advanced_animations=\u00bbno\u00bb custom_class=\u00bbcolonna-dx-azione-antimicrobica\u00bb][vc_empty_space height=\u00bb72px\u00bb][vc_column_text]<\/p>\n<h2>Acci\u00f3n antimicrobiana de Saviotan Feed en los pollos de engorde (broiler)<\/h2>\n<p>[\/vc_column_text][vc_empty_space][vc_column_text]<strong>Saviotan\u00ae Feed<\/strong>, probado como aditivo alimentario, ha demostrado gran eficacia en la prevenci\u00f3n de enteritis necr\u00f3tica a dosis comprendidas entre l y 5 kg\/tonelada de pienso. Experimentalmente, la eficacia ha sido probada en condiciones deliberadamente cr\u00edticas, infectando los pollos de engorde de modo artificial con Clostridium perfringens y Eimeria spp. Incluso en estas condiciones extremas, la prueba realizada 25 d\u00edas despu\u00e9s de la infecci\u00f3n evidenci\u00f3 la ausencia de lesiones intestinales graves, a partir de dosis de 0,5% de <strong>Saviotan\u00ae Feed<\/strong> en la raci\u00f3n.[\/vc_column_text][vc_empty_space height=\u00bb72px\u00bb][\/qode_elements_holder_item][\/qode_elements_holder][vc_column_text]<\/p>\n<p style=\"text-align: center; font-size: 10px;\">Literatura citada;G. Tosi, P. Massi, M. Antongiovanni, A . Buccioni, S. Minieri, L. Marenchino, M. Mele (2013). Efficacy test of a hydrolysable tannin extract against necrotic enteritis in challenged broiler chickens. ltal. J. Anim. Sci., 12e62: 386-389.<\/p>\n<p>[\/vc_column_text][vc_empty_space][\/vc_column][\/vc_row][vc_row css_animation=\u00bb\u00bb row_type=\u00bbrow\u00bb use_row_as_full_screen_section=\u00bbno\u00bb type=\u00bbfull_width\u00bb angled_section=\u00bbno\u00bb text_align=\u00bbleft\u00bb background_image_as_pattern=\u00bbwithout_pattern\u00bb z_index=\u00bb\u00bb el_class=\u00bbriga-utilizzazione-proteine\u00bb][vc_column][vc_empty_space height=\u00bb70px\u00bb][vc_row_inner row_type=\u00bbrow\u00bb type=\u00bbgrid\u00bb text_align=\u00bbleft\u00bb css_animation=\u00bb\u00bb][vc_column_inner][vc_column_text]<\/p>\n<h2 style=\"text-align: center;\">Mejor uso de las prote\u00ednas<\/h2>\n<p>[\/vc_column_text][vc_empty_space][vc_column_text]<\/p>\n<p style=\"text-align: center;\"><strong>Saviotan\u00ae Feed<\/strong> mejora notablemente la eficiencia de la utilizaci\u00f3n de las prote\u00ednas de la raci\u00f3n. <strong>Saviotan \u00ae Feed<\/strong> se une principalmente a las prote\u00ednas menos nobles, o sea a la fracci\u00f3n con valor biol\u00f3gico m\u00e1s bajo. La digeribilidad modificada ofrece un mayor uso de las prote\u00ednas alimentarias.<\/p>\n<p>[\/vc_column_text][vc_empty_space height=\u00bb70px\u00bb][\/vc_column_inner][\/vc_row_inner][vc_row_inner row_type=\u00bbrow\u00bb type=\u00bbfull_width\u00bb text_align=\u00bbleft\u00bb css_animation=\u00bb\u00bb][vc_column_inner][qode_elements_holder number_of_columns=\u00bbthree_columns\u00bb alignment_one_column=\u00bbcenter\u00bb][qode_elements_holder_item advanced_animations=\u00bbno\u00bb custom_class=\u00bbcolonna-sx-utilizzazione-proteine\u00bb][vc_column_text]Mejor utilizador de nitr\u00f3geno proteico, lo que permite reducir los aportes proteicos de la raci\u00f3n[\/vc_column_text][vc_empty_space height=\u00bb22px\u00bb][\/qode_elements_holder_item][qode_elements_holder_item advanced_animations=\u00bbno\u00bb custom_class=\u00bbcolonna-cx-utilizzazione-proteine\u00bb][vc_single_image image=\u00bb1033&#8243; img_size=\u00bbfull\u00bb alignment=\u00bbcenter\u00bb qode_css_animation=\u00bbelement_from_fade\u00bb transition_delay=\u00bb0.4&#8243;][vc_empty_space height=\u00bb22px\u00bb][\/qode_elements_holder_item][qode_elements_holder_item advanced_animations=\u00bbno\u00bb custom_class=\u00bbcolonna-dx-utilizzazione-proteine\u00bb][vc_column_text]Mejor excreci\u00f3n nitrogenada, con menos compuestos nitrogenados vol\u00e1tiles en las deyecciones y consecuente reducci\u00f3n de emisiones gaseosas y contaminaci\u00f3n atmosf\u00e9rica[\/vc_column_text][vc_empty_space height=\u00bb22px\u00bb][\/qode_elements_holder_item][\/qode_elements_holder][\/vc_column_inner][\/vc_row_inner][vc_empty_space height=\u00bb72px\u00bb][\/vc_column][\/vc_row][vc_row css_animation=\u00bb\u00bb row_type=\u00bbrow\u00bb use_row_as_full_screen_section=\u00bbno\u00bb type=\u00bbfull_width\u00bb angled_section=\u00bbno\u00bb text_align=\u00bbleft\u00bb background_image_as_pattern=\u00bbwithout_pattern\u00bb el_class=\u00bbriga-ritenzione-azoto\u00bb z_index=\u00bb\u00bb][vc_column][vc_row_inner row_type=\u00bbrow\u00bb type=\u00bbfull_width\u00bb text_align=\u00bbleft\u00bb css_animation=\u00bb\u00bb][vc_column_inner][qode_elements_holder number_of_columns=\u00bbtwo_columns\u00bb alignment_one_column=\u00bbcenter\u00bb][qode_elements_holder_item advanced_animations=\u00bbno\u00bb custom_class=\u00bbcolonna-sx-ritenzione-azoto\u00bb][vc_empty_space height=\u00bb60px\u00bb][vc_column_text]<\/p>\n<h2>Mejor retenci\u00f3n del nitr\u00f3geno proteico en los broilers<\/h2>\n<p>[\/vc_column_text][vc_empty_space][vc_column_text]<strong>Saviotan\u00ae Feed<\/strong> se suministr\u00f3 a grupos de pollos de engorde y sus deyecciones fueron completamente recogidas durante una semana. El incremento de retenci\u00f3n del nitr\u00f3geno fue significativo a partir de dosis de Saviotan\u00ae Feed de 0,2%.[\/vc_column_text][vc_empty_space height=\u00bb60px\u00bb][\/qode_elements_holder_item][qode_elements_holder_item advanced_animations=\u00bbno\u00bb custom_class=\u00bbcolonna-dx-ritenzione-azoto\u00bb][vc_empty_space height=\u00bb60px\u00bb][vc_column_text]<strong>RETENCI\u00d3N DE NITR\u00d3GENO &gt; GRAMOS \/ D\u00cdA<\/strong>[\/vc_column_text][vc_empty_space]\n<div class=\"q_line_graf_holder\">\n\t<div class=\"q_line_graf\" data-scale-step-width=\"0.4\" data-scale-steps=\"17\" data-bezier-curve=\"true\" data-scale-font-color=\"#818181\" data-scale-font-size=\"15\" data-labels=\"[&quot;control&quot;,&quot;0.15%&quot;,&quot;0.20%&quot;,&quot;0.25%&quot;,&quot;0.30%&quot;]\" data-values=\"[&quot;5.6,6.0,6.6,6.2,6.5&quot;]\" data-background-colors=\"[&quot;rgba(99,138,73,0.7)&quot;]\">\n\t\t<canvas id=\"lineGraph5391\" height=\"450\" width=\"489\"><\/canvas>\n\t<\/div>\n\t<div class=\"q_line_graf_legend\">\n\t\t<ul>\n\t\t\t\t\t\t\t<li>\n\t\t\t\t\t<div class=\"color_holder\" style=\"background-color:#638a49\"><\/div>\n\t\t\t\t\t<p style=\"color:\">Graves<\/p>\n\t\t\t\t<\/li>\n\t\t\t\t\t<\/ul>\n\t<\/div>\n<\/div>[vc_empty_space height=\u00bb60px\u00bb][\/qode_elements_holder_item][\/qode_elements_holder][\/vc_column_inner][\/vc_row_inner][\/vc_column][\/vc_row][vc_row css_animation=\u00bb\u00bb row_type=\u00bbrow\u00bb use_row_as_full_screen_section=\u00bbno\u00bb type=\u00bbfull_width\u00bb angled_section=\u00bbno\u00bb text_align=\u00bbleft\u00bb background_image_as_pattern=\u00bbwithout_pattern\u00bb z_index=\u00bb\u00bb el_class=\u00bbriga-alimentazione-sana\u00bb][vc_column][vc_row_inner row_type=\u00bbrow\u00bb type=\u00bbfull_width\u00bb text_align=\u00bbleft\u00bb css_animation=\u00bb\u00bb][vc_column_inner][qode_elements_holder number_of_columns=\u00bbtwo_columns\u00bb alignment_one_column=\u00bbcenter\u00bb][qode_elements_holder_item advanced_animations=\u00bbno\u00bb custom_class=\u00bbcolonna-sx-alimentazione-sana\u00bb][vc_empty_space height=\u00bb60px\u00bb][vc_single_image image=\u00bb1038&#8243; img_size=\u00bbfull\u00bb qode_css_animation=\u00bb\u00bb][vc_empty_space height=\u00bb60px\u00bb][\/qode_elements_holder_item][qode_elements_holder_item advanced_animations=\u00bbno\u00bb custom_class=\u00bbcolonna-dx-alimentazione-sana\u00bb][vc_empty_space height=\u00bb60px\u00bb][vc_column_text]<\/p>\n<h2>Huevos y alimentaci\u00f3n m\u00e1s sana<\/h2>\n<p>[\/vc_column_text][vc_empty_space][vc_column_text]El colesterol es una de las concausas de la enorme difusi\u00f3n de las enfermedades cardiovasculares en los pa\u00edses industrializados.<br \/>\nLa creciente demanda de una alimentaci\u00f3n m\u00e1s sana por parte del consumidor, empuja la industria alimentaria a invertir recursos significativos para identificar alternativas alimentarias con menor contenido de colesterol. La acci\u00f3n de Saviotan\u00ae Feed sobre la actividad enzim\u00e1tica digestiva se refleja tambi\u00e9n en modificaciones del metabolismo de los l\u00edpidos. En la producci\u00f3n de huevos, por ejemplo, es posible reducir el contenido de colesterol de la yema.[\/vc_column_text][vc_empty_space height=\u00bb60px\u00bb][\/qode_elements_holder_item][\/qode_elements_holder][\/vc_column_inner][\/vc_row_inner][\/vc_column][\/vc_row][vc_row css_animation=\u00bb\u00bb row_type=\u00bbrow\u00bb use_row_as_full_screen_section=\u00bbno\u00bb type=\u00bbfull_width\u00bb angled_section=\u00bbno\u00bb text_align=\u00bbleft\u00bb background_image_as_pattern=\u00bbwithout_pattern\u00bb background_color=\u00bb#ffffff\u00bb z_index=\u00bb\u00bb el_class=\u00bbriga-riduzione-colesterolo\u00bb][vc_column][vc_row_inner row_type=\u00bbrow\u00bb type=\u00bbfull_width\u00bb text_align=\u00bbleft\u00bb css_animation=\u00bb\u00bb][vc_column_inner][qode_elements_holder number_of_columns=\u00bbtwo_columns\u00bb alignment_one_column=\u00bbcenter\u00bb][qode_elements_holder_item advanced_animations=\u00bbno\u00bb custom_class=\u00bbcolonna-sx-riduzione-colesterolo\u00bb][vc_empty_space height=\u00bb60px\u00bb][vc_column_text]<\/p>\n<h2>Reducci\u00f3n del colesterol en la yema de huevo<\/h2>\n<p>[\/vc_column_text][vc_empty_space][vc_column_text]Saviotan\u00ae Feed fue administrado a gallinas ponedoras de 50 semanas de edad, a dosis de 0,2% del pienso. La prueba, que dur\u00f3 5 semanas, compar\u00f3 dos rasas (Mugellese y Leghorn) y dos dietas alimentarias (con y sin tanino). En la tesis con Saviotan\u00ae Feed, el colesterol se redujo sensiblemente en las dos razas, de manera m\u00e1s evidente en la Leghorn (-17%, contra un -9% de la Mugellese).<br \/>\nNo se registraron variaciones de peso, espesor y color de los huevos entre las tesis con y sin Saviotan\u00ae Feed.<br \/>\n[\/vc_column_text][vc_empty_space height=\u00bb60px\u00bb][\/qode_elements_holder_item][qode_elements_holder_item advanced_animations=\u00bbno\u00bb custom_class=\u00bbcolonna-dx-riduzione-colesterolo\u00bb][vc_empty_space height=\u00bb60px\u00bb]<div class='q_progress_bar'><h6 class='progress_title_holder clearfix' style=''><span class='progress_title'><span>Mugellese C \u2192 230<\/span><\/span><span class='progress_number' style='font-size: 20px;'><span>0<\/span>%<\/span><\/h6><div class='progress_content_outer' style='height: 7px;'><div data-percentage='60' class='progress_content' style='height: 7px;'><\/div><\/div><\/div><div class='q_progress_bar'><h6 class='progress_title_holder clearfix' style=''><span class='progress_title'><span>Mugellese 0,2% \u2192 210<\/span><\/span><span class='progress_number' style='font-size: 20px;'><span>0<\/span>%<\/span><\/h6><div class='progress_content_outer' style='height: 7px;'><div data-percentage='40' class='progress_content' style='height: 7px;'><\/div><\/div><\/div><div class='q_progress_bar'><h6 class='progress_title_holder clearfix' style=''><span class='progress_title'><span>Leghorn C \u2192 243<\/span><\/span><span class='progress_number' style=''><span>0<\/span>%<\/span><\/h6><div class='progress_content_outer' style='height: 7px;'><div data-percentage='85' class='progress_content' style='height: 7px;'><\/div><\/div><\/div><div class='q_progress_bar'><h6 class='progress_title_holder clearfix' style=''><span class='progress_title'><span>Leghorn 0,2% \u2192 206<\/span><\/span><span class='progress_number' style='font-size: 20px;'><span>0<\/span>%<\/span><\/h6><div class='progress_content_outer' style='height: 7px;'><div data-percentage='30' class='progress_content' style='height: 7px;'><\/div><\/div><\/div>[vc_empty_space height=\u00bb60px\u00bb][\/qode_elements_holder_item][\/qode_elements_holder][\/vc_column_inner][\/vc_row_inner][vc_column_text]<\/p>\n<p style=\"text-align: center; font-size: 10px;\">Antonglovanni, M. et al., 2015. Effect of a hydrolysable tannln from chestnut wood o n digestibility an d nitrogen balance In broiler chickens. Proc. 20th European Symposium on Poultry Nutrition. Prague, 24-27 August 2015, page 141.<\/p>\n<p>[\/vc_column_text][vc_empty_space height=\u00bb72px\u00bb][\/vc_column][\/vc_row]<\/p>\n<\/div>","protected":false},"excerpt":{"rendered":"<p>[vc_row css_animation=\u00bb\u00bb row_type=\u00bbrow\u00bb use_row_as_full_screen_section=\u00bbno\u00bb type=\u00bbfull_width\u00bb angled_section=\u00bbno\u00bb text_align=\u00bbleft\u00bb background_image_as_pattern=\u00bbwithout_pattern\u00bb el_class=\u00bbriga-banner-avicolo\u00bb z_index=\u00bb\u00bb][vc_column][vc_row_inner row_type=\u00bbrow\u00bb type=\u00bbfull_width\u00bb text_align=\u00bbleft\u00bb css_animation=\u00bb\u00bb][vc_column_inner][qode_elements_holder number_of_columns=\u00bbtwo_columns\u00bb alignment_one_column=\u00bbcenter\u00bb][qode_elements_holder_item advanced_animations=\u00bbno\u00bb custom_class=\u00bbcolonna-immagine-banner-avicolo\u00bb][vc_single_image image=\u00bb2418&#8243; img_size=\u00bbfull\u00bb alignment=\u00bbcenter\u00bb qode_css_animation=\u00bb\u00bb][\/qode_elements_holder_item][qode_elements_holder_item advanced_animations=\u00bbno\u00bb custom_class=\u00bbcolonna-testo-banner-avicolo\u00bb][vc_column_text] Avicultura [\/vc_column_text][\/qode_elements_holder_item][\/qode_elements_holder][\/vc_column_inner][\/vc_row_inner][\/vc_column][\/vc_row][vc_row css_animation=\u00bb\u00bb row_type=\u00bbrow\u00bb use_row_as_full_screen_section=\u00bbno\u00bb type=\u00bbfull_width\u00bb angled_section=\u00bbno\u00bb text_align=\u00bbleft\u00bb background_image_as_pattern=\u00bbwithout_pattern\u00bb z_index=\u00bb\u00bb el_class=\u00bbriga-controllo-parassitosi\u00bb][vc_column][vc_empty_space height=\u00bb70px\u00bb][vc_row_inner row_type=\u00bbrow\u00bb type=\u00bbfull_width\u00bb text_align=\u00bbleft\u00bb css_animation=\u00bb\u00bb][vc_column_inner][qode_elements_holder number_of_columns=\u00bbtwo_columns\u00bb alignment_one_column=\u00bbcenter\u00bb][qode_elements_holder_item advanced_animations=\u00bbno\u00bb custom_class=\u00bbcolonna-sx-controllo-parassitosi\u00bb][vc_column_text] Control&#8230;<\/p>\n","protected":false},"author":1,"featured_media":0,"parent":1365,"menu_order":0,"comment_status":"closed","ping_status":"closed","template":"full_width.php","meta":{"footnotes":""},"class_list":["post-1393","page","type-page","status-publish","hentry"],"_links":{"self":[{"href":"https:\/\/saviolife.com\/es\/wp-json\/wp\/v2\/pages\/1393","targetHints":{"allow":["GET"]}}],"collection":[{"href":"https:\/\/saviolife.com\/es\/wp-json\/wp\/v2\/pages"}],"about":[{"href":"https:\/\/saviolife.com\/es\/wp-json\/wp\/v2\/types\/page"}],"author":[{"embeddable":true,"href":"https:\/\/saviolife.com\/es\/wp-json\/wp\/v2\/users\/1"}],"replies":[{"embeddable":true,"href":"https:\/\/saviolife.com\/es\/wp-json\/wp\/v2\/comments?post=1393"}],"version-history":[{"count":5,"href":"https:\/\/saviolife.com\/es\/wp-json\/wp\/v2\/pages\/1393\/revisions"}],"predecessor-version":[{"id":2460,"href":"https:\/\/saviolife.com\/es\/wp-json\/wp\/v2\/pages\/1393\/revisions\/2460"}],"up":[{"embeddable":true,"href":"https:\/\/saviolife.com\/es\/wp-json\/wp\/v2\/pages\/1365"}],"wp:attachment":[{"href":"https:\/\/saviolife.com\/es\/wp-json\/wp\/v2\/media?parent=1393"}],"curies":[{"name":"wp","href":"https:\/\/api.w.org\/{rel}","templated":true}]}}