{"id":1411,"date":"2019-02-04T17:52:44","date_gmt":"2019-02-04T16:52:44","guid":{"rendered":"https:\/\/www.saviolife.com\/sazolene\/"},"modified":"2021-03-19T16:07:25","modified_gmt":"2021-03-19T15:07:25","slug":"sazolene","status":"publish","type":"page","link":"https:\/\/saviolife.com\/es\/sazolene\/","title":{"rendered":"Sazolene"},"content":{"rendered":"<div class=\"wpb-content-wrapper\"><p>[vc_row css_animation=\u00bb\u00bb row_type=\u00bbrow\u00bb use_row_as_full_screen_section=\u00bbno\u00bb type=\u00bbfull_width\u00bb angled_section=\u00bbno\u00bb text_align=\u00bbleft\u00bb background_image_as_pattern=\u00bbwithout_pattern\u00bb][vc_column][rev_slider_vc alias=\u00bbsazolene_main-es\u00bb][\/vc_column][\/vc_row][vc_row css_animation=\u00bb\u00bb row_type=\u00bbrow\u00bb use_row_as_full_screen_section=\u00bbno\u00bb type=\u00bbfull_width\u00bb angled_section=\u00bbno\u00bb text_align=\u00bbleft\u00bb background_image_as_pattern=\u00bbwithout_pattern\u00bb el_class=\u00bbriga-applicazioni-img-sinistra\u00bb z_index=\u00bb\u00bb][vc_column][vc_row_inner row_type=\u00bbrow\u00bb type=\u00bbfull_width\u00bb text_align=\u00bbleft\u00bb css_animation=\u00bb\u00bb][vc_column_inner][qode_elements_holder number_of_columns=\u00bbtwo_columns\u00bb alignment_one_column=\u00bbcenter\u00bb][qode_elements_holder_item vertical_alignment=\u00bbtop\u00bb advanced_animations=\u00bbno\u00bb custom_class=\u00bbcolonna-sx-img-sinistra-sazolene\u00bb][vc_single_image image=\u00bb811&#8243; img_size=\u00bbfull\u00bb qode_css_animation=\u00bb\u00bb][vc_empty_space height=\u00bb22px\u00bb][vc_column_text]<span style=\"color: #373737; font-size: 20px;\">Cuando la conciencia ecol\u00f3gica, la investigaci\u00f3n y la introducci\u00f3n de nuevas tecnolog\u00edas se unen, crean ventajas para el consumidor y para la calidad del producto, entonces. se puede realmente hablar de innovaci\u00f3n y progreso.<\/span>[\/vc_column_text][vc_empty_space height=\u00bb22px\u00bb][\/qode_elements_holder_item][qode_elements_holder_item advanced_animations=\u00bbno\u00bb custom_class=\u00bbcolonna-dx-img-sinistra-sazolene\u00bb][vc_column_text]<\/p>\n<h2>Fertilizante nitrogenado de liberaci\u00f3n lenta<\/h2>\n<p>[\/vc_column_text][vc_empty_space height=\u00bb22px\u00bb][vc_column_text]El principal elemento para la nutrici\u00f3n vegetal es representado por el NITR\u00d3GENO. Este elemento es aportado por fertilizantes tradicionales, que son, sin embargo, inmediatamente solubles. La utilizaci\u00f3n de estos fertilizantes puede generar un fuerte impacto en el medio ambiente y provocar efectos da\u00f1inos tales como la contaminaci\u00f3n del aire y los acu\u00edferos subterr\u00e1neos, adem\u00e1s de poseer una escasa eficiencia (poca cantidad efectivamente utilizada por las plantas) y requerir varias aplicaciones con aumento de los costos<\/p>\n<p>&nbsp;<\/p>\n<p><span style=\"font-weight: 400;\">Sazolene es un fertilizante especial, sumamente revolucionario, capaz de liberar el NITR\u00d3GENO en sincron\u00eda con la necesidad de las plantas.<\/span><br \/>\n<span style=\"font-weight: 400;\">Sazolene posee varias f\u00f3rmulas, con tiempos de liberaci\u00f3n variables para las diversas exigencias de nutrici\u00f3n. Las ventajas son muchas: menor empleo de fertilizante y mayor eficiencia, reducci\u00f3n de costos, m\u00e1s respeto por la naturaleza y menor impacto ambiental.<\/span>[\/vc_column_text][vc_empty_space height=\u00bb22px\u00bb][\/qode_elements_holder_item][\/qode_elements_holder][\/vc_column_inner][\/vc_row_inner][\/vc_column][\/vc_row][vc_row css_animation=\u00bb\u00bb row_type=\u00bbrow\u00bb use_row_as_full_screen_section=\u00bbno\u00bb type=\u00bbfull_width\u00bb angled_section=\u00bbno\u00bb text_align=\u00bbleft\u00bb background_image_as_pattern=\u00bbwithout_pattern\u00bb el_class=\u00bbriga-applicazioni-img-destra\u00bb z_index=\u00bb\u00bb][vc_column][vc_row_inner row_type=\u00bbrow\u00bb type=\u00bbfull_width\u00bb text_align=\u00bbleft\u00bb css_animation=\u00bb\u00bb][vc_column_inner][qode_elements_holder number_of_columns=\u00bbtwo_columns\u00bb alignment_one_column=\u00bbcenter\u00bb][qode_elements_holder_item advanced_animations=\u00bbno\u00bb custom_class=\u00bbcolonna-sx-img-destra-sazolene\u00bb][vc_column_text]<\/p>\n<h2>C\u00f3mo funciona Sazolene<sup>\u00ae<\/sup>?<\/h2>\n<p>[\/vc_column_text][vc_empty_space height=\u00bb22px\u00bb][vc_column_text]El mecanismo de liberaci\u00f3n de nitr\u00f3geno, diversamente de otras tecnolog\u00edas de Nitr\u00f3geno de liberaci\u00f3n lenta, ocurre mediante un proceso de biodisponibilidad debida a la acci\u00f3n microbiana en el suelo (mineralizaci\u00f3n).<\/p>\n<p>&nbsp;<\/p>\n<p>El Sazolene<sup>\u00ae<\/sup> es una fuente de carbono org\u00e1nico (energ\u00eda vital) y nitr\u00f3geno (nutriente) para la poblaci\u00f3n microbiana del suelo. A diferencia de otras tecnolog\u00edas, Sazolene<sup>\u00ae<\/sup> no inhibe las actividades microbianas del suelo (responsable de los procesos naturales de mineralizaci\u00f3n) sino que, por el contrario, sostiene y mejora el desarrollo y la natural fertilidad del suelo, ya que representa una fuente de carbono org\u00e1nico y nitr\u00f3geno.<\/p>\n<p>&nbsp;<\/p>\n<p>Los factores que controlan el crecimiento radical y el desarrollo de las plantas (principalmente humedad y temperatura) son los mismos que regulan la actividad de los microorganismos: esto significa que el nitr\u00f3geno del Sazolene<sup>\u00ae<\/sup> se vuelve disponible cuando las condiciones para el desarrollo radical y el crecimiento vegetal son ideales (la liberaci\u00f3n del Sazolene<sup>\u00ae<\/sup> se sincroniza con las necesidades del cultivo).<\/p>\n<p>&nbsp;<\/p>\n<p>Por lo tanto, el Sazolene<sup>\u00ae<\/sup> ayuda a proteger contra la contaminaci\u00f3n de nitratos en los acu\u00edferos y mantiene el Nitr\u00f3geno disponible en las capas del suelo exploradas por las ra\u00edces. Este mecanismo asegura un uniforme y sostenido crecimiento de la planta, incluso en condiciones de elevada temperatura o fuertes precipitaciones, ya que la liberaci\u00f3n del Nitr\u00f3geno no depende directamente s\u00f3lo de la temperatura o fen\u00f3menos de hidrolisis, por ser una fuente de nitr\u00f3geno que se disuelve lentamente en agua.[\/vc_column_text][vc_empty_space height=\u00bb22px\u00bb][\/qode_elements_holder_item][qode_elements_holder_item advanced_animations=\u00bbno\u00bb custom_class=\u00bbcolonna-dx-img-destra-sazolene\u00bb][rev_slider_vc alias=\u00bbsazolene_funzionamento-es\u00bb][\/qode_elements_holder_item][\/qode_elements_holder][\/vc_column_inner][\/vc_row_inner][\/vc_column][\/vc_row][vc_row css_animation=\u00bb\u00bb row_type=\u00bbrow\u00bb use_row_as_full_screen_section=\u00bbno\u00bb type=\u00bbfull_width\u00bb angled_section=\u00bbno\u00bb text_align=\u00bbleft\u00bb background_image_as_pattern=\u00bbwithout_pattern\u00bb el_class=\u00bbriga-applicazioni-img-sinistra\u00bb z_index=\u00bb\u00bb][vc_column][vc_column_text]<a id=\"ancora-leather\"><\/a>[\/vc_column_text][vc_row_inner row_type=\u00bbrow\u00bb type=\u00bbfull_width\u00bb text_align=\u00bbleft\u00bb css_animation=\u00bb\u00bb][vc_column_inner][qode_elements_holder number_of_columns=\u00bbtwo_columns\u00bb alignment_one_column=\u00bbcenter\u00bb][qode_elements_holder_item advanced_animations=\u00bbno\u00bb custom_class=\u00bbcolonna-sx-img-sinistra\u00bb][vc_single_image image=\u00bb478&#8243; img_size=\u00bbfull\u00bb alignment=\u00bbcenter\u00bb qode_css_animation=\u00bb\u00bb][\/qode_elements_holder_item][qode_elements_holder_item advanced_animations=\u00bbno\u00bb custom_class=\u00bbcolonna-dx-img-sinistra\u00bb][vc_column_text]<\/p>\n<h2>C\u00f3mo utilizar Sazolene<sup>\u00ae<\/sup>?<\/h2>\n<p>[\/vc_column_text][vc_empty_space height=\u00bb22px\u00bb][vc_column_text]Sazolene<sup>\u00ae<\/sup> se utiliza principalmente como materia prima para la producci\u00f3n de fertilizantes de liberaci\u00f3n lenta nitrogenados (N), binarios (NP, NK) o ternarios (NPK) para proporcionar una parte o todo el nitr\u00f3geno mediante liberaci\u00f3n lenta (metilenurea).<br \/>\nGracias a la forma esf\u00e9rica y las diversas granulometr\u00edas disponibles es un componente ideal para la producci\u00f3n de fertilizantes obtenidos por mezcla. Sazolene<sup>\u00ae<\/sup> puede ser utilizado tambi\u00e9n para la producci\u00f3n de fertilizantes granulados o compactados, utilizando la granulometr\u00eda de chips (0,4 mm) o bien, las granulometr\u00edas mayores (2 o 3,5 mm) en caso de que el proceso de partida prevea moler las materias primas utilizadas.<\/p>\n<p>&nbsp;<\/p>\n<p>Se puede obtener una gran eficiencia mezclando Sazolene\u00ae con otras fuentes de nitr\u00f3geno r\u00e1pidamente soluble.<\/p>\n<p>&nbsp;<\/p>\n<p>Sazolene<sup>\u00ae<\/sup> puede ser utilizado tambi\u00e9n directamente para aportar el nitr\u00f3geno necesario para los cultivos en una \u00fanica aplicaci\u00f3n o para integrar las fertilizaciones con productos tradicionales de r\u00e1pido efecto. Mezclando oportunamente Sazolene<sup>\u00ae<\/sup> con otras materias primas es posible obtener una amplia gama de f\u00f3rmulas NPK con contenido variable de nitr\u00f3geno de liberaci\u00f3n lenta.[\/vc_column_text][vc_empty_space height=\u00bb22px\u00bb][\/qode_elements_holder_item][\/qode_elements_holder][\/vc_column_inner][\/vc_row_inner][\/vc_column][\/vc_row][vc_row css_animation=\u00bb\u00bb row_type=\u00bbrow\u00bb use_row_as_full_screen_section=\u00bbno\u00bb type=\u00bbfull_width\u00bb angled_section=\u00bbno\u00bb text_align=\u00bbleft\u00bb background_image_as_pattern=\u00bbwithout_pattern\u00bb el_class=\u00bbriga-applicazioni-prodotti-sazolene\u00bb z_index=\u00bb\u00bb][vc_column][qode_elements_holder number_of_columns=\u00bbtwo_columns\u00bb][qode_elements_holder_item advanced_animations=\u00bbno\u00bb custom_class=\u00bbvantaggi-applicazioni-sazolene\u00bb][vc_column_text]<\/p>\n<h2 class=\"testo-centrato-mobile\">Para cu\u00e1les aplicaciones se puede usar Sazolene<sup>\u00ae<\/sup>?<\/h2>\n<p>[\/vc_column_text][vc_empty_space height=\u00bb22px\u00bb][vc_column_text]<\/p>\n<p class=\"testo-centrato-mobile\">Los productos de la gama Sazolene<sup>\u00ae<\/sup> poseen caracter\u00edsticas de liberaci\u00f3n de nitr\u00f3geno tan uniformes y seguras que son ideales para m\u00faltiples aplicaciones. De hecho, Sazolene<sup>\u00ae<\/sup> puede ser utilizado tanto para cultivos agr\u00edcolas de campo abierto, horticultura y fruticultura (cultivos alimentarios), como para c\u00e9spedes, paisajismo, viveros y plantas ornamentales (cultivos no alimentarios) y en todos los casos de nuevas instalaciones. Los productos a base de Sazolene<sup>\u00ae<\/sup> facilitan una gradual liberaci\u00f3n del nitr\u00f3geno en armon\u00eda con las naturales necesidades de nitr\u00f3geno de las plantas.<\/p>\n<p>[\/vc_column_text][vc_empty_space height=\u00bb22px\u00bb][vc_empty_space height=\u00bb22px\u00bb][vc_column_text]<\/p>\n<h2 class=\"testo-centrato-mobile\">Las ventajas<\/h2>\n<p>[\/vc_column_text][vc_empty_space height=\u00bb22px\u00bb][vc_column_text]<\/p>\n<ul style=\"list-style-position: outside;\">\n<li>Reduce las p\u00e9rdidas de Nitr\u00f3geno disponible para las plantas<\/li>\n<li>Elimina la contaminaci\u00f3n de nitratos en los acu\u00edferos<\/li>\n<li>Incrementa la natural fertilidad del suelo<\/li>\n<li>Elimina los efectos fitot\u00f3xicos y las quemaduras del follaje<\/li>\n<li>Favorece un mayor desarrollo radical<\/li>\n<li>M\u00e1ximo \u00edndice de uniformidad (U.I.)<\/li>\n<li>Liberaci\u00f3n de nitr\u00f3geno de 12 semanas a 10 meses<\/li>\n<li>Producto deslizante con baja tendencia a aglutinarse<\/li>\n<li>Reducci\u00f3n del n\u00famero de aplicaciones<\/li>\n<\/ul>\n<p>[\/vc_column_text][vc_empty_space height=\u00bb22px\u00bb][\/qode_elements_holder_item][qode_elements_holder_item vertical_alignment=\u00bbtop\u00bb advanced_animations=\u00bbno\u00bb custom_class=\u00bbapplicazioni-prodotti-sazolene\u00bb][vc_empty_space height=\u00bb22px\u00bb][vc_column_text]<\/p>\n<h2 style=\"text-align: center;\">Las aplicaciones<\/h2>\n<p>[\/vc_column_text][vc_empty_space height=\u00bb22px\u00bb][vc_row_inner row_type=\u00bbrow\u00bb type=\u00bbfull_width\u00bb text_align=\u00bbleft\u00bb css_animation=\u00bb\u00bb el_class=\u00bbriga-applicazioni-sazolene-icone\u00bb][vc_column_inner width=\u00bb1\/5&#8243;][vc_empty_space height=\u00bb22px\u00bb][vc_single_image image=\u00bb1137&#8243; img_size=\u00bbfull\u00bb alignment=\u00bbcenter\u00bb qode_css_animation=\u00bb\u00bb][vc_empty_space height=\u00bb22px\u00bb][vc_column_text]<\/p>\n<h6 style=\"text-align: center;\">AGRICULTURA<\/h6>\n<p>[\/vc_column_text][\/vc_column_inner][vc_column_inner width=\u00bb1\/5&#8243;][vc_empty_space height=\u00bb22px\u00bb][vc_single_image image=\u00bb1122&#8243; img_size=\u00bbfull\u00bb alignment=\u00bbcenter\u00bb qode_css_animation=\u00bb\u00bb][vc_empty_space height=\u00bb22px\u00bb][vc_column_text]<\/p>\n<h6 style=\"text-align: center;\">HORTICULTURA<\/h6>\n<p>[\/vc_column_text][\/vc_column_inner][vc_column_inner width=\u00bb1\/5&#8243;][vc_empty_space height=\u00bb22px\u00bb][vc_single_image image=\u00bb1264&#8243; img_size=\u00bbfull\u00bb alignment=\u00bbcenter\u00bb qode_css_animation=\u00bb\u00bb][vc_empty_space height=\u00bb22px\u00bb][vc_column_text]<\/p>\n<h6 style=\"text-align: center;\">CAMPOS DEPORTIVOS<\/h6>\n<p>[\/vc_column_text][\/vc_column_inner][vc_column_inner width=\u00bb1\/5&#8243;][vc_empty_space height=\u00bb22px\u00bb][vc_single_image image=\u00bb1269&#8243; img_size=\u00bbfull\u00bb alignment=\u00bbcenter\u00bb qode_css_animation=\u00bb\u00bb][vc_empty_space height=\u00bb22px\u00bb][vc_column_text]<\/p>\n<h6 style=\"text-align: center;\">CAMPOS DE GOLF<\/h6>\n<p>[\/vc_column_text][\/vc_column_inner][vc_column_inner width=\u00bb1\/5&#8243;][vc_empty_space height=\u00bb22px\u00bb][vc_single_image image=\u00bb1274&#8243; img_size=\u00bbfull\u00bb alignment=\u00bbcenter\u00bb qode_css_animation=\u00bb\u00bb][vc_empty_space height=\u00bb22px\u00bb][vc_column_text]<\/p>\n<h6 style=\"text-align: center;\">JARDINES PRIVADOS<\/h6>\n<p>[\/vc_column_text][\/vc_column_inner][\/vc_row_inner][vc_empty_space height=\u00bb52px\u00bb][vc_column_text]<\/p>\n<h2 style=\"text-align: center;\">Los productos Sazolene<sup>\u00ae<\/sup><\/h2>\n<p>[\/vc_column_text][vc_empty_space height=\u00bb22px\u00bb][vc_row_inner row_type=\u00bbrow\u00bb type=\u00bbfull_width\u00bb text_align=\u00bbleft\u00bb css_animation=\u00bb\u00bb][vc_column_inner el_class=\u00bbcolonna-granulari-sazolene\u00bb width=\u00bb1\/2&#8243;][vc_empty_space height=\u00bb22px\u00bb][vc_column_text]<span style=\"color: #373737; font-size: 28px;\">Granulares<\/span>[\/vc_column_text][vc_empty_space height=\u00bb22px\u00bb][vc_column_text]<\/p>\n<ul style=\"list-style-position: outside;\">\n<li>Sazolene 39G<\/li>\n<li>NPK<\/li>\n<\/ul>\n<p>[\/vc_column_text][vc_empty_space height=\u00bb22px\u00bb]<a  itemprop=\"url\" href=\"https:\/\/www.saviolife.com\/es\/productos\/sazolene\/granulares\/\" target=\"_self\"  class=\"qbutton  default scuro\" style=\"\">IR A PRODUCTOS GRANULARES<\/a>[vc_empty_space height=\u00bb22px\u00bb][\/vc_column_inner][vc_column_inner el_class=\u00bbcolonna-liquidi-sazolene\u00bb width=\u00bb1\/2&#8243;][vc_empty_space height=\u00bb22px\u00bb][vc_column_text]<span style=\"color: #373737; font-size: 28px;\">L\u00edquidos<\/span>[\/vc_column_text][vc_empty_space height=\u00bb22px\u00bb][vc_column_text]<\/p>\n<ul style=\"list-style-position: outside;\">\n<li>Sazolene SC<\/li>\n<li>NPK<\/li>\n<\/ul>\n<p>[\/vc_column_text][vc_empty_space height=\u00bb22px\u00bb]<a  itemprop=\"url\" href=\"https:\/\/www.saviolife.com\/es\/productos\/sazolene\/liquidos\/\" target=\"_self\"  class=\"qbutton  default scuro\" style=\"\">IR A PRODUCTOS L\u00cdQUIDOS<\/a>[vc_empty_space height=\u00bb22px\u00bb][\/vc_column_inner][\/vc_row_inner][\/qode_elements_holder_item][\/qode_elements_holder][\/vc_column][\/vc_row]<\/p>\n<\/div>","protected":false},"excerpt":{"rendered":"<p>[vc_row css_animation=\u00bb\u00bb row_type=\u00bbrow\u00bb use_row_as_full_screen_section=\u00bbno\u00bb type=\u00bbfull_width\u00bb angled_section=\u00bbno\u00bb text_align=\u00bbleft\u00bb background_image_as_pattern=\u00bbwithout_pattern\u00bb][vc_column][rev_slider_vc alias=\u00bbsazolene_main-es\u00bb][\/vc_column][\/vc_row][vc_row css_animation=\u00bb\u00bb row_type=\u00bbrow\u00bb use_row_as_full_screen_section=\u00bbno\u00bb type=\u00bbfull_width\u00bb angled_section=\u00bbno\u00bb text_align=\u00bbleft\u00bb background_image_as_pattern=\u00bbwithout_pattern\u00bb el_class=\u00bbriga-applicazioni-img-sinistra\u00bb z_index=\u00bb\u00bb][vc_column][vc_row_inner row_type=\u00bbrow\u00bb type=\u00bbfull_width\u00bb text_align=\u00bbleft\u00bb css_animation=\u00bb\u00bb][vc_column_inner][qode_elements_holder number_of_columns=\u00bbtwo_columns\u00bb alignment_one_column=\u00bbcenter\u00bb][qode_elements_holder_item vertical_alignment=\u00bbtop\u00bb advanced_animations=\u00bbno\u00bb custom_class=\u00bbcolonna-sx-img-sinistra-sazolene\u00bb][vc_single_image image=\u00bb811&#8243; img_size=\u00bbfull\u00bb qode_css_animation=\u00bb\u00bb][vc_empty_space height=\u00bb22px\u00bb][vc_column_text]Cuando la conciencia ecol\u00f3gica, la investigaci\u00f3n y la introducci\u00f3n de nuevas tecnolog\u00edas se unen, crean&#8230;<\/p>\n","protected":false},"author":1,"featured_media":0,"parent":0,"menu_order":0,"comment_status":"closed","ping_status":"closed","template":"full_width.php","meta":{"footnotes":""},"class_list":["post-1411","page","type-page","status-publish","hentry"],"_links":{"self":[{"href":"https:\/\/saviolife.com\/es\/wp-json\/wp\/v2\/pages\/1411","targetHints":{"allow":["GET"]}}],"collection":[{"href":"https:\/\/saviolife.com\/es\/wp-json\/wp\/v2\/pages"}],"about":[{"href":"https:\/\/saviolife.com\/es\/wp-json\/wp\/v2\/types\/page"}],"author":[{"embeddable":true,"href":"https:\/\/saviolife.com\/es\/wp-json\/wp\/v2\/users\/1"}],"replies":[{"embeddable":true,"href":"https:\/\/saviolife.com\/es\/wp-json\/wp\/v2\/comments?post=1411"}],"version-history":[{"count":5,"href":"https:\/\/saviolife.com\/es\/wp-json\/wp\/v2\/pages\/1411\/revisions"}],"predecessor-version":[{"id":2383,"href":"https:\/\/saviolife.com\/es\/wp-json\/wp\/v2\/pages\/1411\/revisions\/2383"}],"wp:attachment":[{"href":"https:\/\/saviolife.com\/es\/wp-json\/wp\/v2\/media?parent=1411"}],"curies":[{"name":"wp","href":"https:\/\/api.w.org\/{rel}","templated":true}]}}