{"id":1418,"date":"2019-02-04T17:52:09","date_gmt":"2019-02-04T16:52:09","guid":{"rendered":"https:\/\/www.saviolife.com\/saviotan\/"},"modified":"2023-07-20T10:39:12","modified_gmt":"2023-07-20T08:39:12","slug":"saviotan","status":"publish","type":"page","link":"https:\/\/saviolife.com\/es\/saviotan\/","title":{"rendered":"Saviotan"},"content":{"rendered":"<div class=\"wpb-content-wrapper\"><p>[vc_row css_animation=\u00bb\u00bb row_type=\u00bbrow\u00bb use_row_as_full_screen_section=\u00bbno\u00bb type=\u00bbfull_width\u00bb angled_section=\u00bbno\u00bb text_align=\u00bbleft\u00bb background_image_as_pattern=\u00bbwithout_pattern\u00bb el_class=\u00bbintroduzione-slide-saviotan\u00bb z_index=\u00bb\u00bb][vc_column][vc_empty_space height=\u00bb200px\u00bb][vc_row_inner row_type=\u00bbrow\u00bb type=\u00bbfull_width\u00bb text_align=\u00bbleft\u00bb css_animation=\u00bb\u00bb][vc_column_inner][qode_elements_holder number_of_columns=\u00bbone_column\u00bb][qode_elements_holder_item advanced_animations=\u00bbno\u00bb custom_class=\u00bbsaviotan-contenuto-slider\u00bb][vc_single_image image=\u00bb628&#8243; img_size=\u00bbfull\u00bb alignment=\u00bbcenter\u00bb qode_css_animation=\u00bb\u00bb][vc_empty_space height=\u00bb22px\u00bb][vc_column_text]<\/p>\n<p style=\"text-align: center; font-size: 18px;\">Saviotan<sup>\u00ae<\/sup> es un extracto natural de casta\u00f1o<br \/>\ncon propiedades \u00fanicas a nivel mundial.<\/p>\n<p>[\/vc_column_text][\/qode_elements_holder_item][\/qode_elements_holder][\/vc_column_inner][\/vc_row_inner][vc_empty_space height=\u00bb100px\u00bb][\/vc_column][\/vc_row][vc_row css_animation=\u00bb\u00bb row_type=\u00bbrow\u00bb use_row_as_full_screen_section=\u00bbno\u00bb type=\u00bbfull_width\u00bb angled_section=\u00bbno\u00bb text_align=\u00bbleft\u00bb background_image_as_pattern=\u00bbwithout_pattern\u00bb el_class=\u00bbriga-saviotan-tannino\u00bb z_index=\u00bb\u00bb][vc_column]<div class=\"qode-advanced-tabs qode-advanced-tabs qode-advanced-horizontal-tab clearfix qode-advanced-tab-without-icon qode-advanced-tabs-column-4 clearfix\">\n\t<ul class=\"qode-advanced-tabs-nav\">\n\t\t\t\t\t<li>\n\t\t\t\t<h3>\n\t\t\t\t\t<a href=\"#tab-por-que-el-tanino\">\n\t\t\t\t\t\t\n\t\t\t\t\t\t\t\t\t\t\t\t\t<span class=\"qode-advanced-tab-text-after-icon\">\n\t\t\t\t\t\t\t\tPor qu\u00e9 el tanino?\t\t\t\t\t\t\t<\/span>\n\t\t\t\t\t\t\t\t\t\t\t<\/a>\n\t\t\t\t<\/h3>\n\t\t\t<\/li>\n\t\t\t\t\t<li>\n\t\t\t\t<h3>\n\t\t\t\t\t<a href=\"#tab-como-funciona\">\n\t\t\t\t\t\t\n\t\t\t\t\t\t\t\t\t\t\t\t\t<span class=\"qode-advanced-tab-text-after-icon\">\n\t\t\t\t\t\t\t\tC\u00f3mo funciona?\t\t\t\t\t\t\t<\/span>\n\t\t\t\t\t\t\t\t\t\t\t<\/a>\n\t\t\t\t<\/h3>\n\t\t\t<\/li>\n\t\t\t\t\t<li>\n\t\t\t\t<h3>\n\t\t\t\t\t<a href=\"#tab-como-lo-extraemos\">\n\t\t\t\t\t\t\n\t\t\t\t\t\t\t\t\t\t\t\t\t<span class=\"qode-advanced-tab-text-after-icon\">\n\t\t\t\t\t\t\t\tC\u00f3mo lo extraemos?\t\t\t\t\t\t\t<\/span>\n\t\t\t\t\t\t\t\t\t\t\t<\/a>\n\t\t\t\t<\/h3>\n\t\t\t<\/li>\n\t\t\t\t\t<li>\n\t\t\t\t<h3>\n\t\t\t\t\t<a href=\"#tab-por-que-es-diferente\">\n\t\t\t\t\t\t\n\t\t\t\t\t\t\t\t\t\t\t\t\t<span class=\"qode-advanced-tab-text-after-icon\">\n\t\t\t\t\t\t\t\tPor qu\u00e9 es diferente?\t\t\t\t\t\t\t<\/span>\n\t\t\t\t\t\t\t\t\t\t\t<\/a>\n\t\t\t\t<\/h3>\n\t\t\t<\/li>\n\t\t\t<\/ul>\n\t<div class=\"qode-advanced-tab-container\" id=\"tab-por-que-el-tanino-560\" data-icon-pack=\"\" data-icon-html=\"\">[vc_empty_space height=\u00bb22px\u00bb][vc_row_inner row_type=\u00bbrow\u00bb type=\u00bbfull_width\u00bb text_align=\u00bbleft\u00bb css_animation=\u00bb\u00bb el_class=\u00bbriga-tab-inner\u00bb][vc_column_inner el_class=\u00bbdisplay-none-img-temporaneo\u00bb width=\u00bb1\/4&#8243;][vc_single_image image=\u00bb806&#8243; img_size=\u00bbfull\u00bb alignment=\u00bbcenter\u00bb qode_css_animation=\u00bb\u00bb][vc_empty_space height=\u00bb22px\u00bb][\/vc_column_inner][vc_column_inner width=\u00bb3\/4&#8243;][vc_column_text]<\/p>\n<h5>QU\u00c9 ES EL TANINO?<\/h5>\n<p>[\/vc_column_text][vc_empty_space height=\u00bb22px\u00bb][vc_column_text]El tanino es una sustancia natural contenida en la madera. Del punto de vista qu\u00edmico, es un aglomerado de \u00e1cidos org\u00e1nicos naturales. La mejor planta para extraerlo es el casta\u00f1o, porque se encuentra en altas concentraciones y es de la mejor calidad. Los reba\u00f1os, pastoreando, desde siempre se abastecieron de modo espont\u00e1neo de estos valiosos principios activos, contenidos en muchas especies vegetales herb\u00e1ceas y arb\u00f3reas. Actualmente, los estudios e investigaciones cient\u00edficas demuestran que los animales ten\u00edan raz\u00f3n, ya que se confirman continuamente nuevos e inexplorados aspectos positivos de este fant\u00e1stico principio activo natural.[\/vc_column_text][\/vc_column_inner][\/vc_row_inner][vc_empty_space height=\u00bb22px\u00bb]<\/div><div class=\"qode-advanced-tab-container\" id=\"tab-como-funciona-113\" data-icon-pack=\"\" data-icon-html=\"\">[vc_empty_space height=\u00bb22px\u00bb][vc_row_inner row_type=\u00bbrow\u00bb type=\u00bbfull_width\u00bb text_align=\u00bbleft\u00bb css_animation=\u00bb\u00bb el_class=\u00bbriga-tab-inner\u00bb][vc_column_inner el_class=\u00bbdisplay-none-img-temporaneo\u00bb width=\u00bb1\/4&#8243;][vc_single_image image=\u00bb806&#8243; img_size=\u00bbfull\u00bb alignment=\u00bbcenter\u00bb qode_css_animation=\u00bb\u00bb][vc_empty_space height=\u00bb22px\u00bb][\/vc_column_inner][vc_column_inner width=\u00bb3\/4&#8243;][vc_column_text]<\/p>\n<h5>PARA QU\u00c9 SIRVE?<\/h5>\n<p>[\/vc_column_text][vc_empty_space height=\u00bb22px\u00bb][vc_column_text]Como integrador alimenticio para piensos, favorece de modo evidente el bienestar del animal, actuando como antioxidante, regulador de la flora bacteriana y antiparasitario natural. Producto natural al 100%, utilizado en dosis adecuadas no provoca efectos colaterales y es completamente biodegradable.<\/p>\n<p>En el cultivo, es un corrector org\u00e1nico completamente natural, rico de \u00e1cidos org\u00e1nicos y az\u00facares. Se utiliza en la correcci\u00f3n del agua y el suelo. Se emplea preferentemente en suelos alcalinos, calc\u00e1reos y salinos, donde mejora la resistencia de las plantas contra el estr\u00e9s salino, la clorosis y los fen\u00f3menos de \u201cagotamiento\u201d del suelo como consecuencia de la adopci\u00f3n de rotaciones demasiado aceleradas.<\/p>\n<p>Para la industria del cuero, es un producto con valores superiores, de muy alto est\u00e1ndar cualitativo y pureza elevada. Su prerrogativa es evidenciar los aspectos naturales del cuero: valoriza su calidad de materia prima, volvi\u00e9ndola m\u00e1s solida y resistente, c\u00e1lida y expresiva.[\/vc_column_text][\/vc_column_inner][\/vc_row_inner][vc_empty_space height=\u00bb22px\u00bb]<\/div><div class=\"qode-advanced-tab-container\" id=\"tab-como-lo-extraemos-561\" data-icon-pack=\"\" data-icon-html=\"\">[vc_empty_space height=\u00bb22px\u00bb][vc_row_inner row_type=\u00bbrow\u00bb type=\u00bbfull_width\u00bb text_align=\u00bbleft\u00bb css_animation=\u00bb\u00bb el_class=\u00bbriga-tab-inner\u00bb][vc_column_inner el_class=\u00bbdisplay-none-img-temporaneo\u00bb width=\u00bb1\/4&#8243;][vc_single_image image=\u00bb806&#8243; img_size=\u00bbfull\u00bb alignment=\u00bbcenter\u00bb qode_css_animation=\u00bb\u00bb][vc_empty_space height=\u00bb22px\u00bb][\/vc_column_inner][vc_column_inner width=\u00bb3\/4&#8243;][vc_column_text]<\/p>\n<h5>C\u00f3mo lo extraemos?<\/h5>\n<p>[\/vc_column_text][vc_empty_space height=\u00bb22px\u00bb][vc_column_text]Los \u00e1cidos org\u00e1nicos poseen una estructura molecular muy sensible al calor. Las tecnolog\u00edas de Saviolife, patentadas a nivel mundial, permiten extraer el principio activo totalmente en fr\u00edo. Todo el proceso de extracci\u00f3n es con agua y permite extraer s\u00f3lo taninos hidrolizados de primera calidad: manteniendo bajas temperaturas, logramos mantener inalteradas las caracter\u00edsticas del tanino y ofrecer productos de muy alto est\u00e1ndar cualitativo, totalmente naturales.[\/vc_column_text][\/vc_column_inner][\/vc_row_inner][vc_empty_space height=\u00bb22px\u00bb]<\/div><div class=\"qode-advanced-tab-container\" id=\"tab-por-que-es-diferente-309\" data-icon-pack=\"\" data-icon-html=\"\">[vc_empty_space height=\u00bb22px\u00bb][vc_row_inner row_type=\u00bbrow\u00bb type=\u00bbfull_width\u00bb text_align=\u00bbleft\u00bb css_animation=\u00bb\u00bb el_class=\u00bbriga-tab-inner\u00bb][vc_column_inner el_class=\u00bbdisplay-none-img-temporaneo\u00bb width=\u00bb1\/4&#8243;][vc_single_image image=\u00bb806&#8243; img_size=\u00bbfull\u00bb alignment=\u00bbcenter\u00bb qode_css_animation=\u00bb\u00bb][vc_empty_space height=\u00bb22px\u00bb][\/vc_column_inner][vc_column_inner width=\u00bb3\/4&#8243;][qode_elements_holder number_of_columns=\u00bbtwo_columns\u00bb][qode_elements_holder_item vertical_alignment=\u00bbtop\u00bb advanced_animations=\u00bbno\u00bb custom_class=\u00bbperche-diverso-tab\u00bb][vc_column_text]<\/p>\n<h5>Por qu\u00e9 es diferente?<\/h5>\n<p>[\/vc_column_text][vc_empty_space height=\u00bb22px\u00bb][vc_column_text]Los taninos no son todos iguales. El tanino hidrolizado que extraemos del casta\u00f1o se disuelve completamente en agua, sin dejar residuos: ofrece un principio activo completamente utilizable. Por eso es especialmente adecuado para los varios \u00e1mbitos de las Ciencias de la Vida, a veces sustituyendo productos \u201ctradicionales\u201d m\u00e1s costosos, menos naturales y, ciertamente, de mayor impacto.[\/vc_column_text][vc_empty_space height=\u00bb22px\u00bb][\/qode_elements_holder_item][qode_elements_holder_item vertical_alignment=\u00bbtop\u00bb advanced_animations=\u00bbno\u00bb item_padding_768_1024=\u00bb0 3% 0 3%\u00bb item_padding_600_768=\u00bb0 3% 0 3%\u00bb item_padding_480_600=\u00bb0 3% 0 3%\u00bb custom_class=\u00bbperche-diverso-elenco\u00bb][vc_column_text]<strong>Las incre\u00edbles propiedades del tanino:<\/strong>[\/vc_column_text][vc_empty_space][vc_column_text]<\/p>\n<ul>\n<li><span style=\"font-family: 'DINPro-Regular', sans-serif;\">inhibe las oxidaciones de las materias vivientes<\/span><\/li>\n<li><span style=\"font-family: 'DINPro-Regular', sans-serif;\">es un regulador de la flora bacteriana<\/span><\/li>\n<li><span style=\"font-family: 'DINPro-Regular', sans-serif;\">optimiza el sistema inmunitario sin crear inmunoresistencia<\/span><\/li>\n<li><span style=\"font-family: 'DINPro-Regular', sans-serif;\">es un inhibidor de radicales libres (antioxidante)<\/span><\/li>\n<li><span style=\"font-family: 'DINPro-Regular', sans-serif;\">mejora la estabilidad proteica<\/span><\/li>\n<li><span style=\"font-family: 'DINPro-Regular', sans-serif;\">produce esti\u00e9rcol con mejor composici\u00f3n<\/span><\/li>\n<li><span style=\"font-family: 'DINPro-Regular', sans-serif;\">limita el impacto sobre el medio ambiente<\/span><\/li>\n<li><span style=\"font-family: 'DINPro-Regular', sans-serif;\">no provoca efectos colaterales<\/span><\/li>\n<\/ul>\n<p>[\/vc_column_text][\/qode_elements_holder_item][\/qode_elements_holder][\/vc_column_inner][\/vc_row_inner][vc_empty_space height=\u00bb22px\u00bb]<\/div><\/div>[\/vc_column][\/vc_row][vc_row css_animation=\u00bb\u00bb row_type=\u00bbrow\u00bb use_row_as_full_screen_section=\u00bbno\u00bb type=\u00bbfull_width\u00bb angled_section=\u00bbno\u00bb text_align=\u00bbleft\u00bb background_image_as_pattern=\u00bbwithout_pattern\u00bb el_class=\u00bbriga-applicazioni-img-sinistra\u00bb z_index=\u00bb\u00bb][vc_column el_class=\u00bbleather\u00bb][vc_column_text]<a id=\"ancora-leather\"><\/a>[\/vc_column_text][vc_row_inner row_type=\u00bbrow\u00bb type=\u00bbfull_width\u00bb text_align=\u00bbleft\u00bb css_animation=\u00bb\u00bb el_class=\u00bbleather\u00bb][vc_column_inner][qode_elements_holder number_of_columns=\u00bbtwo_columns\u00bb alignment_one_column=\u00bbcenter\u00bb][qode_elements_holder_item advanced_animations=\u00bbno\u00bb custom_class=\u00bbcolonna-sx-img-sinistra\u00bb][vc_single_image image=\u00bb486&#8243; img_size=\u00bbfull\u00bb alignment=\u00bbcenter\u00bb qode_css_animation=\u00bb\u00bb][\/qode_elements_holder_item][qode_elements_holder_item advanced_animations=\u00bbno\u00bb custom_class=\u00bbcolonna-dx-img-sinistra\u00bb][vc_single_image image=\u00bb567&#8243; img_size=\u00bbfull\u00bb qode_css_animation=\u00bb\u00bb][vc_empty_space height=\u00bb22px\u00bb][vc_column_text]Saviotan<sup>\u00ae<\/sup> Leather se utiliza en la industria del curtido por su capacidad de evidenciar los aspectos naturales de la piel, valorizando la calidad de la materia prima, volvi\u00e9ndola m\u00e1s solida y resistente, m\u00e1s c\u00e1lida y expresiva.[\/vc_column_text][vc_empty_space height=\u00bb22px\u00bb]<a  itemprop=\"url\" href=\"https:\/\/www.saviolife.com\/es\/productos\/saviotan\/saviotan-leather\/\" target=\"_self\"  class=\"qbutton  default scuro\" style=\"\">IR A SAVIOTAN LEATHER<\/a>[\/qode_elements_holder_item][\/qode_elements_holder][\/vc_column_inner][\/vc_row_inner][\/vc_column][\/vc_row][vc_row css_animation=\u00bb\u00bb row_type=\u00bbrow\u00bb use_row_as_full_screen_section=\u00bbno\u00bb type=\u00bbfull_width\u00bb angled_section=\u00bbno\u00bb text_align=\u00bbleft\u00bb background_image_as_pattern=\u00bbwithout_pattern\u00bb el_class=\u00bbriga-applicazioni-img-destra\u00bb z_index=\u00bb\u00bb][vc_column][vc_column_text]<a id=\"ancora-feed\"><\/a>[\/vc_column_text][vc_row_inner row_type=\u00bbrow\u00bb type=\u00bbfull_width\u00bb text_align=\u00bbleft\u00bb css_animation=\u00bb\u00bb el_class=\u00bbfeed\u00bb][vc_column_inner][qode_elements_holder number_of_columns=\u00bbtwo_columns\u00bb alignment_one_column=\u00bbcenter\u00bb custom_class=\u00bbcolonne-applicazioni-invertite-mobile\u00bb][qode_elements_holder_item advanced_animations=\u00bbno\u00bb custom_class=\u00bbcolonna-sx-img-destra\u00bb][vc_single_image image=\u00bb604&#8243; img_size=\u00bbfull\u00bb qode_css_animation=\u00bb\u00bb][vc_empty_space height=\u00bb22px\u00bb][vc_column_text]<\/p>\n<h2>Under constuction<\/h2>\n<p>[\/vc_column_text][vc_column_text el_class=\u00bbnascondi\u00bb]Saviotan<sup>\u00ae<\/sup> Feed es un astringente y antis\u00e9ptico natural que reduce de modo dr\u00e1stico el uso de antibi\u00f3ticos. Un producto innovador que se est\u00e1 difundiendo r\u00e1pidamente en el campo de la alimentaci\u00f3n av\u00edcola, de porcinos y bovinos.[\/vc_column_text][vc_empty_space height=\u00bb22px\u00bb]<a  itemprop=\"url\" href=\"https:\/\/www.saviolife.com\/es\/productos\/saviotan\/saviotan-feed\/\" target=\"_self\"  class=\"qbutton  default scuro\" style=\"\">IR A SAVIOTAN FEED<\/a>[\/qode_elements_holder_item][qode_elements_holder_item advanced_animations=\u00bbno\u00bb custom_class=\u00bbcolonna-dx-img-destra\u00bb][vc_single_image image=\u00bb347&#8243; img_size=\u00bbfull\u00bb alignment=\u00bbcenter\u00bb qode_css_animation=\u00bb\u00bb][\/qode_elements_holder_item][\/qode_elements_holder][\/vc_column_inner][\/vc_row_inner][\/vc_column][\/vc_row][vc_row css_animation=\u00bb\u00bb row_type=\u00bbrow\u00bb use_row_as_full_screen_section=\u00bbno\u00bb type=\u00bbfull_width\u00bb angled_section=\u00bbno\u00bb text_align=\u00bbleft\u00bb background_image_as_pattern=\u00bbwithout_pattern\u00bb el_class=\u00bbriga-applicazioni-img-sinistra\u00bb z_index=\u00bb\u00bb][vc_column][vc_column_text]<a id=\"ancora-agro\"><\/a>[\/vc_column_text][vc_row_inner row_type=\u00bbrow\u00bb type=\u00bbfull_width\u00bb text_align=\u00bbleft\u00bb css_animation=\u00bb\u00bb el_class=\u00bbagro\u00bb][vc_column_inner][qode_elements_holder number_of_columns=\u00bbtwo_columns\u00bb alignment_one_column=\u00bbcenter\u00bb][qode_elements_holder_item advanced_animations=\u00bbno\u00bb custom_class=\u00bbcolonna-sx-img-sinistra\u00bb][vc_single_image image=\u00bb358&#8243; img_size=\u00bbfull\u00bb alignment=\u00bbcenter\u00bb qode_css_animation=\u00bb\u00bb][\/qode_elements_holder_item][qode_elements_holder_item advanced_animations=\u00bbno\u00bb custom_class=\u00bbcolonna-dx-img-sinistra\u00bb][vc_single_image image=\u00bb610&#8243; img_size=\u00bbfull\u00bb qode_css_animation=\u00bb\u00bb][vc_empty_space height=\u00bb22px\u00bb][vc_column_text]Saviotan<sup>\u00ae<\/sup> Agro es la alternativa natural al uso de productos qu\u00edmicos en la agricultura tradicional y en la agricultura org\u00e1nica. Se utiliza como corrector org\u00e1nico para coadyuvar el crecimiento sano de las plantas y para mejorar su resistencia.[\/vc_column_text][vc_empty_space height=\u00bb22px\u00bb]<a  itemprop=\"url\" href=\"https:\/\/www.saviolife.com\/es\/productos\/saviotan\/saviotan-agro\/\" target=\"_self\"  class=\"qbutton  default scuro\" style=\"\">IR A SAVIOTAN AGRO<\/a>[\/qode_elements_holder_item][\/qode_elements_holder][\/vc_column_inner][\/vc_row_inner][\/vc_column][\/vc_row]<\/p>\n<\/div>","protected":false},"excerpt":{"rendered":"<p>[vc_row css_animation=\u00bb\u00bb row_type=\u00bbrow\u00bb use_row_as_full_screen_section=\u00bbno\u00bb type=\u00bbfull_width\u00bb angled_section=\u00bbno\u00bb text_align=\u00bbleft\u00bb background_image_as_pattern=\u00bbwithout_pattern\u00bb el_class=\u00bbintroduzione-slide-saviotan\u00bb z_index=\u00bb\u00bb][vc_column][vc_empty_space height=\u00bb200px\u00bb][vc_row_inner row_type=\u00bbrow\u00bb type=\u00bbfull_width\u00bb text_align=\u00bbleft\u00bb css_animation=\u00bb\u00bb][vc_column_inner][qode_elements_holder number_of_columns=\u00bbone_column\u00bb][qode_elements_holder_item advanced_animations=\u00bbno\u00bb custom_class=\u00bbsaviotan-contenuto-slider\u00bb][vc_single_image image=\u00bb628&#8243; img_size=\u00bbfull\u00bb alignment=\u00bbcenter\u00bb qode_css_animation=\u00bb\u00bb][vc_empty_space height=\u00bb22px\u00bb][vc_column_text] Saviotan\u00ae es un extracto natural de casta\u00f1o con propiedades \u00fanicas a nivel mundial. [\/vc_column_text][\/qode_elements_holder_item][\/qode_elements_holder][\/vc_column_inner][\/vc_row_inner][vc_empty_space height=\u00bb100px\u00bb][\/vc_column][\/vc_row][vc_row css_animation=\u00bb\u00bb row_type=\u00bbrow\u00bb use_row_as_full_screen_section=\u00bbno\u00bb type=\u00bbfull_width\u00bb angled_section=\u00bbno\u00bb text_align=\u00bbleft\u00bb background_image_as_pattern=\u00bbwithout_pattern\u00bb&#8230;<\/p>\n","protected":false},"author":1,"featured_media":0,"parent":0,"menu_order":0,"comment_status":"closed","ping_status":"closed","template":"full_width.php","meta":{"footnotes":""},"class_list":["post-1418","page","type-page","status-publish","hentry"],"_links":{"self":[{"href":"https:\/\/saviolife.com\/es\/wp-json\/wp\/v2\/pages\/1418","targetHints":{"allow":["GET"]}}],"collection":[{"href":"https:\/\/saviolife.com\/es\/wp-json\/wp\/v2\/pages"}],"about":[{"href":"https:\/\/saviolife.com\/es\/wp-json\/wp\/v2\/types\/page"}],"author":[{"embeddable":true,"href":"https:\/\/saviolife.com\/es\/wp-json\/wp\/v2\/users\/1"}],"replies":[{"embeddable":true,"href":"https:\/\/saviolife.com\/es\/wp-json\/wp\/v2\/comments?post=1418"}],"version-history":[{"count":5,"href":"https:\/\/saviolife.com\/es\/wp-json\/wp\/v2\/pages\/1418\/revisions"}],"predecessor-version":[{"id":2768,"href":"https:\/\/saviolife.com\/es\/wp-json\/wp\/v2\/pages\/1418\/revisions\/2768"}],"wp:attachment":[{"href":"https:\/\/saviolife.com\/es\/wp-json\/wp\/v2\/media?parent=1418"}],"curies":[{"name":"wp","href":"https:\/\/api.w.org\/{rel}","templated":true}]}}