{"id":1436,"date":"2019-01-29T09:44:55","date_gmt":"2019-01-29T08:44:55","guid":{"rendered":"https:\/\/www.saviolife.com\/natural-tomorrow\/"},"modified":"2021-03-19T15:17:58","modified_gmt":"2021-03-19T14:17:58","slug":"natural-tomorrow","status":"publish","type":"page","link":"https:\/\/saviolife.com\/es\/natural-tomorrow\/","title":{"rendered":"Natural Tomorrow"},"content":{"rendered":"<div class=\"wpb-content-wrapper\"><p>[vc_row css_animation=\u00bb\u00bb row_type=\u00bbrow\u00bb use_row_as_full_screen_section=\u00bbno\u00bb type=\u00bbfull_width\u00bb angled_section=\u00bbno\u00bb text_align=\u00bbleft\u00bb background_image_as_pattern=\u00bbwithout_pattern\u00bb][vc_column][vc_empty_space height=\u00bb123px\u00bb el_class=\u00bbspazio_zero\u00bb][rev_slider_vc alias=\u00bbfilm-strip\u00bb][\/vc_column][\/vc_row][vc_row css_animation=\u00bb\u00bb row_type=\u00bbrow\u00bb use_row_as_full_screen_section=\u00bbno\u00bb type=\u00bbfull_width\u00bb angled_section=\u00bbno\u00bb text_align=\u00bbleft\u00bb background_image_as_pattern=\u00bbwithout_pattern\u00bb css=\u00bb.vc_custom_1551283792967{padding-top: 7% !important;padding-bottom: 10% !important;background-image: url(https:\/\/www.saviolife.com\/wp-content\/uploads\/2019\/02\/sfondo_riga_1.jpg?id=1886) !important;}\u00bb z_index=\u00bb\u00bb][vc_column][vc_row_inner row_type=\u00bbrow\u00bb type=\u00bbgrid\u00bb text_align=\u00bbleft\u00bb css_animation=\u00bb\u00bb][vc_column_inner][vc_column_text el_class=\u00bbtesto_natural_tomorrow\u00bb]La Revoluci\u00f3n Cient\u00edfica primero, y la Industrial sucesivamente, transformaron completamente nuestra sociedad. Los beneficios que la Ciencia y la T\u00e9cnica han ofrecido al g\u00e9nero humano en t\u00e9rminos de conocimiento, bienestar, progreso, son indiscutibles, as\u00ed como la otra cara de la medalla: el impacto que tuvieron y a\u00fan tienen sobre el ecosistema.[\/vc_column_text][\/vc_column_inner][\/vc_row_inner][\/vc_column][\/vc_row][vc_row css_animation=\u00bb\u00bb row_type=\u00bbrow\u00bb use_row_as_full_screen_section=\u00bbno\u00bb type=\u00bbfull_width\u00bb angled_section=\u00bbno\u00bb text_align=\u00bbleft\u00bb background_image_as_pattern=\u00bbwithout_pattern\u00bb z_index=\u00bb\u00bb][vc_column][qode_elements_holder number_of_columns=\u00bbtwo_columns\u00bb switch_to_one_column=\u00bb768&#8243; alignment_one_column=\u00bbcenter\u00bb custom_class=\u00bbinverti_mobile\u00bb][qode_elements_holder_item vertical_alignment=\u00bbmiddle\u00bb horizontal_alignment=\u00bbleft\u00bb advanced_animations=\u00bbno\u00bb background_image=\u00bb218&#8243; item_padding=\u00bb14% 10% 14% 30%\u00bb item_padding_600_768=\u00bb8%\u00bb item_padding_480_600=\u00bb8%\u00bb item_padding_480=\u00bb8%\u00bb custom_class=\u00bbinverti_mobile_txt you_testo\u00bb][vc_column_text el_class=\u00bbtesto_natural_tomorrow\u00bb]Si es cierto que, hoy en d\u00eda, las industrias ya no pueden evitar tomar medidas (a menudo impuestas por la legislaci\u00f3n) en aras de la sostenibilidad, el discurso es a\u00fan m\u00e1s delicado respecto a las llamadas Life Sciences: agricultura, ganader\u00eda y alimentaci\u00f3n son esenciales para la vida.[\/vc_column_text][\/qode_elements_holder_item][qode_elements_holder_item vertical_alignment=\u00bbmiddle\u00bb horizontal_alignment=\u00bbleft\u00bb advanced_animations=\u00bbno\u00bb item_padding=\u00bb0 0 0 10%\u00bb item_padding_1280_1440=\u00bb0 10% 0 10%\u00bb item_padding_1024_1280=\u00bb0 10% 0 10%\u00bb item_padding_768_1024=\u00bb15%\u00bb item_padding_600_768=\u00bb15%\u00bb item_padding_480_600=\u00bb15%\u00bb item_padding_480=\u00bb15%\u00bb custom_class=\u00bbinverti_mobile_img\u00bb][vc_single_image image=\u00bb2023&#8243; img_size=\u00bbfull\u00bb qode_css_animation=\u00bbelement_from_fade\u00bb transition_delay=\u00bb0.4&#8243;][\/qode_elements_holder_item][\/qode_elements_holder][\/vc_column][\/vc_row][vc_row css_animation=\u00bb\u00bb row_type=\u00bbrow\u00bb use_row_as_full_screen_section=\u00bbno\u00bb type=\u00bbfull_width\u00bb angled_section=\u00bbno\u00bb text_align=\u00bbleft\u00bb background_image_as_pattern=\u00bbwithout_pattern\u00bb background_image=\u00bb1751&#8243; z_index=\u00bb\u00bb][vc_column][qode_elements_holder number_of_columns=\u00bbtwo_columns\u00bb switch_to_one_column=\u00bb768&#8243; alignment_one_column=\u00bbcenter\u00bb][qode_elements_holder_item vertical_alignment=\u00bbmiddle\u00bb horizontal_alignment=\u00bbright\u00bb advanced_animations=\u00bbno\u00bb item_padding=\u00bb0 10% 0 0&#8243; item_padding_1280_1440=\u00bb0 10% 0 10%\u00bb item_padding_1024_1280=\u00bb0 10% 0 10%\u00bb item_padding_768_1024=\u00bb15%\u00bb item_padding_600_768=\u00bb15%\u00bb item_padding_480_600=\u00bb15%\u00bb item_padding_480=\u00bb15%\u00bb custom_class=\u00bbinverti_mobile_img can_img\u00bb][vc_single_image image=\u00bb2028&#8243; img_size=\u00bbfull\u00bb alignment=\u00bbright\u00bb qode_css_animation=\u00bbelement_from_fade\u00bb transition_delay=\u00bb0.4&#8243;][\/qode_elements_holder_item][qode_elements_holder_item vertical_alignment=\u00bbmiddle\u00bb horizontal_alignment=\u00bbleft\u00bb advanced_animations=\u00bbno\u00bb background_image=\u00bb1771&#8243; item_padding=\u00bb14% 30% 14% 10%\u00bb item_padding_600_768=\u00bb8%\u00bb item_padding_480_600=\u00bb8%\u00bb item_padding_480=\u00bb8%\u00bb custom_class=\u00bbcan_testo\u00bb][vc_column_text el_class=\u00bbtesto_natural_tomorrow\u00bb]<span style=\"color: #ffffff;\">Saviolife forma parte del Grupo Saviola \u2013 The Eco-ethical Company, que desde hace m\u00e1s de sesenta a\u00f1os ha hecho de la sostenibilidad el propio faro. Para nosotros la elecci\u00f3n fue natural. De hecho, siempre privilegiamos lo que es natural sobre lo artificial, ofrecemos al mercado verdaderas alternativas, productos m\u00e1s respetuosos del medio ambiente y la vida. Y hacemos todo esto sin perjuicio en t\u00e9rminos de calidad y rendimiento.<\/span>[\/vc_column_text][\/qode_elements_holder_item][\/qode_elements_holder][\/vc_column][\/vc_row][vc_row css_animation=\u00bb\u00bb row_type=\u00bbrow\u00bb use_row_as_full_screen_section=\u00bbno\u00bb type=\u00bbfull_width\u00bb angled_section=\u00bbno\u00bb text_align=\u00bbleft\u00bb background_image_as_pattern=\u00bbwithout_pattern\u00bb z_index=\u00bb\u00bb][vc_column][qode_elements_holder number_of_columns=\u00bbtwo_columns\u00bb switch_to_one_column=\u00bb768&#8243; alignment_one_column=\u00bbcenter\u00bb custom_class=\u00bbinverti_mobile\u00bb][qode_elements_holder_item vertical_alignment=\u00bbmiddle\u00bb horizontal_alignment=\u00bbleft\u00bb advanced_animations=\u00bbno\u00bb item_padding=\u00bb14% 10% 14% 30%\u00bb item_padding_600_768=\u00bb8%\u00bb item_padding_480_600=\u00bb8%\u00bb item_padding_480=\u00bb8%\u00bb custom_class=\u00bbinverti_mobile_txt always_testo\u00bb][vc_column_text el_class=\u00bbtesto_natural_tomorrow\u00bb]Los sectores en los que operamos son sensibles porque involucran directamente la salud humana, animal y ambiental. As\u00ed como una agricultura intensiva puede empobrecer el suelo, el abuso de antibi\u00f3ticos en la cr\u00eda de ganado puede causar efectos negativos no s\u00f3lo sobre el bienestar de los animales, sino tambi\u00e9n sobre la alimentaci\u00f3n humana.[\/vc_column_text][\/qode_elements_holder_item][qode_elements_holder_item vertical_alignment=\u00bbmiddle\u00bb horizontal_alignment=\u00bbleft\u00bb advanced_animations=\u00bbno\u00bb item_padding=\u00bb0 0 0 10%\u00bb item_padding_1280_1440=\u00bb0 10% 0 10%\u00bb item_padding_1024_1280=\u00bb0 10% 0 10%\u00bb item_padding_768_1024=\u00bb15%\u00bb item_padding_600_768=\u00bb15%\u00bb item_padding_480_600=\u00bb15%\u00bb item_padding_480=\u00bb15%\u00bb custom_class=\u00bbinverti_mobile_img\u00bb][vc_single_image image=\u00bb2033&#8243; img_size=\u00bbfull\u00bb qode_css_animation=\u00bbelement_from_fade\u00bb transition_delay=\u00bb0.4&#8243;][\/qode_elements_holder_item][\/qode_elements_holder][\/vc_column][\/vc_row][vc_row css_animation=\u00bb\u00bb row_type=\u00bbrow\u00bb use_row_as_full_screen_section=\u00bbno\u00bb type=\u00bbfull_width\u00bb angled_section=\u00bbno\u00bb text_align=\u00bbleft\u00bb background_image_as_pattern=\u00bbwithout_pattern\u00bb background_image=\u00bb1806&#8243; z_index=\u00bb\u00bb][vc_column][qode_elements_holder number_of_columns=\u00bbtwo_columns\u00bb switch_to_one_column=\u00bb768&#8243; alignment_one_column=\u00bbcenter\u00bb][qode_elements_holder_item vertical_alignment=\u00bbmiddle\u00bb horizontal_alignment=\u00bbright\u00bb advanced_animations=\u00bbno\u00bb item_padding=\u00bb0 10% 0 0&#8243; item_padding_1280_1440=\u00bb0 10% 0 10%\u00bb item_padding_1024_1280=\u00bb0 10% 0 10%\u00bb item_padding_768_1024=\u00bb15%\u00bb item_padding_600_768=\u00bb15%\u00bb item_padding_480_600=\u00bb15%\u00bb item_padding_480=\u00bb15%\u00bb custom_class=\u00bbinverti_mobile_img choose_img\u00bb][vc_single_image image=\u00bb1781&#8243; img_size=\u00bbfull\u00bb alignment=\u00bbright\u00bb qode_css_animation=\u00bbelement_from_fade\u00bb transition_delay=\u00bb0.4&#8243;][\/qode_elements_holder_item][qode_elements_holder_item vertical_alignment=\u00bbmiddle\u00bb horizontal_alignment=\u00bbleft\u00bb advanced_animations=\u00bbno\u00bb item_padding=\u00bb11% 30% 11% 10%\u00bb item_padding_1280_1440=\u00bb6% 30% 6% 10%\u00bb item_padding_1024_1280=\u00bb6% 30% 6% 10%\u00bb item_padding_768_1024=\u00bb8%\u00bb item_padding_600_768=\u00bb8%\u00bb item_padding_480_600=\u00bb8%\u00bb item_padding_480=\u00bb8%\u00bb custom_class=\u00bbcan_testo\u00bb][vc_column_text el_class=\u00bbtesto_natural_tomorrow\u00bb]En la misi\u00f3n de Saviolife existe un verdadero cambio de paradigma. La sostenibilidad no m\u00e1s como obst\u00e1culo, sino como ventaja competitiva conquistada a trav\u00e9s de la investigaci\u00f3n y el desarrollo de m\u00e9todos y soluciones innovadoras: sustitutos de los antibi\u00f3ticos para la ganader\u00eda, antiparasitarios naturales para cultivos que al mismo tiempo mejoran la calidad del suelo, fertilizantes de liberaci\u00f3n lenta que siguen el ritmo de crecimiento de las plantas.[\/vc_column_text][\/qode_elements_holder_item][\/qode_elements_holder][\/vc_column][\/vc_row][vc_row css_animation=\u00bb\u00bb row_type=\u00bbrow\u00bb use_row_as_full_screen_section=\u00bbno\u00bb type=\u00bbfull_width\u00bb angled_section=\u00bbno\u00bb text_align=\u00bbleft\u00bb background_image_as_pattern=\u00bbwithout_pattern\u00bb css=\u00bb.vc_custom_1551283888372{padding-top: 9% !important;}\u00bb z_index=\u00bb\u00bb][vc_column][vc_single_image image=\u00bb1941&#8243; img_size=\u00bbfull\u00bb alignment=\u00bbcenter\u00bb qode_css_animation=\u00bbelement_from_bottom\u00bb transition_delay=\u00bb0.2&#8243;][\/vc_column][\/vc_row]<\/p>\n<\/div>","protected":false},"excerpt":{"rendered":"<p>[vc_row css_animation=\u00bb\u00bb row_type=\u00bbrow\u00bb use_row_as_full_screen_section=\u00bbno\u00bb type=\u00bbfull_width\u00bb angled_section=\u00bbno\u00bb text_align=\u00bbleft\u00bb background_image_as_pattern=\u00bbwithout_pattern\u00bb][vc_column][vc_empty_space height=\u00bb123px\u00bb el_class=\u00bbspazio_zero\u00bb][rev_slider_vc alias=\u00bbfilm-strip\u00bb][\/vc_column][\/vc_row][vc_row css_animation=\u00bb\u00bb row_type=\u00bbrow\u00bb use_row_as_full_screen_section=\u00bbno\u00bb type=\u00bbfull_width\u00bb angled_section=\u00bbno\u00bb text_align=\u00bbleft\u00bb background_image_as_pattern=\u00bbwithout_pattern\u00bb css=\u00bb.vc_custom_1551283792967{padding-top: 7% !important;padding-bottom: 10% !important;background-image: url(https:\/\/www.saviolife.com\/wp-content\/uploads\/2019\/02\/sfondo_riga_1.jpg?id=1886) !important;}\u00bb z_index=\u00bb\u00bb][vc_column][vc_row_inner row_type=\u00bbrow\u00bb type=\u00bbgrid\u00bb text_align=\u00bbleft\u00bb css_animation=\u00bb\u00bb][vc_column_inner][vc_column_text el_class=\u00bbtesto_natural_tomorrow\u00bb]La Revoluci\u00f3n Cient\u00edfica primero, y la Industrial sucesivamente, transformaron completamente nuestra sociedad. Los beneficios que&#8230;<\/p>\n","protected":false},"author":1,"featured_media":0,"parent":0,"menu_order":0,"comment_status":"closed","ping_status":"closed","template":"full_width.php","meta":{"footnotes":""},"class_list":["post-1436","page","type-page","status-publish","hentry"],"_links":{"self":[{"href":"https:\/\/saviolife.com\/es\/wp-json\/wp\/v2\/pages\/1436","targetHints":{"allow":["GET"]}}],"collection":[{"href":"https:\/\/saviolife.com\/es\/wp-json\/wp\/v2\/pages"}],"about":[{"href":"https:\/\/saviolife.com\/es\/wp-json\/wp\/v2\/types\/page"}],"author":[{"embeddable":true,"href":"https:\/\/saviolife.com\/es\/wp-json\/wp\/v2\/users\/1"}],"replies":[{"embeddable":true,"href":"https:\/\/saviolife.com\/es\/wp-json\/wp\/v2\/comments?post=1436"}],"version-history":[{"count":5,"href":"https:\/\/saviolife.com\/es\/wp-json\/wp\/v2\/pages\/1436\/revisions"}],"predecessor-version":[{"id":2367,"href":"https:\/\/saviolife.com\/es\/wp-json\/wp\/v2\/pages\/1436\/revisions\/2367"}],"wp:attachment":[{"href":"https:\/\/saviolife.com\/es\/wp-json\/wp\/v2\/media?parent=1436"}],"curies":[{"name":"wp","href":"https:\/\/api.w.org\/{rel}","templated":true}]}}