{"id":1443,"date":"2019-01-29T09:44:36","date_gmt":"2019-01-29T08:44:36","guid":{"rendered":"https:\/\/www.saviolife.com\/applicazioni\/"},"modified":"2023-07-20T09:37:57","modified_gmt":"2023-07-20T07:37:57","slug":"aplicaciones","status":"publish","type":"page","link":"https:\/\/saviolife.com\/es\/aplicaciones\/","title":{"rendered":"Aplicaciones"},"content":{"rendered":"<div class=\"wpb-content-wrapper\"><p>[vc_row css_animation=\u00bb\u00bb row_type=\u00bbrow\u00bb use_row_as_full_screen_section=\u00bbno\u00bb type=\u00bbfull_width\u00bb angled_section=\u00bbno\u00bb text_align=\u00bbleft\u00bb background_image_as_pattern=\u00bbwithout_pattern\u00bb el_class=\u00bbriga-applicazioni-presentazione\u00bb z_index=\u00bb\u00bb][vc_column][vc_empty_space height=\u00bb200px\u00bb el_class=\u00bbspazio-50-mobile\u00bb][qode_elements_holder number_of_columns=\u00bbtwo_columns\u00bb alignment_one_column=\u00bbcenter\u00bb][qode_elements_holder_item advanced_animations=\u00bbno\u00bb custom_class=\u00bbcolonna-sx-presentazione-applicazioni\u00bb][vc_empty_space height=\u00bb22px\u00bb][vc_column_text]<\/p>\n<h1 style=\"text-align: left;\">Aplicaciones<\/h1>\n<p>[\/vc_column_text][vc_empty_space height=\u00bb22px\u00bb][vc_column_text]<\/p>\n<p style=\"text-align: left;\">Las industrias necesitan conservantes, antibi\u00f3ticos, fertilizantes y pesticidas para utilizar en \u00e1mbitos sumamente delicados \u2013 porque involucran la salud humana y del planeta \u2013 como la alimentaci\u00f3n, agricultura y cr\u00eda de animales.<\/p>\n<p style=\"text-align: left;\">Nosotros de Saviolife elegimos concentrarnos en una producci\u00f3n \u00e9tica y de bajo impacto ambiental. El resultado es una gama de productos que respetan la vida adecuados para numerosos sectores industriales.<\/p>\n<p>[\/vc_column_text][vc_empty_space height=\u00bb22px\u00bb][vc_row_inner row_type=\u00bbrow\u00bb type=\u00bbfull_width\u00bb text_align=\u00bbleft\u00bb css_animation=\u00bb\u00bb][vc_column_inner width=\u00bb1\/3&#8243;][vc_empty_space height=\u00bb22px\u00bb][vc_single_image image=\u00bb216&#8243; img_size=\u00bb100&#215;101&#8243; alignment=\u00bbcenter\u00bb onclick=\u00bbcustom_link\u00bb qode_css_animation=\u00bb\u00bb link=\u00bb#ancora-leather\u00bb][vc_empty_space height=\u00bb36px\u00bb][vc_column_text]<\/p>\n<h5 style=\"text-align: center;\"><a href=\"#ancora-leather\"><span style=\"color: #638a49;\"><u>Leather<\/u><\/span><\/a><\/h5>\n<p>[\/vc_column_text][vc_empty_space height=\u00bb22px\u00bb][\/vc_column_inner][vc_column_inner width=\u00bb1\/3&#8243;][vc_empty_space height=\u00bb22px\u00bb][vc_single_image image=\u00bb215&#8243; img_size=\u00bb100&#215;101&#8243; alignment=\u00bbcenter\u00bb onclick=\u00bbcustom_link\u00bb qode_css_animation=\u00bb\u00bb link=\u00bb#ancora-feed\u00bb][vc_empty_space height=\u00bb36px\u00bb][vc_column_text]<\/p>\n<h5 style=\"text-align: center;\"><a href=\"#ancora-feed\"><span style=\"color: #638a49;\"><u>FEED<\/u><\/span><\/a><\/h5>\n<p>[\/vc_column_text][vc_empty_space height=\u00bb22px\u00bb][\/vc_column_inner][vc_column_inner width=\u00bb1\/3&#8243;][vc_empty_space height=\u00bb22px\u00bb][vc_single_image image=\u00bb214&#8243; img_size=\u00bb100&#215;101&#8243; alignment=\u00bbcenter\u00bb onclick=\u00bbcustom_link\u00bb qode_css_animation=\u00bb\u00bb link=\u00bb#ancora-agro\u00bb][vc_empty_space height=\u00bb36px\u00bb][vc_column_text]<\/p>\n<h5 style=\"text-align: center;\"><a href=\"#ancora-agro\"><span style=\"color: #638a49;\"><u>AGRO<\/u><\/span><\/a><\/h5>\n<p>[\/vc_column_text][vc_empty_space height=\u00bb22px\u00bb][\/vc_column_inner][\/vc_row_inner][\/qode_elements_holder_item][qode_elements_holder_item advanced_animations=\u00bbno\u00bb custom_class=\u00bbcolonna-mucca-applicazioni\u00bb][vc_single_image image=\u00bb435&#8243; img_size=\u00bbfull\u00bb alignment=\u00bbcenter\u00bb qode_css_animation=\u00bb\u00bb][\/qode_elements_holder_item][\/qode_elements_holder][vc_empty_space height=\u00bb22px\u00bb][\/vc_column][\/vc_row][vc_row css_animation=\u00bb\u00bb row_type=\u00bbrow\u00bb use_row_as_full_screen_section=\u00bbno\u00bb type=\u00bbfull_width\u00bb angled_section=\u00bbno\u00bb text_align=\u00bbleft\u00bb background_image_as_pattern=\u00bbwithout_pattern\u00bb el_class=\u00bbriga-applicazioni-img-sinistra\u00bb z_index=\u00bb\u00bb][vc_column][vc_column_text]<a id=\"ancora-leather\"><\/a>[\/vc_column_text][vc_row_inner row_type=\u00bbrow\u00bb type=\u00bbfull_width\u00bb text_align=\u00bbleft\u00bb css_animation=\u00bb\u00bb][vc_column_inner][qode_elements_holder number_of_columns=\u00bbtwo_columns\u00bb alignment_one_column=\u00bbcenter\u00bb][qode_elements_holder_item advanced_animations=\u00bbno\u00bb custom_class=\u00bbcolonna-sx-img-sinistra\u00bb][vc_single_image image=\u00bb364&#8243; img_size=\u00bbfull\u00bb alignment=\u00bbcenter\u00bb qode_css_animation=\u00bb\u00bb][\/qode_elements_holder_item][qode_elements_holder_item advanced_animations=\u00bbno\u00bb custom_class=\u00bbcolonna-dx-img-sinistra\u00bb][vc_column_text]<\/p>\n<h2>Leather<\/h2>\n<p>[\/vc_column_text][vc_empty_space height=\u00bb22px\u00bb][vc_column_text]Tanino 100% natural espec\u00edfico para la elaboraci\u00f3n de cuero de alta calidad. Para obtener una piel m\u00e1s suave y resistente.<br \/>\nExtraemos el tanino s\u00f3lo de madera de casta\u00f1o, con un proceso natural de lixiviaci\u00f3n en agua, que deja intacta la calidad de las mol\u00e9culas de \u00e1cidos org\u00e1nicos que componen el tanino. Elegimos trabajar el casta\u00f1o porque el tanino extra\u00eddo de esta madera es hidrolizable. Esta caracter\u00edstica permite una utilizaci\u00f3n ecol\u00f3gica y segura, adem\u00e1s de proporcionar un producto de muy alta calidad.[\/vc_column_text][vc_empty_space height=\u00bb22px\u00bb]<a  itemprop=\"url\" href=\"https:\/\/www.saviolife.com\/es\/saviotan\/saviotan-leather\/\" target=\"_self\"  class=\"qbutton  default scuro\" style=\"\">IR A PRODUCTOS LEATHER<\/a>[\/qode_elements_holder_item][\/qode_elements_holder][\/vc_column_inner][\/vc_row_inner][\/vc_column][\/vc_row][vc_row css_animation=\u00bb\u00bb row_type=\u00bbrow\u00bb use_row_as_full_screen_section=\u00bbno\u00bb type=\u00bbfull_width\u00bb angled_section=\u00bbno\u00bb text_align=\u00bbleft\u00bb background_image_as_pattern=\u00bbwithout_pattern\u00bb el_class=\u00bbriga-applicazioni-img-destra nascondi\u00bb z_index=\u00bb\u00bb][vc_column][vc_column_text]<a id=\"ancora-feed\"><\/a>[\/vc_column_text][vc_row_inner row_type=\u00bbrow\u00bb type=\u00bbfull_width\u00bb text_align=\u00bbleft\u00bb css_animation=\u00bb\u00bb][vc_column_inner][qode_elements_holder number_of_columns=\u00bbtwo_columns\u00bb alignment_one_column=\u00bbcenter\u00bb custom_class=\u00bbcolonne-applicazioni-invertite-mobile\u00bb][qode_elements_holder_item advanced_animations=\u00bbno\u00bb custom_class=\u00bbcolonna-sx-img-destra\u00bb][vc_column_text]<\/p>\n<h2>Feed<\/h2>\n<p>[\/vc_column_text][vc_empty_space height=\u00bb22px\u00bb][vc_column_text]Integradores naturales para avicultura, porcinos y bovinos. M\u00e1s salud para los animales y m\u00e1s respeto por el medio ambiente.<br \/>\nEl efecto primario de Saviotan\u00ae Feed es unirse a las prote\u00ednas de modo selectivo, lo que se refleja tambi\u00e9n en la modulaci\u00f3n de algunas actividades enzim\u00e1ticas. Este es el modo de acci\u00f3n de Saviotan\u00ae Feed respecto a los par\u00e1sitos intestinales: interacci\u00f3n selectiva con las prote\u00ednas de la membrana celular, con alteraci\u00f3n del intercambio de iones y sustancias nutritivas.[\/vc_column_text][vc_empty_space height=\u00bb22px\u00bb]<a  itemprop=\"url\" href=\"https:\/\/www.saviolife.com\/es\/saviotan\/saviotan-feed\/\" target=\"_self\"  class=\"qbutton  default scuro\" style=\"\">IR A PRODUCTOS FEED<\/a>[\/qode_elements_holder_item][qode_elements_holder_item advanced_animations=\u00bbno\u00bb custom_class=\u00bbcolonna-dx-img-destra\u00bb][vc_single_image image=\u00bb347&#8243; img_size=\u00bbfull\u00bb alignment=\u00bbcenter\u00bb qode_css_animation=\u00bb\u00bb][\/qode_elements_holder_item][\/qode_elements_holder][\/vc_column_inner][\/vc_row_inner][\/vc_column][\/vc_row][vc_row css_animation=\u00bb\u00bb row_type=\u00bbrow\u00bb use_row_as_full_screen_section=\u00bbno\u00bb type=\u00bbfull_width\u00bb angled_section=\u00bbno\u00bb text_align=\u00bbleft\u00bb background_image_as_pattern=\u00bbwithout_pattern\u00bb el_class=\u00bbriga-applicazioni-img-sinistra\u00bb z_index=\u00bb\u00bb][vc_column][vc_column_text]<a id=\"ancora-agro\"><\/a>[\/vc_column_text][vc_row_inner row_type=\u00bbrow\u00bb type=\u00bbfull_width\u00bb text_align=\u00bbleft\u00bb css_animation=\u00bb\u00bb][vc_column_inner][qode_elements_holder number_of_columns=\u00bbtwo_columns\u00bb alignment_one_column=\u00bbcenter\u00bb][qode_elements_holder_item advanced_animations=\u00bbno\u00bb custom_class=\u00bbcolonna-sx-img-sinistra\u00bb][vc_single_image image=\u00bb358&#8243; img_size=\u00bbfull\u00bb alignment=\u00bbcenter\u00bb qode_css_animation=\u00bb\u00bb][\/qode_elements_holder_item][qode_elements_holder_item advanced_animations=\u00bbno\u00bb custom_class=\u00bbcolonna-dx-img-sinistra\u00bb][vc_column_text]<\/p>\n<h2>Agro<\/h2>\n<p>[\/vc_column_text][vc_empty_space height=\u00bb22px\u00bb][vc_column_text]Plantas saludables y eficacia asegurada con el uso de fertilizantes Saviolife. Tambi\u00e9n para cultivo 100% org\u00e1nico.<br \/>\nEl tanino Saviotan es el producto del procesamiento de la madera de casta\u00f1o, que ofrece un derivado de calidad para varios usos. Se trata de un tanino hidrolizable que se disuelve de manera natural en agua y por eso garantiza una acci\u00f3n eficaz, pero no invasiva. Es un producto permitido en la agricultura org\u00e1nica, con caracter\u00edsticas bioestimulantes y disuasivas para par\u00e1sitos. Todo esto ofrece una contribuci\u00f3n fundamental a la agricultura sostenible.[\/vc_column_text][vc_empty_space height=\u00bb22px\u00bb]<a  itemprop=\"url\" href=\"https:\/\/www.saviolife.com\/es\/saviotan\/saviotan-agro\/\" target=\"_self\"  class=\"qbutton  default scuro\" style=\"\">IR A PRODUCTOS AGRO<\/a>[\/qode_elements_holder_item][\/qode_elements_holder][\/vc_column_inner][\/vc_row_inner][\/vc_column][\/vc_row]<\/p>\n<\/div>","protected":false},"excerpt":{"rendered":"<p>[vc_row css_animation=\u00bb\u00bb row_type=\u00bbrow\u00bb use_row_as_full_screen_section=\u00bbno\u00bb type=\u00bbfull_width\u00bb angled_section=\u00bbno\u00bb text_align=\u00bbleft\u00bb background_image_as_pattern=\u00bbwithout_pattern\u00bb el_class=\u00bbriga-applicazioni-presentazione\u00bb z_index=\u00bb\u00bb][vc_column][vc_empty_space height=\u00bb200px\u00bb el_class=\u00bbspazio-50-mobile\u00bb][qode_elements_holder number_of_columns=\u00bbtwo_columns\u00bb alignment_one_column=\u00bbcenter\u00bb][qode_elements_holder_item advanced_animations=\u00bbno\u00bb custom_class=\u00bbcolonna-sx-presentazione-applicazioni\u00bb][vc_empty_space height=\u00bb22px\u00bb][vc_column_text] Aplicaciones [\/vc_column_text][vc_empty_space height=\u00bb22px\u00bb][vc_column_text] Las industrias necesitan conservantes, antibi\u00f3ticos, fertilizantes y pesticidas para utilizar en \u00e1mbitos sumamente delicados \u2013 porque involucran la salud humana y del planeta \u2013 como&#8230;<\/p>\n","protected":false},"author":1,"featured_media":0,"parent":0,"menu_order":0,"comment_status":"closed","ping_status":"closed","template":"full_width.php","meta":{"footnotes":""},"class_list":["post-1443","page","type-page","status-publish","hentry"],"_links":{"self":[{"href":"https:\/\/saviolife.com\/es\/wp-json\/wp\/v2\/pages\/1443","targetHints":{"allow":["GET"]}}],"collection":[{"href":"https:\/\/saviolife.com\/es\/wp-json\/wp\/v2\/pages"}],"about":[{"href":"https:\/\/saviolife.com\/es\/wp-json\/wp\/v2\/types\/page"}],"author":[{"embeddable":true,"href":"https:\/\/saviolife.com\/es\/wp-json\/wp\/v2\/users\/1"}],"replies":[{"embeddable":true,"href":"https:\/\/saviolife.com\/es\/wp-json\/wp\/v2\/comments?post=1443"}],"version-history":[{"count":5,"href":"https:\/\/saviolife.com\/es\/wp-json\/wp\/v2\/pages\/1443\/revisions"}],"predecessor-version":[{"id":2764,"href":"https:\/\/saviolife.com\/es\/wp-json\/wp\/v2\/pages\/1443\/revisions\/2764"}],"wp:attachment":[{"href":"https:\/\/saviolife.com\/es\/wp-json\/wp\/v2\/media?parent=1443"}],"curies":[{"name":"wp","href":"https:\/\/api.w.org\/{rel}","templated":true}]}}