{"id":1450,"date":"2019-01-21T14:46:21","date_gmt":"2019-01-21T13:46:21","guid":{"rendered":"https:\/\/www.saviolife.com\/home-2\/"},"modified":"2021-03-19T15:29:19","modified_gmt":"2021-03-19T14:29:19","slug":"home-2","status":"publish","type":"page","link":"https:\/\/saviolife.com\/es\/","title":{"rendered":"Home"},"content":{"rendered":"<div class=\"wpb-content-wrapper\"><p>[vc_row css_animation=\u00bb\u00bb row_type=\u00bbrow\u00bb use_row_as_full_screen_section=\u00bbno\u00bb type=\u00bbfull_width\u00bb angled_section=\u00bbno\u00bb text_align=\u00bbleft\u00bb background_image_as_pattern=\u00bbwithout_pattern\u00bb el_class=\u00bbslidehome\u00bb z_index=\u00bb100&#8243;][vc_column][rev_slider_vc alias=\u00bbhome-es\u00bb][\/vc_column][\/vc_row][vc_row css_animation=\u00bb\u00bb row_type=\u00bbrow\u00bb use_row_as_full_screen_section=\u00bbno\u00bb type=\u00bbfull_width\u00bb angled_section=\u00bbno\u00bb text_align=\u00bbleft\u00bb background_image_as_pattern=\u00bbwithout_pattern\u00bb z_index=\u00bb99&#8243; el_class=\u00bbriga_1&#8243; css=\u00bb.vc_custom_1548858434980{background-image: url(https:\/\/www.saviolife.com\/wp-content\/uploads\/2019\/01\/sfondo_riga_1.jpg?id=200) !important;}\u00bb][vc_column][vc_row_inner row_type=\u00bbrow\u00bb type=\u00bbgrid\u00bb text_align=\u00bbleft\u00bb css_animation=\u00bb\u00bb css=\u00bb.vc_custom_1548858442744{background-image: url(https:\/\/www.saviolife.com\/wp-content\/uploads\/2019\/01\/sfondo_contenuto_1.jpg?id=201) !important;}\u00bb el_class=\u00bbriga_griglia_1&#8243;][vc_column_inner width=\u00bb1\/2&#8243; css=\u00bb.vc_custom_1548756738883{padding-right: 80px !important;}\u00bb][vc_column_text]<\/p>\n<h2><span style=\"color: #ffffff;\">Siempre se puede elegir<\/span><\/h2>\n<p>[\/vc_column_text][vc_empty_space height=\u00bb22px\u00bb][vc_column_text]<span style=\"color: #ffffff;\">Noi di Saviolife abbiamo scelto di concentrarci su una produzione etica e a basso impatto ambientale. Il risultato sono prodotti rispettosi della vita per tanti settori industriali.<\/span>[\/vc_column_text][vc_empty_space height=\u00bb22px\u00bb]<a  itemprop=\"url\" href=\"https:\/\/www.saviolife.com\/es\/aplicaciones\/\" target=\"_self\"  class=\"qbutton  default\" style=\"\">APLICACI\u00d3N &amp; INDUSTRIAS<i class=\"qodef-icon-linea-icon icon-arrows-slim-right qode_button_icon_element\" style=\"\" ><\/i><\/a>[\/vc_column_inner][vc_column_inner width=\u00bb1\/2&#8243;][\/vc_column_inner][\/vc_row_inner][\/vc_column][\/vc_row][vc_row css_animation=\u00bb\u00bb row_type=\u00bbrow\u00bb use_row_as_full_screen_section=\u00bbno\u00bb type=\u00bbfull_width\u00bb angled_section=\u00bbno\u00bb text_align=\u00bbleft\u00bb background_image_as_pattern=\u00bbwithout_pattern\u00bb z_index=\u00bb9&#8243; css=\u00bb.vc_custom_1548924598200{margin-top: -30px !important;padding-top: 130px !important;}\u00bb el_class=\u00bbriga_icone\u00bb][vc_column][vc_row_inner row_type=\u00bbrow\u00bb type=\u00bbgrid\u00bb text_align=\u00bbleft\u00bb css_animation=\u00bb\u00bb][vc_column_inner width=\u00bb1\/3&#8243;][vc_single_image image=\u00bb214&#8243; img_size=\u00bbfull\u00bb alignment=\u00bbcenter\u00bb qode_css_animation=\u00bbelement_from_fade\u00bb transition_delay=\u00bb0.3&#8243;][vc_empty_space height=\u00bb36px\u00bb][vc_column_text]<\/p>\n<h5 style=\"text-align: center;\">AGRO<\/h5>\n<p>[\/vc_column_text][vc_empty_space height=\u00bb28px\u00bb][vc_column_text]<\/p>\n<p style=\"text-align: center;\">Plantas saludables y eficacia asegurada con el uso de fertilizantes Saviolife. Tambi\u00e9n para cultivo 100% org\u00e1nico.<\/p>\n<p>[\/vc_column_text][vc_empty_space height=\u00bb28px\u00bb][\/vc_column_inner][vc_column_inner width=\u00bb1\/3&#8243;][vc_single_image image=\u00bb215&#8243; img_size=\u00bbfull\u00bb alignment=\u00bbcenter\u00bb qode_css_animation=\u00bbelement_from_fade\u00bb transition_delay=\u00bb0.6&#8243;][vc_empty_space height=\u00bb36px\u00bb][vc_column_text]<\/p>\n<h5 style=\"text-align: center;\">FEED<\/h5>\n<p>[\/vc_column_text][vc_empty_space height=\u00bb28px\u00bb][vc_column_text]<\/p>\n<p style=\"text-align: center;\">Integradores naturales para avicultura, porcinos y bovinos. M\u00e1s salud para los animales y m\u00e1s respeto por el medio ambiente.<\/p>\n<p>[\/vc_column_text][vc_empty_space height=\u00bb28px\u00bb][\/vc_column_inner][vc_column_inner width=\u00bb1\/3&#8243;][vc_single_image image=\u00bb216&#8243; img_size=\u00bbfull\u00bb alignment=\u00bbcenter\u00bb qode_css_animation=\u00bbelement_from_fade\u00bb transition_delay=\u00bb0.9&#8243;][vc_empty_space height=\u00bb36px\u00bb][vc_column_text]<\/p>\n<h5 style=\"text-align: center;\">LEATHER<\/h5>\n<p>[\/vc_column_text][vc_empty_space height=\u00bb28px\u00bb][vc_column_text]<\/p>\n<p style=\"text-align: center;\">Tanino 100% natural espec\u00edfico para el procesamiento de cueros de alta calidad. Para obtener una piel m\u00e1s suave y resistente.<\/p>\n<p>[\/vc_column_text][vc_empty_space height=\u00bb28px\u00bb][\/vc_column_inner][\/vc_row_inner][\/vc_column][\/vc_row][vc_row css_animation=\u00bb\u00bb row_type=\u00bbrow\u00bb use_row_as_full_screen_section=\u00bbno\u00bb type=\u00bbfull_width\u00bb angled_section=\u00bbno\u00bb text_align=\u00bbleft\u00bb background_image_as_pattern=\u00bbwithout_pattern\u00bb css=\u00bb.vc_custom_1548760726516{margin-top: -130px !important;}\u00bb z_index=\u00bb999&#8243;][vc_column][qode_elements_holder number_of_columns=\u00bbtwo_columns\u00bb][qode_elements_holder_item cover=\u00bbyes\u00bb vertical_alignment=\u00bbbottom\u00bb horizontal_alignment=\u00bbleft\u00bb advanced_animations=\u00bbno\u00bb background_image=\u00bb219&#8243; item_padding=\u00bb45% 5% 0 18%\u00bb item_padding_1024_1280=\u00bb5%\u00bb item_padding_768_1024=\u00bb5%\u00bb item_padding_600_768=\u00bb5%\u00bb item_padding_480_600=\u00bb5%\u00bb item_padding_480=\u00bb5%\u00bb custom_class=\u00bbcolonna_sinistra_saviotan\u00bb][vc_raw_html]JTNDZGl2JTIwY2xhc3MlM0QlMjJibG9jY29fdmVyZGVfaG9tZSUyMiUzRSUwQSUzQ2g2JTIwY2xhc3MlM0QlMjJ0aXRvbG9fYmxvY2NvX3ZlcmRlJTIyJTNFVEFOSU5PJTIwTkFUVVJBTCUzQyUyRmg2JTNFJTBBJTNDcCUyMHN0eWxlJTNEJTIyY29sb3IlM0ElMjNmZmYlM0IlMjIlM0VFbCUyMGluZ3JlZGllbnRlJTIwcGFyYSUyMHVuYSUyMGluZHVzdHJpYSUyMHNhbmElM0MlMkZwJTNFJTBBJTNDaDMlMjBjbGFzcyUzRCUyMnRlc3RvX2Jsb2Njb192ZXJkZSUyMiUzRUVsJTIwZGVzYXJyb2xsbyUyMGRlJTIwcHJvZHVjdG9zJTIwYSUyMGJhc2UlMjBkZSUyMHRhbmlubyUyMGRlJTIwY2FzdGElQzMlQjFvJTIwZXMlMjBudWVzdHJvJTIwY29tcHJvbWlzbyUyMHBhcmElMjBmYXZvcmVjZXIlMjB1bmElMjBwcm9kdWNjaSVDMyVCM24lMjBpbmR1c3RyaWFsJTIwbSVDMyVBMXMlMjBzb3N0ZW5pYmxlLiUzQyUyRmgzJTNFJTBBJTNDJTJGZGl2JTNF[\/vc_raw_html][\/qode_elements_holder_item][qode_elements_holder_item vertical_alignment=\u00bbmiddle\u00bb horizontal_alignment=\u00bbleft\u00bb advanced_animations=\u00bbno\u00bb background_image=\u00bb218&#8243; item_padding=\u00bb35% 30% 10% 5%\u00bb item_padding_600_768=\u00bb15%\u00bb item_padding_480_600=\u00bb25% 15% 15% 15%\u00bb item_padding_480=\u00bb25% 15% 15% 15%\u00bb custom_class=\u00bbcolonna_saviotan\u00bb][vc_single_image image=\u00bb221&#8243; img_size=\u00bbfull\u00bb qode_css_animation=\u00bbelement_from_right\u00bb transition_delay=\u00bb0.3&#8243;][vc_empty_space][vc_column_text]Las industrias necesitan conservantes, antibi\u00f3ticos, fertilizantes y pesticidas para utilizar en \u00e1mbitos sumamente delicados \u2013 porque involucran la salud humana y del planeta \u2013 como la alimentaci\u00f3n, agricultura y cr\u00eda de animales.<br \/>\nNosotros de Saviolife elegimos concentrarnos en una producci\u00f3n \u00e9tica y de bajo impacto ambiental. El resultado es una gama de productos que respetan la vida adecuados para numerosos sectores industriales.[\/vc_column_text][vc_empty_space height=\u00bb52px\u00bb]<a  itemprop=\"url\" href=\"https:\/\/www.saviolife.com\/es\/saviotan\/\" target=\"_self\"  class=\"qbutton  default scuro\" style=\"\">PRODUCTOS A BASE DE TANINO NATURAL<\/a>[\/qode_elements_holder_item][\/qode_elements_holder][\/vc_column][\/vc_row][vc_row css_animation=\u00bb\u00bb row_type=\u00bbrow\u00bb use_row_as_full_screen_section=\u00bbno\u00bb type=\u00bbfull_width\u00bb angled_section=\u00bbno\u00bb text_align=\u00bbleft\u00bb background_image_as_pattern=\u00bbwithout_pattern\u00bb background_image=\u00bb30&#8243; background_color=\u00bb#f2f4f4&#8243; z_index=\u00bb99&#8243; el_class=\u00bbriganumeri\u00bb css=\u00bb.vc_custom_1548764511961{background-image: url(https:\/\/www.saviolife.com\/wp-content\/uploads\/2019\/01\/sfondo_riga_5.jpg?id=226) !important;background-position: center !important;background-repeat: no-repeat !important;background-size: cover !important;}\u00bb][vc_column][vc_empty_space height=\u00bb192px\u00bb el_class=\u00bbspazio_70&#8243;][vc_empty_space height=\u00bb50px\u00bb][vc_row_inner row_type=\u00bbrow\u00bb type=\u00bbgrid\u00bb text_align=\u00bbleft\u00bb css_animation=\u00bb\u00bb el_class=\u00bbriga_numeri_1&#8243;][vc_column_inner el_class=\u00bbnumeri\u00bb width=\u00bb1\/3&#8243; css=\u00bb.vc_custom_1530620011992{padding-right: 10px !important;padding-left: 10px !important;}\u00bb][vc_column_text]<\/p>\n<h2>Certificaciones<\/h2>\n<p>[\/vc_column_text][\/vc_column_inner][vc_column_inner el_class=\u00bbnumeri\u00bb width=\u00bb1\/3&#8243; css=\u00bb.vc_custom_1530620040371{padding-right: 10px !important;padding-left: 10px !important;}\u00bb][vc_single_image image=\u00bb1286&#8243; img_size=\u00bbfull\u00bb alignment=\u00bbcenter\u00bb qode_css_animation=\u00bbelement_from_fade\u00bb transition_delay=\u00bb0.3&#8243;][\/vc_column_inner][vc_column_inner el_class=\u00bbnumeri\u00bb width=\u00bb1\/3&#8243; css=\u00bb.vc_custom_1530620045255{padding-right: 10px !important;padding-left: 10px !important;}\u00bb][vc_single_image image=\u00bb1291&#8243; img_size=\u00bbfull\u00bb alignment=\u00bbcenter\u00bb qode_css_animation=\u00bbelement_from_fade\u00bb transition_delay=\u00bb0.6&#8243;][\/vc_column_inner][\/vc_row_inner][vc_empty_space height=\u00bb192px\u00bb el_class=\u00bbspazio_70&#8243;][\/vc_column][\/vc_row][vc_row css_animation=\u00bb\u00bb row_type=\u00bbrow\u00bb use_row_as_full_screen_section=\u00bbno\u00bb type=\u00bbfull_width\u00bb angled_section=\u00bbno\u00bb text_align=\u00bbleft\u00bb background_image_as_pattern=\u00bbwithout_pattern\u00bb background_image=\u00bb63&#8243; z_index=\u00bb\u00bb el_class=\u00bbriga_4&#8243; css=\u00bb.vc_custom_1548765035586{padding-top: 15% !important;background-image: url(https:\/\/www.saviolife.com\/wp-content\/uploads\/2019\/01\/sfondo_riga_6.jpg?id=234) !important;}\u00bb][vc_column][vc_empty_space][vc_row_inner row_type=\u00bbrow\u00bb type=\u00bbgrid\u00bb text_align=\u00bbleft\u00bb css_animation=\u00bb\u00bb][vc_column_inner width=\u00bb1\/3&#8243;][vc_single_image image=\u00bb243&#8243; img_size=\u00bbfull\u00bb qode_css_animation=\u00bbelement_from_fade\u00bb transition_delay=\u00bb0.3&#8243; el_class=\u00bblogo_sazolene\u00bb][\/vc_column_inner][vc_column_inner el_class=\u00bbcolonna_sazolene\u00bb width=\u00bb2\/3&#8243; css=\u00bb.vc_custom_1548840079803{padding-top: 0px !important;padding-right: 8% !important;padding-left: 8% !important;}\u00bb][vc_column_text]<\/p>\n<h1><span style=\"color: #ffffff;\">El ritmo de la naturaleza<\/span><\/h1>\n<p>[\/vc_column_text][vc_empty_space][vc_column_text]<span style=\"color: #ffffff;\">La idea de Sazolene nace de la combinaci\u00f3n de conciencia ecol\u00f3gica, investigaci\u00f3n y uso de nuevas tecnolog\u00edas. El resultado es un fertilizante nitrogenado altamente innovador capaz de liberar el nitr\u00f3geno en sincron\u00eda con la exigencia de las plantas. Nada se desperdicia, nada termina in\u00fatilmente en el suelo y los acu\u00edferos. Cada gr\u00e1nulo de Sazoleno se utiliza exclusivamente en los cultivos y los resultados son excepcionales.<\/span>[\/vc_column_text][vc_empty_space]<a  itemprop=\"url\" href=\"https:\/\/www.saviolife.com\/es\/sazolene\/\" target=\"_self\"  class=\"qbutton  default\" style=\"\">FERTILIZANTE NITROGENADO DE LIBERACI\u00d3N LENTA<\/a>[\/vc_column_inner][\/vc_row_inner][vc_empty_space height=\u00bb150px\u00bb][vc_row_inner row_type=\u00bbrow\u00bb type=\u00bbgrid\u00bb text_align=\u00bbleft\u00bb css_animation=\u00bb\u00bb css=\u00bb.vc_custom_1548840823411{padding-top: 0px !important;padding-bottom: 0px !important;}\u00bb el_class=\u00bbriga_prodotti\u00bb][vc_column_inner width=\u00bb1\/4&#8243; css=\u00bb.vc_custom_1548765200684{border-left-width: 1px !important;padding-top: 0px !important;padding-bottom: 0px !important;border-left-color: #ffffff !important;border-left-style: solid !important;}\u00bb][vc_column_text]<\/p>\n<h6><a href=\"https:\/\/www.saviolife.com\/es\/productos\/sazolene\/granulares\/\"><span style=\"color: #ffffff;\">PRODUCTOS GRANULARES <\/span><\/a><br \/>\n<a href=\"https:\/\/www.saviolife.com\/es\/productos\/sazolene\/granulares\/\"><span style=\"color: #ffffff;\">SAZOLENE 39G<\/span><\/a><\/h6>\n<p>[\/vc_column_text][\/vc_column_inner][vc_column_inner width=\u00bb1\/4&#8243; css=\u00bb.vc_custom_1548765211983{border-left-width: 1px !important;padding-top: 0px !important;padding-bottom: 0px !important;border-left-color: #ffffff !important;border-left-style: solid !important;}\u00bb][vc_column_text]<\/p>\n<h6><a href=\"https:\/\/www.saviolife.com\/es\/sazolene\/granulares\/?lang=es#ancora-npk\"><span style=\"color: #ffffff;\">PRODUCTOS GRANULARES <\/span><\/a><br \/>\n<a href=\"https:\/\/www.saviolife.comes\/sazolene\/granulares\/?lang=es#ancora-npk\"><span style=\"color: #ffffff;\">NPK<\/span><\/a><\/h6>\n<p>[\/vc_column_text][\/vc_column_inner][vc_column_inner width=\u00bb1\/4&#8243; css=\u00bb.vc_custom_1548765225038{border-left-width: 1px !important;padding-top: 0px !important;padding-bottom: 0px !important;border-left-color: #ffffff !important;border-left-style: solid !important;}\u00bb][vc_column_text]<\/p>\n<h6><a href=\"https:\/\/www.saviolife.com\/es\/sazolene\/liquidis\/?lang=es\"><span style=\"color: #ffffff;\">PRODUCTOS L\u00cdQUIDOS <\/span><\/a><br \/>\n<a href=\"https:\/\/www.saviolife.com\/es\/sazolene\/liquidis\/?lang=es\"><span style=\"color: #ffffff;\">SAZOLENE SC<\/span><\/a><\/h6>\n<p>[\/vc_column_text][\/vc_column_inner][vc_column_inner width=\u00bb1\/4&#8243; css=\u00bb.vc_custom_1548765238632{border-left-width: 1px !important;padding-top: 0px !important;padding-bottom: 0px !important;border-left-color: #ffffff !important;border-left-style: solid !important;}\u00bb][vc_column_text]<\/p>\n<h6><a href=\"https:\/\/www.saviolife.com\/es\/sazolene\/liquidos\/?lang=es#ancora-npk\"><span style=\"color: #ffffff;\">PRODUCTOS L\u00cdQUIDOS<\/span><\/a><br \/>\n<a href=\"https:\/\/www.saviolife.com\/es\/sazolene\/liquidos\/?lang=es#ancora-npk\"><span style=\"color: #ffffff;\">NPK<\/span><\/a><\/h6>\n<p>[\/vc_column_text][\/vc_column_inner][\/vc_row_inner][vc_empty_space height=\u00bb100px\u00bb][\/vc_column][\/vc_row][vc_row css_animation=\u00bb\u00bb row_type=\u00bbrow\u00bb use_row_as_full_screen_section=\u00bbno\u00bb type=\u00bbfull_width\u00bb angled_section=\u00bbno\u00bb text_align=\u00bbleft\u00bb background_image_as_pattern=\u00bbwithout_pattern\u00bb css=\u00bb.vc_custom_1548769293583{background-image: url(https:\/\/www.saviolife.com\/wp-content\/uploads\/2019\/01\/sfondo_contatti.jpg?id=251) !important;}\u00bb z_index=\u00bb\u00bb][vc_column][vc_empty_space height=\u00bb100px\u00bb][vc_row_inner row_type=\u00bbrow\u00bb type=\u00bbgrid\u00bb text_align=\u00bbleft\u00bb css_animation=\u00bb\u00bb][vc_column_inner][vc_column_text]<\/p>\n<h2><span style=\"color: #638a49;\">Contactarse<\/span><\/h2>\n<p>[\/vc_column_text][\/vc_column_inner][\/vc_row_inner][vc_empty_space height=\u00bb80px\u00bb][vc_row_inner row_type=\u00bbrow\u00bb type=\u00bbgrid\u00bb text_align=\u00bbleft\u00bb css_animation=\u00bb\u00bb][vc_column_inner]\n<div class=\"wpcf7 no-js\" id=\"wpcf7-f1509-o1\" lang=\"it-IT\" dir=\"ltr\" data-wpcf7-id=\"1509\">\n<div class=\"screen-reader-response\"><p role=\"status\" aria-live=\"polite\" aria-atomic=\"true\"><\/p> <ul><\/ul><\/div>\n<form action=\"\/es\/wp-json\/wp\/v2\/pages\/1450#wpcf7-f1509-o1\" method=\"post\" class=\"wpcf7-form init default\" aria-label=\"Modulo di contatto\" novalidate=\"novalidate\" data-status=\"init\">\n<fieldset class=\"hidden-fields-container\"><input type=\"hidden\" name=\"_wpcf7\" value=\"1509\" \/><input type=\"hidden\" name=\"_wpcf7_version\" value=\"6.1.3\" \/><input type=\"hidden\" name=\"_wpcf7_locale\" value=\"it_IT\" \/><input type=\"hidden\" name=\"_wpcf7_unit_tag\" value=\"wpcf7-f1509-o1\" \/><input type=\"hidden\" name=\"_wpcf7_container_post\" value=\"0\" \/><input type=\"hidden\" name=\"_wpcf7_posted_data_hash\" value=\"\" \/><input type=\"hidden\" name=\"_wpcf7_recaptcha_response\" value=\"\" \/>\n<\/fieldset>\n<div>\n\t<div class=\"colonna-1\">\n\t\t<p><span class=\"wpcf7-form-control-wrap\" data-name=\"nome\"><input size=\"40\" maxlength=\"400\" class=\"wpcf7-form-control wpcf7-text wpcf7-validates-as-required\" aria-required=\"true\" aria-invalid=\"false\" placeholder=\"Nombre*\" value=\"\" type=\"text\" name=\"nome\" \/><\/span><br \/>\n<span class=\"wpcf7-form-control-wrap\" data-name=\"mail\"><input size=\"40\" maxlength=\"400\" class=\"wpcf7-form-control wpcf7-email wpcf7-validates-as-required wpcf7-text wpcf7-validates-as-email\" aria-required=\"true\" aria-invalid=\"false\" placeholder=\"Correo electr\u00f3nico*\" value=\"\" type=\"email\" name=\"mail\" \/><\/span><br \/>\n<span class=\"wpcf7-form-control-wrap\" data-name=\"sito\"><input size=\"40\" maxlength=\"400\" class=\"wpcf7-form-control wpcf7-text\" aria-invalid=\"false\" placeholder=\"Empresa\" value=\"\" type=\"text\" name=\"sito\" \/><\/span>\n\t\t<\/p>\n\t<\/div>\n\t<div class=\"colonna-2\">\n\t\t<p><span class=\"wpcf7-form-control-wrap\" data-name=\"cognome\"><input size=\"40\" maxlength=\"400\" class=\"wpcf7-form-control wpcf7-text wpcf7-validates-as-required\" aria-required=\"true\" aria-invalid=\"false\" placeholder=\"Apellido*\" value=\"\" type=\"text\" name=\"cognome\" \/><\/span><br \/>\n<span class=\"wpcf7-form-control-wrap\" data-name=\"telefono\"><input size=\"40\" maxlength=\"400\" class=\"wpcf7-form-control wpcf7-tel wpcf7-validates-as-required wpcf7-text wpcf7-validates-as-tel\" aria-required=\"true\" aria-invalid=\"false\" placeholder=\"Tel\u00e9fono*\" value=\"\" type=\"tel\" name=\"telefono\" \/><\/span><br \/>\n<span class=\"wpcf7-form-control-wrap\" data-name=\"nazione\"><input size=\"40\" maxlength=\"400\" class=\"wpcf7-form-control wpcf7-text wpcf7-validates-as-required\" aria-required=\"true\" aria-invalid=\"false\" placeholder=\"Pa\u00eds*\" value=\"\" type=\"text\" name=\"nazione\" \/><\/span>\n\t\t<\/p>\n\t<\/div>\n\t<div class=\"colonna-3\">\n\t\t<p><span class=\"wpcf7-form-control-wrap\" data-name=\"piva\"><input size=\"40\" maxlength=\"400\" class=\"wpcf7-form-control wpcf7-text\" aria-invalid=\"false\" placeholder=\"C. IVA\" value=\"\" type=\"text\" name=\"piva\" \/><\/span><br \/>\n<span class=\"wpcf7-form-control-wrap\" data-name=\"messaggio\"><textarea cols=\"40\" rows=\"10\" maxlength=\"2000\" class=\"wpcf7-form-control wpcf7-textarea\" aria-invalid=\"false\" placeholder=\"Mensaje...\" name=\"messaggio\"><\/textarea><\/span>\n\t\t<\/p>\n\t<\/div>\n\t<p class=\"testo-accettazione\"><span class=\"wpcf7-form-control-wrap\" data-name=\"acceptance-40\"><span class=\"wpcf7-form-control wpcf7-acceptance\"><span class=\"wpcf7-list-item\"><input type=\"checkbox\" name=\"acceptance-40\" value=\"1\" aria-invalid=\"false\" \/><\/span><\/span><\/span>Haciendo clic en \"Enviar Mensaje\" declaro haber le\u00eddo y aceptado la <a href=\"http:\/\/saviolife.com\/es\/privacy-policy\" target=\"_blank\">Pol\u00edtica de privacidad<\/a>\n\t<\/p>\n\t<p><input class=\"wpcf7-form-control wpcf7-submit has-spinner\" type=\"submit\" value=\"ENVIAR MENSAJE\" \/>\n\t<\/p>\n<\/div><div class=\"wpcf7-response-output\" aria-hidden=\"true\"><\/div>\n<\/form>\n<\/div>\n[\/vc_column_inner][\/vc_row_inner][vc_empty_space height=\u00bb140px\u00bb][\/vc_column][\/vc_row]<\/p>\n<\/div>","protected":false},"excerpt":{"rendered":"<p>[vc_row css_animation=\u00bb\u00bb row_type=\u00bbrow\u00bb use_row_as_full_screen_section=\u00bbno\u00bb type=\u00bbfull_width\u00bb angled_section=\u00bbno\u00bb text_align=\u00bbleft\u00bb background_image_as_pattern=\u00bbwithout_pattern\u00bb el_class=\u00bbslidehome\u00bb z_index=\u00bb100&#8243;][vc_column][rev_slider_vc alias=\u00bbhome-es\u00bb][\/vc_column][\/vc_row][vc_row css_animation=\u00bb\u00bb row_type=\u00bbrow\u00bb use_row_as_full_screen_section=\u00bbno\u00bb type=\u00bbfull_width\u00bb angled_section=\u00bbno\u00bb text_align=\u00bbleft\u00bb background_image_as_pattern=\u00bbwithout_pattern\u00bb z_index=\u00bb99&#8243; el_class=\u00bbriga_1&#8243; css=\u00bb.vc_custom_1548858434980{background-image: url(https:\/\/www.saviolife.com\/wp-content\/uploads\/2019\/01\/sfondo_riga_1.jpg?id=200) !important;}\u00bb][vc_column][vc_row_inner row_type=\u00bbrow\u00bb type=\u00bbgrid\u00bb text_align=\u00bbleft\u00bb css_animation=\u00bb\u00bb css=\u00bb.vc_custom_1548858442744{background-image: url(https:\/\/www.saviolife.com\/wp-content\/uploads\/2019\/01\/sfondo_contenuto_1.jpg?id=201) !important;}\u00bb el_class=\u00bbriga_griglia_1&#8243;][vc_column_inner width=\u00bb1\/2&#8243; css=\u00bb.vc_custom_1548756738883{padding-right: 80px !important;}\u00bb][vc_column_text] Siempre se puede elegir [\/vc_column_text][vc_empty_space height=\u00bb22px\u00bb][vc_column_text]Noi di Saviolife abbiamo scelto&#8230;<\/p>\n","protected":false},"author":1,"featured_media":0,"parent":0,"menu_order":0,"comment_status":"closed","ping_status":"closed","template":"full_width.php","meta":{"footnotes":""},"class_list":["post-1450","page","type-page","status-publish","hentry"],"_links":{"self":[{"href":"https:\/\/saviolife.com\/es\/wp-json\/wp\/v2\/pages\/1450","targetHints":{"allow":["GET"]}}],"collection":[{"href":"https:\/\/saviolife.com\/es\/wp-json\/wp\/v2\/pages"}],"about":[{"href":"https:\/\/saviolife.com\/es\/wp-json\/wp\/v2\/types\/page"}],"author":[{"embeddable":true,"href":"https:\/\/saviolife.com\/es\/wp-json\/wp\/v2\/users\/1"}],"replies":[{"embeddable":true,"href":"https:\/\/saviolife.com\/es\/wp-json\/wp\/v2\/comments?post=1450"}],"version-history":[{"count":4,"href":"https:\/\/saviolife.com\/es\/wp-json\/wp\/v2\/pages\/1450\/revisions"}],"predecessor-version":[{"id":2369,"href":"https:\/\/saviolife.com\/es\/wp-json\/wp\/v2\/pages\/1450\/revisions\/2369"}],"wp:attachment":[{"href":"https:\/\/saviolife.com\/es\/wp-json\/wp\/v2\/media?parent=1450"}],"curies":[{"name":"wp","href":"https:\/\/api.w.org\/{rel}","templated":true}]}}