{"id":1363,"date":"2019-02-05T13:14:22","date_gmt":"2019-02-05T12:14:22","guid":{"rendered":"https:\/\/www.saviolife.com\/saviotan-feed\/"},"modified":"2023-07-20T09:26:50","modified_gmt":"2023-07-20T07:26:50","slug":"saviotan-feed","status":"publish","type":"page","link":"https:\/\/saviolife.com\/fr\/saviotan\/saviotan-feed\/","title":{"rendered":"Saviotan Feed"},"content":{"rendered":"<div class=\"wpb-content-wrapper\"><p>[vc_row css_animation=\u00a0\u00bb\u00a0\u00bb row_type=\u00a0\u00bbrow\u00a0\u00bb use_row_as_full_screen_section=\u00a0\u00bbno\u00a0\u00bb type=\u00a0\u00bbfull_width\u00a0\u00bb angled_section=\u00a0\u00bbno\u00a0\u00bb text_align=\u00a0\u00bbleft\u00a0\u00bb background_image_as_pattern=\u00a0\u00bbwithout_pattern\u00a0\u00bb el_class=\u00a0\u00bbintroduzione-slide-feed\u00a0\u00bb z_index=\u00a0\u00bb\u00a0\u00bb][vc_column][vc_row_inner row_type=\u00a0\u00bbrow\u00a0\u00bb type=\u00a0\u00bbfull_width\u00a0\u00bb text_align=\u00a0\u00bbleft\u00a0\u00bb css_animation=\u00a0\u00bb\u00a0\u00bb][vc_column_inner][qode_elements_holder number_of_columns=\u00a0\u00bbtwo_columns\u00a0\u00bb alignment_one_column=\u00a0\u00bbcenter\u00a0\u00bb][qode_elements_holder_item advanced_animations=\u00a0\u00bbno\u00a0\u00bb][\/qode_elements_holder_item][qode_elements_holder_item advanced_animations=\u00a0\u00bbno\u00a0\u00bb custom_class=\u00a0\u00bbcolonna-dx-slider-feed\u00a0\u00bb][vc_single_image image=\u00a0\u00bb2298&Prime; img_size=\u00a0\u00bbfull\u00a0\u00bb alignment=\u00a0\u00bbcenter\u00a0\u00bb qode_css_animation=\u00a0\u00bb\u00a0\u00bb][vc_empty_space height=\u00a0\u00bb22px\u00a0\u00bb][vc_column_text]<\/p>\n<h3 style=\"text-align: center;\"><span style=\"color: #008086;\">+Sant\u00e9 + Performance<\/span><\/h3>\n<p>[\/vc_column_text][vc_empty_space height=\u00a0\u00bb22px\u00a0\u00bb][vc_column_text]<\/p>\n<p style=\"text-align: center;\"><img decoding=\"async\" class=\"alignnone wp-image-1286 size-full\" src=\"https:\/\/www.saviolife.com\/wp-content\/uploads\/2019\/02\/fami-1.png\" alt=\"\" width=\"181\" height=\"90\" \/>\u00a0<img decoding=\"async\" class=\"alignnone wp-image-1291 size-full\" src=\"https:\/\/www.saviolife.com\/wp-content\/uploads\/2019\/02\/gmp-1.png\" alt=\"\" width=\"143\" height=\"71\" \/><\/p>\n<p>[\/vc_column_text][vc_empty_space height=\u00a0\u00bb22px\u00a0\u00bb][\/qode_elements_holder_item][\/qode_elements_holder][\/vc_column_inner][\/vc_row_inner][\/vc_column][\/vc_row][vc_row css_animation=\u00a0\u00bb\u00a0\u00bb row_type=\u00a0\u00bbrow\u00a0\u00bb use_row_as_full_screen_section=\u00a0\u00bbno\u00a0\u00bb type=\u00a0\u00bbfull_width\u00a0\u00bb angled_section=\u00a0\u00bbno\u00a0\u00bb text_align=\u00a0\u00bbcenter\u00a0\u00bb background_image_as_pattern=\u00a0\u00bbwithout_pattern\u00a0\u00bb z_index=\u00a0\u00bb\u00a0\u00bb el_class=\u00a0\u00bbriga-tannino-idrolizzabile\u00a0\u00bb][vc_column][vc_row_inner row_type=\u00a0\u00bbrow\u00a0\u00bb type=\u00a0\u00bbgrid\u00a0\u00bb text_align=\u00a0\u00bbleft\u00a0\u00bb css_animation=\u00a0\u00bb\u00a0\u00bb][vc_column_inner][vc_empty_space height=\u00a0\u00bb62px\u00a0\u00bb][vc_column_text]<\/p>\n<h2 style=\"text-align: center;\">Under construction<\/h2>\n<p>[\/vc_column_text][vc_empty_space height=\u00a0\u00bb72px\u00a0\u00bb][\/vc_column_inner][\/vc_row_inner][vc_empty_space height=\u00a0\u00bb60px\u00a0\u00bb][vc_empty_space height=\u00a0\u00bb52px\u00a0\u00bb][\/vc_column][\/vc_row][vc_row css_animation=\u00a0\u00bb\u00a0\u00bb row_type=\u00a0\u00bbrow\u00a0\u00bb use_row_as_full_screen_section=\u00a0\u00bbno\u00a0\u00bb type=\u00a0\u00bbfull_width\u00a0\u00bb angled_section=\u00a0\u00bbno\u00a0\u00bb text_align=\u00a0\u00bbcenter\u00a0\u00bb background_image_as_pattern=\u00a0\u00bbwithout_pattern\u00a0\u00bb z_index=\u00a0\u00bb\u00a0\u00bb el_class=\u00a0\u00bbriga-tannino-idrolizzabile nascondi\u00a0\u00bb][vc_column][vc_row_inner row_type=\u00a0\u00bbrow\u00a0\u00bb type=\u00a0\u00bbgrid\u00a0\u00bb text_align=\u00a0\u00bbleft\u00a0\u00bb css_animation=\u00a0\u00bb\u00a0\u00bb][vc_column_inner][vc_empty_space height=\u00a0\u00bb62px\u00a0\u00bb][vc_column_text]<\/p>\n<h2 style=\"text-align: center;\">Tanin hydrolysable de ch\u00e2taignier additif<\/h2>\n<h2 style=\"text-align: center;\">pour l\u2019alimentation zootechnique<\/h2>\n<p>[\/vc_column_text][vc_empty_space height=\u00a0\u00bb72px\u00a0\u00bb][\/vc_column_inner][\/vc_row_inner][vc_row_inner row_type=\u00a0\u00bbrow\u00a0\u00bb type=\u00a0\u00bbgrid\u00a0\u00bb text_align=\u00a0\u00bbleft\u00a0\u00bb css_animation=\u00a0\u00bb\u00a0\u00bb][vc_column_inner el_class=\u00a0\u00bbrigapaddingmobile\u00a0\u00bb width=\u00a0\u00bb1\/2&Prime; css=\u00a0\u00bb.vc_custom_1519918287544{padding-right: 80px !important;padding-left: 100px !important;}\u00a0\u00bb][vc_column_text]<\/p>\n<p style=\"text-align: left;\"><strong>Saviotan\u00ae Feed<\/strong> est un astringent et un antiseptique naturel qui r\u00e9duit de mani\u00e8re significative le recours aux antibiotiques. Ce produit innovant est de plus en plus r\u00e9pandu dans le domaine de l\u2019alimentation des volailles, des porcs et des bovins.<\/p>\n<p>[\/vc_column_text][\/vc_column_inner][vc_column_inner width=\u00a0\u00bb1\/2&Prime;]\n<div class=\"q_pie_graf_holder q-pie-chart-full\">\n\t<div class=\"q_pie_graf\" data-values=\"[55,29,16]\" data-colors=\"[&quot;#3B8B94&quot;,&quot;#F1A63B&quot;,&quot;#91D56D&quot;]\">\n\t\t<canvas id=\"pie5496\" height=\"198px\" width=\"198px\"><\/canvas>\n\t<\/div>\n\t<div class=\"q_pie_graf_legend\">\n\t\t<ul>\n\t\t\t\t\t\t\t<li>\n\t\t\t\t\t<div class='color_holder' style=\"background-color:#3B8B94\"><\/div>\n\t\t\t\t\t<p style=\"color: #968765\">Tanins ellagiques<\/p>\n\t\t\t\t<\/li>\n\t\t\t\t\t\t\t<li>\n\t\t\t\t\t<div class='color_holder' style=\"background-color:#F1A63B\"><\/div>\n\t\t\t\t\t<p style=\"color: #968765\">Tanins galliques<\/p>\n\t\t\t\t<\/li>\n\t\t\t\t\t\t\t<li>\n\t\t\t\t\t<div class='color_holder' style=\"background-color:#91D56D\"><\/div>\n\t\t\t\t\t<p style=\"color: #968765\">Autres composants<\/p>\n\t\t\t\t<\/li>\n\t\t\t\t\t<\/ul>\n\t<\/div>\n<\/div>\n[\/vc_column_inner][\/vc_row_inner][vc_empty_space height=\u00a0\u00bb60px\u00a0\u00bb][vc_row_inner row_type=\u00a0\u00bbrow\u00a0\u00bb type=\u00a0\u00bbgrid\u00a0\u00bb text_align=\u00a0\u00bbcenter\u00a0\u00bb css_animation=\u00a0\u00bb\u00a0\u00bb][vc_column_inner width=\u00a0\u00bb1\/3&Prime;][vc_single_image image=\u00a0\u00bb747&Prime; img_size=\u00a0\u00bbfull\u00a0\u00bb alignment=\u00a0\u00bbcenter\u00a0\u00bb qode_css_animation=\u00a0\u00bbelement_from_fade\u00a0\u00bb transition_delay=\u00a0\u00bb0.3&Prime;][vc_empty_space height=\u00a0\u00bb20px\u00a0\u00bb][vc_column_text]<\/p>\n<p style=\"text-align: center;\"><strong>Compatible avec les normes<\/strong><\/p>\n<p style=\"text-align: center;\"><strong>de production biologique<\/strong><\/p>\n<p>[\/vc_column_text][vc_empty_space height=\u00a0\u00bb40px\u00a0\u00bb][\/vc_column_inner][vc_column_inner width=\u00a0\u00bb1\/3&Prime;][vc_single_image image=\u00a0\u00bb752&Prime; img_size=\u00a0\u00bbfull\u00a0\u00bb alignment=\u00a0\u00bbcenter\u00a0\u00bb qode_css_animation=\u00a0\u00bbelement_from_fade\u00a0\u00bb transition_delay=\u00a0\u00bb0.6&Prime;][vc_empty_space height=\u00a0\u00bb20px\u00a0\u00bb][vc_column_text]<\/p>\n<p style=\"text-align: center;\"><strong>R\u00e9duction de l\u2019impact <\/strong><\/p>\n<p style=\"text-align: center;\"><strong>zootechnique sur l\u2019environnement<\/strong><\/p>\n<p>[\/vc_column_text][vc_empty_space height=\u00a0\u00bb40px\u00a0\u00bb][\/vc_column_inner][vc_column_inner width=\u00a0\u00bb1\/3&Prime;][vc_single_image image=\u00a0\u00bb757&Prime; img_size=\u00a0\u00bbfull\u00a0\u00bb alignment=\u00a0\u00bbcenter\u00a0\u00bb qode_css_animation=\u00a0\u00bbelement_from_fade\u00a0\u00bb transition_delay=\u00a0\u00bb0.9&Prime;][vc_empty_space height=\u00a0\u00bb20px\u00a0\u00bb][vc_column_text]<\/p>\n<p style=\"text-align: center;\"><strong>Alternative \u00e0 l\u2019utilisation d\u2019antibiotiques<\/strong><\/p>\n<p style=\"text-align: center;\"><strong>gr\u00e2ce \u00e0 l\u2019importante action<\/strong><\/p>\n<p style=\"text-align: center;\"><strong>antimicrobienne<\/strong><\/p>\n<p>[\/vc_column_text][vc_empty_space height=\u00a0\u00bb40px\u00a0\u00bb][\/vc_column_inner][\/vc_row_inner][vc_empty_space height=\u00a0\u00bb52px\u00a0\u00bb][\/vc_column][\/vc_row][vc_row css_animation=\u00a0\u00bb\u00a0\u00bb row_type=\u00a0\u00bbrow\u00a0\u00bb use_row_as_full_screen_section=\u00a0\u00bbno\u00a0\u00bb type=\u00a0\u00bbfull_width\u00a0\u00bb angled_section=\u00a0\u00bbno\u00a0\u00bb text_align=\u00a0\u00bbleft\u00a0\u00bb background_image_as_pattern=\u00a0\u00bbwithout_pattern\u00a0\u00bb el_class=\u00a0\u00bbriga-prodotti-feed nascondi\u00a0\u00bb z_index=\u00a0\u00bb\u00a0\u00bb][vc_column][vc_row_inner row_type=\u00a0\u00bbrow\u00a0\u00bb type=\u00a0\u00bbfull_width\u00a0\u00bb text_align=\u00a0\u00bbleft\u00a0\u00bb css_animation=\u00a0\u00bb\u00a0\u00bb][vc_column_inner][qode_elements_holder number_of_columns=\u00a0\u00bbthree_columns\u00a0\u00bb][qode_elements_holder_item vertical_alignment=\u00a0\u00bbtop\u00a0\u00bb advanced_animations=\u00a0\u00bbno\u00a0\u00bb custom_class=\u00a0\u00bbcolonna-prodotti-feed\u00a0\u00bb][vc_single_image image=\u00a0\u00bb1240&Prime; img_size=\u00a0\u00bbfull\u00a0\u00bb alignment=\u00a0\u00bbcenter\u00a0\u00bb qode_css_animation=\u00a0\u00bb\u00a0\u00bb][vc_empty_space height=\u00a0\u00bb22px\u00a0\u00bb][vc_column_text]<\/p>\n<h2>Volailles<\/h2>\n<p>[\/vc_column_text][vc_empty_space height=\u00a0\u00bb22px\u00a0\u00bb][vc_column_text]<\/p>\n<ul style=\"list-style-position: outside;\">\n<li>Meilleure conversion des prot\u00e9ines de la ration<\/li>\n<li>Meilleure composition des d\u00e9jections<\/li>\n<li>R\u00e9duction de la teneur en cholest\u00e9rol du jaune d\u2019\u0153uf<\/li>\n<li>R\u00e9duction des radicaux libres : meilleur bien-\u00eatre animal, meilleure croissance<\/li>\n<\/ul>\n<p>[\/vc_column_text][vc_empty_space height=\u00a0\u00bb22px\u00a0\u00bb]<a  itemprop=\"url\" href=\"https:\/\/www.saviolife.com\/fr\/produits\/saviotan\/saviotan-feed\/saviotan-feed-avicolo\/\" target=\"_self\"  class=\"qbutton  default scuro\" style=\"\">ALIMENTATION DES VOLAILLES<\/a>[vc_empty_space height=\u00a0\u00bb22px\u00a0\u00bb]<a  itemprop=\"url\" href=\"https:\/\/www.saviolife.com\/wp-content\/uploads\/2021\/03\/saviotan_feed_avicolo.pdf\" target=\"_blank\"  class=\"qbutton  default scuro\" style=\"\">T\u00e9l\u00e9chargez la brochure<\/a>[vc_empty_space height=\u00a0\u00bb52px\u00a0\u00bb][\/qode_elements_holder_item][qode_elements_holder_item vertical_alignment=\u00a0\u00bbtop\u00a0\u00bb advanced_animations=\u00a0\u00bbno\u00a0\u00bb custom_class=\u00a0\u00bbcolonna-prodotti-feed\u00a0\u00bb][vc_single_image image=\u00a0\u00bb1245&Prime; img_size=\u00a0\u00bbfull\u00a0\u00bb alignment=\u00a0\u00bbcenter\u00a0\u00bb qode_css_animation=\u00a0\u00bb\u00a0\u00bb][vc_empty_space height=\u00a0\u00bb22px\u00a0\u00bb][vc_column_text]<\/p>\n<h2>Bovins<\/h2>\n<p>[\/vc_column_text][vc_empty_space height=\u00a0\u00bb22px\u00a0\u00bb][vc_column_text]<\/p>\n<ul style=\"list-style-position: outside;\">\n<li>Contr\u00f4le du parasitisme<\/li>\n<li>Contr\u00f4le du stress oxydatif<\/li>\n<li>Am\u00e9lioration de la qualit\u00e9 du lait et de la viande<\/li>\n<li>R\u00e9duction de l\u2019impact zootechnique sur l\u2019environnement<\/li>\n<li>Compatible avec les normes de production biologique<\/li>\n<\/ul>\n<p>[\/vc_column_text][vc_empty_space height=\u00a0\u00bb22px\u00a0\u00bb]<a  itemprop=\"url\" href=\"https:\/\/www.saviolife.com\/fr\/produits\/saviotan\/saviotan-feed\/saviotan-feed-bovins\/\" target=\"_self\"  class=\"qbutton  default scuro\" style=\"\">ALIMENTATION BOVINE<\/a>[vc_empty_space height=\u00a0\u00bb22px\u00a0\u00bb]<a  itemprop=\"url\" href=\"https:\/\/www.saviolife.com\/wp-content\/uploads\/2021\/03\/saviotan_feed_bovino.pdf\" target=\"_blank\"  class=\"qbutton  default scuro\" style=\"\">T\u00e9l\u00e9chargez la brochure<\/a>[vc_empty_space height=\u00a0\u00bb52px\u00a0\u00bb][\/qode_elements_holder_item][qode_elements_holder_item vertical_alignment=\u00a0\u00bbtop\u00a0\u00bb advanced_animations=\u00a0\u00bbno\u00a0\u00bb custom_class=\u00a0\u00bbcolonna-prodotti-feed\u00a0\u00bb][vc_single_image image=\u00a0\u00bb1250&Prime; img_size=\u00a0\u00bbfull\u00a0\u00bb alignment=\u00a0\u00bbcenter\u00a0\u00bb qode_css_animation=\u00a0\u00bb\u00a0\u00bb][vc_empty_space height=\u00a0\u00bb22px\u00a0\u00bb][vc_column_text]<\/p>\n<h2>Porcs<\/h2>\n<p>[\/vc_column_text][vc_empty_space height=\u00a0\u00bb22px\u00a0\u00bb][vc_column_text]<\/p>\n<ul style=\"list-style-position: outside;\">\n<li>Am\u00e9lioration de l\u2019utilisation des prot\u00e9ines alimentaires<\/li>\n<li>Am\u00e9lioration de la qualit\u00e9 de la viande<\/li>\n<li>R\u00e9duction la quantit\u00e9 d\u2019azote urinaire<\/li>\n<li>Enrichissement du tissu adipeux avec des acides salutaires<\/li>\n<\/ul>\n<p>[\/vc_column_text][vc_empty_space height=\u00a0\u00bb49px\u00a0\u00bb]<a  itemprop=\"url\" href=\"https:\/\/www.saviolife.com\/fs\/produits\/saviotan\/saviotan-feed\/saviotan-feed-porcs\/\" target=\"_self\"  class=\"qbutton  default scuro\" style=\"\">ALIMENTATION PORCINE<\/a>[vc_empty_space height=\u00a0\u00bb22px\u00a0\u00bb]<a  itemprop=\"url\" href=\"https:\/\/www.saviolife.com\/wp-content\/uploads\/2021\/03\/saviotan_feed_suino.pdf\" target=\"_blank\"  class=\"qbutton  default scuro\" style=\"\">T\u00e9l\u00e9chargez la brochure<\/a>[vc_empty_space height=\u00a0\u00bb52px\u00a0\u00bb][\/qode_elements_holder_item][\/qode_elements_holder][\/vc_column_inner][\/vc_row_inner][\/vc_column][\/vc_row]<\/p>\n<\/div>","protected":false},"excerpt":{"rendered":"<p>[vc_row css_animation=\u00a0\u00bb\u00a0\u00bb row_type=\u00a0\u00bbrow\u00a0\u00bb use_row_as_full_screen_section=\u00a0\u00bbno\u00a0\u00bb type=\u00a0\u00bbfull_width\u00a0\u00bb angled_section=\u00a0\u00bbno\u00a0\u00bb text_align=\u00a0\u00bbleft\u00a0\u00bb background_image_as_pattern=\u00a0\u00bbwithout_pattern\u00a0\u00bb el_class=\u00a0\u00bbintroduzione-slide-feed\u00a0\u00bb z_index=\u00a0\u00bb\u00a0\u00bb][vc_column][vc_row_inner row_type=\u00a0\u00bbrow\u00a0\u00bb type=\u00a0\u00bbfull_width\u00a0\u00bb text_align=\u00a0\u00bbleft\u00a0\u00bb css_animation=\u00a0\u00bb\u00a0\u00bb][vc_column_inner][qode_elements_holder number_of_columns=\u00a0\u00bbtwo_columns\u00a0\u00bb alignment_one_column=\u00a0\u00bbcenter\u00a0\u00bb][qode_elements_holder_item advanced_animations=\u00a0\u00bbno\u00a0\u00bb][\/qode_elements_holder_item][qode_elements_holder_item advanced_animations=\u00a0\u00bbno\u00a0\u00bb custom_class=\u00a0\u00bbcolonna-dx-slider-feed\u00a0\u00bb][vc_single_image image=\u00a0\u00bb2298&Prime; img_size=\u00a0\u00bbfull\u00a0\u00bb alignment=\u00a0\u00bbcenter\u00a0\u00bb qode_css_animation=\u00a0\u00bb\u00a0\u00bb][vc_empty_space height=\u00a0\u00bb22px\u00a0\u00bb][vc_column_text] +Sant\u00e9 + Performance [\/vc_column_text][vc_empty_space height=\u00a0\u00bb22px\u00a0\u00bb][vc_column_text] \u00a0 [\/vc_column_text][vc_empty_space height=\u00a0\u00bb22px\u00a0\u00bb][\/qode_elements_holder_item][\/qode_elements_holder][\/vc_column_inner][\/vc_row_inner][\/vc_column][\/vc_row][vc_row css_animation=\u00a0\u00bb\u00a0\u00bb row_type=\u00a0\u00bbrow\u00a0\u00bb use_row_as_full_screen_section=\u00a0\u00bbno\u00a0\u00bb type=\u00a0\u00bbfull_width\u00a0\u00bb angled_section=\u00a0\u00bbno\u00a0\u00bb text_align=\u00a0\u00bbcenter\u00a0\u00bb background_image_as_pattern=\u00a0\u00bbwithout_pattern\u00a0\u00bb z_index=\u00a0\u00bb\u00a0\u00bb el_class=\u00a0\u00bbriga-tannino-idrolizzabile\u00a0\u00bb][vc_column][vc_row_inner row_type=\u00a0\u00bbrow\u00a0\u00bb type=\u00a0\u00bbgrid\u00a0\u00bb text_align=\u00a0\u00bbleft\u00a0\u00bb css_animation=\u00a0\u00bb\u00a0\u00bb][vc_column_inner][vc_empty_space&#8230;<\/p>\n","protected":false},"author":1,"featured_media":0,"parent":1420,"menu_order":0,"comment_status":"closed","ping_status":"closed","template":"full_width.php","meta":{"footnotes":""},"class_list":["post-1363","page","type-page","status-publish","hentry"],"_links":{"self":[{"href":"https:\/\/saviolife.com\/fr\/wp-json\/wp\/v2\/pages\/1363","targetHints":{"allow":["GET"]}}],"collection":[{"href":"https:\/\/saviolife.com\/fr\/wp-json\/wp\/v2\/pages"}],"about":[{"href":"https:\/\/saviolife.com\/fr\/wp-json\/wp\/v2\/types\/page"}],"author":[{"embeddable":true,"href":"https:\/\/saviolife.com\/fr\/wp-json\/wp\/v2\/users\/1"}],"replies":[{"embeddable":true,"href":"https:\/\/saviolife.com\/fr\/wp-json\/wp\/v2\/comments?post=1363"}],"version-history":[{"count":5,"href":"https:\/\/saviolife.com\/fr\/wp-json\/wp\/v2\/pages\/1363\/revisions"}],"predecessor-version":[{"id":2752,"href":"https:\/\/saviolife.com\/fr\/wp-json\/wp\/v2\/pages\/1363\/revisions\/2752"}],"up":[{"embeddable":true,"href":"https:\/\/saviolife.com\/fr\/wp-json\/wp\/v2\/pages\/1420"}],"wp:attachment":[{"href":"https:\/\/saviolife.com\/fr\/wp-json\/wp\/v2\/media?parent=1363"}],"curies":[{"name":"wp","href":"https:\/\/api.w.org\/{rel}","templated":true}]}}