{"id":1388,"date":"2019-02-05T09:11:16","date_gmt":"2019-02-05T08:11:16","guid":{"rendered":"https:\/\/www.saviolife.com\/saviotan-feed\/saviotan-feed-bovino\/"},"modified":"2021-03-17T22:59:30","modified_gmt":"2021-03-17T21:59:30","slug":"saviotan-feed-bovins","status":"publish","type":"page","link":"https:\/\/saviolife.com\/fr\/saviotan\/saviotan-feed\/saviotan-feed-bovins\/","title":{"rendered":"Saviotan Feed Bovins"},"content":{"rendered":"<div class=\"wpb-content-wrapper\"><p>[vc_row css_animation=\u00a0\u00bb\u00a0\u00bb row_type=\u00a0\u00bbrow\u00a0\u00bb use_row_as_full_screen_section=\u00a0\u00bbno\u00a0\u00bb type=\u00a0\u00bbfull_width\u00a0\u00bb angled_section=\u00a0\u00bbno\u00a0\u00bb text_align=\u00a0\u00bbleft\u00a0\u00bb background_image_as_pattern=\u00a0\u00bbwithout_pattern\u00a0\u00bb el_class=\u00a0\u00bbriga-banner-bovino\u00a0\u00bb z_index=\u00a0\u00bb\u00a0\u00bb][vc_column][vc_row_inner row_type=\u00a0\u00bbrow\u00a0\u00bb type=\u00a0\u00bbfull_width\u00a0\u00bb text_align=\u00a0\u00bbleft\u00a0\u00bb css_animation=\u00a0\u00bb\u00a0\u00bb][vc_column_inner][qode_elements_holder number_of_columns=\u00a0\u00bbtwo_columns\u00a0\u00bb alignment_one_column=\u00a0\u00bbcenter\u00a0\u00bb][qode_elements_holder_item advanced_animations=\u00a0\u00bbno\u00a0\u00bb custom_class=\u00a0\u00bbcolonna-immagine-banner-bovino\u00a0\u00bb][vc_single_image image=\u00a0\u00bb2307&Prime; img_size=\u00a0\u00bbfull\u00a0\u00bb alignment=\u00a0\u00bbcenter\u00a0\u00bb qode_css_animation=\u00a0\u00bb\u00a0\u00bb][\/qode_elements_holder_item][qode_elements_holder_item advanced_animations=\u00a0\u00bbno\u00a0\u00bb custom_class=\u00a0\u00bbcolonna-testo-banner-bovino\u00a0\u00bb][vc_column_text]<\/p>\n<h1><span style=\"color: #ffffff;\">Bovins<\/span><\/h1>\n<p>[\/vc_column_text][\/qode_elements_holder_item][\/qode_elements_holder][\/vc_column_inner][\/vc_row_inner][\/vc_column][\/vc_row][vc_row css_animation=\u00a0\u00bb\u00a0\u00bb row_type=\u00a0\u00bbrow\u00a0\u00bb use_row_as_full_screen_section=\u00a0\u00bbno\u00a0\u00bb type=\u00a0\u00bbfull_width\u00a0\u00bb angled_section=\u00a0\u00bbno\u00a0\u00bb text_align=\u00a0\u00bbleft\u00a0\u00bb background_image_as_pattern=\u00a0\u00bbwithout_pattern\u00a0\u00bb background_color=\u00a0\u00bb#ffffff\u00a0\u00bb z_index=\u00a0\u00bb\u00a0\u00bb el_class=\u00a0\u00bbriga-efficienza-alimentare\u00a0\u00bb][vc_column][vc_row_inner row_type=\u00a0\u00bbrow\u00a0\u00bb type=\u00a0\u00bbgrid\u00a0\u00bb text_align=\u00a0\u00bbleft\u00a0\u00bb css_animation=\u00a0\u00bb\u00a0\u00bb][vc_column_inner][vc_empty_space height=\u00a0\u00bb70px\u00a0\u00bb][vc_column_text]<\/p>\n<h2 style=\"text-align: center;\">Am\u00e9lioration de l\u2019efficacit\u00e9 alimentaire chez les bovins<\/h2>\n<p>[\/vc_column_text][vc_empty_space][vc_column_text]<\/p>\n<p style=\"text-align: center;\"><strong>Saviotan\u00ae Feed<\/strong> complexe s\u00e9lectivement les prot\u00e9ines alimentaires au niveau ruminal, en augmentant ainsi la part de prot\u00e9ines non d\u00e9gradables (quota-by-pass) qui lib\u00e8re par la digestion au niveau gastro-ent\u00e9rique un groupe d\u2019acides amin\u00e9s d\u2019une valeur biologique optimale, comme l\u2019ont d\u00e9montr\u00e9 nos essais exp\u00e9rimentaux. Ainsi, la perte de substances azot\u00e9es dans le rumen est r\u00e9duite, ce qui am\u00e9liore l\u2019efficacit\u00e9 de l\u2019\u00e9quilibre azot\u00e9 global.<\/p>\n<p>[\/vc_column_text][vc_empty_space height=\u00a0\u00bb40px\u00a0\u00bb][\/vc_column_inner][\/vc_row_inner][vc_row_inner row_type=\u00a0\u00bbrow\u00a0\u00bb type=\u00a0\u00bbfull_width\u00a0\u00bb text_align=\u00a0\u00bbleft\u00a0\u00bb css_animation=\u00a0\u00bb\u00a0\u00bb][vc_column_inner][qode_elements_holder number_of_columns=\u00a0\u00bbtwo_columns\u00a0\u00bb columns_proportion=\u00a0\u00bb33_66&Prime; alignment_one_column=\u00a0\u00bbcenter\u00a0\u00bb][qode_elements_holder_item advanced_animations=\u00a0\u00bbno\u00a0\u00bb custom_class=\u00a0\u00bbcolonna-sx-efficienza-alimentare\u00a0\u00bb][vc_empty_space height=\u00a0\u00bb40px\u00a0\u00bb][vc_column_text]<strong>Saviotan\u00ae Feed<\/strong> interf\u00e8re dans le m\u00e9tabolisme lipidique tant microbien que de l\u2019animal, en favorisant la production des acides n\u00e9cessaires \u00e0 la production du lait (ac\u00e9tique, rum\u00e9nique, vacc\u00e9nique).<\/p>\n<p>De plus, on r\u00e9duit la m\u00e9thanogen\u00e8se, comme l\u2019ont d\u00e9montr\u00e9 nos essais exp\u00e9rimentaux<\/p>\n<p>La diminution de la m\u00e9thanogen\u00e8se est \u00e9galement un avantage pour la production de la viande.[\/vc_column_text][vc_empty_space height=\u00a0\u00bb40px\u00a0\u00bb][\/qode_elements_holder_item][qode_elements_holder_item advanced_animations=\u00a0\u00bbno\u00a0\u00bb custom_class=\u00a0\u00bbcolonna-dx-efficienza-alimentare\u00a0\u00bb][vc_empty_space height=\u00a0\u00bb40px\u00a0\u00bb][vc_single_image image=\u00a0\u00bb2326&Prime; img_size=\u00a0\u00bb700&#215;446&Prime; alignment=\u00a0\u00bbcenter\u00a0\u00bb qode_css_animation=\u00a0\u00bbelement_from_fade\u00a0\u00bb transition_delay=\u00a0\u00bb0.4&Prime;][vc_empty_space height=\u00a0\u00bb40px\u00a0\u00bb][\/qode_elements_holder_item][\/qode_elements_holder][\/vc_column_inner][\/vc_row_inner][vc_empty_space height=\u00a0\u00bb40px\u00a0\u00bb][\/vc_column][\/vc_row][vc_row css_animation=\u00a0\u00bb\u00a0\u00bb row_type=\u00a0\u00bbrow\u00a0\u00bb use_row_as_full_screen_section=\u00a0\u00bbno\u00a0\u00bb type=\u00a0\u00bbfull_width\u00a0\u00bb angled_section=\u00a0\u00bbno\u00a0\u00bb text_align=\u00a0\u00bbleft\u00a0\u00bb background_image_as_pattern=\u00a0\u00bbwithout_pattern\u00a0\u00bb z_index=\u00a0\u00bb\u00a0\u00bb el_class=\u00a0\u00bbriga-stress-ossidativo\u00a0\u00bb][vc_column][vc_row_inner row_type=\u00a0\u00bbrow\u00a0\u00bb type=\u00a0\u00bbfull_width\u00a0\u00bb text_align=\u00a0\u00bbleft\u00a0\u00bb css_animation=\u00a0\u00bb\u00a0\u00bb][vc_column_inner][qode_elements_holder number_of_columns=\u00a0\u00bbtwo_columns\u00a0\u00bb alignment_one_column=\u00a0\u00bbcenter\u00a0\u00bb][qode_elements_holder_item advanced_animations=\u00a0\u00bbno\u00a0\u00bb custom_class=\u00a0\u00bbcolonna-sx-stress-ossidativo\u00a0\u00bb][vc_empty_space height=\u00a0\u00bb60px\u00a0\u00bb][vc_single_image image=\u00a0\u00bb1085&Prime; img_size=\u00a0\u00bbfull\u00a0\u00bb qode_css_animation=\u00a0\u00bb\u00a0\u00bb][vc_empty_space height=\u00a0\u00bb60px\u00a0\u00bb][\/qode_elements_holder_item][qode_elements_holder_item advanced_animations=\u00a0\u00bbno\u00a0\u00bb custom_class=\u00a0\u00bbcolonna-dx-stress-ossidativo\u00a0\u00bb][vc_empty_space height=\u00a0\u00bb60px\u00a0\u00bb][vc_column_text]<\/p>\n<h2>Effets sur la sant\u00e9 des bovines<\/h2>\n<p>[\/vc_column_text][vc_empty_space][vc_column_text]<\/p>\n<p style=\"text-transform: uppercase;\"><strong>CONTR\u00d4LE DU STRESS OXYDATIF PENDANT LA P\u00c9RIODE DE TRANSITION (PERIPARTUM)<\/strong><\/p>\n<p>[\/vc_column_text][vc_empty_space height=\u00a0\u00bb15px\u00a0\u00bb][vc_column_text]Dans la d\u00e9licate p\u00e9riode comprise entre 20 jours avant et 20 jours apr\u00e8s l\u2019accouchement, les bovines sont sujettes au \u00ab stress oxydatif \u00bb. Le stress d\u00e9rive d\u2019une production excessive de radicaux libres cons\u00e9cutive \u00e0 l\u2019augmentation de l\u2019activit\u00e9 m\u00e9tabolique propre \u00e0 cette p\u00e9riode.<\/p>\n<p>Les cons\u00e9quences vont de la diminution des d\u00e9fenses immunitaires \u00e0 la r\u00e9duction de la production de lait pendant la p\u00e9riode de lactation maximale.<\/p>\n<p>L\u2019utilisation de\u00a0<strong>Saviotan\u00ae Feed <\/strong>permet d\u2019affronter avec succ\u00e8s cette p\u00e9riode critique gr\u00e2ce \u00e0 la forte capacit\u00e9 de neutraliser les radicaux libres.<\/p>\n<p>Les effets sont \u00e9vidents aussi bien sur le bien-\u00eatre g\u00e9n\u00e9ral de l\u2019animal (diminution des d\u00e9riv\u00e9s d\u2019oxydation au niveau plasmatique) que sur les param\u00e8tres qualitatifs du lait et de la viande (r\u00e9duction de la teneur en cellules somatiques).[\/vc_column_text][vc_empty_space][vc_column_text]<\/p>\n<p style=\"text-transform: uppercase;\"><strong>CONTR\u00d4LE DU PARASITISME INTESTINAL<\/strong><\/p>\n<p>[\/vc_column_text][vc_empty_space height=\u00a0\u00bb15px\u00a0\u00bb][vc_column_text]L\u2019utilisation de\u00a0<strong>Saviotan\u00ae Feed <\/strong>a permis d\u2019obtenir des r\u00e9sultats tr\u00e8s importants au niveau du contr\u00f4le des coccid\u00e9s, clostridies et autres pathog\u00e8nes.[\/vc_column_text][vc_empty_space height=\u00a0\u00bb60px\u00a0\u00bb][\/qode_elements_holder_item][\/qode_elements_holder][\/vc_column_inner][\/vc_row_inner][\/vc_column][\/vc_row][vc_row css_animation=\u00a0\u00bb\u00a0\u00bb row_type=\u00a0\u00bbrow\u00a0\u00bb use_row_as_full_screen_section=\u00a0\u00bbno\u00a0\u00bb type=\u00a0\u00bbfull_width\u00a0\u00bb angled_section=\u00a0\u00bbno\u00a0\u00bb text_align=\u00a0\u00bbleft\u00a0\u00bb background_image_as_pattern=\u00a0\u00bbwithout_pattern\u00a0\u00bb background_color=\u00a0\u00bb#ffffff\u00a0\u00bb z_index=\u00a0\u00bb\u00a0\u00bb el_class=\u00a0\u00bbriga-variazioni-contenuto\u00a0\u00bb][vc_column][vc_row_inner row_type=\u00a0\u00bbrow\u00a0\u00bb type=\u00a0\u00bbfull_width\u00a0\u00bb text_align=\u00a0\u00bbleft\u00a0\u00bb css_animation=\u00a0\u00bb\u00a0\u00bb][vc_column_inner][qode_elements_holder number_of_columns=\u00a0\u00bbtwo_columns\u00a0\u00bb alignment_one_column=\u00a0\u00bbcenter\u00a0\u00bb][qode_elements_holder_item advanced_animations=\u00a0\u00bbno\u00a0\u00bb custom_class=\u00a0\u00bbcolonna-sx-variazioni-contenuto\u00a0\u00bb][vc_empty_space height=\u00a0\u00bb60px\u00a0\u00bb][vc_column_text]<\/p>\n<h2>Am\u00e9lioration de la qualit\u00e9 des graisses<\/h2>\n<p>[\/vc_column_text][vc_empty_space][vc_column_text]L\u2019action de <strong>Saviotan\u00ae Feed<\/strong> sur la composante microbiotique ruminale modifie positivement la proportion des acides gras fonctionnels, en favorisant une meilleure synth\u00e8se des acides gras insatur\u00e9s (acide rum\u00e9nique, CLA*)<br \/>\n[\/vc_column_text][vc_empty_space height=\u00a0\u00bb50px\u00a0\u00bb][vc_column_text]<\/p>\n<p style=\"font-size: 10px;\">*CLA: Acides linol\u00e9iques conjugu\u00e9s.<\/p>\n<p>[\/vc_column_text][vc_empty_space height=\u00a0\u00bb60px\u00a0\u00bb][\/qode_elements_holder_item][qode_elements_holder_item advanced_animations=\u00a0\u00bbno\u00a0\u00bb custom_class=\u00a0\u00bbcolonna-dx-variazioni-contenuto\u00a0\u00bb][vc_empty_space height=\u00a0\u00bb60px\u00a0\u00bb][vc_column_text]<\/p>\n<h3><span style=\"color: #303034;\">Variations de la teneur en acides gras polysatur\u00e9s<\/span><\/h3>\n<p>[\/vc_column_text][vc_empty_space height=\u00a0\u00bb30px\u00a0\u00bb][vc_column_text]<strong>ACIDE VACC\u00c9NIQUE<\/strong>[\/vc_column_text][vc_empty_space height=\u00a0\u00bb15px\u00a0\u00bb]<div class='q_progress_bar'><h6 class='progress_title_holder clearfix' style=''><span class='progress_title'><span>CONTR\u00d4LE<\/span><\/span><span class='progress_number' style='font-size: 20px;'><span>0<\/span>%<\/span><\/h6><div class='progress_content_outer' style='height: 7px;'><div data-percentage='65' class='progress_content' style='height: 7px;'><\/div><\/div><\/div><div class='q_progress_bar'><h6 class='progress_title_holder clearfix' style=''><span class='progress_title'><span>TANIN \u2192 +24%<\/span><\/span><span class='progress_number' style='font-size: 20px;'><span>0<\/span>%<\/span><\/h6><div class='progress_content_outer' style='height: 7px;'><div data-percentage='90' class='progress_content' style='height: 7px;'><\/div><\/div><\/div>[vc_empty_space height=\u00a0\u00bb40px\u00a0\u00bb][vc_column_text]<strong>ACIDO RUMENICO<\/strong>[\/vc_column_text][vc_empty_space height=\u00a0\u00bb15px\u00a0\u00bb]<div class='q_progress_bar'><h6 class='progress_title_holder clearfix' style=''><span class='progress_title'><span>CONTR\u00d4LE<\/span><\/span><span class='progress_number' style=''><span>0<\/span>%<\/span><\/h6><div class='progress_content_outer' style='height: 7px;'><div data-percentage='33' class='progress_content' style='height: 7px;'><\/div><\/div><\/div><div class='q_progress_bar'><h6 class='progress_title_holder clearfix' style=''><span class='progress_title'><span>TANIN \u2192 +31%<\/span><\/span><span class='progress_number' style='font-size: 20px;'><span>0<\/span>%<\/span><\/h6><div class='progress_content_outer' style='height: 7px;'><div data-percentage='50' class='progress_content' style='height: 7px;'><\/div><\/div><\/div>[vc_empty_space height=\u00a0\u00bb60px\u00a0\u00bb][\/qode_elements_holder_item][\/qode_elements_holder][\/vc_column_inner][\/vc_row_inner][\/vc_column][\/vc_row]<\/p>\n<\/div>","protected":false},"excerpt":{"rendered":"<p>[vc_row css_animation=\u00a0\u00bb\u00a0\u00bb row_type=\u00a0\u00bbrow\u00a0\u00bb use_row_as_full_screen_section=\u00a0\u00bbno\u00a0\u00bb type=\u00a0\u00bbfull_width\u00a0\u00bb angled_section=\u00a0\u00bbno\u00a0\u00bb text_align=\u00a0\u00bbleft\u00a0\u00bb background_image_as_pattern=\u00a0\u00bbwithout_pattern\u00a0\u00bb el_class=\u00a0\u00bbriga-banner-bovino\u00a0\u00bb z_index=\u00a0\u00bb\u00a0\u00bb][vc_column][vc_row_inner row_type=\u00a0\u00bbrow\u00a0\u00bb type=\u00a0\u00bbfull_width\u00a0\u00bb text_align=\u00a0\u00bbleft\u00a0\u00bb css_animation=\u00a0\u00bb\u00a0\u00bb][vc_column_inner][qode_elements_holder number_of_columns=\u00a0\u00bbtwo_columns\u00a0\u00bb alignment_one_column=\u00a0\u00bbcenter\u00a0\u00bb][qode_elements_holder_item advanced_animations=\u00a0\u00bbno\u00a0\u00bb custom_class=\u00a0\u00bbcolonna-immagine-banner-bovino\u00a0\u00bb][vc_single_image image=\u00a0\u00bb2307&Prime; img_size=\u00a0\u00bbfull\u00a0\u00bb alignment=\u00a0\u00bbcenter\u00a0\u00bb qode_css_animation=\u00a0\u00bb\u00a0\u00bb][\/qode_elements_holder_item][qode_elements_holder_item advanced_animations=\u00a0\u00bbno\u00a0\u00bb custom_class=\u00a0\u00bbcolonna-testo-banner-bovino\u00a0\u00bb][vc_column_text] Bovins [\/vc_column_text][\/qode_elements_holder_item][\/qode_elements_holder][\/vc_column_inner][\/vc_row_inner][\/vc_column][\/vc_row][vc_row css_animation=\u00a0\u00bb\u00a0\u00bb row_type=\u00a0\u00bbrow\u00a0\u00bb use_row_as_full_screen_section=\u00a0\u00bbno\u00a0\u00bb type=\u00a0\u00bbfull_width\u00a0\u00bb angled_section=\u00a0\u00bbno\u00a0\u00bb text_align=\u00a0\u00bbleft\u00a0\u00bb background_image_as_pattern=\u00a0\u00bbwithout_pattern\u00a0\u00bb background_color=\u00a0\u00bb#ffffff\u00a0\u00bb z_index=\u00a0\u00bb\u00a0\u00bb el_class=\u00a0\u00bbriga-efficienza-alimentare\u00a0\u00bb][vc_column][vc_row_inner row_type=\u00a0\u00bbrow\u00a0\u00bb type=\u00a0\u00bbgrid\u00a0\u00bb text_align=\u00a0\u00bbleft\u00a0\u00bb css_animation=\u00a0\u00bb\u00a0\u00bb][vc_column_inner][vc_empty_space height=\u00a0\u00bb70px\u00a0\u00bb][vc_column_text] Am\u00e9lioration de l\u2019efficacit\u00e9 alimentaire&#8230;<\/p>\n","protected":false},"author":1,"featured_media":0,"parent":1363,"menu_order":0,"comment_status":"closed","ping_status":"closed","template":"full_width.php","meta":{"footnotes":""},"class_list":["post-1388","page","type-page","status-publish","hentry"],"_links":{"self":[{"href":"https:\/\/saviolife.com\/fr\/wp-json\/wp\/v2\/pages\/1388","targetHints":{"allow":["GET"]}}],"collection":[{"href":"https:\/\/saviolife.com\/fr\/wp-json\/wp\/v2\/pages"}],"about":[{"href":"https:\/\/saviolife.com\/fr\/wp-json\/wp\/v2\/types\/page"}],"author":[{"embeddable":true,"href":"https:\/\/saviolife.com\/fr\/wp-json\/wp\/v2\/users\/1"}],"replies":[{"embeddable":true,"href":"https:\/\/saviolife.com\/fr\/wp-json\/wp\/v2\/comments?post=1388"}],"version-history":[{"count":5,"href":"https:\/\/saviolife.com\/fr\/wp-json\/wp\/v2\/pages\/1388\/revisions"}],"predecessor-version":[{"id":2331,"href":"https:\/\/saviolife.com\/fr\/wp-json\/wp\/v2\/pages\/1388\/revisions\/2331"}],"up":[{"embeddable":true,"href":"https:\/\/saviolife.com\/fr\/wp-json\/wp\/v2\/pages\/1363"}],"wp:attachment":[{"href":"https:\/\/saviolife.com\/fr\/wp-json\/wp\/v2\/media?parent=1388"}],"curies":[{"name":"wp","href":"https:\/\/api.w.org\/{rel}","templated":true}]}}