{"id":1391,"date":"2019-02-05T09:10:45","date_gmt":"2019-02-05T08:10:45","guid":{"rendered":"https:\/\/www.saviolife.com\/saviotan-feed\/saviotan-feed-avicolo\/"},"modified":"2021-03-17T20:08:01","modified_gmt":"2021-03-17T19:08:01","slug":"saviotan-feed-avicolo","status":"publish","type":"page","link":"https:\/\/saviolife.com\/fr\/saviotan\/saviotan-feed\/saviotan-feed-avicolo\/","title":{"rendered":"Saviotan Feed Volailles"},"content":{"rendered":"<div class=\"wpb-content-wrapper\"><p>[vc_row css_animation=\u00a0\u00bb\u00a0\u00bb row_type=\u00a0\u00bbrow\u00a0\u00bb use_row_as_full_screen_section=\u00a0\u00bbno\u00a0\u00bb type=\u00a0\u00bbfull_width\u00a0\u00bb angled_section=\u00a0\u00bbno\u00a0\u00bb text_align=\u00a0\u00bbleft\u00a0\u00bb background_image_as_pattern=\u00a0\u00bbwithout_pattern\u00a0\u00bb el_class=\u00a0\u00bbriga-banner-avicolo\u00a0\u00bb z_index=\u00a0\u00bb\u00a0\u00bb][vc_column][vc_row_inner row_type=\u00a0\u00bbrow\u00a0\u00bb type=\u00a0\u00bbfull_width\u00a0\u00bb text_align=\u00a0\u00bbleft\u00a0\u00bb css_animation=\u00a0\u00bb\u00a0\u00bb][vc_column_inner][qode_elements_holder number_of_columns=\u00a0\u00bbtwo_columns\u00a0\u00bb alignment_one_column=\u00a0\u00bbcenter\u00a0\u00bb][qode_elements_holder_item advanced_animations=\u00a0\u00bbno\u00a0\u00bb custom_class=\u00a0\u00bbcolonna-immagine-banner-avicolo\u00a0\u00bb][vc_single_image image=\u00a0\u00bb2307&Prime; img_size=\u00a0\u00bbfull\u00a0\u00bb alignment=\u00a0\u00bbcenter\u00a0\u00bb qode_css_animation=\u00a0\u00bb\u00a0\u00bb][\/qode_elements_holder_item][qode_elements_holder_item advanced_animations=\u00a0\u00bbno\u00a0\u00bb custom_class=\u00a0\u00bbcolonna-testo-banner-avicolo\u00a0\u00bb][vc_column_text]<\/p>\n<h1><span style=\"color: #ffffff;\">Volailles<\/span><\/h1>\n<p>[\/vc_column_text][\/qode_elements_holder_item][\/qode_elements_holder][\/vc_column_inner][\/vc_row_inner][\/vc_column][\/vc_row][vc_row css_animation=\u00a0\u00bb\u00a0\u00bb row_type=\u00a0\u00bbrow\u00a0\u00bb use_row_as_full_screen_section=\u00a0\u00bbno\u00a0\u00bb type=\u00a0\u00bbfull_width\u00a0\u00bb angled_section=\u00a0\u00bbno\u00a0\u00bb text_align=\u00a0\u00bbleft\u00a0\u00bb background_image_as_pattern=\u00a0\u00bbwithout_pattern\u00a0\u00bb z_index=\u00a0\u00bb\u00a0\u00bb el_class=\u00a0\u00bbriga-controllo-parassitosi\u00a0\u00bb][vc_column][vc_empty_space height=\u00a0\u00bb70px\u00a0\u00bb][vc_row_inner row_type=\u00a0\u00bbrow\u00a0\u00bb type=\u00a0\u00bbfull_width\u00a0\u00bb text_align=\u00a0\u00bbleft\u00a0\u00bb css_animation=\u00a0\u00bb\u00a0\u00bb][vc_column_inner][qode_elements_holder number_of_columns=\u00a0\u00bbtwo_columns\u00a0\u00bb alignment_one_column=\u00a0\u00bbcenter\u00a0\u00bb][qode_elements_holder_item advanced_animations=\u00a0\u00bbno\u00a0\u00bb custom_class=\u00a0\u00bbcolonna-sx-controllo-parassitosi\u00a0\u00bb][vc_column_text]<\/p>\n<h2>Contr\u00f4le du parasitisme intestinal<\/h2>\n<p>[\/vc_column_text][vc_empty_space][vc_column_text]L&rsquo;effetto primario di <strong>Saviotan\u00ae Feed<\/strong> a pour principal effet de se lier aux prot\u00e9ines de mani\u00e8re s\u00e9lective, ce qui se refl\u00e8te dans la modulation de certaines activit\u00e9s enzymatiques. Le mode d\u2019action de Saviotan\u00ae Feed contre les parasites intestinaux est le suivant : interaction s\u00e9lective avec les prot\u00e9ines de la membrane cellulaire, comportant l\u2019alt\u00e9ration de l\u2019\u00e9change d\u2019ions et de substances nutritives.[\/vc_column_text][vc_empty_space][\/qode_elements_holder_item][qode_elements_holder_item advanced_animations=\u00a0\u00bbno\u00a0\u00bb custom_class=\u00a0\u00bbcolonna-dx-controllo-parassitosi\u00a0\u00bb][vc_single_image image=\u00a0\u00bb1027&Prime; img_size=\u00a0\u00bbfull\u00a0\u00bb alignment=\u00a0\u00bbcenter\u00a0\u00bb qode_css_animation=\u00a0\u00bbelement_from_fade\u00a0\u00bb transition_delay=\u00a0\u00bb0.3&Prime;][\/qode_elements_holder_item][\/qode_elements_holder][\/vc_column_inner][\/vc_row_inner][\/vc_column][\/vc_row][vc_row css_animation=\u00a0\u00bb\u00a0\u00bb row_type=\u00a0\u00bbrow\u00a0\u00bb use_row_as_full_screen_section=\u00a0\u00bbno\u00a0\u00bb type=\u00a0\u00bbfull_width\u00a0\u00bb angled_section=\u00a0\u00bbno\u00a0\u00bb text_align=\u00a0\u00bbleft\u00a0\u00bb background_image_as_pattern=\u00a0\u00bbwithout_pattern\u00a0\u00bb el_class=\u00a0\u00bbriga-azione-antimicrobica\u00a0\u00bb z_index=\u00a0\u00bb\u00a0\u00bb][vc_column][qode_elements_holder number_of_columns=\u00a0\u00bbtwo_columns\u00a0\u00bb alignment_one_column=\u00a0\u00bbcenter\u00a0\u00bb][qode_elements_holder_item advanced_animations=\u00a0\u00bbno\u00a0\u00bb custom_class=\u00a0\u00bbcolonna-sx-azione-antimicrobica\u00a0\u00bb][vc_empty_space height=\u00a0\u00bb100px\u00a0\u00bb][vc_column_text]<strong>R\u00c9TENTION AZOTE &gt; GRAMMES \/ JOUR<\/strong>[\/vc_column_text][vc_row_inner row_type=\u00a0\u00bbrow\u00a0\u00bb type=\u00a0\u00bbfull_width\u00a0\u00bb text_align=\u00a0\u00bbleft\u00a0\u00bb css_animation=\u00a0\u00bb\u00a0\u00bb][vc_column_inner el_class=\u00a0\u00bbcolonne-20&Prime; width=\u00a0\u00bb1\/6&Prime;][vc_empty_space]<div class='q_progress_bars_vertical'><div class='progress_content_outer' style='background-color: #ea5e5e;'><div data-percentage='53' class='progress_content' style='background-color: #ffe788;'><\/div><\/div><h5 class='progress_title' style=''><\/h5><span class='progress_number' style=''><span>53<\/span>%<\/span><span class='progress_text'>Contr\u00f4le<\/span><\/div>[vc_empty_space height=\u00a0\u00bb22px\u00a0\u00bb][\/vc_column_inner][vc_column_inner el_class=\u00a0\u00bbcolonne-20&Prime; width=\u00a0\u00bb1\/6&Prime;][vc_empty_space]<div class='q_progress_bars_vertical'><div class='progress_content_outer' style='background-color: #ea5e5e;'><div data-percentage='40' class='progress_content' style='background-color: #ffe788;'><\/div><\/div><h5 class='progress_title' style=''><\/h5><span class='progress_number' style=''><span>40<\/span>%<\/span><span class='progress_text'>0,15%<\/span><\/div>[vc_empty_space height=\u00a0\u00bb22px\u00a0\u00bb][\/vc_column_inner][vc_column_inner el_class=\u00a0\u00bbcolonne-20&Prime; width=\u00a0\u00bb1\/6&Prime;][vc_empty_space]<div class='q_progress_bars_vertical'><div class='progress_content_outer' style='background-color: #ea5e5e;'><div data-percentage='64' class='progress_content' style='background-color: #ffe788;'><\/div><\/div><h5 class='progress_title' style=''><\/h5><span class='progress_number' style=''><span>64<\/span>%<\/span><span class='progress_text'>0,30%<\/span><\/div>[vc_empty_space height=\u00a0\u00bb22px\u00a0\u00bb][\/vc_column_inner][vc_column_inner el_class=\u00a0\u00bbcolonne-20&Prime; width=\u00a0\u00bb1\/6&Prime;][vc_empty_space]<div class='q_progress_bars_vertical'><div class='progress_content_outer' style='background-color: #ffe788;'><div data-percentage='18' class='progress_content' style='background-color: #6cd07f;'><\/div><\/div><h5 class='progress_title' style=''><\/h5><span class='progress_number' style=''><span>18<\/span>%<\/span><span class='progress_text'>0,50%<\/span><\/div>[vc_empty_space height=\u00a0\u00bb22px\u00a0\u00bb][\/vc_column_inner][vc_column_inner el_class=\u00a0\u00bbcolonne-20&Prime; width=\u00a0\u00bb1\/6&Prime;][vc_empty_space]<div class='q_progress_bars_vertical'><div class='progress_content_outer' style='background-color: #ffe788;'><div data-percentage='65' class='progress_content' style='background-color: #6cd07f;'><\/div><\/div><h5 class='progress_title' style=''><\/h5><span class='progress_number' style=''><span>65<\/span>%<\/span><span class='progress_text'>1,00%<\/span><\/div>[vc_empty_space height=\u00a0\u00bb22px\u00a0\u00bb][\/vc_column_inner][vc_column_inner el_class=\u00a0\u00bbsesta-colonna\u00a0\u00bb width=\u00a0\u00bb1\/6&Prime;][\/vc_column_inner][\/vc_row_inner][vc_empty_space height=\u00a0\u00bb72px\u00a0\u00bb][\/qode_elements_holder_item][qode_elements_holder_item advanced_animations=\u00a0\u00bbno\u00a0\u00bb custom_class=\u00a0\u00bbcolonna-dx-azione-antimicrobica\u00a0\u00bb][vc_empty_space height=\u00a0\u00bb72px\u00a0\u00bb][vc_column_text]<\/p>\n<h2>Action anti-microbienne de Saviotan Feed dans les broiler<\/h2>\n<p>[\/vc_column_text][vc_empty_space][vc_column_text]<strong>Saviotan\u00ae Feed<\/strong>, test\u00e9 comme additif alimentaire, a d\u00e9montr\u00e9 sa grande efficacit\u00e9 dans la pr\u00e9vention de l\u2019ent\u00e9rite n\u00e9crotique \u00e0 des doses comprises entre l et 5 kg\/tonne de fourrage. De mani\u00e8re exp\u00e9rimentale, l\u2019efficacit\u00e9 a \u00e9t\u00e9 test\u00e9e dans des conditions sciemment critiques, en infectant les broilers artificiellement avec Clostridium perfringens et Eimeria spp. M\u00eame dans ces conditions extr\u00eames, le relev\u00e9 effectu\u00e9 25 jours apr\u00e8s l\u2019infection a montr\u00e9 l\u2019absence de l\u00e9sions intestinales graves \u00e0 partir d\u2019un dosage de 0,5% de <strong>Saviotan\u00ae Feed<\/strong> Feed dans la ration.[\/vc_column_text][vc_empty_space height=\u00a0\u00bb72px\u00a0\u00bb][\/qode_elements_holder_item][\/qode_elements_holder][vc_column_text]<\/p>\n<p style=\"text-align: center; font-size: 10px;\">Documentation cit\u00e9e;G. Tosi, P. Massi, M. Antongiovanni, A . Buccioni, S. Minieri, L. Marenchino, M. Mele (2013). Efficacy test of a hydrolysable tannin extract against necrotic enteritis in challenged broiler chickens. ltal. J. Anim. Sci., 12e62: 386-389.<\/p>\n<p>[\/vc_column_text][vc_empty_space][\/vc_column][\/vc_row][vc_row css_animation=\u00a0\u00bb\u00a0\u00bb row_type=\u00a0\u00bbrow\u00a0\u00bb use_row_as_full_screen_section=\u00a0\u00bbno\u00a0\u00bb type=\u00a0\u00bbfull_width\u00a0\u00bb angled_section=\u00a0\u00bbno\u00a0\u00bb text_align=\u00a0\u00bbleft\u00a0\u00bb background_image_as_pattern=\u00a0\u00bbwithout_pattern\u00a0\u00bb z_index=\u00a0\u00bb\u00a0\u00bb el_class=\u00a0\u00bbriga-utilizzazione-proteine\u00a0\u00bb][vc_column][vc_empty_space height=\u00a0\u00bb70px\u00a0\u00bb][vc_row_inner row_type=\u00a0\u00bbrow\u00a0\u00bb type=\u00a0\u00bbgrid\u00a0\u00bb text_align=\u00a0\u00bbleft\u00a0\u00bb css_animation=\u00a0\u00bb\u00a0\u00bb][vc_column_inner][vc_column_text]<\/p>\n<h2 style=\"text-align: center;\">Meilleure utilisation des prot\u00e9ines<\/h2>\n<p>[\/vc_column_text][vc_empty_space][vc_column_text]<\/p>\n<p style=\"text-align: center;\"><strong>Saviotan\u00ae Feed<\/strong> am\u00e9liore consid\u00e9rablement l\u2019efficacit\u00e9 d\u2019utilisation des prot\u00e9ines de la ration. <strong>Saviotan \u00ae Feed<\/strong> se lie principalement aux prot\u00e9ines les moins nobles, \u00e0 savoir la partie \u00e0 plus faible valeur biologique. La digestibilit\u00e9 modifi\u00e9e comporte une utilisation majeure des prot\u00e9ines alimentaires.<\/p>\n<p>[\/vc_column_text][vc_empty_space height=\u00a0\u00bb70px\u00a0\u00bb][\/vc_column_inner][\/vc_row_inner][vc_row_inner row_type=\u00a0\u00bbrow\u00a0\u00bb type=\u00a0\u00bbfull_width\u00a0\u00bb text_align=\u00a0\u00bbleft\u00a0\u00bb css_animation=\u00a0\u00bb\u00a0\u00bb][vc_column_inner][qode_elements_holder number_of_columns=\u00a0\u00bbthree_columns\u00a0\u00bb alignment_one_column=\u00a0\u00bbcenter\u00a0\u00bb][qode_elements_holder_item advanced_animations=\u00a0\u00bbno\u00a0\u00bb custom_class=\u00a0\u00bbcolonna-sx-utilizzazione-proteine\u00a0\u00bb][vc_column_text]Meilleur utilisateur de l\u2019azote prot\u00e9ique qui permet de r\u00e9duire les apports prot\u00e9iques de la ration[\/vc_column_text][vc_empty_space height=\u00a0\u00bb22px\u00a0\u00bb][\/qode_elements_holder_item][qode_elements_holder_item advanced_animations=\u00a0\u00bbno\u00a0\u00bb custom_class=\u00a0\u00bbcolonna-cx-utilizzazione-proteine\u00a0\u00bb][vc_single_image image=\u00a0\u00bb1033&Prime; img_size=\u00a0\u00bbfull\u00a0\u00bb alignment=\u00a0\u00bbcenter\u00a0\u00bb qode_css_animation=\u00a0\u00bbelement_from_fade\u00a0\u00bb transition_delay=\u00a0\u00bb0.4&Prime;][vc_empty_space height=\u00a0\u00bb22px\u00a0\u00bb][\/qode_elements_holder_item][qode_elements_holder_item advanced_animations=\u00a0\u00bbno\u00a0\u00bb custom_class=\u00a0\u00bbcolonna-dx-utilizzazione-proteine\u00a0\u00bb][vc_column_text]Meilleure excr\u00e9tion azot\u00e9e, avec une moindre quantit\u00e9 de composants azot\u00e9s volatiles dans les d\u00e9jections, et par cons\u00e9quent une r\u00e9duction des \u00e9missions gazeuses et de la pollution atmosph\u00e9rique[\/vc_column_text][vc_empty_space height=\u00a0\u00bb22px\u00a0\u00bb][\/qode_elements_holder_item][\/qode_elements_holder][\/vc_column_inner][\/vc_row_inner][vc_empty_space height=\u00a0\u00bb72px\u00a0\u00bb][\/vc_column][\/vc_row][vc_row css_animation=\u00a0\u00bb\u00a0\u00bb row_type=\u00a0\u00bbrow\u00a0\u00bb use_row_as_full_screen_section=\u00a0\u00bbno\u00a0\u00bb type=\u00a0\u00bbfull_width\u00a0\u00bb angled_section=\u00a0\u00bbno\u00a0\u00bb text_align=\u00a0\u00bbleft\u00a0\u00bb background_image_as_pattern=\u00a0\u00bbwithout_pattern\u00a0\u00bb el_class=\u00a0\u00bbriga-ritenzione-azoto\u00a0\u00bb z_index=\u00a0\u00bb\u00a0\u00bb][vc_column][vc_row_inner row_type=\u00a0\u00bbrow\u00a0\u00bb type=\u00a0\u00bbfull_width\u00a0\u00bb text_align=\u00a0\u00bbleft\u00a0\u00bb css_animation=\u00a0\u00bb\u00a0\u00bb][vc_column_inner][qode_elements_holder number_of_columns=\u00a0\u00bbtwo_columns\u00a0\u00bb alignment_one_column=\u00a0\u00bbcenter\u00a0\u00bb][qode_elements_holder_item advanced_animations=\u00a0\u00bbno\u00a0\u00bb custom_class=\u00a0\u00bbcolonna-sx-ritenzione-azoto\u00a0\u00bb][vc_empty_space height=\u00a0\u00bb60px\u00a0\u00bb][vc_column_text]<\/p>\n<h2>Meilleure r\u00e9tention de l\u2019azote prot\u00e9ique dans le broiler<\/h2>\n<p>[\/vc_column_text][vc_empty_space][vc_column_text]<strong>Saviotan\u00ae Feed<\/strong> <span style=\"font-weight: 400;\">a \u00e9t\u00e9 administr\u00e9 \u00e0 des groupes de poulets de chair (broiler) et les d\u00e9jections ont \u00e9t\u00e9 totalement recueillies pendant une semaine. L\u2019augmentation de la r\u00e9tention de l\u2019azote a \u00e9t\u00e9 significative \u00e0 partir d\u2019un dosage de<\/span> Saviotan\u00ae Feed <span style=\"font-weight: 400;\">de<\/span> 0,2%.[\/vc_column_text][vc_empty_space height=\u00a0\u00bb60px\u00a0\u00bb][\/qode_elements_holder_item][qode_elements_holder_item advanced_animations=\u00a0\u00bbno\u00a0\u00bb custom_class=\u00a0\u00bbcolonna-dx-ritenzione-azoto\u00a0\u00bb][vc_empty_space height=\u00a0\u00bb60px\u00a0\u00bb][vc_column_text]<strong>R\u00c9TENTION AZOTE AZOTO &gt; GRAMMES \/ JOUR<\/strong>[\/vc_column_text][vc_empty_space]\n<div class=\"q_line_graf_holder\">\n\t<div class=\"q_line_graf\" data-scale-step-width=\"0.4\" data-scale-steps=\"17\" data-bezier-curve=\"true\" data-scale-font-color=\"#818181\" data-scale-font-size=\"15\" data-labels=\"[&quot;Contr\\u00f4le&quot;,&quot;0.15%&quot;,&quot;0.20%&quot;,&quot;0.25%&quot;,&quot;0.30%&quot;]\" data-values=\"[&quot;5.6,6.0,6.6,6.2,6.5&quot;]\" data-background-colors=\"[&quot;rgba(99,138,73,0.7)&quot;]\">\n\t\t<canvas id=\"lineGraph8114\" height=\"450\" width=\"489\"><\/canvas>\n\t<\/div>\n\t<div class=\"q_line_graf_legend\">\n\t\t<ul>\n\t\t\t\t\t\t\t<li>\n\t\t\t\t\t<div class=\"color_holder\" style=\"background-color:#638a49\"><\/div>\n\t\t\t\t\t<p style=\"color:\">Graves<\/p>\n\t\t\t\t<\/li>\n\t\t\t\t\t<\/ul>\n\t<\/div>\n<\/div>[vc_empty_space height=\u00a0\u00bb60px\u00a0\u00bb][\/qode_elements_holder_item][\/qode_elements_holder][\/vc_column_inner][\/vc_row_inner][\/vc_column][\/vc_row][vc_row css_animation=\u00a0\u00bb\u00a0\u00bb row_type=\u00a0\u00bbrow\u00a0\u00bb use_row_as_full_screen_section=\u00a0\u00bbno\u00a0\u00bb type=\u00a0\u00bbfull_width\u00a0\u00bb angled_section=\u00a0\u00bbno\u00a0\u00bb text_align=\u00a0\u00bbleft\u00a0\u00bb background_image_as_pattern=\u00a0\u00bbwithout_pattern\u00a0\u00bb z_index=\u00a0\u00bb\u00a0\u00bb el_class=\u00a0\u00bbriga-alimentazione-sana\u00a0\u00bb][vc_column][vc_row_inner row_type=\u00a0\u00bbrow\u00a0\u00bb type=\u00a0\u00bbfull_width\u00a0\u00bb text_align=\u00a0\u00bbleft\u00a0\u00bb css_animation=\u00a0\u00bb\u00a0\u00bb][vc_column_inner][qode_elements_holder number_of_columns=\u00a0\u00bbtwo_columns\u00a0\u00bb alignment_one_column=\u00a0\u00bbcenter\u00a0\u00bb][qode_elements_holder_item advanced_animations=\u00a0\u00bbno\u00a0\u00bb custom_class=\u00a0\u00bbcolonna-sx-alimentazione-sana\u00a0\u00bb][vc_empty_space height=\u00a0\u00bb60px\u00a0\u00bb][vc_single_image image=\u00a0\u00bb1038&Prime; img_size=\u00a0\u00bbfull\u00a0\u00bb qode_css_animation=\u00a0\u00bb\u00a0\u00bb][vc_empty_space height=\u00a0\u00bb60px\u00a0\u00bb][\/qode_elements_holder_item][qode_elements_holder_item advanced_animations=\u00a0\u00bbno\u00a0\u00bb custom_class=\u00a0\u00bbcolonna-dx-alimentazione-sana\u00a0\u00bb][vc_empty_space height=\u00a0\u00bb60px\u00a0\u00bb][vc_column_text]<\/p>\n<h2>\u0152ufs et alimentation plus saine<\/h2>\n<p>[\/vc_column_text][vc_empty_space][vc_column_text]Le cholest\u00e9rol est une des causes de l\u2019\u00e9norme diffusion des maladies cardiovasculaires dans les pays industrialis\u00e9s.<br \/>\nLa demande croissante d\u2019une alimentation plus saine incite l\u2019industrie alimentaire \u00e0 investir des ressources importantes afin d\u2019identifier des alternatives alimentaires moins riches en cholest\u00e9rol. L\u2019action de Saviotan\u00ae Feed sur l\u2019activit\u00e9 enzymatico-digestive se refl\u00e8te \u00e9galement sur les modifications du m\u00e9tabolisme lipidique. Dans la production des \u0153ufs par exemple il est possible de r\u00e9duire la teneur en cholest\u00e9rol dans le jaune.[\/vc_column_text][vc_empty_space height=\u00a0\u00bb60px\u00a0\u00bb][\/qode_elements_holder_item][\/qode_elements_holder][\/vc_column_inner][\/vc_row_inner][\/vc_column][\/vc_row][vc_row css_animation=\u00a0\u00bb\u00a0\u00bb row_type=\u00a0\u00bbrow\u00a0\u00bb use_row_as_full_screen_section=\u00a0\u00bbno\u00a0\u00bb type=\u00a0\u00bbfull_width\u00a0\u00bb angled_section=\u00a0\u00bbno\u00a0\u00bb text_align=\u00a0\u00bbleft\u00a0\u00bb background_image_as_pattern=\u00a0\u00bbwithout_pattern\u00a0\u00bb background_color=\u00a0\u00bb#ffffff\u00a0\u00bb z_index=\u00a0\u00bb\u00a0\u00bb el_class=\u00a0\u00bbriga-riduzione-colesterolo\u00a0\u00bb][vc_column][vc_row_inner row_type=\u00a0\u00bbrow\u00a0\u00bb type=\u00a0\u00bbfull_width\u00a0\u00bb text_align=\u00a0\u00bbleft\u00a0\u00bb css_animation=\u00a0\u00bb\u00a0\u00bb][vc_column_inner][qode_elements_holder number_of_columns=\u00a0\u00bbtwo_columns\u00a0\u00bb alignment_one_column=\u00a0\u00bbcenter\u00a0\u00bb][qode_elements_holder_item advanced_animations=\u00a0\u00bbno\u00a0\u00bb custom_class=\u00a0\u00bbcolonna-sx-riduzione-colesterolo\u00a0\u00bb][vc_empty_space height=\u00a0\u00bb60px\u00a0\u00bb][vc_column_text]<\/p>\n<h2>R\u00e9duction du cholest\u00e9rol dans le jaune d\u2019\u0153uf<\/h2>\n<p>[\/vc_column_text][vc_empty_space][vc_column_text]Saviotan\u00ae Feed a \u00e9t\u00e9 administr\u00e9 \u00e0 des poules pondeuses \u00e2g\u00e9es de 50 semaines \u00e0 une dose de 0,2 % du fourrage. L\u2019essai a dur\u00e9 5 semaines et a permis de comparer deux races (Mugello et Leghorn) et deux r\u00e9gimes alimentaires (avec et sans tanin). Saviotan\u00ae Feed a sensiblement r\u00e9duit le cholest\u00e9rol pour les deux races, de mani\u00e8re plus \u00e9vidente pour la Leghorn (-17 % contre -9 % pour la Mugello).<br \/>\nAucune variation de poids, d\u2019\u00e9paisseur et de couleur des \u0153ufs n\u2019a \u00e9t\u00e9 observ\u00e9e, avec ou sans Saviotan* Feed.<br \/>\n[\/vc_column_text][vc_empty_space height=\u00a0\u00bb60px\u00a0\u00bb][\/qode_elements_holder_item][qode_elements_holder_item advanced_animations=\u00a0\u00bbno\u00a0\u00bb custom_class=\u00a0\u00bbcolonna-dx-riduzione-colesterolo\u00a0\u00bb][vc_empty_space height=\u00a0\u00bb60px\u00a0\u00bb]<div class='q_progress_bar'><h6 class='progress_title_holder clearfix' style=''><span class='progress_title'><span>Mugellese C \u2192 230<\/span><\/span><span class='progress_number' style='font-size: 20px;'><span>0<\/span>%<\/span><\/h6><div class='progress_content_outer' style='height: 7px;'><div data-percentage='60' class='progress_content' style='height: 7px;'><\/div><\/div><\/div><div class='q_progress_bar'><h6 class='progress_title_holder clearfix' style=''><span class='progress_title'><span>Mugellese 0,2% \u2192 210<\/span><\/span><span class='progress_number' style='font-size: 20px;'><span>0<\/span>%<\/span><\/h6><div class='progress_content_outer' style='height: 7px;'><div data-percentage='40' class='progress_content' style='height: 7px;'><\/div><\/div><\/div><div class='q_progress_bar'><h6 class='progress_title_holder clearfix' style=''><span class='progress_title'><span>Leghorn C \u2192 243<\/span><\/span><span class='progress_number' style=''><span>0<\/span>%<\/span><\/h6><div class='progress_content_outer' style='height: 7px;'><div data-percentage='85' class='progress_content' style='height: 7px;'><\/div><\/div><\/div><div class='q_progress_bar'><h6 class='progress_title_holder clearfix' style=''><span class='progress_title'><span>Leghorn 0,2% \u2192 206<\/span><\/span><span class='progress_number' style='font-size: 20px;'><span>0<\/span>%<\/span><\/h6><div class='progress_content_outer' style='height: 7px;'><div data-percentage='30' class='progress_content' style='height: 7px;'><\/div><\/div><\/div>[vc_empty_space height=\u00a0\u00bb60px\u00a0\u00bb][\/qode_elements_holder_item][\/qode_elements_holder][\/vc_column_inner][\/vc_row_inner][vc_column_text]<\/p>\n<p style=\"text-align: center; font-size: 10px;\">Antonglovanni, M. et al., 2015. Effect of a hydrolysable tannln from chestnut wood o n digestibility an d nitrogen balance In broiler chickens. Proc. 20th European Symposium on Poultry Nutrition. Prague, 24-27 August 2015, page 141.<\/p>\n<p>[\/vc_column_text][vc_empty_space height=\u00a0\u00bb72px\u00a0\u00bb][\/vc_column][\/vc_row]<\/p>\n<\/div>","protected":false},"excerpt":{"rendered":"<p>[vc_row css_animation=\u00a0\u00bb\u00a0\u00bb row_type=\u00a0\u00bbrow\u00a0\u00bb use_row_as_full_screen_section=\u00a0\u00bbno\u00a0\u00bb type=\u00a0\u00bbfull_width\u00a0\u00bb angled_section=\u00a0\u00bbno\u00a0\u00bb text_align=\u00a0\u00bbleft\u00a0\u00bb background_image_as_pattern=\u00a0\u00bbwithout_pattern\u00a0\u00bb el_class=\u00a0\u00bbriga-banner-avicolo\u00a0\u00bb z_index=\u00a0\u00bb\u00a0\u00bb][vc_column][vc_row_inner row_type=\u00a0\u00bbrow\u00a0\u00bb type=\u00a0\u00bbfull_width\u00a0\u00bb text_align=\u00a0\u00bbleft\u00a0\u00bb css_animation=\u00a0\u00bb\u00a0\u00bb][vc_column_inner][qode_elements_holder number_of_columns=\u00a0\u00bbtwo_columns\u00a0\u00bb alignment_one_column=\u00a0\u00bbcenter\u00a0\u00bb][qode_elements_holder_item advanced_animations=\u00a0\u00bbno\u00a0\u00bb custom_class=\u00a0\u00bbcolonna-immagine-banner-avicolo\u00a0\u00bb][vc_single_image image=\u00a0\u00bb2307&Prime; img_size=\u00a0\u00bbfull\u00a0\u00bb alignment=\u00a0\u00bbcenter\u00a0\u00bb qode_css_animation=\u00a0\u00bb\u00a0\u00bb][\/qode_elements_holder_item][qode_elements_holder_item advanced_animations=\u00a0\u00bbno\u00a0\u00bb custom_class=\u00a0\u00bbcolonna-testo-banner-avicolo\u00a0\u00bb][vc_column_text] Volailles [\/vc_column_text][\/qode_elements_holder_item][\/qode_elements_holder][\/vc_column_inner][\/vc_row_inner][\/vc_column][\/vc_row][vc_row css_animation=\u00a0\u00bb\u00a0\u00bb row_type=\u00a0\u00bbrow\u00a0\u00bb use_row_as_full_screen_section=\u00a0\u00bbno\u00a0\u00bb type=\u00a0\u00bbfull_width\u00a0\u00bb angled_section=\u00a0\u00bbno\u00a0\u00bb text_align=\u00a0\u00bbleft\u00a0\u00bb background_image_as_pattern=\u00a0\u00bbwithout_pattern\u00a0\u00bb z_index=\u00a0\u00bb\u00a0\u00bb el_class=\u00a0\u00bbriga-controllo-parassitosi\u00a0\u00bb][vc_column][vc_empty_space height=\u00a0\u00bb70px\u00a0\u00bb][vc_row_inner row_type=\u00a0\u00bbrow\u00a0\u00bb type=\u00a0\u00bbfull_width\u00a0\u00bb text_align=\u00a0\u00bbleft\u00a0\u00bb css_animation=\u00a0\u00bb\u00a0\u00bb][vc_column_inner][qode_elements_holder number_of_columns=\u00a0\u00bbtwo_columns\u00a0\u00bb alignment_one_column=\u00a0\u00bbcenter\u00a0\u00bb][qode_elements_holder_item advanced_animations=\u00a0\u00bbno\u00a0\u00bb custom_class=\u00a0\u00bbcolonna-sx-controllo-parassitosi\u00a0\u00bb][vc_column_text] Contr\u00f4le&#8230;<\/p>\n","protected":false},"author":1,"featured_media":0,"parent":1363,"menu_order":0,"comment_status":"closed","ping_status":"closed","template":"full_width.php","meta":{"footnotes":""},"class_list":["post-1391","page","type-page","status-publish","hentry"],"_links":{"self":[{"href":"https:\/\/saviolife.com\/fr\/wp-json\/wp\/v2\/pages\/1391","targetHints":{"allow":["GET"]}}],"collection":[{"href":"https:\/\/saviolife.com\/fr\/wp-json\/wp\/v2\/pages"}],"about":[{"href":"https:\/\/saviolife.com\/fr\/wp-json\/wp\/v2\/types\/page"}],"author":[{"embeddable":true,"href":"https:\/\/saviolife.com\/fr\/wp-json\/wp\/v2\/users\/1"}],"replies":[{"embeddable":true,"href":"https:\/\/saviolife.com\/fr\/wp-json\/wp\/v2\/comments?post=1391"}],"version-history":[{"count":5,"href":"https:\/\/saviolife.com\/fr\/wp-json\/wp\/v2\/pages\/1391\/revisions"}],"predecessor-version":[{"id":2314,"href":"https:\/\/saviolife.com\/fr\/wp-json\/wp\/v2\/pages\/1391\/revisions\/2314"}],"up":[{"embeddable":true,"href":"https:\/\/saviolife.com\/fr\/wp-json\/wp\/v2\/pages\/1363"}],"wp:attachment":[{"href":"https:\/\/saviolife.com\/fr\/wp-json\/wp\/v2\/media?parent=1391"}],"curies":[{"name":"wp","href":"https:\/\/api.w.org\/{rel}","templated":true}]}}