{"id":1413,"date":"2019-02-04T17:52:44","date_gmt":"2019-02-04T16:52:44","guid":{"rendered":"https:\/\/www.saviolife.com\/sazolene\/"},"modified":"2021-03-19T18:46:52","modified_gmt":"2021-03-19T17:46:52","slug":"sazolene","status":"publish","type":"page","link":"https:\/\/saviolife.com\/fr\/sazolene\/","title":{"rendered":"Sazolene"},"content":{"rendered":"<div class=\"wpb-content-wrapper\"><p>[vc_row css_animation=\u00a0\u00bb\u00a0\u00bb row_type=\u00a0\u00bbrow\u00a0\u00bb use_row_as_full_screen_section=\u00a0\u00bbno\u00a0\u00bb type=\u00a0\u00bbfull_width\u00a0\u00bb angled_section=\u00a0\u00bbno\u00a0\u00bb text_align=\u00a0\u00bbleft\u00a0\u00bb background_image_as_pattern=\u00a0\u00bbwithout_pattern\u00a0\u00bb][vc_column][rev_slider_vc alias=\u00a0\u00bbsazolene_main-fr\u00a0\u00bb][\/vc_column][\/vc_row][vc_row css_animation=\u00a0\u00bb\u00a0\u00bb row_type=\u00a0\u00bbrow\u00a0\u00bb use_row_as_full_screen_section=\u00a0\u00bbno\u00a0\u00bb type=\u00a0\u00bbfull_width\u00a0\u00bb angled_section=\u00a0\u00bbno\u00a0\u00bb text_align=\u00a0\u00bbleft\u00a0\u00bb background_image_as_pattern=\u00a0\u00bbwithout_pattern\u00a0\u00bb el_class=\u00a0\u00bbriga-applicazioni-img-sinistra\u00a0\u00bb z_index=\u00a0\u00bb\u00a0\u00bb][vc_column][vc_row_inner row_type=\u00a0\u00bbrow\u00a0\u00bb type=\u00a0\u00bbfull_width\u00a0\u00bb text_align=\u00a0\u00bbleft\u00a0\u00bb css_animation=\u00a0\u00bb\u00a0\u00bb][vc_column_inner][qode_elements_holder number_of_columns=\u00a0\u00bbtwo_columns\u00a0\u00bb alignment_one_column=\u00a0\u00bbcenter\u00a0\u00bb][qode_elements_holder_item vertical_alignment=\u00a0\u00bbtop\u00a0\u00bb advanced_animations=\u00a0\u00bbno\u00a0\u00bb custom_class=\u00a0\u00bbcolonna-sx-img-sinistra-sazolene\u00a0\u00bb][vc_single_image image=\u00a0\u00bb811&Prime; img_size=\u00a0\u00bbfull\u00a0\u00bb qode_css_animation=\u00a0\u00bb\u00a0\u00bb][vc_empty_space height=\u00a0\u00bb22px\u00a0\u00bb][vc_column_text]<span style=\"color: #373737; font-size: 20px;\">Lorsque la conscience \u00e9cologique, la recherche et l\u2019introduction de nouvelles technologies cr\u00e9ent, ensemble, des avantages aussi bien pour le consommateur que pour la qualit\u00e9 du produit, alors il est r\u00e9ellement possible de parler d\u2019innovation et de progr\u00e8s.<\/span>[\/vc_column_text][vc_empty_space height=\u00a0\u00bb22px\u00a0\u00bb][\/qode_elements_holder_item][qode_elements_holder_item advanced_animations=\u00a0\u00bbno\u00a0\u00bb custom_class=\u00a0\u00bbcolonna-dx-img-sinistra-sazolene\u00a0\u00bb][vc_column_text]<\/p>\n<h2>Engrais azot\u00e9 \u00e0 lib\u00e9ration lente<\/h2>\n<p>[\/vc_column_text][vc_empty_space height=\u00a0\u00bb22px\u00a0\u00bb][vc_column_text]L&rsquo;\u00e9l\u00e9ment principal pour la nutrition v\u00e9g\u00e9tale est repr\u00e9sent\u00e9 par l&rsquo;AZOTE. Les engrais qui apportent cet \u00e9l\u00e9ment sont malheureusement solubles imm\u00e9diatement. L&rsquo;utilisation de ces engrais peut g\u00e9n\u00e9rer un fort impact sur l&rsquo;environnement, peut entra\u00eener des effets n\u00e9fastes tels que la pollution de l&rsquo;air et des nappes aquif\u00e8res avec une faible efficience (petite quantit\u00e9 r\u00e9ellement utilis\u00e9e par les plantes) et n\u00e9cessiter plusieurs applications impliquant une augmentation des co\u00fbts.<\/p>\n<p>&nbsp;<\/p>\n<p>Sazolene est un engrais sp\u00e9cial, hautement r\u00e9volutionnaire, en mesure de lib\u00e9rer de l&rsquo;AZOTE selon les besoins des plantes.<br \/>\nSazolene poss\u00e8de plusieurs formules, avec des temps de lib\u00e9ration variables pour les diff\u00e9rents besoins de nutrition. Nombreux sont les avantages de Sazolene : utilisation inf\u00e9rieure d&rsquo;engrais et efficience sup\u00e9rieure, r\u00e9duction des co\u00fbts, respect accru pour la nature et impact environnemental r\u00e9duit.[\/vc_column_text][vc_empty_space height=\u00a0\u00bb22px\u00a0\u00bb][\/qode_elements_holder_item][\/qode_elements_holder][\/vc_column_inner][\/vc_row_inner][\/vc_column][\/vc_row][vc_row css_animation=\u00a0\u00bb\u00a0\u00bb row_type=\u00a0\u00bbrow\u00a0\u00bb use_row_as_full_screen_section=\u00a0\u00bbno\u00a0\u00bb type=\u00a0\u00bbfull_width\u00a0\u00bb angled_section=\u00a0\u00bbno\u00a0\u00bb text_align=\u00a0\u00bbleft\u00a0\u00bb background_image_as_pattern=\u00a0\u00bbwithout_pattern\u00a0\u00bb el_class=\u00a0\u00bbriga-applicazioni-img-destra\u00a0\u00bb z_index=\u00a0\u00bb\u00a0\u00bb][vc_column][vc_row_inner row_type=\u00a0\u00bbrow\u00a0\u00bb type=\u00a0\u00bbfull_width\u00a0\u00bb text_align=\u00a0\u00bbleft\u00a0\u00bb css_animation=\u00a0\u00bb\u00a0\u00bb][vc_column_inner][qode_elements_holder number_of_columns=\u00a0\u00bbtwo_columns\u00a0\u00bb alignment_one_column=\u00a0\u00bbcenter\u00a0\u00bb][qode_elements_holder_item advanced_animations=\u00a0\u00bbno\u00a0\u00bb custom_class=\u00a0\u00bbcolonna-sx-img-destra-sazolene\u00a0\u00bb][vc_column_text]<\/p>\n<h2>Comment l\u2019engrais Sazolene<sup>\u00ae<\/sup> fonctionne-t-il ?<\/h2>\n<p>[\/vc_column_text][vc_empty_space height=\u00a0\u00bb22px\u00a0\u00bb][vc_column_text]Le m\u00e9canisme de lib\u00e9ration de l&rsquo;azote, contrairement aux autres technologies d&rsquo;azote \u00e0 diffusion lente, advient au moyen d&rsquo;un processus de biodisponibilit\u00e9 due \u00e0 l&rsquo;action microbienne dans le sol (min\u00e9ralisation).<\/p>\n<p>&nbsp;<\/p>\n<p>Le Sazolene<sup>\u00ae<\/sup> est une source de carbone organique (\u00e9nergie vitale) et d\u2019azote (\u00e9l\u00e9ment nutritif) pour la population microbienne du sol. \u00c0 la diff\u00e9rence d&rsquo;autres technologies, Sazolene<sup>\u00ae<\/sup> n&rsquo;inhibe pas l&rsquo;activit\u00e9 microbienne du sol (responsable des processus naturels de min\u00e9ralisation) mais, au contraire, aide et am\u00e9liore le d\u00e9veloppement et la fertilit\u00e9 naturelle du sol puisqu&rsquo;il est une source de carbone organique et d&rsquo;azote.<\/p>\n<p>&nbsp;<\/p>\n<p>Les facteurs qui contr\u00f4lent la croissance des racines et le d\u00e9veloppement des plantes (principalement l&rsquo;humidit\u00e9 et la temp\u00e9rature) sont identiques \u00e0 ceux qui r\u00e8glent l&rsquo;activit\u00e9 des microorganismes : cela signifie que l&rsquo;azote du Sazolenee<sup>\u00ae<\/sup> est rendu disponible lorsque les conditions pour le d\u00e9veloppement des racines et pour la croissance v\u00e9g\u00e9tale sont optimales (la lib\u00e9ration du Sazolene<sup>\u00ae<\/sup> est synchronis\u00e9e avec les besoins de la culture).<\/p>\n<p>&nbsp;<\/p>\n<p>Le Sazolene<sup>\u00ae<\/sup> aide donc \u00e0 prot\u00e9ger les nappes aquif\u00e8res de la pollution issue des nitrates et maintient l&rsquo;azote disponible dans le sol explor\u00e9 par les racines. Ce m\u00e9canisme assure une croissance uniforme et soutenue de la plante, m\u00eame dans des conditions de haute temp\u00e9rature ou de fortes pluies, car la lib\u00e9ration de l&rsquo;azote ne d\u00e9pend pas directement que de la temp\u00e9rature ou des ph\u00e9nom\u00e8nes d&rsquo;hydrolyse \u00e9tant une source d&rsquo;azote lentement soluble dans l&rsquo;eau.[\/vc_column_text][vc_empty_space height=\u00a0\u00bb22px\u00a0\u00bb][\/qode_elements_holder_item][qode_elements_holder_item advanced_animations=\u00a0\u00bbno\u00a0\u00bb custom_class=\u00a0\u00bbcolonna-dx-img-destra-sazolene\u00a0\u00bb][rev_slider_vc alias=\u00a0\u00bbsazolene_funzionamento-fr\u00a0\u00bb][\/qode_elements_holder_item][\/qode_elements_holder][\/vc_column_inner][\/vc_row_inner][\/vc_column][\/vc_row][vc_row css_animation=\u00a0\u00bb\u00a0\u00bb row_type=\u00a0\u00bbrow\u00a0\u00bb use_row_as_full_screen_section=\u00a0\u00bbno\u00a0\u00bb type=\u00a0\u00bbfull_width\u00a0\u00bb angled_section=\u00a0\u00bbno\u00a0\u00bb text_align=\u00a0\u00bbleft\u00a0\u00bb background_image_as_pattern=\u00a0\u00bbwithout_pattern\u00a0\u00bb el_class=\u00a0\u00bbriga-applicazioni-img-sinistra\u00a0\u00bb z_index=\u00a0\u00bb\u00a0\u00bb][vc_column][vc_column_text]<a id=\"ancora-leather\"><\/a>[\/vc_column_text][vc_row_inner row_type=\u00a0\u00bbrow\u00a0\u00bb type=\u00a0\u00bbfull_width\u00a0\u00bb text_align=\u00a0\u00bbleft\u00a0\u00bb css_animation=\u00a0\u00bb\u00a0\u00bb][vc_column_inner][qode_elements_holder number_of_columns=\u00a0\u00bbtwo_columns\u00a0\u00bb alignment_one_column=\u00a0\u00bbcenter\u00a0\u00bb][qode_elements_holder_item advanced_animations=\u00a0\u00bbno\u00a0\u00bb custom_class=\u00a0\u00bbcolonna-sx-img-sinistra\u00a0\u00bb][vc_single_image image=\u00a0\u00bb478&Prime; img_size=\u00a0\u00bbfull\u00a0\u00bb alignment=\u00a0\u00bbcenter\u00a0\u00bb qode_css_animation=\u00a0\u00bb\u00a0\u00bb][\/qode_elements_holder_item][qode_elements_holder_item advanced_animations=\u00a0\u00bbno\u00a0\u00bb custom_class=\u00a0\u00bbcolonna-dx-img-sinistra\u00a0\u00bb][vc_column_text]<\/p>\n<h2>Comment utiliser Sazolene<sup>\u00ae<\/sup>?<\/h2>\n<p>[\/vc_column_text][vc_empty_space height=\u00a0\u00bb22px\u00a0\u00bb][vc_column_text]Sazolene<sup>\u00ae<\/sup> est principalement utilis\u00e9 comme mati\u00e8re premi\u00e8re pour la production d\u2019engrais \u00e0 diffusion lente azot\u00e9s (N), binaires (NP, NK) ou ternaires (NPK) afin de fournir une partie ou la totalit\u00e9 de l\u2019azote sous forme de diffusion lente (m\u00e9thyl\u00e8ne-ur\u00e9e).<br \/>\nGr\u00e2ce \u00e0 sa forme sph\u00e9rique et aux diff\u00e9rentes granulom\u00e9tries disponibles, il s\u2019agit d\u2019un composant id\u00e9al dans la production d\u2019engrais obtenus par m\u00e9lange. Sazolene<sup>\u00ae<\/sup> peut \u00e9galement \u00eatre utilis\u00e9 pour la production de granules d\u2019engrais ou d\u2019engrais compacts, en utilisant la granulom\u00e9trie chip (0,4 mm) ou les granulom\u00e9tries sup\u00e9rieures (2 ou 3,5 mm) si le processus de d\u00e9part pr\u00e9voit le broyage des mati\u00e8res premi\u00e8res utilis\u00e9es.<\/p>\n<p>&nbsp;<\/p>\n<p>M\u00e9langer Sazolene<sup>\u00ae<\/sup> \u00e0 d\u2019autres sources d\u2019azote qui se dissout rapidement peut d\u2019obtenir une grande efficience.<\/p>\n<p>&nbsp;<\/p>\n<p>Sazolene<sup>\u00ae<\/sup> peut \u00e9galement \u00eatre utilis\u00e9 directement pour apporter l\u2019azote n\u00e9cessaire aux cultures en une seule application ou pour int\u00e9grer les engrais avec des produits traditionnels \u00e0 effet rapide. M\u00e9langer de mani\u00e8re opportune Sazolene<sup>\u00ae<\/sup> avec d\u2019autres mati\u00e8res premi\u00e8res permet d\u2019obtenir une vaste gamme de formules NPK avec un contenu variable d\u2019azote \u00e0 diffusion lente.[\/vc_column_text][vc_empty_space height=\u00a0\u00bb22px\u00a0\u00bb][\/qode_elements_holder_item][\/qode_elements_holder][\/vc_column_inner][\/vc_row_inner][\/vc_column][\/vc_row][vc_row css_animation=\u00a0\u00bb\u00a0\u00bb row_type=\u00a0\u00bbrow\u00a0\u00bb use_row_as_full_screen_section=\u00a0\u00bbno\u00a0\u00bb type=\u00a0\u00bbfull_width\u00a0\u00bb angled_section=\u00a0\u00bbno\u00a0\u00bb text_align=\u00a0\u00bbleft\u00a0\u00bb background_image_as_pattern=\u00a0\u00bbwithout_pattern\u00a0\u00bb el_class=\u00a0\u00bbriga-applicazioni-prodotti-sazolene\u00a0\u00bb z_index=\u00a0\u00bb\u00a0\u00bb][vc_column][qode_elements_holder number_of_columns=\u00a0\u00bbtwo_columns\u00a0\u00bb][qode_elements_holder_item advanced_animations=\u00a0\u00bbno\u00a0\u00bb custom_class=\u00a0\u00bbvantaggi-applicazioni-sazolene\u00a0\u00bb][vc_column_text]<\/p>\n<h2 class=\"testo-centrato-mobile\">Pour quelles applications utiliser Sazolene<sup>\u00ae<\/sup>?<\/h2>\n<p>[\/vc_column_text][vc_empty_space height=\u00a0\u00bb22px\u00a0\u00bb][vc_column_text]<\/p>\n<p class=\"testo-centrato-mobile\">Les produits de la gamme Sazolene<sup>\u00ae<\/sup> poss\u00e8dent des caract\u00e9ristiques de lib\u00e9ration de l\u2019azote tellement uniformes et s\u00fbres qu\u2019elles sont optimales pour de nombreuses applications. Sazolene<sup>\u00ae<\/sup> peut en effet \u00eatre utilis\u00e9 tant pour les cultures agricoles de plein champ, en horticulture et arboriculture fruiti\u00e8re (cultures vivri\u00e8res) que pour les pelouses, l\u2019am\u00e9nagement paysager, la culture de fleurs en p\u00e9pini\u00e8re et les plantes ornementales (cultures non-alimentaires) et dans tous les cas de nouvelles installations. Les produits \u00e0 base de Sazolene<sup>\u00ae<\/sup> facilitent une lib\u00e9ration progressive de l\u2019azote en harmonie avec la demande naturelle d\u2019azote de la part des plantes.<\/p>\n<p>[\/vc_column_text][vc_empty_space height=\u00a0\u00bb22px\u00a0\u00bb][vc_empty_space height=\u00a0\u00bb22px\u00a0\u00bb][vc_column_text]<\/p>\n<h2 class=\"testo-centrato-mobile\">Avantages<\/h2>\n<p>[\/vc_column_text][vc_empty_space height=\u00a0\u00bb22px\u00a0\u00bb][vc_column_text]<\/p>\n<ul style=\"list-style-position: outside;\">\n<li>R\u00e9duit les pertes d&rsquo;azote disponibles pour les plantes<\/li>\n<li>\u00c9limine la pollution issue des nitrates dans les nappes aquif\u00e8res<\/li>\n<li>Am\u00e9liore la fertilit\u00e9 naturelle du sol<\/li>\n<li>\u00c9limine les effets de phytotoxicit\u00e9 et les br\u00fblures des feuilles<\/li>\n<li>Favorise un d\u00e9veloppement sup\u00e9rieur des racines<\/li>\n<li>Indice d&rsquo;uniformit\u00e9 (U.I.) maximum<\/li>\n<li>Lib\u00e9ration de l&rsquo;azote de 12 semaines \u00e0 10 mois<\/li>\n<li>Produit fluide avec une faible tendance \u00e0 l&rsquo;entassement<\/li>\n<li>R\u00e9duction du nombre d&rsquo;applications<\/li>\n<\/ul>\n<p>[\/vc_column_text][vc_empty_space height=\u00a0\u00bb22px\u00a0\u00bb][\/qode_elements_holder_item][qode_elements_holder_item vertical_alignment=\u00a0\u00bbtop\u00a0\u00bb advanced_animations=\u00a0\u00bbno\u00a0\u00bb custom_class=\u00a0\u00bbapplicazioni-prodotti-sazolene\u00a0\u00bb][vc_empty_space height=\u00a0\u00bb22px\u00a0\u00bb][vc_column_text]<\/p>\n<h2 style=\"text-align: center;\">Les applications<\/h2>\n<p>[\/vc_column_text][vc_empty_space height=\u00a0\u00bb22px\u00a0\u00bb][vc_row_inner row_type=\u00a0\u00bbrow\u00a0\u00bb type=\u00a0\u00bbfull_width\u00a0\u00bb text_align=\u00a0\u00bbleft\u00a0\u00bb css_animation=\u00a0\u00bb\u00a0\u00bb el_class=\u00a0\u00bbriga-applicazioni-sazolene-icone\u00a0\u00bb][vc_column_inner width=\u00a0\u00bb1\/5&Prime;][vc_empty_space height=\u00a0\u00bb22px\u00a0\u00bb][vc_single_image image=\u00a0\u00bb1137&Prime; img_size=\u00a0\u00bbfull\u00a0\u00bb alignment=\u00a0\u00bbcenter\u00a0\u00bb qode_css_animation=\u00a0\u00bb\u00a0\u00bb][vc_empty_space height=\u00a0\u00bb22px\u00a0\u00bb][vc_column_text]<\/p>\n<h6 style=\"text-align: center;\">AGRICULTURE<\/h6>\n<p>[\/vc_column_text][\/vc_column_inner][vc_column_inner width=\u00a0\u00bb1\/5&Prime;][vc_empty_space height=\u00a0\u00bb22px\u00a0\u00bb][vc_single_image image=\u00a0\u00bb1122&Prime; img_size=\u00a0\u00bbfull\u00a0\u00bb alignment=\u00a0\u00bbcenter\u00a0\u00bb qode_css_animation=\u00a0\u00bb\u00a0\u00bb][vc_empty_space height=\u00a0\u00bb22px\u00a0\u00bb][vc_column_text]<\/p>\n<h6 style=\"text-align: center;\">HORTICULTURE<\/h6>\n<p>[\/vc_column_text][\/vc_column_inner][vc_column_inner width=\u00a0\u00bb1\/5&Prime;][vc_empty_space height=\u00a0\u00bb22px\u00a0\u00bb][vc_single_image image=\u00a0\u00bb1264&Prime; img_size=\u00a0\u00bbfull\u00a0\u00bb alignment=\u00a0\u00bbcenter\u00a0\u00bb qode_css_animation=\u00a0\u00bb\u00a0\u00bb][vc_empty_space height=\u00a0\u00bb22px\u00a0\u00bb][vc_column_text]<\/p>\n<h6 style=\"text-align: center;\">TERRAINS DE SPORT<\/h6>\n<p>[\/vc_column_text][\/vc_column_inner][vc_column_inner width=\u00a0\u00bb1\/5&Prime;][vc_empty_space height=\u00a0\u00bb22px\u00a0\u00bb][vc_single_image image=\u00a0\u00bb1269&Prime; img_size=\u00a0\u00bbfull\u00a0\u00bb alignment=\u00a0\u00bbcenter\u00a0\u00bb qode_css_animation=\u00a0\u00bb\u00a0\u00bb][vc_empty_space height=\u00a0\u00bb22px\u00a0\u00bb][vc_column_text]<\/p>\n<h6 style=\"text-align: center;\">TERRAINS DE GOLF<\/h6>\n<p>[\/vc_column_text][\/vc_column_inner][vc_column_inner width=\u00a0\u00bb1\/5&Prime;][vc_empty_space height=\u00a0\u00bb22px\u00a0\u00bb][vc_single_image image=\u00a0\u00bb1274&Prime; img_size=\u00a0\u00bbfull\u00a0\u00bb alignment=\u00a0\u00bbcenter\u00a0\u00bb qode_css_animation=\u00a0\u00bb\u00a0\u00bb][vc_empty_space height=\u00a0\u00bb22px\u00a0\u00bb][vc_column_text]<\/p>\n<h6 style=\"text-align: center;\">JARDINS PRIV\u00c9S<\/h6>\n<p>[\/vc_column_text][\/vc_column_inner][\/vc_row_inner][vc_empty_space height=\u00a0\u00bb52px\u00a0\u00bb][vc_column_text]<\/p>\n<h2 style=\"text-align: center;\">Les produits Sazolene<sup>\u00ae<\/sup><\/h2>\n<p>[\/vc_column_text][vc_empty_space height=\u00a0\u00bb22px\u00a0\u00bb][vc_row_inner row_type=\u00a0\u00bbrow\u00a0\u00bb type=\u00a0\u00bbfull_width\u00a0\u00bb text_align=\u00a0\u00bbleft\u00a0\u00bb css_animation=\u00a0\u00bb\u00a0\u00bb][vc_column_inner el_class=\u00a0\u00bbcolonna-granulari-sazolene\u00a0\u00bb width=\u00a0\u00bb1\/2&Prime;][vc_empty_space height=\u00a0\u00bb22px\u00a0\u00bb][vc_column_text]<span style=\"color: #373737; font-size: 28px;\">Granul\u00e9s<\/span>[\/vc_column_text][vc_empty_space height=\u00a0\u00bb22px\u00a0\u00bb][vc_column_text]<\/p>\n<ul style=\"list-style-position: outside;\">\n<li>Sazolene 39G<\/li>\n<li>NPK<\/li>\n<\/ul>\n<p>[\/vc_column_text][vc_empty_space height=\u00a0\u00bb22px\u00a0\u00bb]<a  itemprop=\"url\" href=\"https:\/\/www.saviolife.com\/fr\/produits\/sazolene\/granules\/\" target=\"_self\"  class=\"qbutton  default scuro\" style=\"\">ACCEDEZ AUX PRODUITS GRANUL\u00c9S<\/a>[vc_empty_space height=\u00a0\u00bb22px\u00a0\u00bb][\/vc_column_inner][vc_column_inner el_class=\u00a0\u00bbcolonna-liquidi-sazolene\u00a0\u00bb width=\u00a0\u00bb1\/2&Prime;][vc_empty_space height=\u00a0\u00bb22px\u00a0\u00bb][vc_column_text]<span style=\"color: #373737; font-size: 28px;\">Liquides<\/span>[\/vc_column_text][vc_empty_space height=\u00a0\u00bb22px\u00a0\u00bb][vc_column_text]<\/p>\n<ul style=\"list-style-position: outside;\">\n<li>Sazolene SC<\/li>\n<li>NPK<\/li>\n<\/ul>\n<p>[\/vc_column_text][vc_empty_space height=\u00a0\u00bb22px\u00a0\u00bb]<a  itemprop=\"url\" href=\"https:\/\/www.saviolife.com\/fr\/produits\/sazolene\/liquides\/\" target=\"_self\"  class=\"qbutton  default scuro\" style=\"\">ALLEZ AUX PRODUITS LIQUIDES<\/a>[vc_empty_space height=\u00a0\u00bb22px\u00a0\u00bb][\/vc_column_inner][\/vc_row_inner][\/qode_elements_holder_item][\/qode_elements_holder][\/vc_column][\/vc_row]<\/p>\n<\/div>","protected":false},"excerpt":{"rendered":"<p>[vc_row css_animation=\u00a0\u00bb\u00a0\u00bb row_type=\u00a0\u00bbrow\u00a0\u00bb use_row_as_full_screen_section=\u00a0\u00bbno\u00a0\u00bb type=\u00a0\u00bbfull_width\u00a0\u00bb angled_section=\u00a0\u00bbno\u00a0\u00bb text_align=\u00a0\u00bbleft\u00a0\u00bb background_image_as_pattern=\u00a0\u00bbwithout_pattern\u00a0\u00bb][vc_column][rev_slider_vc alias=\u00a0\u00bbsazolene_main-fr\u00a0\u00bb][\/vc_column][\/vc_row][vc_row css_animation=\u00a0\u00bb\u00a0\u00bb row_type=\u00a0\u00bbrow\u00a0\u00bb use_row_as_full_screen_section=\u00a0\u00bbno\u00a0\u00bb type=\u00a0\u00bbfull_width\u00a0\u00bb angled_section=\u00a0\u00bbno\u00a0\u00bb text_align=\u00a0\u00bbleft\u00a0\u00bb background_image_as_pattern=\u00a0\u00bbwithout_pattern\u00a0\u00bb el_class=\u00a0\u00bbriga-applicazioni-img-sinistra\u00a0\u00bb z_index=\u00a0\u00bb\u00a0\u00bb][vc_column][vc_row_inner row_type=\u00a0\u00bbrow\u00a0\u00bb type=\u00a0\u00bbfull_width\u00a0\u00bb text_align=\u00a0\u00bbleft\u00a0\u00bb css_animation=\u00a0\u00bb\u00a0\u00bb][vc_column_inner][qode_elements_holder number_of_columns=\u00a0\u00bbtwo_columns\u00a0\u00bb alignment_one_column=\u00a0\u00bbcenter\u00a0\u00bb][qode_elements_holder_item vertical_alignment=\u00a0\u00bbtop\u00a0\u00bb advanced_animations=\u00a0\u00bbno\u00a0\u00bb custom_class=\u00a0\u00bbcolonna-sx-img-sinistra-sazolene\u00a0\u00bb][vc_single_image image=\u00a0\u00bb811&Prime; img_size=\u00a0\u00bbfull\u00a0\u00bb qode_css_animation=\u00a0\u00bb\u00a0\u00bb][vc_empty_space height=\u00a0\u00bb22px\u00a0\u00bb][vc_column_text]Lorsque la conscience \u00e9cologique, la recherche et l\u2019introduction de nouvelles technologies cr\u00e9ent, ensemble, des avantages&#8230;<\/p>\n","protected":false},"author":1,"featured_media":0,"parent":0,"menu_order":0,"comment_status":"closed","ping_status":"closed","template":"full_width.php","meta":{"footnotes":""},"class_list":["post-1413","page","type-page","status-publish","hentry"],"_links":{"self":[{"href":"https:\/\/saviolife.com\/fr\/wp-json\/wp\/v2\/pages\/1413","targetHints":{"allow":["GET"]}}],"collection":[{"href":"https:\/\/saviolife.com\/fr\/wp-json\/wp\/v2\/pages"}],"about":[{"href":"https:\/\/saviolife.com\/fr\/wp-json\/wp\/v2\/types\/page"}],"author":[{"embeddable":true,"href":"https:\/\/saviolife.com\/fr\/wp-json\/wp\/v2\/users\/1"}],"replies":[{"embeddable":true,"href":"https:\/\/saviolife.com\/fr\/wp-json\/wp\/v2\/comments?post=1413"}],"version-history":[{"count":5,"href":"https:\/\/saviolife.com\/fr\/wp-json\/wp\/v2\/pages\/1413\/revisions"}],"predecessor-version":[{"id":2471,"href":"https:\/\/saviolife.com\/fr\/wp-json\/wp\/v2\/pages\/1413\/revisions\/2471"}],"wp:attachment":[{"href":"https:\/\/saviolife.com\/fr\/wp-json\/wp\/v2\/media?parent=1413"}],"curies":[{"name":"wp","href":"https:\/\/api.w.org\/{rel}","templated":true}]}}