{"id":1420,"date":"2019-02-04T17:52:09","date_gmt":"2019-02-04T16:52:09","guid":{"rendered":"https:\/\/www.saviolife.com\/saviotan\/"},"modified":"2023-07-20T10:39:59","modified_gmt":"2023-07-20T08:39:59","slug":"saviotan","status":"publish","type":"page","link":"https:\/\/saviolife.com\/fr\/saviotan\/","title":{"rendered":"Saviotan"},"content":{"rendered":"<div class=\"wpb-content-wrapper\"><p>[vc_row css_animation=\u00a0\u00bb\u00a0\u00bb row_type=\u00a0\u00bbrow\u00a0\u00bb use_row_as_full_screen_section=\u00a0\u00bbno\u00a0\u00bb type=\u00a0\u00bbfull_width\u00a0\u00bb angled_section=\u00a0\u00bbno\u00a0\u00bb text_align=\u00a0\u00bbleft\u00a0\u00bb background_image_as_pattern=\u00a0\u00bbwithout_pattern\u00a0\u00bb el_class=\u00a0\u00bbintroduzione-slide-saviotan\u00a0\u00bb z_index=\u00a0\u00bb\u00a0\u00bb][vc_column][vc_empty_space height=\u00a0\u00bb200px\u00a0\u00bb][vc_row_inner row_type=\u00a0\u00bbrow\u00a0\u00bb type=\u00a0\u00bbfull_width\u00a0\u00bb text_align=\u00a0\u00bbleft\u00a0\u00bb css_animation=\u00a0\u00bb\u00a0\u00bb][vc_column_inner][qode_elements_holder number_of_columns=\u00a0\u00bbone_column\u00a0\u00bb][qode_elements_holder_item advanced_animations=\u00a0\u00bbno\u00a0\u00bb custom_class=\u00a0\u00bbsaviotan-contenuto-slider\u00a0\u00bb][vc_single_image image=\u00a0\u00bb628&Prime; img_size=\u00a0\u00bbfull\u00a0\u00bb alignment=\u00a0\u00bbcenter\u00a0\u00bb qode_css_animation=\u00a0\u00bb\u00a0\u00bb][vc_empty_space height=\u00a0\u00bb22px\u00a0\u00bb][vc_column_text]<\/p>\n<p style=\"text-align: center; font-size: 18px;\">Saviotan<sup>\u00ae<\/sup> est un extrait naturel de ch\u00e2taigner<br \/>\naux propri\u00e9t\u00e9s uniques au monde.<\/p>\n<p>[\/vc_column_text][\/qode_elements_holder_item][\/qode_elements_holder][\/vc_column_inner][\/vc_row_inner][vc_empty_space height=\u00a0\u00bb100px\u00a0\u00bb][\/vc_column][\/vc_row][vc_row css_animation=\u00a0\u00bb\u00a0\u00bb row_type=\u00a0\u00bbrow\u00a0\u00bb use_row_as_full_screen_section=\u00a0\u00bbno\u00a0\u00bb type=\u00a0\u00bbfull_width\u00a0\u00bb angled_section=\u00a0\u00bbno\u00a0\u00bb text_align=\u00a0\u00bbleft\u00a0\u00bb background_image_as_pattern=\u00a0\u00bbwithout_pattern\u00a0\u00bb el_class=\u00a0\u00bbriga-saviotan-tannino\u00a0\u00bb z_index=\u00a0\u00bb\u00a0\u00bb][vc_column]<div class=\"qode-advanced-tabs qode-advanced-tabs qode-advanced-horizontal-tab clearfix qode-advanced-tab-without-icon qode-advanced-tabs-column-4 clearfix\">\n\t<ul class=\"qode-advanced-tabs-nav\">\n\t\t\t\t\t<li>\n\t\t\t\t<h3>\n\t\t\t\t\t<a href=\"#tab-pourquoi-le-tanin\">\n\t\t\t\t\t\t\n\t\t\t\t\t\t\t\t\t\t\t\t\t<span class=\"qode-advanced-tab-text-after-icon\">\n\t\t\t\t\t\t\t\tPourquoi le tanin?\t\t\t\t\t\t\t<\/span>\n\t\t\t\t\t\t\t\t\t\t\t<\/a>\n\t\t\t\t<\/h3>\n\t\t\t<\/li>\n\t\t\t\t\t<li>\n\t\t\t\t<h3>\n\t\t\t\t\t<a href=\"#tab-comment-fonctionne-t-il\">\n\t\t\t\t\t\t\n\t\t\t\t\t\t\t\t\t\t\t\t\t<span class=\"qode-advanced-tab-text-after-icon\">\n\t\t\t\t\t\t\t\tComment fonctionne-t-il?\t\t\t\t\t\t\t<\/span>\n\t\t\t\t\t\t\t\t\t\t\t<\/a>\n\t\t\t\t<\/h3>\n\t\t\t<\/li>\n\t\t\t\t\t<li>\n\t\t\t\t<h3>\n\t\t\t\t\t<a href=\"#tab-comment-lextrait-on\">\n\t\t\t\t\t\t\n\t\t\t\t\t\t\t\t\t\t\t\t\t<span class=\"qode-advanced-tab-text-after-icon\">\n\t\t\t\t\t\t\t\tComment l\u2019extrait-on?\t\t\t\t\t\t\t<\/span>\n\t\t\t\t\t\t\t\t\t\t\t<\/a>\n\t\t\t\t<\/h3>\n\t\t\t<\/li>\n\t\t\t\t\t<li>\n\t\t\t\t<h3>\n\t\t\t\t\t<a href=\"#tab-pourquoi-est-il-different\">\n\t\t\t\t\t\t\n\t\t\t\t\t\t\t\t\t\t\t\t\t<span class=\"qode-advanced-tab-text-after-icon\">\n\t\t\t\t\t\t\t\tPourquoi est-il diff\u00e9rent?\t\t\t\t\t\t\t<\/span>\n\t\t\t\t\t\t\t\t\t\t\t<\/a>\n\t\t\t\t<\/h3>\n\t\t\t<\/li>\n\t\t\t<\/ul>\n\t<div class=\"qode-advanced-tab-container\" id=\"tab-pourquoi-le-tanin-142\" data-icon-pack=\"\" data-icon-html=\"\">[vc_empty_space height=\u00a0\u00bb22px\u00a0\u00bb][vc_row_inner row_type=\u00a0\u00bbrow\u00a0\u00bb type=\u00a0\u00bbfull_width\u00a0\u00bb text_align=\u00a0\u00bbleft\u00a0\u00bb css_animation=\u00a0\u00bb\u00a0\u00bb el_class=\u00a0\u00bbriga-tab-inner\u00a0\u00bb][vc_column_inner el_class=\u00a0\u00bbdisplay-none-img-temporaneo\u00a0\u00bb width=\u00a0\u00bb1\/4&Prime;][vc_single_image image=\u00a0\u00bb806&Prime; img_size=\u00a0\u00bbfull\u00a0\u00bb alignment=\u00a0\u00bbcenter\u00a0\u00bb qode_css_animation=\u00a0\u00bb\u00a0\u00bb][vc_empty_space height=\u00a0\u00bb22px\u00a0\u00bb][\/vc_column_inner][vc_column_inner width=\u00a0\u00bb3\/4&Prime;][vc_column_text]<\/p>\n<h5>QU\u2019EST-CE QUE LE TANIN ?<\/h5>\n<p>[\/vc_column_text][vc_empty_space height=\u00a0\u00bb22px\u00a0\u00bb][vc_column_text]Le tanin est une substance naturelle contenue dans le bois. D\u2019un point de vue chimique, il s\u2019agit d\u2019un agglom\u00e9rat d\u2019acides organiques naturels. La meilleure plante \u00e0 partir de laquelle on l\u2019obtient est le ch\u00e2taignier, car il en contient des concentrations \u00e9lev\u00e9es et d\u2019excellente qualit\u00e9. Les troupeaux au p\u00e2turage ont toujours couvert de mani\u00e8re spontan\u00e9e leurs besoins de ces pr\u00e9cieux principes actifs contenus dans de nombreuses esp\u00e8ces v\u00e9g\u00e9tales herbac\u00e9es et arborescentes. Aujourd\u2019hui les \u00e9tudes et les recherches scientifiques prouvent que les animaux avaient raison, compte tenu de la d\u00e9couverte continue de nouveaux aspects positifs inexplor\u00e9s de ce fantastique principe actif naturel.[\/vc_column_text][\/vc_column_inner][\/vc_row_inner][vc_empty_space height=\u00a0\u00bb22px\u00a0\u00bb]<\/div><div class=\"qode-advanced-tab-container\" id=\"tab-comment-fonctionne-t-il-536\" data-icon-pack=\"\" data-icon-html=\"\">[vc_empty_space height=\u00a0\u00bb22px\u00a0\u00bb][vc_row_inner row_type=\u00a0\u00bbrow\u00a0\u00bb type=\u00a0\u00bbfull_width\u00a0\u00bb text_align=\u00a0\u00bbleft\u00a0\u00bb css_animation=\u00a0\u00bb\u00a0\u00bb el_class=\u00a0\u00bbriga-tab-inner\u00a0\u00bb][vc_column_inner el_class=\u00a0\u00bbdisplay-none-img-temporaneo\u00a0\u00bb width=\u00a0\u00bb1\/4&Prime;][vc_single_image image=\u00a0\u00bb806&Prime; img_size=\u00a0\u00bbfull\u00a0\u00bb alignment=\u00a0\u00bbcenter\u00a0\u00bb qode_css_animation=\u00a0\u00bb\u00a0\u00bb][vc_empty_space height=\u00a0\u00bb22px\u00a0\u00bb][\/vc_column_inner][vc_column_inner width=\u00a0\u00bb3\/4&Prime;][vc_column_text]<\/p>\n<h5>\u00c0 QUOI CELA SERT-IL?<\/h5>\n<p>[\/vc_column_text][vc_empty_space height=\u00a0\u00bb22px\u00a0\u00bb][vc_column_text]Comme compl\u00e9ment alimentaire pour l\u2019alimentation animale il favorise de mani\u00e8re \u00e9vidente le bien-\u00eatre de l\u2019animal en agissant comme un antioxydant, un r\u00e9gulateur de la flore bact\u00e9rienne et un antiparasitaire naturel. Produit 100% naturel, utilis\u00e9 dans des dosages appropri\u00e9s il ne provoque pas d\u2019effets secondaires et est compl\u00e8tement biod\u00e9gradable.<\/p>\n<p>Dans les cultures, il est un correcteur organique, enti\u00e8rement naturel, riche en acides organiques et en sucres. On l\u2019utilise pour corriger l\u2019eau et le sol, de pr\u00e9f\u00e9rence dans les terrains alcalins, calcaires et salins, o\u00f9 il am\u00e9liore la r\u00e9sistance des plantes au stress salin, \u00e0 la chlorose et aux ph\u00e9nom\u00e8nes de \u201cfatigue\u201d du sol dus \u00e0 l\u2019adoption d\u2019alternances trop \u00e9troites.<\/p>\n<p>Pour l\u2019industrie du tannage, ce produit a des valeurs sup\u00e9rieures, un excellent niveau qualitatif et une puret\u00e9 \u00e9lev\u00e9e. Sa pr\u00e9rogative est de mettre en \u00e9vidence les aspects naturels de la peau : il valorise sa qualit\u00e9 de mati\u00e8re premi\u00e8re en la rendant plus solide et r\u00e9sistante, chaude et expressive.<br \/>\n[\/vc_column_text][\/vc_column_inner][\/vc_row_inner][vc_empty_space height=\u00a0\u00bb22px\u00a0\u00bb]<\/div><div class=\"qode-advanced-tab-container\" id=\"tab-comment-lextrait-on-234\" data-icon-pack=\"\" data-icon-html=\"\">[vc_empty_space height=\u00a0\u00bb22px\u00a0\u00bb][vc_row_inner row_type=\u00a0\u00bbrow\u00a0\u00bb type=\u00a0\u00bbfull_width\u00a0\u00bb text_align=\u00a0\u00bbleft\u00a0\u00bb css_animation=\u00a0\u00bb\u00a0\u00bb el_class=\u00a0\u00bbriga-tab-inner\u00a0\u00bb][vc_column_inner el_class=\u00a0\u00bbdisplay-none-img-temporaneo\u00a0\u00bb width=\u00a0\u00bb1\/4&Prime;][vc_single_image image=\u00a0\u00bb806&Prime; img_size=\u00a0\u00bbfull\u00a0\u00bb alignment=\u00a0\u00bbcenter\u00a0\u00bb qode_css_animation=\u00a0\u00bb\u00a0\u00bb][vc_empty_space height=\u00a0\u00bb22px\u00a0\u00bb][\/vc_column_inner][vc_column_inner width=\u00a0\u00bb3\/4&Prime;][vc_column_text]<\/p>\n<h5>Comment l\u2019extrait-on?<\/h5>\n<p>[\/vc_column_text][vc_empty_space height=\u00a0\u00bb22px\u00a0\u00bb][vc_column_text]Les acides organiques ont une structure mol\u00e9culaire tr\u00e8s sensible \u00e0 la chaleur. Les technologies de Saviolife, brevet\u00e9es au niveau mondial, permettent d\u2019extraire le principe actif totalement \u00e0 froid. L\u2019ensemble du processus d\u2019extraction se fait \u00e0 l\u2019eau, et permet de n\u2019extraire que les tanins hydrolys\u00e9s de premier choix : en maintenant des temp\u00e9ratures peu \u00e9lev\u00e9es, on arrive \u00e0 garder inchang\u00e9es les caract\u00e9ristiques du tanin et \u00e0 offrir des produits de tr\u00e8s haut niveau qualitatif, totalement naturels.[\/vc_column_text][\/vc_column_inner][\/vc_row_inner][vc_empty_space height=\u00a0\u00bb22px\u00a0\u00bb]<\/div><div class=\"qode-advanced-tab-container\" id=\"tab-pourquoi-est-il-different-14\" data-icon-pack=\"\" data-icon-html=\"\">[vc_empty_space height=\u00a0\u00bb22px\u00a0\u00bb][vc_row_inner row_type=\u00a0\u00bbrow\u00a0\u00bb type=\u00a0\u00bbfull_width\u00a0\u00bb text_align=\u00a0\u00bbleft\u00a0\u00bb css_animation=\u00a0\u00bb\u00a0\u00bb el_class=\u00a0\u00bbriga-tab-inner\u00a0\u00bb][vc_column_inner el_class=\u00a0\u00bbdisplay-none-img-temporaneo\u00a0\u00bb width=\u00a0\u00bb1\/4&Prime;][vc_single_image image=\u00a0\u00bb806&Prime; img_size=\u00a0\u00bbfull\u00a0\u00bb alignment=\u00a0\u00bbcenter\u00a0\u00bb qode_css_animation=\u00a0\u00bb\u00a0\u00bb][vc_empty_space height=\u00a0\u00bb22px\u00a0\u00bb][\/vc_column_inner][vc_column_inner width=\u00a0\u00bb3\/4&Prime;][qode_elements_holder number_of_columns=\u00a0\u00bbtwo_columns\u00a0\u00bb][qode_elements_holder_item vertical_alignment=\u00a0\u00bbtop\u00a0\u00bb advanced_animations=\u00a0\u00bbno\u00a0\u00bb custom_class=\u00a0\u00bbperche-diverso-tab\u00a0\u00bb][vc_column_text]<\/p>\n<h5>Pourquoi est-il diff\u00e9rent?<\/h5>\n<p>[\/vc_column_text][vc_empty_space height=\u00a0\u00bb22px\u00a0\u00bb][vc_column_text]Les tanins ne sont pas tous pareils. Le tanin hydrolys\u00e9 extrait du ch\u00e2taignier se dissout compl\u00e8tement dans l\u2019eau sans laisser de r\u00e9sidus : il offre un principe actif complet et utilisable. Par cons\u00e9quent il se pr\u00eate particuli\u00e8rement bien \u00e0 une utilisation dans divers domaines des Sciences de la Vie, parfois en remplacement des produits \u00ab traditionnels \u00bb plus on\u00e9reux, moins naturels et certainement plus impactants.[\/vc_column_text][vc_empty_space height=\u00a0\u00bb22px\u00a0\u00bb][\/qode_elements_holder_item][qode_elements_holder_item vertical_alignment=\u00a0\u00bbtop\u00a0\u00bb advanced_animations=\u00a0\u00bbno\u00a0\u00bb item_padding_768_1024=\u00a0\u00bb0 3% 0 3%\u00a0\u00bb item_padding_600_768=\u00a0\u00bb0 3% 0 3%\u00a0\u00bb item_padding_480_600=\u00a0\u00bb0 3% 0 3%\u00a0\u00bb custom_class=\u00a0\u00bbperche-diverso-elenco\u00a0\u00bb][vc_column_text]<strong>Les incroyables propri\u00e9t\u00e9s du tanin:<\/strong>[\/vc_column_text][vc_empty_space][vc_column_text]<\/p>\n<ul>\n<li><span style=\"font-family: 'DINPro-Regular', sans-serif;\">inhibe l\u2019oxydation des mati\u00e8res vivantes<\/span><\/li>\n<li><span style=\"font-family: 'DINPro-Regular', sans-serif;\">est un r\u00e9gulateur de la flore bact\u00e9rienne<\/span><\/li>\n<li><span style=\"font-family: 'DINPro-Regular', sans-serif;\">optimise le syst\u00e8me immunitaire sans cr\u00e9er d\u2019immunor\u00e9sistances<\/span><\/li>\n<li><span style=\"font-family: 'DINPro-Regular', sans-serif;\">est un inhibiteur de radicaux libres (antioxydant)<\/span><\/li>\n<li><span style=\"font-family: 'DINPro-Regular', sans-serif;\">am\u00e9liore la stabilit\u00e9 prot\u00e9ique<\/span><\/li>\n<li><span style=\"font-family: 'DINPro-Regular', sans-serif;\">produit des d\u00e9jections de meilleure composition<\/span><\/li>\n<li><span style=\"font-family: 'DINPro-Regular', sans-serif;\">limite l\u2019impact environnemental<\/span><\/li>\n<li><span style=\"font-family: 'DINPro-Regular', sans-serif;\">ne provoque pas d\u2019effets collat\u00e9raux<\/span><\/li>\n<\/ul>\n<p>[\/vc_column_text][\/qode_elements_holder_item][\/qode_elements_holder][\/vc_column_inner][\/vc_row_inner][vc_empty_space height=\u00a0\u00bb22px\u00a0\u00bb]<\/div><\/div>[\/vc_column][\/vc_row][vc_row css_animation=\u00a0\u00bb\u00a0\u00bb row_type=\u00a0\u00bbrow\u00a0\u00bb use_row_as_full_screen_section=\u00a0\u00bbno\u00a0\u00bb type=\u00a0\u00bbfull_width\u00a0\u00bb angled_section=\u00a0\u00bbno\u00a0\u00bb text_align=\u00a0\u00bbleft\u00a0\u00bb background_image_as_pattern=\u00a0\u00bbwithout_pattern\u00a0\u00bb el_class=\u00a0\u00bbriga-applicazioni-img-sinistra\u00a0\u00bb z_index=\u00a0\u00bb\u00a0\u00bb][vc_column el_class=\u00a0\u00bbleather\u00a0\u00bb][vc_column_text]<a id=\"ancora-leather\"><\/a>[\/vc_column_text][vc_row_inner row_type=\u00a0\u00bbrow\u00a0\u00bb type=\u00a0\u00bbfull_width\u00a0\u00bb text_align=\u00a0\u00bbleft\u00a0\u00bb css_animation=\u00a0\u00bb\u00a0\u00bb el_class=\u00a0\u00bbleather\u00a0\u00bb][vc_column_inner][qode_elements_holder number_of_columns=\u00a0\u00bbtwo_columns\u00a0\u00bb alignment_one_column=\u00a0\u00bbcenter\u00a0\u00bb][qode_elements_holder_item advanced_animations=\u00a0\u00bbno\u00a0\u00bb custom_class=\u00a0\u00bbcolonna-sx-img-sinistra\u00a0\u00bb][vc_single_image image=\u00a0\u00bb486&Prime; img_size=\u00a0\u00bbfull\u00a0\u00bb alignment=\u00a0\u00bbcenter\u00a0\u00bb qode_css_animation=\u00a0\u00bb\u00a0\u00bb][\/qode_elements_holder_item][qode_elements_holder_item advanced_animations=\u00a0\u00bbno\u00a0\u00bb custom_class=\u00a0\u00bbcolonna-dx-img-sinistra\u00a0\u00bb][vc_single_image image=\u00a0\u00bb567&Prime; img_size=\u00a0\u00bbfull\u00a0\u00bb qode_css_animation=\u00a0\u00bb\u00a0\u00bb][vc_empty_space height=\u00a0\u00bb22px\u00a0\u00bb][vc_column_text]Saviotan<sup>\u00ae<\/sup> Leather est utilis\u00e9 dans l\u2019industrie du tannage pour sa capacit\u00e9 de mettre en \u00e9vidence les aspects naturels de la peau, en valorisant la qualit\u00e9 de la mati\u00e8re prem[\/vc_column_text][vc_empty_space height=\u00a0\u00bb22px\u00a0\u00bb]<a  itemprop=\"url\" href=\"https:\/\/www.saviolife.com\/fr\/produits\/saviotan\/saviotan-leather\/\" target=\"_self\"  class=\"qbutton  default scuro\" style=\"\">ALLER \u00c0 SAVIOTAN LEATHER<\/a>[\/qode_elements_holder_item][\/qode_elements_holder][\/vc_column_inner][\/vc_row_inner][\/vc_column][\/vc_row][vc_row css_animation=\u00a0\u00bb\u00a0\u00bb row_type=\u00a0\u00bbrow\u00a0\u00bb use_row_as_full_screen_section=\u00a0\u00bbno\u00a0\u00bb type=\u00a0\u00bbfull_width\u00a0\u00bb angled_section=\u00a0\u00bbno\u00a0\u00bb text_align=\u00a0\u00bbleft\u00a0\u00bb background_image_as_pattern=\u00a0\u00bbwithout_pattern\u00a0\u00bb el_class=\u00a0\u00bbriga-applicazioni-img-destra\u00a0\u00bb z_index=\u00a0\u00bb\u00a0\u00bb][vc_column][vc_column_text]<a id=\"ancora-feed\"><\/a>[\/vc_column_text][vc_row_inner row_type=\u00a0\u00bbrow\u00a0\u00bb type=\u00a0\u00bbfull_width\u00a0\u00bb text_align=\u00a0\u00bbleft\u00a0\u00bb css_animation=\u00a0\u00bb\u00a0\u00bb el_class=\u00a0\u00bbfeed\u00a0\u00bb][vc_column_inner][qode_elements_holder number_of_columns=\u00a0\u00bbtwo_columns\u00a0\u00bb alignment_one_column=\u00a0\u00bbcenter\u00a0\u00bb custom_class=\u00a0\u00bbcolonne-applicazioni-invertite-mobile\u00a0\u00bb][qode_elements_holder_item advanced_animations=\u00a0\u00bbno\u00a0\u00bb custom_class=\u00a0\u00bbcolonna-sx-img-destra\u00a0\u00bb][vc_single_image image=\u00a0\u00bb604&Prime; img_size=\u00a0\u00bbfull\u00a0\u00bb qode_css_animation=\u00a0\u00bb\u00a0\u00bb][vc_empty_space height=\u00a0\u00bb22px\u00a0\u00bb][vc_column_text]<\/p>\n<h2>Under constuction<\/h2>\n<p>[\/vc_column_text][vc_column_text el_class=\u00a0\u00bbnascondi\u00a0\u00bb]Saviotan<sup>\u00ae<\/sup> <span style=\"font-weight: 400;\">Feed est un astringent et un antiseptique naturel qui r\u00e9duit de mani\u00e8re significative le recours aux antibiotiques. Ce produit innovant est de plus en plus r\u00e9pandu dans le domaine de l\u2019alimentation des volailles, des porcs et des bovins.<\/span>[\/vc_column_text][vc_empty_space height=\u00a0\u00bb22px\u00a0\u00bb]<a  itemprop=\"url\" href=\"https:\/\/www.saviolife.com\/fr\/produits\/saviotan\/saviotan-feed\/\" target=\"_self\"  class=\"qbutton  default scuro\" style=\"\">ALLER \u00c0 SAVIOTAN FEED<\/a>[\/qode_elements_holder_item][qode_elements_holder_item advanced_animations=\u00a0\u00bbno\u00a0\u00bb custom_class=\u00a0\u00bbcolonna-dx-img-destra\u00a0\u00bb][vc_single_image image=\u00a0\u00bb347&Prime; img_size=\u00a0\u00bbfull\u00a0\u00bb alignment=\u00a0\u00bbcenter\u00a0\u00bb qode_css_animation=\u00a0\u00bb\u00a0\u00bb][\/qode_elements_holder_item][\/qode_elements_holder][\/vc_column_inner][\/vc_row_inner][\/vc_column][\/vc_row][vc_row css_animation=\u00a0\u00bb\u00a0\u00bb row_type=\u00a0\u00bbrow\u00a0\u00bb use_row_as_full_screen_section=\u00a0\u00bbno\u00a0\u00bb type=\u00a0\u00bbfull_width\u00a0\u00bb angled_section=\u00a0\u00bbno\u00a0\u00bb text_align=\u00a0\u00bbleft\u00a0\u00bb background_image_as_pattern=\u00a0\u00bbwithout_pattern\u00a0\u00bb el_class=\u00a0\u00bbriga-applicazioni-img-sinistra\u00a0\u00bb z_index=\u00a0\u00bb\u00a0\u00bb][vc_column][vc_column_text]<a id=\"ancora-agro\"><\/a>[\/vc_column_text][vc_row_inner row_type=\u00a0\u00bbrow\u00a0\u00bb type=\u00a0\u00bbfull_width\u00a0\u00bb text_align=\u00a0\u00bbleft\u00a0\u00bb css_animation=\u00a0\u00bb\u00a0\u00bb el_class=\u00a0\u00bbagro\u00a0\u00bb][vc_column_inner][qode_elements_holder number_of_columns=\u00a0\u00bbtwo_columns\u00a0\u00bb alignment_one_column=\u00a0\u00bbcenter\u00a0\u00bb][qode_elements_holder_item advanced_animations=\u00a0\u00bbno\u00a0\u00bb custom_class=\u00a0\u00bbcolonna-sx-img-sinistra\u00a0\u00bb][vc_single_image image=\u00a0\u00bb358&Prime; img_size=\u00a0\u00bbfull\u00a0\u00bb alignment=\u00a0\u00bbcenter\u00a0\u00bb qode_css_animation=\u00a0\u00bb\u00a0\u00bb][\/qode_elements_holder_item][qode_elements_holder_item advanced_animations=\u00a0\u00bbno\u00a0\u00bb custom_class=\u00a0\u00bbcolonna-dx-img-sinistra\u00a0\u00bb][vc_single_image image=\u00a0\u00bb610&Prime; img_size=\u00a0\u00bbfull\u00a0\u00bb qode_css_animation=\u00a0\u00bb\u00a0\u00bb][vc_empty_space height=\u00a0\u00bb22px\u00a0\u00bb][vc_column_text]Saviotan<sup>\u00ae<\/sup> <span style=\"font-weight: 400;\">Agro est l\u2019alternative naturelle aux produits chimiques dans l\u2019agriculture traditionnelle vou\u00e9e \u00e0 l\u2019agriculture biologique. On l\u2019utilise comme correcteur organique afin de favoriser la croissance saine des plantes et am\u00e9liorer leur r\u00e9sistance.<\/span>[\/vc_column_text][vc_empty_space height=\u00a0\u00bb22px\u00a0\u00bb]<a  itemprop=\"url\" href=\"https:\/\/www.saviolife.com\/fr\/produits\/saviotan\/saviotan-agro\/\" target=\"_self\"  class=\"qbutton  default scuro\" style=\"\">ALLER \u00c0 SAVIOTAN AGRO<\/a>[\/qode_elements_holder_item][\/qode_elements_holder][\/vc_column_inner][\/vc_row_inner][\/vc_column][\/vc_row]<\/p>\n<\/div>","protected":false},"excerpt":{"rendered":"<p>[vc_row css_animation=\u00a0\u00bb\u00a0\u00bb row_type=\u00a0\u00bbrow\u00a0\u00bb use_row_as_full_screen_section=\u00a0\u00bbno\u00a0\u00bb type=\u00a0\u00bbfull_width\u00a0\u00bb angled_section=\u00a0\u00bbno\u00a0\u00bb text_align=\u00a0\u00bbleft\u00a0\u00bb background_image_as_pattern=\u00a0\u00bbwithout_pattern\u00a0\u00bb el_class=\u00a0\u00bbintroduzione-slide-saviotan\u00a0\u00bb z_index=\u00a0\u00bb\u00a0\u00bb][vc_column][vc_empty_space height=\u00a0\u00bb200px\u00a0\u00bb][vc_row_inner row_type=\u00a0\u00bbrow\u00a0\u00bb type=\u00a0\u00bbfull_width\u00a0\u00bb text_align=\u00a0\u00bbleft\u00a0\u00bb css_animation=\u00a0\u00bb\u00a0\u00bb][vc_column_inner][qode_elements_holder number_of_columns=\u00a0\u00bbone_column\u00a0\u00bb][qode_elements_holder_item advanced_animations=\u00a0\u00bbno\u00a0\u00bb custom_class=\u00a0\u00bbsaviotan-contenuto-slider\u00a0\u00bb][vc_single_image image=\u00a0\u00bb628&Prime; img_size=\u00a0\u00bbfull\u00a0\u00bb alignment=\u00a0\u00bbcenter\u00a0\u00bb qode_css_animation=\u00a0\u00bb\u00a0\u00bb][vc_empty_space height=\u00a0\u00bb22px\u00a0\u00bb][vc_column_text] Saviotan\u00ae est un extrait naturel de ch\u00e2taigner aux propri\u00e9t\u00e9s uniques au monde. [\/vc_column_text][\/qode_elements_holder_item][\/qode_elements_holder][\/vc_column_inner][\/vc_row_inner][vc_empty_space height=\u00a0\u00bb100px\u00a0\u00bb][\/vc_column][\/vc_row][vc_row css_animation=\u00a0\u00bb\u00a0\u00bb row_type=\u00a0\u00bbrow\u00a0\u00bb use_row_as_full_screen_section=\u00a0\u00bbno\u00a0\u00bb type=\u00a0\u00bbfull_width\u00a0\u00bb angled_section=\u00a0\u00bbno\u00a0\u00bb text_align=\u00a0\u00bbleft\u00a0\u00bb background_image_as_pattern=\u00a0\u00bbwithout_pattern\u00a0\u00bb el_class=\u00a0\u00bbriga-saviotan-tannino\u00a0\u00bb&#8230;<\/p>\n","protected":false},"author":1,"featured_media":0,"parent":0,"menu_order":0,"comment_status":"closed","ping_status":"closed","template":"full_width.php","meta":{"footnotes":""},"class_list":["post-1420","page","type-page","status-publish","hentry"],"_links":{"self":[{"href":"https:\/\/saviolife.com\/fr\/wp-json\/wp\/v2\/pages\/1420","targetHints":{"allow":["GET"]}}],"collection":[{"href":"https:\/\/saviolife.com\/fr\/wp-json\/wp\/v2\/pages"}],"about":[{"href":"https:\/\/saviolife.com\/fr\/wp-json\/wp\/v2\/types\/page"}],"author":[{"embeddable":true,"href":"https:\/\/saviolife.com\/fr\/wp-json\/wp\/v2\/users\/1"}],"replies":[{"embeddable":true,"href":"https:\/\/saviolife.com\/fr\/wp-json\/wp\/v2\/comments?post=1420"}],"version-history":[{"count":5,"href":"https:\/\/saviolife.com\/fr\/wp-json\/wp\/v2\/pages\/1420\/revisions"}],"predecessor-version":[{"id":2770,"href":"https:\/\/saviolife.com\/fr\/wp-json\/wp\/v2\/pages\/1420\/revisions\/2770"}],"wp:attachment":[{"href":"https:\/\/saviolife.com\/fr\/wp-json\/wp\/v2\/media?parent=1420"}],"curies":[{"name":"wp","href":"https:\/\/api.w.org\/{rel}","templated":true}]}}