{"id":1434,"date":"2019-01-29T09:44:55","date_gmt":"2019-01-29T08:44:55","guid":{"rendered":"https:\/\/www.saviolife.com\/natural-tomorrow\/"},"modified":"2021-03-17T11:59:43","modified_gmt":"2021-03-17T10:59:43","slug":"natural-tomorrow","status":"publish","type":"page","link":"https:\/\/saviolife.com\/fr\/natural-tomorrow\/","title":{"rendered":"Natural Tomorrow"},"content":{"rendered":"<div class=\"wpb-content-wrapper\"><p>[vc_row css_animation=\u00a0\u00bb\u00a0\u00bb row_type=\u00a0\u00bbrow\u00a0\u00bb use_row_as_full_screen_section=\u00a0\u00bbno\u00a0\u00bb type=\u00a0\u00bbfull_width\u00a0\u00bb angled_section=\u00a0\u00bbno\u00a0\u00bb text_align=\u00a0\u00bbleft\u00a0\u00bb background_image_as_pattern=\u00a0\u00bbwithout_pattern\u00a0\u00bb][vc_column][vc_empty_space height=\u00a0\u00bb123px\u00a0\u00bb el_class=\u00a0\u00bbspazio_zero\u00a0\u00bb][rev_slider_vc alias=\u00a0\u00bbfilm-strip\u00a0\u00bb][\/vc_column][\/vc_row][vc_row css_animation=\u00a0\u00bb\u00a0\u00bb row_type=\u00a0\u00bbrow\u00a0\u00bb use_row_as_full_screen_section=\u00a0\u00bbno\u00a0\u00bb type=\u00a0\u00bbfull_width\u00a0\u00bb angled_section=\u00a0\u00bbno\u00a0\u00bb text_align=\u00a0\u00bbleft\u00a0\u00bb background_image_as_pattern=\u00a0\u00bbwithout_pattern\u00a0\u00bb css=\u00a0\u00bb.vc_custom_1551283792967{padding-top: 7% !important;padding-bottom: 10% !important;background-image: url(https:\/\/www.saviolife.com\/wp-content\/uploads\/2019\/02\/sfondo_riga_1.jpg?id=1886) !important;}\u00a0\u00bb z_index=\u00a0\u00bb\u00a0\u00bb][vc_column][vc_row_inner row_type=\u00a0\u00bbrow\u00a0\u00bb type=\u00a0\u00bbgrid\u00a0\u00bb text_align=\u00a0\u00bbleft\u00a0\u00bb css_animation=\u00a0\u00bb\u00a0\u00bb][vc_column_inner][vc_column_text el_class=\u00a0\u00bbtesto_natural_tomorrow\u00a0\u00bb]<span style=\"font-weight: 400;\">La R\u00e9volution scientifique d\u2019abord, la R\u00e9volution industrielle ensuite, ont compl\u00e8tement transform\u00e9 notre soci\u00e9t\u00e9. Les bienfaits que la Science et la Technique ont apport\u00e9 au genre humain, en termes de connaissances, de bien-\u00eatre, de progr\u00e8s, ne peuvent \u00eatre remis en question, tout comme le revers de la m\u00e9daille\u00a0: l\u2019impact qu\u2019ils ont eu et ont encore sur l\u2019\u00e9cosyst\u00e8me.<\/span>[\/vc_column_text][\/vc_column_inner][\/vc_row_inner][\/vc_column][\/vc_row][vc_row css_animation=\u00a0\u00bb\u00a0\u00bb row_type=\u00a0\u00bbrow\u00a0\u00bb use_row_as_full_screen_section=\u00a0\u00bbno\u00a0\u00bb type=\u00a0\u00bbfull_width\u00a0\u00bb angled_section=\u00a0\u00bbno\u00a0\u00bb text_align=\u00a0\u00bbleft\u00a0\u00bb background_image_as_pattern=\u00a0\u00bbwithout_pattern\u00a0\u00bb z_index=\u00a0\u00bb\u00a0\u00bb][vc_column][qode_elements_holder number_of_columns=\u00a0\u00bbtwo_columns\u00a0\u00bb switch_to_one_column=\u00a0\u00bb768&Prime; alignment_one_column=\u00a0\u00bbcenter\u00a0\u00bb custom_class=\u00a0\u00bbinverti_mobile\u00a0\u00bb][qode_elements_holder_item vertical_alignment=\u00a0\u00bbmiddle\u00a0\u00bb horizontal_alignment=\u00a0\u00bbleft\u00a0\u00bb advanced_animations=\u00a0\u00bbno\u00a0\u00bb background_image=\u00a0\u00bb218&Prime; item_padding=\u00a0\u00bb14% 10% 14% 30%\u00a0\u00bb item_padding_600_768=\u00a0\u00bb8%\u00a0\u00bb item_padding_480_600=\u00a0\u00bb8%\u00a0\u00bb item_padding_480=\u00a0\u00bb8%\u00a0\u00bb custom_class=\u00a0\u00bbinverti_mobile_txt you_testo\u00a0\u00bb][vc_column_text el_class=\u00a0\u00bbtesto_natural_tomorrow\u00a0\u00bb]S\u2019il est vrai qu\u2019aujourd\u2019hui les industries ne peuvent plus \u00e9viter les choix (souvent impos\u00e9s par la l\u00e9gislation) en faveur du d\u00e9veloppement durable, la question est plus d\u00e9licate encore lorsqu\u2019il s\u2019agit de Life Sciences : l\u2019agriculture, l\u2019\u00e9levage, l\u2019alimentation \u00e9tant \u00e0 la base de la vie.[\/vc_column_text][\/qode_elements_holder_item][qode_elements_holder_item vertical_alignment=\u00a0\u00bbmiddle\u00a0\u00bb horizontal_alignment=\u00a0\u00bbleft\u00a0\u00bb advanced_animations=\u00a0\u00bbno\u00a0\u00bb item_padding=\u00a0\u00bb0 0 0 10%\u00a0\u00bb item_padding_1280_1440=\u00a0\u00bb0 10% 0 10%\u00a0\u00bb item_padding_1024_1280=\u00a0\u00bb0 10% 0 10%\u00a0\u00bb item_padding_768_1024=\u00a0\u00bb15%\u00a0\u00bb item_padding_600_768=\u00a0\u00bb15%\u00a0\u00bb item_padding_480_600=\u00a0\u00bb15%\u00a0\u00bb item_padding_480=\u00a0\u00bb15%\u00a0\u00bb custom_class=\u00a0\u00bbinverti_mobile_img\u00a0\u00bb][vc_single_image image=\u00a0\u00bb2023&Prime; img_size=\u00a0\u00bbfull\u00a0\u00bb qode_css_animation=\u00a0\u00bbelement_from_fade\u00a0\u00bb transition_delay=\u00a0\u00bb0.4&Prime;][\/qode_elements_holder_item][\/qode_elements_holder][\/vc_column][\/vc_row][vc_row css_animation=\u00a0\u00bb\u00a0\u00bb row_type=\u00a0\u00bbrow\u00a0\u00bb use_row_as_full_screen_section=\u00a0\u00bbno\u00a0\u00bb type=\u00a0\u00bbfull_width\u00a0\u00bb angled_section=\u00a0\u00bbno\u00a0\u00bb text_align=\u00a0\u00bbleft\u00a0\u00bb background_image_as_pattern=\u00a0\u00bbwithout_pattern\u00a0\u00bb background_image=\u00a0\u00bb1751&Prime; z_index=\u00a0\u00bb\u00a0\u00bb][vc_column][qode_elements_holder number_of_columns=\u00a0\u00bbtwo_columns\u00a0\u00bb switch_to_one_column=\u00a0\u00bb768&Prime; alignment_one_column=\u00a0\u00bbcenter\u00a0\u00bb][qode_elements_holder_item vertical_alignment=\u00a0\u00bbmiddle\u00a0\u00bb horizontal_alignment=\u00a0\u00bbright\u00a0\u00bb advanced_animations=\u00a0\u00bbno\u00a0\u00bb item_padding=\u00a0\u00bb0 10% 0 0&Prime; item_padding_1280_1440=\u00a0\u00bb0 10% 0 10%\u00a0\u00bb item_padding_1024_1280=\u00a0\u00bb0 10% 0 10%\u00a0\u00bb item_padding_768_1024=\u00a0\u00bb15%\u00a0\u00bb item_padding_600_768=\u00a0\u00bb15%\u00a0\u00bb item_padding_480_600=\u00a0\u00bb15%\u00a0\u00bb item_padding_480=\u00a0\u00bb15%\u00a0\u00bb custom_class=\u00a0\u00bbinverti_mobile_img can_img\u00a0\u00bb][vc_single_image image=\u00a0\u00bb2028&Prime; img_size=\u00a0\u00bbfull\u00a0\u00bb alignment=\u00a0\u00bbright\u00a0\u00bb qode_css_animation=\u00a0\u00bbelement_from_fade\u00a0\u00bb transition_delay=\u00a0\u00bb0.4&Prime;][\/qode_elements_holder_item][qode_elements_holder_item vertical_alignment=\u00a0\u00bbmiddle\u00a0\u00bb horizontal_alignment=\u00a0\u00bbleft\u00a0\u00bb advanced_animations=\u00a0\u00bbno\u00a0\u00bb background_image=\u00a0\u00bb1771&Prime; item_padding=\u00a0\u00bb14% 30% 14% 10%\u00a0\u00bb item_padding_600_768=\u00a0\u00bb8%\u00a0\u00bb item_padding_480_600=\u00a0\u00bb8%\u00a0\u00bb item_padding_480=\u00a0\u00bb8%\u00a0\u00bb custom_class=\u00a0\u00bbcan_testo\u00a0\u00bb][vc_column_text el_class=\u00a0\u00bbtesto_natural_tomorrow\u00a0\u00bb]<span style=\"color: #ffffff;\">Saviolife fait partie du Groupe Saviola \u2013 The Eco-ethical Company, qui depuis plus de soixante ans fait du d\u00e9veloppement durable son atout. Pour nous, le choix s\u2019est fait naturellement. En effet, nous privil\u00e9gions ce qui est naturel par rapport \u00e0 ce qui ne l\u2019est pas, nous offrons au march\u00e9 de v\u00e9ritables alternatives, des produits plus respectueux de l\u2019environnement et de la vie, et nous faisons tout cela sans rien mettre de c\u00f4t\u00e9 en termes de qualit\u00e9 et de performance.<\/span>[\/vc_column_text][\/qode_elements_holder_item][\/qode_elements_holder][\/vc_column][\/vc_row][vc_row css_animation=\u00a0\u00bb\u00a0\u00bb row_type=\u00a0\u00bbrow\u00a0\u00bb use_row_as_full_screen_section=\u00a0\u00bbno\u00a0\u00bb type=\u00a0\u00bbfull_width\u00a0\u00bb angled_section=\u00a0\u00bbno\u00a0\u00bb text_align=\u00a0\u00bbleft\u00a0\u00bb background_image_as_pattern=\u00a0\u00bbwithout_pattern\u00a0\u00bb z_index=\u00a0\u00bb\u00a0\u00bb][vc_column][qode_elements_holder number_of_columns=\u00a0\u00bbtwo_columns\u00a0\u00bb switch_to_one_column=\u00a0\u00bb768&Prime; alignment_one_column=\u00a0\u00bbcenter\u00a0\u00bb custom_class=\u00a0\u00bbinverti_mobile\u00a0\u00bb][qode_elements_holder_item vertical_alignment=\u00a0\u00bbmiddle\u00a0\u00bb horizontal_alignment=\u00a0\u00bbleft\u00a0\u00bb advanced_animations=\u00a0\u00bbno\u00a0\u00bb item_padding=\u00a0\u00bb14% 10% 14% 30%\u00a0\u00bb item_padding_600_768=\u00a0\u00bb8%\u00a0\u00bb item_padding_480_600=\u00a0\u00bb8%\u00a0\u00bb item_padding_480=\u00a0\u00bb8%\u00a0\u00bb custom_class=\u00a0\u00bbinverti_mobile_txt always_testo\u00a0\u00bb][vc_column_text el_class=\u00a0\u00bbtesto_natural_tomorrow\u00a0\u00bb]Les secteurs dans lesquels nous op\u00e9rons sont sensibles parce qu\u2019ils touchent directement \u00e0 la sant\u00e9, humaine, animale et du territoire. Ainsi, de la m\u00eame mani\u00e8re qu\u2019une agriculture intensive peut appauvrir le territoire, l\u2019abus d\u2019antibiotiques dans les \u00e9levages peut produire des effets n\u00e9fastes aussi bien sur le bien-\u00eatre des animaux que sur l\u2019alimentation humaine. [\/vc_column_text][\/qode_elements_holder_item][qode_elements_holder_item vertical_alignment=\u00a0\u00bbmiddle\u00a0\u00bb horizontal_alignment=\u00a0\u00bbleft\u00a0\u00bb advanced_animations=\u00a0\u00bbno\u00a0\u00bb item_padding=\u00a0\u00bb0 0 0 10%\u00a0\u00bb item_padding_1280_1440=\u00a0\u00bb0 10% 0 10%\u00a0\u00bb item_padding_1024_1280=\u00a0\u00bb0 10% 0 10%\u00a0\u00bb item_padding_768_1024=\u00a0\u00bb15%\u00a0\u00bb item_padding_600_768=\u00a0\u00bb15%\u00a0\u00bb item_padding_480_600=\u00a0\u00bb15%\u00a0\u00bb item_padding_480=\u00a0\u00bb15%\u00a0\u00bb custom_class=\u00a0\u00bbinverti_mobile_img\u00a0\u00bb][vc_single_image image=\u00a0\u00bb2033&Prime; img_size=\u00a0\u00bbfull\u00a0\u00bb qode_css_animation=\u00a0\u00bbelement_from_fade\u00a0\u00bb transition_delay=\u00a0\u00bb0.4&Prime;][\/qode_elements_holder_item][\/qode_elements_holder][\/vc_column][\/vc_row][vc_row css_animation=\u00a0\u00bb\u00a0\u00bb row_type=\u00a0\u00bbrow\u00a0\u00bb use_row_as_full_screen_section=\u00a0\u00bbno\u00a0\u00bb type=\u00a0\u00bbfull_width\u00a0\u00bb angled_section=\u00a0\u00bbno\u00a0\u00bb text_align=\u00a0\u00bbleft\u00a0\u00bb background_image_as_pattern=\u00a0\u00bbwithout_pattern\u00a0\u00bb background_image=\u00a0\u00bb1806&Prime; z_index=\u00a0\u00bb\u00a0\u00bb][vc_column][qode_elements_holder number_of_columns=\u00a0\u00bbtwo_columns\u00a0\u00bb switch_to_one_column=\u00a0\u00bb768&Prime; alignment_one_column=\u00a0\u00bbcenter\u00a0\u00bb][qode_elements_holder_item vertical_alignment=\u00a0\u00bbmiddle\u00a0\u00bb horizontal_alignment=\u00a0\u00bbright\u00a0\u00bb advanced_animations=\u00a0\u00bbno\u00a0\u00bb item_padding=\u00a0\u00bb0 10% 0 0&Prime; item_padding_1280_1440=\u00a0\u00bb0 10% 0 10%\u00a0\u00bb item_padding_1024_1280=\u00a0\u00bb0 10% 0 10%\u00a0\u00bb item_padding_768_1024=\u00a0\u00bb15%\u00a0\u00bb item_padding_600_768=\u00a0\u00bb15%\u00a0\u00bb item_padding_480_600=\u00a0\u00bb15%\u00a0\u00bb item_padding_480=\u00a0\u00bb15%\u00a0\u00bb custom_class=\u00a0\u00bbinverti_mobile_img choose_img\u00a0\u00bb][vc_single_image image=\u00a0\u00bb1781&Prime; img_size=\u00a0\u00bbfull\u00a0\u00bb alignment=\u00a0\u00bbright\u00a0\u00bb qode_css_animation=\u00a0\u00bbelement_from_fade\u00a0\u00bb transition_delay=\u00a0\u00bb0.4&Prime;][\/qode_elements_holder_item][qode_elements_holder_item vertical_alignment=\u00a0\u00bbmiddle\u00a0\u00bb horizontal_alignment=\u00a0\u00bbleft\u00a0\u00bb advanced_animations=\u00a0\u00bbno\u00a0\u00bb item_padding=\u00a0\u00bb11% 30% 11% 10%\u00a0\u00bb item_padding_1280_1440=\u00a0\u00bb6% 30% 6% 10%\u00a0\u00bb item_padding_1024_1280=\u00a0\u00bb6% 30% 6% 10%\u00a0\u00bb item_padding_768_1024=\u00a0\u00bb8%\u00a0\u00bb item_padding_600_768=\u00a0\u00bb8%\u00a0\u00bb item_padding_480_600=\u00a0\u00bb8%\u00a0\u00bb item_padding_480=\u00a0\u00bb8%\u00a0\u00bb custom_class=\u00a0\u00bbcan_testo\u00a0\u00bb][vc_column_text el_class=\u00a0\u00bbtesto_natural_tomorrow\u00a0\u00bb]La mission de Saviolife marque un v\u00e9ritable changement de paradigme. Le d\u00e9veloppement durable n\u2019est plus consid\u00e9r\u00e9 comme un obstacle mais comme un avantage comp\u00e9titif obtenu \u00e0 travers la recherche et le d\u00e9veloppement de m\u00e9thodes et de solutions innovantes : substituts des antibiotiques destin\u00e9s aux \u00e9levages, antiparasitaires naturels pour les cultures qui am\u00e9liorent en m\u00eame temps la qualit\u00e9 du terrain, fertilisants \u00e0 lib\u00e9ration lente qui suivent le rythme de croissance des plantes.[\/vc_column_text][\/qode_elements_holder_item][\/qode_elements_holder][\/vc_column][\/vc_row][vc_row css_animation=\u00a0\u00bb\u00a0\u00bb row_type=\u00a0\u00bbrow\u00a0\u00bb use_row_as_full_screen_section=\u00a0\u00bbno\u00a0\u00bb type=\u00a0\u00bbfull_width\u00a0\u00bb angled_section=\u00a0\u00bbno\u00a0\u00bb text_align=\u00a0\u00bbleft\u00a0\u00bb background_image_as_pattern=\u00a0\u00bbwithout_pattern\u00a0\u00bb css=\u00a0\u00bb.vc_custom_1551283888372{padding-top: 9% !important;}\u00a0\u00bb z_index=\u00a0\u00bb\u00a0\u00bb][vc_column][vc_single_image image=\u00a0\u00bb1941&Prime; img_size=\u00a0\u00bbfull\u00a0\u00bb alignment=\u00a0\u00bbcenter\u00a0\u00bb qode_css_animation=\u00a0\u00bbelement_from_bottom\u00a0\u00bb transition_delay=\u00a0\u00bb0.2&Prime;][\/vc_column][\/vc_row]<\/p>\n<\/div>","protected":false},"excerpt":{"rendered":"<p>[vc_row css_animation=\u00a0\u00bb\u00a0\u00bb row_type=\u00a0\u00bbrow\u00a0\u00bb use_row_as_full_screen_section=\u00a0\u00bbno\u00a0\u00bb type=\u00a0\u00bbfull_width\u00a0\u00bb angled_section=\u00a0\u00bbno\u00a0\u00bb text_align=\u00a0\u00bbleft\u00a0\u00bb background_image_as_pattern=\u00a0\u00bbwithout_pattern\u00a0\u00bb][vc_column][vc_empty_space height=\u00a0\u00bb123px\u00a0\u00bb el_class=\u00a0\u00bbspazio_zero\u00a0\u00bb][rev_slider_vc alias=\u00a0\u00bbfilm-strip\u00a0\u00bb][\/vc_column][\/vc_row][vc_row css_animation=\u00a0\u00bb\u00a0\u00bb row_type=\u00a0\u00bbrow\u00a0\u00bb use_row_as_full_screen_section=\u00a0\u00bbno\u00a0\u00bb type=\u00a0\u00bbfull_width\u00a0\u00bb angled_section=\u00a0\u00bbno\u00a0\u00bb text_align=\u00a0\u00bbleft\u00a0\u00bb background_image_as_pattern=\u00a0\u00bbwithout_pattern\u00a0\u00bb css=\u00a0\u00bb.vc_custom_1551283792967{padding-top: 7% !important;padding-bottom: 10% !important;background-image: url(https:\/\/www.saviolife.com\/wp-content\/uploads\/2019\/02\/sfondo_riga_1.jpg?id=1886) !important;}\u00a0\u00bb z_index=\u00a0\u00bb\u00a0\u00bb][vc_column][vc_row_inner row_type=\u00a0\u00bbrow\u00a0\u00bb type=\u00a0\u00bbgrid\u00a0\u00bb text_align=\u00a0\u00bbleft\u00a0\u00bb css_animation=\u00a0\u00bb\u00a0\u00bb][vc_column_inner][vc_column_text el_class=\u00a0\u00bbtesto_natural_tomorrow\u00a0\u00bb]La R\u00e9volution scientifique d\u2019abord, la R\u00e9volution industrielle ensuite, ont compl\u00e8tement transform\u00e9 notre soci\u00e9t\u00e9. Les bienfaits&#8230;<\/p>\n","protected":false},"author":1,"featured_media":0,"parent":0,"menu_order":0,"comment_status":"closed","ping_status":"closed","template":"full_width.php","meta":{"footnotes":""},"class_list":["post-1434","page","type-page","status-publish","hentry"],"_links":{"self":[{"href":"https:\/\/saviolife.com\/fr\/wp-json\/wp\/v2\/pages\/1434","targetHints":{"allow":["GET"]}}],"collection":[{"href":"https:\/\/saviolife.com\/fr\/wp-json\/wp\/v2\/pages"}],"about":[{"href":"https:\/\/saviolife.com\/fr\/wp-json\/wp\/v2\/types\/page"}],"author":[{"embeddable":true,"href":"https:\/\/saviolife.com\/fr\/wp-json\/wp\/v2\/users\/1"}],"replies":[{"embeddable":true,"href":"https:\/\/saviolife.com\/fr\/wp-json\/wp\/v2\/comments?post=1434"}],"version-history":[{"count":5,"href":"https:\/\/saviolife.com\/fr\/wp-json\/wp\/v2\/pages\/1434\/revisions"}],"predecessor-version":[{"id":2263,"href":"https:\/\/saviolife.com\/fr\/wp-json\/wp\/v2\/pages\/1434\/revisions\/2263"}],"wp:attachment":[{"href":"https:\/\/saviolife.com\/fr\/wp-json\/wp\/v2\/media?parent=1434"}],"curies":[{"name":"wp","href":"https:\/\/api.w.org\/{rel}","templated":true}]}}