{"id":1445,"date":"2019-01-29T09:44:36","date_gmt":"2019-01-29T08:44:36","guid":{"rendered":"https:\/\/www.saviolife.com\/applicazioni\/"},"modified":"2023-07-20T09:37:10","modified_gmt":"2023-07-20T07:37:10","slug":"applications","status":"publish","type":"page","link":"https:\/\/saviolife.com\/fr\/applications\/","title":{"rendered":"Applications"},"content":{"rendered":"<div class=\"wpb-content-wrapper\"><p>[vc_row css_animation=\u00a0\u00bb\u00a0\u00bb row_type=\u00a0\u00bbrow\u00a0\u00bb use_row_as_full_screen_section=\u00a0\u00bbno\u00a0\u00bb type=\u00a0\u00bbfull_width\u00a0\u00bb angled_section=\u00a0\u00bbno\u00a0\u00bb text_align=\u00a0\u00bbleft\u00a0\u00bb background_image_as_pattern=\u00a0\u00bbwithout_pattern\u00a0\u00bb el_class=\u00a0\u00bbriga-applicazioni-presentazione\u00a0\u00bb z_index=\u00a0\u00bb\u00a0\u00bb][vc_column][vc_empty_space height=\u00a0\u00bb200px\u00a0\u00bb el_class=\u00a0\u00bbspazio-50-mobile\u00a0\u00bb][qode_elements_holder number_of_columns=\u00a0\u00bbtwo_columns\u00a0\u00bb alignment_one_column=\u00a0\u00bbcenter\u00a0\u00bb][qode_elements_holder_item advanced_animations=\u00a0\u00bbno\u00a0\u00bb custom_class=\u00a0\u00bbcolonna-sx-presentazione-applicazioni\u00a0\u00bb][vc_empty_space height=\u00a0\u00bb22px\u00a0\u00bb][vc_column_text]<\/p>\n<h1 style=\"text-align: left;\">Applications<\/h1>\n<p>[\/vc_column_text][vc_empty_space height=\u00a0\u00bb22px\u00a0\u00bb][vc_column_text]<\/p>\n<p style=\"text-align: left;\">Les industries utilisent des conservateurs, des antibiotiques, des fertilisants et des pesticides dans des secteurs extr\u00eamement d\u00e9licats (parce qu\u2019ils engagent la sant\u00e9 humaine et celle de la plan\u00e8te) comme l\u2019alimentation, l\u2019agriculture et l\u2019\u00e9levage.<\/p>\n<p style=\"text-align: left;\">Chez Saviolife nous avons choisi de nous concentrer sur une production \u00e9thique, \u00e0 faible impact environnemental pour cr\u00e9er des produits respectueux de la vie destin\u00e9s \u00e0 de nombreux secteurs industriels.<\/p>\n<p>[\/vc_column_text][vc_empty_space height=\u00a0\u00bb22px\u00a0\u00bb][vc_row_inner row_type=\u00a0\u00bbrow\u00a0\u00bb type=\u00a0\u00bbfull_width\u00a0\u00bb text_align=\u00a0\u00bbleft\u00a0\u00bb css_animation=\u00a0\u00bb\u00a0\u00bb][vc_column_inner width=\u00a0\u00bb1\/3&Prime;][vc_empty_space height=\u00a0\u00bb22px\u00a0\u00bb][vc_single_image image=\u00a0\u00bb216&Prime; img_size=\u00a0\u00bb100&#215;101&Prime; alignment=\u00a0\u00bbcenter\u00a0\u00bb onclick=\u00a0\u00bbcustom_link\u00a0\u00bb qode_css_animation=\u00a0\u00bb\u00a0\u00bb link=\u00a0\u00bb#ancora-leather\u00a0\u00bb][vc_empty_space height=\u00a0\u00bb36px\u00a0\u00bb][vc_column_text]<\/p>\n<h5 style=\"text-align: center;\"><a href=\"#ancora-leather\"><span style=\"color: #638a49;\"><u>LEATHER<\/u><\/span><\/a><\/h5>\n<p>[\/vc_column_text][vc_empty_space height=\u00a0\u00bb22px\u00a0\u00bb][\/vc_column_inner][vc_column_inner width=\u00a0\u00bb1\/3&Prime;][vc_empty_space height=\u00a0\u00bb22px\u00a0\u00bb][vc_single_image image=\u00a0\u00bb215&Prime; img_size=\u00a0\u00bb100&#215;101&Prime; alignment=\u00a0\u00bbcenter\u00a0\u00bb onclick=\u00a0\u00bbcustom_link\u00a0\u00bb qode_css_animation=\u00a0\u00bb\u00a0\u00bb link=\u00a0\u00bb#ancora-feed\u00a0\u00bb][vc_empty_space height=\u00a0\u00bb36px\u00a0\u00bb][vc_column_text]<\/p>\n<h5 style=\"text-align: center;\"><a href=\"#ancora-feed\"><span style=\"color: #638a49;\"><u>FEED<\/u><\/span><\/a><\/h5>\n<p>[\/vc_column_text][vc_empty_space height=\u00a0\u00bb22px\u00a0\u00bb][\/vc_column_inner][vc_column_inner width=\u00a0\u00bb1\/3&Prime;][vc_empty_space height=\u00a0\u00bb22px\u00a0\u00bb][vc_single_image image=\u00a0\u00bb214&Prime; img_size=\u00a0\u00bb100&#215;101&Prime; alignment=\u00a0\u00bbcenter\u00a0\u00bb onclick=\u00a0\u00bbcustom_link\u00a0\u00bb qode_css_animation=\u00a0\u00bb\u00a0\u00bb link=\u00a0\u00bb#ancora-agro\u00a0\u00bb][vc_empty_space height=\u00a0\u00bb36px\u00a0\u00bb][vc_column_text]<\/p>\n<h5 style=\"text-align: center;\"><a href=\"#ancora-agro\"><span style=\"color: #638a49;\"><u>AGRO<\/u><\/span><\/a><\/h5>\n<p>[\/vc_column_text][vc_empty_space height=\u00a0\u00bb22px\u00a0\u00bb][\/vc_column_inner][\/vc_row_inner][\/qode_elements_holder_item][qode_elements_holder_item advanced_animations=\u00a0\u00bbno\u00a0\u00bb custom_class=\u00a0\u00bbcolonna-mucca-applicazioni nascondi\u00a0\u00bb][vc_single_image image=\u00a0\u00bb435&Prime; img_size=\u00a0\u00bbfull\u00a0\u00bb alignment=\u00a0\u00bbcenter\u00a0\u00bb qode_css_animation=\u00a0\u00bb\u00a0\u00bb][\/qode_elements_holder_item][\/qode_elements_holder][vc_empty_space height=\u00a0\u00bb22px\u00a0\u00bb][\/vc_column][\/vc_row][vc_row css_animation=\u00a0\u00bb\u00a0\u00bb row_type=\u00a0\u00bbrow\u00a0\u00bb use_row_as_full_screen_section=\u00a0\u00bbno\u00a0\u00bb type=\u00a0\u00bbfull_width\u00a0\u00bb angled_section=\u00a0\u00bbno\u00a0\u00bb text_align=\u00a0\u00bbleft\u00a0\u00bb background_image_as_pattern=\u00a0\u00bbwithout_pattern\u00a0\u00bb el_class=\u00a0\u00bbriga-applicazioni-img-sinistra\u00a0\u00bb z_index=\u00a0\u00bb\u00a0\u00bb][vc_column][vc_column_text][\/vc_column_text][vc_row_inner row_type=\u00a0\u00bbrow\u00a0\u00bb type=\u00a0\u00bbfull_width\u00a0\u00bb text_align=\u00a0\u00bbleft\u00a0\u00bb css_animation=\u00a0\u00bb\u00a0\u00bb][vc_column_inner][qode_elements_holder number_of_columns=\u00a0\u00bbtwo_columns\u00a0\u00bb alignment_one_column=\u00a0\u00bbcenter\u00a0\u00bb][qode_elements_holder_item advanced_animations=\u00a0\u00bbno\u00a0\u00bb custom_class=\u00a0\u00bbcolonna-sx-img-sinistra\u00a0\u00bb][vc_single_image image=\u00a0\u00bb364&Prime; img_size=\u00a0\u00bbfull\u00a0\u00bb alignment=\u00a0\u00bbcenter\u00a0\u00bb qode_css_animation=\u00a0\u00bb\u00a0\u00bb][\/qode_elements_holder_item][qode_elements_holder_item advanced_animations=\u00a0\u00bbno\u00a0\u00bb custom_class=\u00a0\u00bbcolonna-dx-img-sinistra\u00a0\u00bb][vc_column_text]<\/p>\n<h2>Leather<\/h2>\n<p>[\/vc_column_text][vc_empty_space height=\u00a0\u00bb22px\u00a0\u00bb][vc_column_text]Tanin 100 % naturel sp\u00e9cifiquement utilis\u00e9 pour le traitement du cuir de haute qualit\u00e9 qui devient plus souple et plus r\u00e9sistant.<br \/>\nNous extrayons le tanin exclusivement du bois de ch\u00e2taigner, selon un processus naturel de lixiviation dans l\u2019eau qui laisse intactes les propri\u00e9t\u00e9s des mol\u00e9cules des acides organiques qui composent le tanin. Nous avons choisi d\u2019exploiter le ch\u00e2taigner parce que le tanin obtenu de ce bois est hydrolysable. Cette caract\u00e9ristique permet une utilisation \u00e9cologique et s\u00fbre et cr\u00e9e un produit de tr\u00e8s haute qualit\u00e9.[\/vc_column_text][vc_empty_space height=\u00a0\u00bb22px\u00a0\u00bb]<a  itemprop=\"url\" href=\"https:\/\/www.saviolife.com\/fr\/saviotan\/saviotan-leather\/\" target=\"_self\"  class=\"qbutton  default scuro\" style=\"\">ALLER AUX PRODUITS LEATHER<\/a>[\/qode_elements_holder_item][\/qode_elements_holder][\/vc_column_inner][\/vc_row_inner][\/vc_column][\/vc_row][vc_row css_animation=\u00a0\u00bb\u00a0\u00bb row_type=\u00a0\u00bbrow\u00a0\u00bb use_row_as_full_screen_section=\u00a0\u00bbno\u00a0\u00bb type=\u00a0\u00bbfull_width\u00a0\u00bb angled_section=\u00a0\u00bbno\u00a0\u00bb text_align=\u00a0\u00bbleft\u00a0\u00bb background_image_as_pattern=\u00a0\u00bbwithout_pattern\u00a0\u00bb el_class=\u00a0\u00bbriga-applicazioni-img-destra nascondi\u00a0\u00bb z_index=\u00a0\u00bb\u00a0\u00bb][vc_column][vc_column_text]<a id=\"ancora-feed\"><\/a>[\/vc_column_text][vc_row_inner row_type=\u00a0\u00bbrow\u00a0\u00bb type=\u00a0\u00bbfull_width\u00a0\u00bb text_align=\u00a0\u00bbleft\u00a0\u00bb css_animation=\u00a0\u00bb\u00a0\u00bb][vc_column_inner][qode_elements_holder number_of_columns=\u00a0\u00bbtwo_columns\u00a0\u00bb alignment_one_column=\u00a0\u00bbcenter\u00a0\u00bb custom_class=\u00a0\u00bbcolonne-applicazioni-invertite-mobile\u00a0\u00bb][qode_elements_holder_item advanced_animations=\u00a0\u00bbno\u00a0\u00bb custom_class=\u00a0\u00bbcolonna-sx-img-destra\u00a0\u00bb][vc_column_text]<\/p>\n<h2>Feed<\/h2>\n<p>[\/vc_column_text][vc_empty_space height=\u00a0\u00bb22px\u00a0\u00bb][vc_column_text]<span style=\"font-weight: 400;\">Les compl\u00e9ments naturels destin\u00e9s aux \u00e9levages de volailles, porcins et bovins permettent d\u2019am\u00e9liorer la sant\u00e9 des animaux et de garantir un plus grand respect de l\u2019environnement.<\/span><span style=\"font-weight: 400;\"><br \/>\n<\/span><span style=\"font-weight: 400;\">Saviotan\u00ae Feed a pour effet primaire de se lier aux prot\u00e9ines de fa\u00e7on s\u00e9lective se refl\u00e9tant dans la modulation de certaines activit\u00e9s enzymatiques. Telle est l\u2019action de Saviotan\u00ae Feed sur les parasites intestinaux : interaction s\u00e9lective avec les prot\u00e9ines de la membrane cellulaire comportant l\u2019alt\u00e9ration de l\u2019\u00e9change d\u2019ions et de substances nutritives.<\/span>[\/vc_column_text][vc_empty_space height=\u00a0\u00bb22px\u00a0\u00bb]<a  itemprop=\"url\" href=\"https:\/\/www.saviolife.com\/fr\/saviotan\/saviotan-feed\/\" target=\"_self\"  class=\"qbutton  default scuro\" style=\"\">ALLER AUX PRODUITS FEED<\/a>[\/qode_elements_holder_item][qode_elements_holder_item advanced_animations=\u00a0\u00bbno\u00a0\u00bb custom_class=\u00a0\u00bbcolonna-dx-img-destra\u00a0\u00bb][vc_single_image image=\u00a0\u00bb347&Prime; img_size=\u00a0\u00bbfull\u00a0\u00bb alignment=\u00a0\u00bbcenter\u00a0\u00bb qode_css_animation=\u00a0\u00bb\u00a0\u00bb][\/qode_elements_holder_item][\/qode_elements_holder][\/vc_column_inner][\/vc_row_inner][\/vc_column][\/vc_row][vc_row css_animation=\u00a0\u00bb\u00a0\u00bb row_type=\u00a0\u00bbrow\u00a0\u00bb use_row_as_full_screen_section=\u00a0\u00bbno\u00a0\u00bb type=\u00a0\u00bbfull_width\u00a0\u00bb angled_section=\u00a0\u00bbno\u00a0\u00bb text_align=\u00a0\u00bbleft\u00a0\u00bb background_image_as_pattern=\u00a0\u00bbwithout_pattern\u00a0\u00bb el_class=\u00a0\u00bbriga-applicazioni-img-sinistra\u00a0\u00bb z_index=\u00a0\u00bb\u00a0\u00bb][vc_column][vc_column_text]<a id=\"ancora-agro\"><\/a>[\/vc_column_text][vc_row_inner row_type=\u00a0\u00bbrow\u00a0\u00bb type=\u00a0\u00bbfull_width\u00a0\u00bb text_align=\u00a0\u00bbleft\u00a0\u00bb css_animation=\u00a0\u00bb\u00a0\u00bb][vc_column_inner][qode_elements_holder number_of_columns=\u00a0\u00bbtwo_columns\u00a0\u00bb alignment_one_column=\u00a0\u00bbcenter\u00a0\u00bb][qode_elements_holder_item advanced_animations=\u00a0\u00bbno\u00a0\u00bb custom_class=\u00a0\u00bbcolonna-sx-img-sinistra\u00a0\u00bb][vc_single_image image=\u00a0\u00bb358&Prime; img_size=\u00a0\u00bbfull\u00a0\u00bb alignment=\u00a0\u00bbcenter\u00a0\u00bb qode_css_animation=\u00a0\u00bb\u00a0\u00bb][\/qode_elements_holder_item][qode_elements_holder_item advanced_animations=\u00a0\u00bbno\u00a0\u00bb custom_class=\u00a0\u00bbcolonna-dx-img-sinistra\u00a0\u00bb][vc_column_text]<\/p>\n<h2>Agro<\/h2>\n<p>[\/vc_column_text][vc_empty_space height=\u00a0\u00bb22px\u00a0\u00bb][vc_column_text]Des plantes en bonne sant\u00e9 et des r\u00e9sultats garantis avec les fertilisants Saviolife, m\u00eame pour les cultures 100 % biologiques.<br \/>\nLe tanin Saviotan est utilis\u00e9 pour traiter le bois de ch\u00e2taigner, qui produit un d\u00e9riv\u00e9 de qualit\u00e9 adapt\u00e9 \u00e0 diverses utilisations. Ce tanin hydrolysable se r\u00e9pand de mani\u00e8re naturelle dans l\u2019eau garantissant ainsi une action efficace sans \u00eatre invasive. Ce produit est autoris\u00e9 pour l\u2019agriculture biologique et poss\u00e8de des caract\u00e9ristiques biostimulantes et dissuasives pour les parasites. Le but est d\u2019apporter une contribution essentielle \u00e0 une agriculture durable.[\/vc_column_text][vc_empty_space height=\u00a0\u00bb22px\u00a0\u00bb]<a  itemprop=\"url\" href=\"https:\/\/www.saviolife.com\/fr\/saviotan\/saviotan-agro\/\" target=\"_self\"  class=\"qbutton  default scuro\" style=\"\">ALLER AUX PRODUITS AGRO<\/a>[\/qode_elements_holder_item][\/qode_elements_holder][\/vc_column_inner][\/vc_row_inner][\/vc_column][\/vc_row]<\/p>\n<\/div>","protected":false},"excerpt":{"rendered":"<p>[vc_row css_animation=\u00a0\u00bb\u00a0\u00bb row_type=\u00a0\u00bbrow\u00a0\u00bb use_row_as_full_screen_section=\u00a0\u00bbno\u00a0\u00bb type=\u00a0\u00bbfull_width\u00a0\u00bb angled_section=\u00a0\u00bbno\u00a0\u00bb text_align=\u00a0\u00bbleft\u00a0\u00bb background_image_as_pattern=\u00a0\u00bbwithout_pattern\u00a0\u00bb el_class=\u00a0\u00bbriga-applicazioni-presentazione\u00a0\u00bb z_index=\u00a0\u00bb\u00a0\u00bb][vc_column][vc_empty_space height=\u00a0\u00bb200px\u00a0\u00bb el_class=\u00a0\u00bbspazio-50-mobile\u00a0\u00bb][qode_elements_holder number_of_columns=\u00a0\u00bbtwo_columns\u00a0\u00bb alignment_one_column=\u00a0\u00bbcenter\u00a0\u00bb][qode_elements_holder_item advanced_animations=\u00a0\u00bbno\u00a0\u00bb custom_class=\u00a0\u00bbcolonna-sx-presentazione-applicazioni\u00a0\u00bb][vc_empty_space height=\u00a0\u00bb22px\u00a0\u00bb][vc_column_text] Applications [\/vc_column_text][vc_empty_space height=\u00a0\u00bb22px\u00a0\u00bb][vc_column_text] Les industries utilisent des conservateurs, des antibiotiques, des fertilisants et des pesticides dans des secteurs extr\u00eamement d\u00e9licats (parce qu\u2019ils engagent la sant\u00e9 humaine et celle&#8230;<\/p>\n","protected":false},"author":1,"featured_media":0,"parent":0,"menu_order":0,"comment_status":"closed","ping_status":"closed","template":"full_width.php","meta":{"footnotes":""},"class_list":["post-1445","page","type-page","status-publish","hentry"],"_links":{"self":[{"href":"https:\/\/saviolife.com\/fr\/wp-json\/wp\/v2\/pages\/1445","targetHints":{"allow":["GET"]}}],"collection":[{"href":"https:\/\/saviolife.com\/fr\/wp-json\/wp\/v2\/pages"}],"about":[{"href":"https:\/\/saviolife.com\/fr\/wp-json\/wp\/v2\/types\/page"}],"author":[{"embeddable":true,"href":"https:\/\/saviolife.com\/fr\/wp-json\/wp\/v2\/users\/1"}],"replies":[{"embeddable":true,"href":"https:\/\/saviolife.com\/fr\/wp-json\/wp\/v2\/comments?post=1445"}],"version-history":[{"count":5,"href":"https:\/\/saviolife.com\/fr\/wp-json\/wp\/v2\/pages\/1445\/revisions"}],"predecessor-version":[{"id":2763,"href":"https:\/\/saviolife.com\/fr\/wp-json\/wp\/v2\/pages\/1445\/revisions\/2763"}],"wp:attachment":[{"href":"https:\/\/saviolife.com\/fr\/wp-json\/wp\/v2\/media?parent=1445"}],"curies":[{"name":"wp","href":"https:\/\/api.w.org\/{rel}","templated":true}]}}