{"id":1452,"date":"2019-01-21T14:46:21","date_gmt":"2019-01-21T13:46:21","guid":{"rendered":"https:\/\/www.saviolife.com\/home-2\/"},"modified":"2021-03-17T11:32:35","modified_gmt":"2021-03-17T10:32:35","slug":"home-2","status":"publish","type":"page","link":"https:\/\/saviolife.com\/fr\/","title":{"rendered":"Home"},"content":{"rendered":"<div class=\"wpb-content-wrapper\"><p>[vc_row css_animation=\u00a0\u00bb\u00a0\u00bb row_type=\u00a0\u00bbrow\u00a0\u00bb use_row_as_full_screen_section=\u00a0\u00bbno\u00a0\u00bb type=\u00a0\u00bbfull_width\u00a0\u00bb angled_section=\u00a0\u00bbno\u00a0\u00bb text_align=\u00a0\u00bbleft\u00a0\u00bb background_image_as_pattern=\u00a0\u00bbwithout_pattern\u00a0\u00bb el_class=\u00a0\u00bbslidehome\u00a0\u00bb z_index=\u00a0\u00bb100&Prime;][vc_column][rev_slider_vc alias=\u00a0\u00bbhome-fr\u00a0\u00bb][\/vc_column][\/vc_row][vc_row css_animation=\u00a0\u00bb\u00a0\u00bb row_type=\u00a0\u00bbrow\u00a0\u00bb use_row_as_full_screen_section=\u00a0\u00bbno\u00a0\u00bb type=\u00a0\u00bbfull_width\u00a0\u00bb angled_section=\u00a0\u00bbno\u00a0\u00bb text_align=\u00a0\u00bbleft\u00a0\u00bb background_image_as_pattern=\u00a0\u00bbwithout_pattern\u00a0\u00bb z_index=\u00a0\u00bb99&Prime; el_class=\u00a0\u00bbriga_1&Prime; css=\u00a0\u00bb.vc_custom_1548858434980{background-image: url(https:\/\/www.saviolife.com\/wp-content\/uploads\/2019\/01\/sfondo_riga_1.jpg?id=200) !important;}\u00a0\u00bb][vc_column][vc_row_inner row_type=\u00a0\u00bbrow\u00a0\u00bb type=\u00a0\u00bbgrid\u00a0\u00bb text_align=\u00a0\u00bbleft\u00a0\u00bb css_animation=\u00a0\u00bb\u00a0\u00bb css=\u00a0\u00bb.vc_custom_1548858442744{background-image: url(https:\/\/www.saviolife.com\/wp-content\/uploads\/2019\/01\/sfondo_contenuto_1.jpg?id=201) !important;}\u00a0\u00bb el_class=\u00a0\u00bbriga_griglia_1&Prime;][vc_column_inner width=\u00a0\u00bb1\/2&Prime; css=\u00a0\u00bb.vc_custom_1548756738883{padding-right: 80px !important;}\u00a0\u00bb][vc_column_text]<\/p>\n<h2><span style=\"color: #ffffff;\">On peut toujours choisir<\/span><\/h2>\n<p>[\/vc_column_text][vc_empty_space height=\u00a0\u00bb22px\u00a0\u00bb][vc_column_text]<span style=\"color: #ffffff;\">Chez Saviolife, nous avons voulu nous concentrer sur une production \u00e9thique \u00e0 faible impact environnemental pour cr\u00e9er des produits respectueux de la vie dans de nombreux secteurs industriels.<\/span>[\/vc_column_text][vc_empty_space height=\u00a0\u00bb22px\u00a0\u00bb]<a  itemprop=\"url\" href=\"https:\/\/www.saviolife.com\/fr\/applications\/\" target=\"_self\"  class=\"qbutton  default\" style=\"\">Applications &amp; Industries<i class=\"qodef-icon-linea-icon icon-arrows-slim-right qode_button_icon_element\" style=\"\" ><\/i><\/a>[\/vc_column_inner][vc_column_inner width=\u00a0\u00bb1\/2&Prime;][\/vc_column_inner][\/vc_row_inner][\/vc_column][\/vc_row][vc_row css_animation=\u00a0\u00bb\u00a0\u00bb row_type=\u00a0\u00bbrow\u00a0\u00bb use_row_as_full_screen_section=\u00a0\u00bbno\u00a0\u00bb type=\u00a0\u00bbfull_width\u00a0\u00bb angled_section=\u00a0\u00bbno\u00a0\u00bb text_align=\u00a0\u00bbleft\u00a0\u00bb background_image_as_pattern=\u00a0\u00bbwithout_pattern\u00a0\u00bb z_index=\u00a0\u00bb9&Prime; css=\u00a0\u00bb.vc_custom_1548924598200{margin-top: -30px !important;padding-top: 130px !important;}\u00a0\u00bb el_class=\u00a0\u00bbriga_icone\u00a0\u00bb][vc_column][vc_row_inner row_type=\u00a0\u00bbrow\u00a0\u00bb type=\u00a0\u00bbgrid\u00a0\u00bb text_align=\u00a0\u00bbleft\u00a0\u00bb css_animation=\u00a0\u00bb\u00a0\u00bb][vc_column_inner width=\u00a0\u00bb1\/3&Prime;][vc_single_image image=\u00a0\u00bb214&Prime; img_size=\u00a0\u00bbfull\u00a0\u00bb alignment=\u00a0\u00bbcenter\u00a0\u00bb qode_css_animation=\u00a0\u00bbelement_from_fade\u00a0\u00bb transition_delay=\u00a0\u00bb0.3&Prime;][vc_empty_space height=\u00a0\u00bb36px\u00a0\u00bb][vc_column_text]<\/p>\n<h5 style=\"text-align: center;\">AGRO<\/h5>\n<p>[\/vc_column_text][vc_empty_space height=\u00a0\u00bb28px\u00a0\u00bb][vc_column_text]<\/p>\n<p style=\"text-align: center;\">Des plantes en bonne sant\u00e9 et des r\u00e9sultats garantis avec les fertilisants Saviolife, m\u00eame pour les cultures 100 % biologiques.<\/p>\n<p>[\/vc_column_text][vc_empty_space height=\u00a0\u00bb28px\u00a0\u00bb][\/vc_column_inner][vc_column_inner width=\u00a0\u00bb1\/3&Prime;][vc_single_image image=\u00a0\u00bb215&Prime; img_size=\u00a0\u00bbfull\u00a0\u00bb alignment=\u00a0\u00bbcenter\u00a0\u00bb qode_css_animation=\u00a0\u00bbelement_from_fade\u00a0\u00bb transition_delay=\u00a0\u00bb0.6&Prime;][vc_empty_space height=\u00a0\u00bb36px\u00a0\u00bb][vc_column_text]<\/p>\n<h5 style=\"text-align: center;\">FEED<\/h5>\n<p>[\/vc_column_text][vc_empty_space height=\u00a0\u00bb28px\u00a0\u00bb][vc_column_text]<\/p>\n<p style=\"text-align: center;\">Les compl\u00e9ments naturels destin\u00e9s aux \u00e9levages de volailles, porcins et bovins permettent d\u2019am\u00e9liorer la sant\u00e9 des animaux et de garantir un plus grand respect de l\u2019environnement.<\/p>\n<p>[\/vc_column_text][vc_empty_space height=\u00a0\u00bb28px\u00a0\u00bb][\/vc_column_inner][vc_column_inner width=\u00a0\u00bb1\/3&Prime;][vc_single_image image=\u00a0\u00bb216&Prime; img_size=\u00a0\u00bbfull\u00a0\u00bb alignment=\u00a0\u00bbcenter\u00a0\u00bb qode_css_animation=\u00a0\u00bbelement_from_fade\u00a0\u00bb transition_delay=\u00a0\u00bb0.9&Prime;][vc_empty_space height=\u00a0\u00bb36px\u00a0\u00bb][vc_column_text]<\/p>\n<h5 style=\"text-align: center;\">LEATHER<\/h5>\n<p>[\/vc_column_text][vc_empty_space height=\u00a0\u00bb28px\u00a0\u00bb][vc_column_text]<\/p>\n<p style=\"text-align: center;\">Tanin 100 % naturel sp\u00e9cifiquement utilis\u00e9 pour le traitement du cuir de haute qualit\u00e9 qui devient plus souple et plus r\u00e9sistant.<\/p>\n<p>[\/vc_column_text][vc_empty_space height=\u00a0\u00bb28px\u00a0\u00bb][\/vc_column_inner][\/vc_row_inner][\/vc_column][\/vc_row][vc_row css_animation=\u00a0\u00bb\u00a0\u00bb row_type=\u00a0\u00bbrow\u00a0\u00bb use_row_as_full_screen_section=\u00a0\u00bbno\u00a0\u00bb type=\u00a0\u00bbfull_width\u00a0\u00bb angled_section=\u00a0\u00bbno\u00a0\u00bb text_align=\u00a0\u00bbleft\u00a0\u00bb background_image_as_pattern=\u00a0\u00bbwithout_pattern\u00a0\u00bb css=\u00a0\u00bb.vc_custom_1548760726516{margin-top: -130px !important;}\u00a0\u00bb z_index=\u00a0\u00bb999&Prime;][vc_column][qode_elements_holder number_of_columns=\u00a0\u00bbtwo_columns\u00a0\u00bb][qode_elements_holder_item cover=\u00a0\u00bbyes\u00a0\u00bb vertical_alignment=\u00a0\u00bbbottom\u00a0\u00bb horizontal_alignment=\u00a0\u00bbleft\u00a0\u00bb advanced_animations=\u00a0\u00bbno\u00a0\u00bb background_image=\u00a0\u00bb219&Prime; item_padding=\u00a0\u00bb45% 5% 0 18%\u00a0\u00bb item_padding_1024_1280=\u00a0\u00bb5%\u00a0\u00bb item_padding_768_1024=\u00a0\u00bb5%\u00a0\u00bb item_padding_600_768=\u00a0\u00bb5%\u00a0\u00bb item_padding_480_600=\u00a0\u00bb5%\u00a0\u00bb item_padding_480=\u00a0\u00bb5%\u00a0\u00bb custom_class=\u00a0\u00bbcolonna_sinistra_saviotan\u00a0\u00bb][vc_raw_html]JTNDZGl2JTIwY2xhc3MlM0QlMjJibG9jY29fdmVyZGVfaG9tZSUyMiUzRSUwQSUzQ2g2JTIwY2xhc3MlM0QlMjJ0aXRvbG9fYmxvY2NvX3ZlcmRlJTIyJTNFVEFOSU4lMjBOQVRVUkVMJTNDJTJGaDYlM0UlMEElM0NwJTIwc3R5bGUlM0QlMjJjb2xvciUzQSUyM2ZmZiUzQiUyMiUzRUwlMjdpbmdyJUMzJUE5ZGllbnQlMjBwb3VyJTIwdW5lJTIwaW5kdXN0cmllJTIwc2FpbmUlM0MlMkZwJTNFJTBBJTNDaDMlMjBjbGFzcyUzRCUyMnRlc3RvX2Jsb2Njb192ZXJkZSUyMiUzRU5vdXMlMjBub3VzJTIwZW5nYWdlb25zJTIwJUMzJUEwJTIwciVDMyVBOWFsaXNlciUyMGRlcyUyMHByb2R1aXRzJTIwJUMzJUEwJTIwYmFzZSUyMGRlJTIwdGFuaW4lMjBkZSUyMGNoJUMzJUEydGFpZ25lciUyMHBvdXIlMjBmYXZvcmlzZXIlMjB1bmUlMjBwcm9kdWN0aW9uJTIwaW5kdXN0cmllbGxlJTIwcGx1cyUyMGR1cmFibGUuJTNDJTJGaDMlM0UlMEElM0MlMkZkaXYlM0U=[\/vc_raw_html][\/qode_elements_holder_item][qode_elements_holder_item vertical_alignment=\u00a0\u00bbmiddle\u00a0\u00bb horizontal_alignment=\u00a0\u00bbleft\u00a0\u00bb advanced_animations=\u00a0\u00bbno\u00a0\u00bb background_image=\u00a0\u00bb218&Prime; item_padding=\u00a0\u00bb35% 30% 10% 5%\u00a0\u00bb item_padding_600_768=\u00a0\u00bb15%\u00a0\u00bb item_padding_480_600=\u00a0\u00bb25% 15% 15% 15%\u00a0\u00bb item_padding_480=\u00a0\u00bb25% 15% 15% 15%\u00a0\u00bb custom_class=\u00a0\u00bbcolonna_saviotan\u00a0\u00bb][vc_single_image image=\u00a0\u00bb221&Prime; img_size=\u00a0\u00bbfull\u00a0\u00bb qode_css_animation=\u00a0\u00bbelement_from_right\u00a0\u00bb transition_delay=\u00a0\u00bb0.3&Prime;][vc_empty_space][vc_column_text]Les industries utilisent des conservateurs, des antibiotiques, des fertilisants et des pesticides dans des secteurs extr\u00eamement d\u00e9licats (parce qu\u2019ils engagent la sant\u00e9 humaine et de la plan\u00e8te) comme l\u2019alimentation, l\u2019agriculture et l\u2019\u00e9levage. Chez Saviolife nous offrons une alternative \u00e0 la chimie : le tanin de ch\u00e2taigner 100 % naturel extrait sans solvants exclusivement des for\u00eats exploit\u00e9es de mani\u00e8re durable. Le traitement du tanin est \u00e0 la base de notre offre et toutes ces ann\u00e9es de recherche et de d\u00e9veloppement nous ont permis de cr\u00e9er des produits sp\u00e9cifiques \u00e0 chaque exigence industrielle.<\/p>\n<p>[\/vc_column_text][vc_empty_space height=\u00a0\u00bb52px\u00a0\u00bb]<a  itemprop=\"url\" href=\"https:\/\/www.saviolife.com\/fr\/saviotan\/\" target=\"_self\"  class=\"qbutton  default scuro\" style=\"\">PRODUITS \u00c0 BASE DE TANIN NATUREL<\/a>[\/qode_elements_holder_item][\/qode_elements_holder][\/vc_column][\/vc_row][vc_row css_animation=\u00a0\u00bb\u00a0\u00bb row_type=\u00a0\u00bbrow\u00a0\u00bb use_row_as_full_screen_section=\u00a0\u00bbno\u00a0\u00bb type=\u00a0\u00bbfull_width\u00a0\u00bb angled_section=\u00a0\u00bbno\u00a0\u00bb text_align=\u00a0\u00bbleft\u00a0\u00bb background_image_as_pattern=\u00a0\u00bbwithout_pattern\u00a0\u00bb background_image=\u00a0\u00bb30&Prime; background_color=\u00a0\u00bb#f2f4f4&Prime; z_index=\u00a0\u00bb99&Prime; el_class=\u00a0\u00bbriganumeri\u00a0\u00bb css=\u00a0\u00bb.vc_custom_1548764511961{background-image: url(https:\/\/www.saviolife.com\/wp-content\/uploads\/2019\/01\/sfondo_riga_5.jpg?id=226) !important;background-position: center !important;background-repeat: no-repeat !important;background-size: cover !important;}\u00a0\u00bb][vc_column][vc_empty_space height=\u00a0\u00bb192px\u00a0\u00bb el_class=\u00a0\u00bbspazio_70&Prime;][vc_empty_space height=\u00a0\u00bb50px\u00a0\u00bb][vc_row_inner row_type=\u00a0\u00bbrow\u00a0\u00bb type=\u00a0\u00bbgrid\u00a0\u00bb text_align=\u00a0\u00bbleft\u00a0\u00bb css_animation=\u00a0\u00bb\u00a0\u00bb el_class=\u00a0\u00bbriga_numeri_1&Prime;][vc_column_inner el_class=\u00a0\u00bbnumeri\u00a0\u00bb width=\u00a0\u00bb1\/3&Prime; css=\u00a0\u00bb.vc_custom_1530620011992{padding-right: 10px !important;padding-left: 10px !important;}\u00a0\u00bb][vc_column_text]<\/p>\n<h2>Certifications re\u00e7ues<\/h2>\n<p>[\/vc_column_text][\/vc_column_inner][vc_column_inner el_class=\u00a0\u00bbnumeri\u00a0\u00bb width=\u00a0\u00bb1\/3&Prime; css=\u00a0\u00bb.vc_custom_1530620040371{padding-right: 10px !important;padding-left: 10px !important;}\u00a0\u00bb][vc_single_image image=\u00a0\u00bb1286&Prime; img_size=\u00a0\u00bbfull\u00a0\u00bb alignment=\u00a0\u00bbcenter\u00a0\u00bb qode_css_animation=\u00a0\u00bbelement_from_fade\u00a0\u00bb transition_delay=\u00a0\u00bb0.3&Prime;][\/vc_column_inner][vc_column_inner el_class=\u00a0\u00bbnumeri\u00a0\u00bb width=\u00a0\u00bb1\/3&Prime; css=\u00a0\u00bb.vc_custom_1530620045255{padding-right: 10px !important;padding-left: 10px !important;}\u00a0\u00bb][vc_single_image image=\u00a0\u00bb1291&Prime; img_size=\u00a0\u00bbfull\u00a0\u00bb alignment=\u00a0\u00bbcenter\u00a0\u00bb qode_css_animation=\u00a0\u00bbelement_from_fade\u00a0\u00bb transition_delay=\u00a0\u00bb0.6&Prime;][\/vc_column_inner][\/vc_row_inner][vc_empty_space height=\u00a0\u00bb192px\u00a0\u00bb el_class=\u00a0\u00bbspazio_70&Prime;][\/vc_column][\/vc_row][vc_row css_animation=\u00a0\u00bb\u00a0\u00bb row_type=\u00a0\u00bbrow\u00a0\u00bb use_row_as_full_screen_section=\u00a0\u00bbno\u00a0\u00bb type=\u00a0\u00bbfull_width\u00a0\u00bb angled_section=\u00a0\u00bbno\u00a0\u00bb text_align=\u00a0\u00bbleft\u00a0\u00bb background_image_as_pattern=\u00a0\u00bbwithout_pattern\u00a0\u00bb background_image=\u00a0\u00bb63&Prime; z_index=\u00a0\u00bb\u00a0\u00bb el_class=\u00a0\u00bbriga_4&Prime; css=\u00a0\u00bb.vc_custom_1548765035586{padding-top: 15% !important;background-image: url(https:\/\/www.saviolife.com\/wp-content\/uploads\/2019\/01\/sfondo_riga_6.jpg?id=234) !important;}\u00a0\u00bb][vc_column][vc_empty_space][vc_row_inner row_type=\u00a0\u00bbrow\u00a0\u00bb type=\u00a0\u00bbgrid\u00a0\u00bb text_align=\u00a0\u00bbleft\u00a0\u00bb css_animation=\u00a0\u00bb\u00a0\u00bb][vc_column_inner width=\u00a0\u00bb1\/3&Prime;][vc_single_image image=\u00a0\u00bb243&Prime; img_size=\u00a0\u00bbfull\u00a0\u00bb qode_css_animation=\u00a0\u00bbelement_from_fade\u00a0\u00bb transition_delay=\u00a0\u00bb0.3&Prime; el_class=\u00a0\u00bblogo_sazolene\u00a0\u00bb][\/vc_column_inner][vc_column_inner el_class=\u00a0\u00bbcolonna_sazolene\u00a0\u00bb width=\u00a0\u00bb2\/3&Prime; css=\u00a0\u00bb.vc_custom_1548840079803{padding-top: 0px !important;padding-right: 8% !important;padding-left: 8% !important;}\u00a0\u00bb][vc_column_text]<\/p>\n<h1><span style=\"color: #ffffff;\">Le rythme de la nature<\/span><\/h1>\n<p>[\/vc_column_text][vc_empty_space][vc_column_text]<span style=\"color: #ffffff;\">L\u2019id\u00e9e de Sazolene est n\u00e9e d\u2019un m\u00e9lange de sensibilit\u00e9 \u00e9cologique, de recherche et d\u2019utilisation des nouvelles technologies qui a men\u00e9 \u00e0 la cr\u00e9ation d\u2019un fertilisant azot\u00e9 tr\u00e8s innovant, capable de lib\u00e9rer la quantit\u00e9 d\u2019azote n\u00e9cessaire aux exigences des plantes. Le gaspillage est nul et rien ne finit inutilement dans le terrain et les nappes d\u2019eau. Chaque granul\u00e9 de Sazolene est utilis\u00e9 exclusivement par les cultures, et les r\u00e9sultats sont exceptionnels.<\/span>[\/vc_column_text][vc_empty_space]<a  itemprop=\"url\" href=\"https:\/\/www.saviolife.com\/fr\/sazolene\/\" target=\"_self\"  class=\"qbutton  default\" style=\"\">FERTILISANT AZOT\u00c9 \u00c0 LIB\u00c9RATION LENTE<\/a>[\/vc_column_inner][\/vc_row_inner][vc_empty_space height=\u00a0\u00bb150px\u00a0\u00bb][vc_row_inner row_type=\u00a0\u00bbrow\u00a0\u00bb type=\u00a0\u00bbgrid\u00a0\u00bb text_align=\u00a0\u00bbleft\u00a0\u00bb css_animation=\u00a0\u00bb\u00a0\u00bb css=\u00a0\u00bb.vc_custom_1548840823411{padding-top: 0px !important;padding-bottom: 0px !important;}\u00a0\u00bb el_class=\u00a0\u00bbriga_prodotti\u00a0\u00bb][vc_column_inner width=\u00a0\u00bb1\/4&Prime; css=\u00a0\u00bb.vc_custom_1548765200684{border-left-width: 1px !important;padding-top: 0px !important;padding-bottom: 0px !important;border-left-color: #ffffff !important;border-left-style: solid !important;}\u00a0\u00bb][vc_column_text]<\/p>\n<h6><a href=\"https:\/\/www.saviolife.com\/prodotti\/sazolene\/granulari\/\"><span style=\"color: #ffffff;\">PRODUITS GRANUL\u00c9S<\/span><\/a><br \/>\n<a href=\"https:\/\/www.saviolife.com\/prodotti\/sazolene\/granulari\/\"><span style=\"color: #ffffff;\">Sazolene 39G<\/span><\/a><\/h6>\n<p>[\/vc_column_text][\/vc_column_inner][vc_column_inner width=\u00a0\u00bb1\/4&Prime; css=\u00a0\u00bb.vc_custom_1548765211983{border-left-width: 1px !important;padding-top: 0px !important;padding-bottom: 0px !important;border-left-color: #ffffff !important;border-left-style: solid !important;}\u00a0\u00bb][vc_column_text]<\/p>\n<h6><a href=\"https:\/\/www.saviolife.com\/sazolene\/granulari\/?lang=fr#ancora-npk\"><span style=\"color: #ffffff;\">PRODUITS GRANUL\u00c9S<\/span><\/a><br \/>\n<a href=\"https:\/\/www.saviolife.com\/sazolene\/granulari\/?lang=fr#ancora-npk\"><span style=\"color: #ffffff;\">NPK<\/span><\/a><\/h6>\n<p>[\/vc_column_text][\/vc_column_inner][vc_column_inner width=\u00a0\u00bb1\/4&Prime; css=\u00a0\u00bb.vc_custom_1548765225038{border-left-width: 1px !important;padding-top: 0px !important;padding-bottom: 0px !important;border-left-color: #ffffff !important;border-left-style: solid !important;}\u00a0\u00bb][vc_column_text]<\/p>\n<h6><a href=\"https:\/\/www.saviolife.com\/sazolene\/liquidi\/?lang=fr\"><span style=\"color: #ffffff;\">PRODUITS LIQUIDES<\/span><\/a><br \/>\n<a href=\"https:\/\/www.saviolife.com\/sazolene\/liquidi\/?lang=fr\"><span style=\"color: #ffffff;\">SAZOLENE SC<\/span><\/a><\/h6>\n<p>[\/vc_column_text][\/vc_column_inner][vc_column_inner width=\u00a0\u00bb1\/4&Prime; css=\u00a0\u00bb.vc_custom_1548765238632{border-left-width: 1px !important;padding-top: 0px !important;padding-bottom: 0px !important;border-left-color: #ffffff !important;border-left-style: solid !important;}\u00a0\u00bb][vc_column_text]<\/p>\n<h6><a href=\"https:\/\/www.saviolife.com\/sazolene\/liquidi\/?lang=fr#ancora-npk\"><span style=\"color: #ffffff;\">PRODUITS LIQUIDES<\/span><\/a><br \/>\n<a href=\"https:\/\/www.saviolife.com\/sazolene\/liquidi\/?lang=fr#ancora-npk\"><span style=\"color: #ffffff;\">NPK<\/span><\/a><\/h6>\n<p>[\/vc_column_text][\/vc_column_inner][\/vc_row_inner][vc_empty_space height=\u00a0\u00bb100px\u00a0\u00bb][\/vc_column][\/vc_row][vc_row css_animation=\u00a0\u00bb\u00a0\u00bb row_type=\u00a0\u00bbrow\u00a0\u00bb use_row_as_full_screen_section=\u00a0\u00bbno\u00a0\u00bb type=\u00a0\u00bbfull_width\u00a0\u00bb angled_section=\u00a0\u00bbno\u00a0\u00bb text_align=\u00a0\u00bbleft\u00a0\u00bb background_image_as_pattern=\u00a0\u00bbwithout_pattern\u00a0\u00bb css=\u00a0\u00bb.vc_custom_1548769293583{background-image: url(https:\/\/www.saviolife.com\/wp-content\/uploads\/2019\/01\/sfondo_contatti.jpg?id=251) !important;}\u00a0\u00bb z_index=\u00a0\u00bb\u00a0\u00bb][vc_column][vc_empty_space height=\u00a0\u00bb100px\u00a0\u00bb][vc_row_inner row_type=\u00a0\u00bbrow\u00a0\u00bb type=\u00a0\u00bbgrid\u00a0\u00bb text_align=\u00a0\u00bbleft\u00a0\u00bb css_animation=\u00a0\u00bb\u00a0\u00bb][vc_column_inner][vc_column_text]<\/p>\n<h2><span style=\"color: #638a49;\">Contactez-nous<\/span><\/h2>\n<p>[\/vc_column_text][\/vc_column_inner][\/vc_row_inner][vc_empty_space height=\u00a0\u00bb80px\u00a0\u00bb][vc_row_inner row_type=\u00a0\u00bbrow\u00a0\u00bb type=\u00a0\u00bbgrid\u00a0\u00bb text_align=\u00a0\u00bbleft\u00a0\u00bb css_animation=\u00a0\u00bb\u00a0\u00bb][vc_column_inner]\n<div class=\"wpcf7 no-js\" id=\"wpcf7-f1508-o1\" lang=\"it-IT\" dir=\"ltr\" data-wpcf7-id=\"1508\">\n<div class=\"screen-reader-response\"><p role=\"status\" aria-live=\"polite\" aria-atomic=\"true\"><\/p> <ul><\/ul><\/div>\n<form action=\"\/fr\/wp-json\/wp\/v2\/pages\/1452#wpcf7-f1508-o1\" method=\"post\" class=\"wpcf7-form init default\" aria-label=\"Modulo di contatto\" novalidate=\"novalidate\" data-status=\"init\">\n<fieldset class=\"hidden-fields-container\"><input type=\"hidden\" name=\"_wpcf7\" value=\"1508\" \/><input type=\"hidden\" name=\"_wpcf7_version\" value=\"6.1.3\" \/><input type=\"hidden\" name=\"_wpcf7_locale\" value=\"it_IT\" \/><input type=\"hidden\" name=\"_wpcf7_unit_tag\" value=\"wpcf7-f1508-o1\" \/><input type=\"hidden\" name=\"_wpcf7_container_post\" value=\"0\" \/><input type=\"hidden\" name=\"_wpcf7_posted_data_hash\" value=\"\" \/><input type=\"hidden\" name=\"_wpcf7_recaptcha_response\" value=\"\" \/>\n<\/fieldset>\n<div>\n\t<div class=\"colonna-1\">\n\t\t<p><span class=\"wpcf7-form-control-wrap\" data-name=\"nome\"><input size=\"40\" maxlength=\"400\" class=\"wpcf7-form-control wpcf7-text wpcf7-validates-as-required\" aria-required=\"true\" aria-invalid=\"false\" placeholder=\"Nom*\" value=\"\" type=\"text\" name=\"nome\" \/><\/span><br \/>\n<span class=\"wpcf7-form-control-wrap\" data-name=\"mail\"><input size=\"40\" maxlength=\"400\" class=\"wpcf7-form-control wpcf7-email wpcf7-validates-as-required wpcf7-text wpcf7-validates-as-email\" aria-required=\"true\" aria-invalid=\"false\" placeholder=\"E-mail*\" value=\"\" type=\"email\" name=\"mail\" \/><\/span><br \/>\n<span class=\"wpcf7-form-control-wrap\" data-name=\"sito\"><input size=\"40\" maxlength=\"400\" class=\"wpcf7-form-control wpcf7-text\" aria-invalid=\"false\" placeholder=\"Entreprise\" value=\"\" type=\"text\" name=\"sito\" \/><\/span>\n\t\t<\/p>\n\t<\/div>\n\t<div class=\"colonna-2\">\n\t\t<p><span class=\"wpcf7-form-control-wrap\" data-name=\"cognome\"><input size=\"40\" maxlength=\"400\" class=\"wpcf7-form-control wpcf7-text wpcf7-validates-as-required\" aria-required=\"true\" aria-invalid=\"false\" placeholder=\"Pr\u00e9nom*\" value=\"\" type=\"text\" name=\"cognome\" \/><\/span><br \/>\n<span class=\"wpcf7-form-control-wrap\" data-name=\"telefono\"><input size=\"40\" maxlength=\"400\" class=\"wpcf7-form-control wpcf7-tel wpcf7-validates-as-required wpcf7-text wpcf7-validates-as-tel\" aria-required=\"true\" aria-invalid=\"false\" placeholder=\"T\u00e9l\u00e9phone*\" value=\"\" type=\"tel\" name=\"telefono\" \/><\/span><br \/>\n<span class=\"wpcf7-form-control-wrap\" data-name=\"nazione\"><input size=\"40\" maxlength=\"400\" class=\"wpcf7-form-control wpcf7-text wpcf7-validates-as-required\" aria-required=\"true\" aria-invalid=\"false\" placeholder=\"Pays*\" value=\"\" type=\"text\" name=\"nazione\" \/><\/span>\n\t\t<\/p>\n\t<\/div>\n\t<div class=\"colonna-3\">\n\t\t<p><span class=\"wpcf7-form-control-wrap\" data-name=\"piva\"><input size=\"40\" maxlength=\"400\" class=\"wpcf7-form-control wpcf7-text\" aria-invalid=\"false\" placeholder=\"N. TVA\" value=\"\" type=\"text\" name=\"piva\" \/><\/span><br \/>\n<span class=\"wpcf7-form-control-wrap\" data-name=\"messaggio\"><textarea cols=\"40\" rows=\"10\" maxlength=\"2000\" class=\"wpcf7-form-control wpcf7-textarea\" aria-invalid=\"false\" placeholder=\"Message...\" name=\"messaggio\"><\/textarea><\/span>\n\t\t<\/p>\n\t<\/div>\n\t<p class=\"testo-accettazione\"><span class=\"wpcf7-form-control-wrap\" data-name=\"acceptance-40\"><span class=\"wpcf7-form-control wpcf7-acceptance\"><span class=\"wpcf7-list-item\"><input type=\"checkbox\" name=\"acceptance-40\" value=\"1\" aria-invalid=\"false\" \/><\/span><\/span><\/span>En cliquant sur \u00ab Envoyer le message \u00bb je d\u00e9clare avoir lu et accept\u00e9 la <a href=\"http:\/\/saviolife.com\/fr\/privacy-policy\" target=\"_blank\">Politique de confidentialit\u00e9<\/a>\n\t<\/p>\n\t<p><input class=\"wpcf7-form-control wpcf7-submit has-spinner\" type=\"submit\" value=\"ENVOYER LE MESSAGE\" \/>\n\t<\/p>\n<\/div><div class=\"wpcf7-response-output\" aria-hidden=\"true\"><\/div>\n<\/form>\n<\/div>\n[\/vc_column_inner][\/vc_row_inner][vc_empty_space height=\u00a0\u00bb140px\u00a0\u00bb][\/vc_column][\/vc_row]<\/p>\n<\/div>","protected":false},"excerpt":{"rendered":"<p>[vc_row css_animation=\u00a0\u00bb\u00a0\u00bb row_type=\u00a0\u00bbrow\u00a0\u00bb use_row_as_full_screen_section=\u00a0\u00bbno\u00a0\u00bb type=\u00a0\u00bbfull_width\u00a0\u00bb angled_section=\u00a0\u00bbno\u00a0\u00bb text_align=\u00a0\u00bbleft\u00a0\u00bb background_image_as_pattern=\u00a0\u00bbwithout_pattern\u00a0\u00bb el_class=\u00a0\u00bbslidehome\u00a0\u00bb z_index=\u00a0\u00bb100&Prime;][vc_column][rev_slider_vc alias=\u00a0\u00bbhome-fr\u00a0\u00bb][\/vc_column][\/vc_row][vc_row css_animation=\u00a0\u00bb\u00a0\u00bb row_type=\u00a0\u00bbrow\u00a0\u00bb use_row_as_full_screen_section=\u00a0\u00bbno\u00a0\u00bb type=\u00a0\u00bbfull_width\u00a0\u00bb angled_section=\u00a0\u00bbno\u00a0\u00bb text_align=\u00a0\u00bbleft\u00a0\u00bb background_image_as_pattern=\u00a0\u00bbwithout_pattern\u00a0\u00bb z_index=\u00a0\u00bb99&Prime; el_class=\u00a0\u00bbriga_1&Prime; css=\u00a0\u00bb.vc_custom_1548858434980{background-image: url(https:\/\/www.saviolife.com\/wp-content\/uploads\/2019\/01\/sfondo_riga_1.jpg?id=200) !important;}\u00a0\u00bb][vc_column][vc_row_inner row_type=\u00a0\u00bbrow\u00a0\u00bb type=\u00a0\u00bbgrid\u00a0\u00bb text_align=\u00a0\u00bbleft\u00a0\u00bb css_animation=\u00a0\u00bb\u00a0\u00bb css=\u00a0\u00bb.vc_custom_1548858442744{background-image: url(https:\/\/www.saviolife.com\/wp-content\/uploads\/2019\/01\/sfondo_contenuto_1.jpg?id=201) !important;}\u00a0\u00bb el_class=\u00a0\u00bbriga_griglia_1&Prime;][vc_column_inner width=\u00a0\u00bb1\/2&Prime; css=\u00a0\u00bb.vc_custom_1548756738883{padding-right: 80px !important;}\u00a0\u00bb][vc_column_text] On peut toujours choisir [\/vc_column_text][vc_empty_space height=\u00a0\u00bb22px\u00a0\u00bb][vc_column_text]Chez Saviolife, nous avons voulu&#8230;<\/p>\n","protected":false},"author":1,"featured_media":0,"parent":0,"menu_order":0,"comment_status":"closed","ping_status":"closed","template":"full_width.php","meta":{"footnotes":""},"class_list":["post-1452","page","type-page","status-publish","hentry"],"_links":{"self":[{"href":"https:\/\/saviolife.com\/fr\/wp-json\/wp\/v2\/pages\/1452","targetHints":{"allow":["GET"]}}],"collection":[{"href":"https:\/\/saviolife.com\/fr\/wp-json\/wp\/v2\/pages"}],"about":[{"href":"https:\/\/saviolife.com\/fr\/wp-json\/wp\/v2\/types\/page"}],"author":[{"embeddable":true,"href":"https:\/\/saviolife.com\/fr\/wp-json\/wp\/v2\/users\/1"}],"replies":[{"embeddable":true,"href":"https:\/\/saviolife.com\/fr\/wp-json\/wp\/v2\/comments?post=1452"}],"version-history":[{"count":5,"href":"https:\/\/saviolife.com\/fr\/wp-json\/wp\/v2\/pages\/1452\/revisions"}],"predecessor-version":[{"id":2239,"href":"https:\/\/saviolife.com\/fr\/wp-json\/wp\/v2\/pages\/1452\/revisions\/2239"}],"wp:attachment":[{"href":"https:\/\/saviolife.com\/fr\/wp-json\/wp\/v2\/media?parent=1452"}],"curies":[{"name":"wp","href":"https:\/\/api.w.org\/{rel}","templated":true}]}}